{"id":23127,"date":"2025-06-04T12:55:24","date_gmt":"2025-06-04T04:55:24","guid":{"rendered":"https:\/\/www.vapeswholesaler.com\/?post_type=product&#038;p=23127"},"modified":"2026-03-17T07:29:24","modified_gmt":"2026-03-16T23:29:24","slug":"mayorista-fizzy-max-iii-6in1-60000-puffs-vape-desechable","status":"publish","type":"product","link":"https:\/\/www.vapeswholesaler.com\/es\/producto\/mayorista-fizzy-max-iii-6in1-60000-puffs-vape-desechable","title":{"rendered":"Mayorista Fizzy Max III 6IN1 60000 Puffs Vape Desechable"},"content":{"rendered":"<p>En <a href=\"https:\/\/www.vapeswholesaler.com\/es\/marca_producto\/efervescente\/\">Fizzy<\/a> Max III 6en1 60000 Puffs es el vapeador desechable m\u00e1s exclusivo. No s\u00f3lo tiene una fuerte capacidad de e-l\u00edquido con una capacidad total de e-l\u00edquido de 50mL (3\u00d716.7mL), pero tambi\u00e9n puede cambiar diferentes combinaciones de sabor girando la boquilla circular superior, hasta 6 sabores diferentes se puede lograr. el dispositivo vienen con una bater\u00eda de alta capacidad 850mah para apoyar 60000 puffs. Tiene un cierto volumen de e - l\u00edquido que corresponde a este gran n\u00famero de caladas. El di\u00e1metro y la longitud del dispositivo est\u00e1n dise\u00f1ados para un agarre c\u00f3modo. y es m\u00e1s conveniente para llevar con usted.<\/p>\n<p>El dispositivo viene pre-llenado con 3 sabores diferentes tazas con 3 agujeros de aire, cuando la boquilla superior se gira para el \u00fanico agujero que el cliente va a probar un solo sabor, cuando la boquilla se gira para alinear los dos agujeros de aire a continuaci\u00f3n, el cliente va a probar una mezcla de dos sabores individuales, es tan simple como que el ciclo a trav\u00e9s de los diferentes sabores, para saber m\u00e1s por favor ver nuestro video. <a href=\"https:\/\/www.facebook.com\/100008071089000\/videos\/571321789030272\/\"><strong>Fizzy Max III 6en1 60000 Puffs<\/strong><\/a><\/p>\n<p>Del mismo modo, el dispositivo tambi\u00e9n trae la pantalla electr\u00f3nica m\u00e1s avanzada para controlar la bater\u00eda y la capacidad de E-jugo en tiempo real, actualmente ofrecemos los mejores 10 sabores con 2% y 5% contenido de nicotina para los clientes a elegir, adem\u00e1s de nuestros paquetes se env\u00edan actualmente de nuestro almac\u00e9n en Europa, y en caso de existencias suficientes, s\u00f3lo se tarda 6-7 d\u00edas h\u00e1biles para entregar, y nuestro n\u00famero de seguimiento ser\u00e1 proporcionado, para que los clientes pueden conocer el estado de sus paquetes en cualquier momento en cualquier lugar, ya no ansiosos por el paquete. \u00a1Bienvenido a ser nuestro socio!<\/p>\n<h2><strong>Fizzy Max III 6en1 60000 Puffs Detalles:<\/strong><\/h2>\n<ul>\n<li>Puffs:60000 Puffs<\/li>\n<li>Nombre del modelo: Fizzy Max III 6IN1 60000 Puffs<\/li>\n<li>Bobina de malla<\/li>\n<li>Eliquid: 60ml<\/li>\n<li>Bater\u00eda:850mAh<\/li>\n<li>Nicotina: 2%\/5%<\/li>\n<li>Recargable:Tipo-C<\/li>\n<li>Pantalla LED<\/li>\n<li>Exp.2 a\u00f1os<\/li>\n<\/ul>\n<h2><strong>Sabores:<\/strong><\/h2>\n<ol>\n<li>Fresa Kiwi &amp; Blue Razz Hielo &amp; Pi\u00f1a Agria Naranja<\/li>\n<li>Lim\u00f3n Lima &amp; Ar\u00e1ndano Coco &amp; Fresa Sand\u00eda<\/li>\n<li>Fresa Uva y Ar\u00e1ndano Coco y Melocot\u00f3n Lim\u00f3n<\/li>\n<li>Sand\u00eda Helada &amp; Fresa Vainilla Coca-Cola &amp; Mixed Berry<\/li>\n<li>Blueberry Ice &amp; Fizzy Cherry &amp; Raspberry Lemon<\/li>\n<li>Hielo de fresa, kiwi, ar\u00e1ndanos y sand\u00eda<\/li>\n<li>Red Bull &amp; Fresa Fruta del Drag\u00f3n &amp; Frambuesa Lim\u00f3n<\/li>\n<li>Ar\u00e1ndano Frambuesa y Triple Helado de Mel\u00f3n y Fresa<\/li>\n<li>Mezcla de bayas y kiwi Fruta de la pasi\u00f3n Guayaba y fresa Sand\u00eda<\/li>\n<li>Fresa Frambuesa y Mango Melocot\u00f3n y Ar\u00e1ndanos Sand\u00eda<\/li>\n<\/ol>\n<h2><strong>Lista de embalaje:<\/strong><\/h2>\n<p>1 unidad cada caja<br \/>\n10 unidades por caja<br \/>\nPeso del producto:160 g\/unidad<br \/>\nTama\u00f1o del producto:42.8*42.2*125mm<br \/>\nU.E.:120pcs\/Ctn,10pcs\/Caja<br \/>\nG.W:19kg\/Ctn<\/p>\n<figure id=\"attachment_23111\" aria-describedby=\"caption-attachment-23111\" style=\"width: 1000px\" class=\"wp-caption alignnone\"><img loading=\"lazy\" decoding=\"async\" class=\"wp-image-23111 size-full\" title=\"Mayorista Fizzy Max III 6IN1 60000 Puffs Vape Desechable 6\" src=\"https:\/\/www.vapeswholesaler.com\/wp-content\/uploads\/2025\/06\/Wholesale-Fizzy-Max-III-6IN1-60000-Puffs-Disposable-Vape-6.webp\" alt=\"Mayorista Fizzy Max III 6IN1 60000 Puffs Vape Desechable 6\" width=\"1000\" height=\"2193\" srcset=\"https:\/\/www.vapeswholesaler.com\/wp-content\/uploads\/2025\/06\/Wholesale-Fizzy-Max-III-6IN1-60000-Puffs-Disposable-Vape-6.webp 1000w, https:\/\/www.vapeswholesaler.com\/wp-content\/uploads\/2025\/06\/Wholesale-Fizzy-Max-III-6IN1-60000-Puffs-Disposable-Vape-6-137x300.webp 137w, https:\/\/www.vapeswholesaler.com\/wp-content\/uploads\/2025\/06\/Wholesale-Fizzy-Max-III-6IN1-60000-Puffs-Disposable-Vape-6-467x1024.webp 467w, https:\/\/www.vapeswholesaler.com\/wp-content\/uploads\/2025\/06\/Wholesale-Fizzy-Max-III-6IN1-60000-Puffs-Disposable-Vape-6-768x1684.webp 768w, https:\/\/www.vapeswholesaler.com\/wp-content\/uploads\/2025\/06\/Wholesale-Fizzy-Max-III-6IN1-60000-Puffs-Disposable-Vape-6-700x1536.webp 700w, https:\/\/www.vapeswholesaler.com\/wp-content\/uploads\/2025\/06\/Wholesale-Fizzy-Max-III-6IN1-60000-Puffs-Disposable-Vape-6-934x2048.webp 934w, https:\/\/www.vapeswholesaler.com\/wp-content\/uploads\/2025\/06\/Wholesale-Fizzy-Max-III-6IN1-60000-Puffs-Disposable-Vape-6-5x12.webp 5w, https:\/\/www.vapeswholesaler.com\/wp-content\/uploads\/2025\/06\/Wholesale-Fizzy-Max-III-6IN1-60000-Puffs-Disposable-Vape-6-510x1118.webp 510w\" sizes=\"auto, (max-width: 1000px) 100vw, 1000px\" \/><figcaption id=\"caption-attachment-23111\" class=\"wp-caption-text\">Mayorista Fizzy Max III 6IN1 60000 Puffs Vape Desechable<\/figcaption><\/figure>","protected":false},"excerpt":{"rendered":"<p>Cantidad m\u00ednima de pedido: <strong>50 unidades<\/strong> (Mezcla de sabores) <strong>Env\u00edo gratuito<\/strong><\/p>\n<p>(2%, 5% Nic) <strong>Almac\u00e9n de la UE<\/strong> Plazo de entrega <strong>6-7 d\u00edas laborables<\/strong><\/p>","protected":false},"featured_media":23123,"comment_status":"open","ping_status":"closed","template":"","meta":[],"product_cat":[15],"product_tag":[373,396,397,403],"class_list":{"0":"post-23127","1":"product","2":"type-product","3":"status-publish","4":"has-post-thumbnail","6":"product_cat-disposable-vape","7":"product_tag-europe-warehouse","8":"product_tag-disposable-vape","9":"product_tag-60000-puffs","10":"product_tag-fizzy","11":"product_brand-fizzy","13":"first","14":"outofstock","15":"shipping-taxable","16":"purchasable","17":"product-type-variable","18":"has-default-attributes"},"aioseo_notices":[],"_links":{"self":[{"href":"https:\/\/www.vapeswholesaler.com\/es\/wp-json\/wp\/v2\/product\/23127","targetHints":{"allow":["GET"]}}],"collection":[{"href":"https:\/\/www.vapeswholesaler.com\/es\/wp-json\/wp\/v2\/product"}],"about":[{"href":"https:\/\/www.vapeswholesaler.com\/es\/wp-json\/wp\/v2\/types\/product"}],"replies":[{"embeddable":true,"href":"https:\/\/www.vapeswholesaler.com\/es\/wp-json\/wp\/v2\/comments?post=23127"}],"wp:featuredmedia":[{"embeddable":true,"href":"https:\/\/www.vapeswholesaler.com\/es\/wp-json\/wp\/v2\/media\/23123"}],"wp:attachment":[{"href":"https:\/\/www.vapeswholesaler.com\/es\/wp-json\/wp\/v2\/media?parent=23127"}],"wp:term":[{"taxonomy":"product_cat","embeddable":true,"href":"https:\/\/www.vapeswholesaler.com\/es\/wp-json\/wp\/v2\/product_cat?post=23127"},{"taxonomy":"product_tag","embeddable":true,"href":"https:\/\/www.vapeswholesaler.com\/es\/wp-json\/wp\/v2\/product_tag?post=23127"}],"curies":[{"name":"wp","href":"https:\/\/api.w.org\/{rel}","templated":true}]}}