{"id":23070,"date":"2025-06-01T16:34:11","date_gmt":"2025-06-01T08:34:11","guid":{"rendered":"https:\/\/www.vapeswholesaler.com\/?post_type=product&#038;p=23070"},"modified":"2025-08-07T11:39:12","modified_gmt":"2025-08-07T03:39:12","slug":"mayorista-fizzy-twins-dual-flavor-50k-puffs-vape-desechable","status":"publish","type":"product","link":"https:\/\/www.vapeswholesaler.com\/es\/producto\/mayorista-fizzy-twins-dual-flavor-50k-puffs-vape-desechable","title":{"rendered":"Mayorista Fizzy Twins Doble Sabor 50K Puffs Vape Desechable"},"content":{"rendered":"<p><a href=\"https:\/\/www.vapeswholesaler.com\/es\/marca_producto\/efervescente\/\">Fizzy<\/a> Twins Dual Flavor 50K Puffs es un revolucionario vapeador desechable dise\u00f1ado para el m\u00e1ximo rendimiento y flexibilidad. Este dispositivo de vanguardia le permite cambiar instant\u00e1neamente entre dos sabores de primera calidad, cambiar f\u00e1cilmente entre dos sabores din\u00e1micos y alternar entre el modo Normal o Boost para una salida a medida, todo ello alojado en un cuerpo elegante y compacto. Tenemos 12 sabores superiores en stock, cada uno cuidadosamente adaptado para satisfacer las necesidades del mercado. Los usuarios pueden elegir entre una concentraci\u00f3n de 2% o 5%, dependiendo de su tolerancia a la nicotina.<\/p>\n<p>Alimentado por bobinas de malla dual avanzadas y una bater\u00eda recargable de 850mAh de alta capacidad, ofrece un incre\u00edble 50,000 caladas ultra suaves de un sistema de doble tanque de 50mL (25mL por sabor). Con carga r\u00e1pida USB-C, pasar\u00e1 menos tiempo esperando y m\u00e1s tiempo disfrutando.Actualmente tenemos suficiente stock en nuestro almac\u00e9n europeo para enviar a la mayor\u00eda de los pa\u00edses europeos dentro de 6-7 d\u00edas h\u00e1biles. bienvenido a ordenar.<\/p>\n<h2><strong>Fizzy Twins Sabor Dual 50K Puffs Detalles:<\/strong><\/h2>\n<ul>\n<li>Tecnolog\u00eda de doble sabor<\/li>\n<li>Cambia sin problemas entre dos sabores distintos para una experiencia de vapeo din\u00e1mica y personalizada.<\/li>\n<li>50000 Puffs<\/li>\n<li>Longevidad inigualable con hasta 5 veces la vida \u00fatil de los vaporizadores desechables est\u00e1ndar.<\/li>\n<li>Sistema de doble dep\u00f3sito<\/li>\n<li>Las c\u00e1maras de e-l\u00edquido independientes garantizan un sabor puro y sin mezclas de principio a fin.<\/li>\n<li>Modos de alimentaci\u00f3n inteligentes<\/li>\n<li>Elige entre el Modo Eco para mayor eficiencia y el Modo Boost para un rendimiento intenso: tu vapeo, a tu manera.<\/li>\n<li>Pantalla inteligente OLED<\/li>\n<li>Las lecturas en tiempo real de la duraci\u00f3n de la bater\u00eda y los niveles de e-l\u00edquido te mantienen totalmente informado de un vistazo.<\/li>\n<li>Carga r\u00e1pida USB-C<\/li>\n<li>Recarga en solo 2 horas con la carga Type-C de alta velocidad para reducir al m\u00ednimo el tiempo de inactividad.<\/li>\n<li>Calidad de construcci\u00f3n superior<\/li>\n<li>Fabricado con un chasis de aleaci\u00f3n met\u00e1lica a prueba de fugas para una mayor durabilidad y una sensaci\u00f3n elegante y moderna.<\/li>\n<li>2 Caudal de aire<\/li>\n<li>Bater\u00eda:850mAh<\/li>\n<li>Nicotina:2%\/5%<\/li>\n<\/ul>\n<h2><strong>Sabores disponibles:<\/strong><\/h2>\n<ol>\n<li>Sand\u00eda Helada &amp; Fresa Kiwi<\/li>\n<li>Fresa Kiwi Granada &amp; Red Bull<\/li>\n<li>Hielo de ar\u00e1ndano, coco y uva<\/li>\n<li>Limonada Blue Razz &amp; Mel\u00f3n Triple<\/li>\n<li>Hielo de fresa, sand\u00eda y ar\u00e1ndanos<\/li>\n<li>Melocot\u00f3n Mango Sand\u00eda y Fresa Pl\u00e1tano<\/li>\n<li>Frambuesa Watermenlon &amp; Kiwi Fruta de la Pasi\u00f3n Guayaba<\/li>\n<li>Pi\u00f1a Melocot\u00f3n Fruta de la Pasi\u00f3n y Ar\u00e1ndano Frambuesa<\/li>\n<li>Hielo de sand\u00eda y lima lim\u00f3n<\/li>\n<li>Hielo de frutas del bosque y melocot\u00f3n<\/li>\n<li>Fresa helada y cereza efervescente<\/li>\n<li>Limonada de frambuesa y helado de fresa<\/li>\n<\/ol>\n<h2><strong>Lista de embalaje:<\/strong><\/h2>\n<p>1 unidad por caja<br \/>\n10 unidades por caja<br \/>\n120 unidades por caja<br \/>\nPeso del producto:150g\/pc<br \/>\nTama\u00f1o del producto:65*30*135 mm<br \/>\nCANT.:120pcs\/ctn,10pcs\/caja<br \/>\nG.W:18kg\/ctn<\/p>\n<figure id=\"attachment_23051\" aria-describedby=\"caption-attachment-23051\" style=\"width: 1000px\" class=\"wp-caption alignnone\"><img loading=\"lazy\" decoding=\"async\" class=\"wp-image-23051 size-full\" title=\"Mayorista Fizzy Twins Doble Sabor 50K Puffs Vape Desechable 2\" src=\"https:\/\/www.vapeswholesaler.com\/wp-content\/uploads\/2025\/05\/Wholesale-Fizzy-Twins-Dual-Flavor-50K-Puffs-Disposable-Vape-2.webp\" alt=\"Mayorista Fizzy Twins Doble Sabor 50K Puffs Vape Desechable 2\" width=\"1000\" height=\"1624\" srcset=\"https:\/\/www.vapeswholesaler.com\/wp-content\/uploads\/2025\/05\/Wholesale-Fizzy-Twins-Dual-Flavor-50K-Puffs-Disposable-Vape-2.webp 1000w, https:\/\/www.vapeswholesaler.com\/wp-content\/uploads\/2025\/05\/Wholesale-Fizzy-Twins-Dual-Flavor-50K-Puffs-Disposable-Vape-2-185x300.webp 185w, https:\/\/www.vapeswholesaler.com\/wp-content\/uploads\/2025\/05\/Wholesale-Fizzy-Twins-Dual-Flavor-50K-Puffs-Disposable-Vape-2-631x1024.webp 631w, https:\/\/www.vapeswholesaler.com\/wp-content\/uploads\/2025\/05\/Wholesale-Fizzy-Twins-Dual-Flavor-50K-Puffs-Disposable-Vape-2-768x1247.webp 768w, https:\/\/www.vapeswholesaler.com\/wp-content\/uploads\/2025\/05\/Wholesale-Fizzy-Twins-Dual-Flavor-50K-Puffs-Disposable-Vape-2-946x1536.webp 946w, https:\/\/www.vapeswholesaler.com\/wp-content\/uploads\/2025\/05\/Wholesale-Fizzy-Twins-Dual-Flavor-50K-Puffs-Disposable-Vape-2-7x12.webp 7w, https:\/\/www.vapeswholesaler.com\/wp-content\/uploads\/2025\/05\/Wholesale-Fizzy-Twins-Dual-Flavor-50K-Puffs-Disposable-Vape-2-510x828.webp 510w\" sizes=\"auto, (max-width: 1000px) 100vw, 1000px\" \/><figcaption id=\"caption-attachment-23051\" class=\"wp-caption-text\">Mayorista Fizzy Twins Doble Sabor 50K Puffs Vape Desechable<\/figcaption><\/figure>\n<figure id=\"attachment_23052\" aria-describedby=\"caption-attachment-23052\" style=\"width: 1000px\" class=\"wp-caption alignnone\"><img loading=\"lazy\" decoding=\"async\" class=\"wp-image-23052 size-full\" title=\"Mayorista Fizzy Twins Doble Sabor 50K Puffs Vape Desechable 3\" src=\"https:\/\/www.vapeswholesaler.com\/wp-content\/uploads\/2025\/05\/Wholesale-Fizzy-Twins-Dual-Flavor-50K-Puffs-Disposable-Vape-3.webp\" alt=\"Mayorista Fizzy Twins Doble Sabor 50K Puffs Vape Desechable 3\" width=\"1000\" height=\"1554\" srcset=\"https:\/\/www.vapeswholesaler.com\/wp-content\/uploads\/2025\/05\/Wholesale-Fizzy-Twins-Dual-Flavor-50K-Puffs-Disposable-Vape-3.webp 1000w, https:\/\/www.vapeswholesaler.com\/wp-content\/uploads\/2025\/05\/Wholesale-Fizzy-Twins-Dual-Flavor-50K-Puffs-Disposable-Vape-3-193x300.webp 193w, https:\/\/www.vapeswholesaler.com\/wp-content\/uploads\/2025\/05\/Wholesale-Fizzy-Twins-Dual-Flavor-50K-Puffs-Disposable-Vape-3-659x1024.webp 659w, https:\/\/www.vapeswholesaler.com\/wp-content\/uploads\/2025\/05\/Wholesale-Fizzy-Twins-Dual-Flavor-50K-Puffs-Disposable-Vape-3-768x1193.webp 768w, https:\/\/www.vapeswholesaler.com\/wp-content\/uploads\/2025\/05\/Wholesale-Fizzy-Twins-Dual-Flavor-50K-Puffs-Disposable-Vape-3-988x1536.webp 988w, https:\/\/www.vapeswholesaler.com\/wp-content\/uploads\/2025\/05\/Wholesale-Fizzy-Twins-Dual-Flavor-50K-Puffs-Disposable-Vape-3-8x12.webp 8w, https:\/\/www.vapeswholesaler.com\/wp-content\/uploads\/2025\/05\/Wholesale-Fizzy-Twins-Dual-Flavor-50K-Puffs-Disposable-Vape-3-510x793.webp 510w\" sizes=\"auto, (max-width: 1000px) 100vw, 1000px\" \/><figcaption id=\"caption-attachment-23052\" class=\"wp-caption-text\">Mayorista Fizzy Twins Doble Sabor 50K Puffs Vape Desechable<\/figcaption><\/figure>\n<p>&nbsp;<\/p>","protected":false},"excerpt":{"rendered":"<p>Cantidad m\u00ednima de pedido: <strong>50 unidades<\/strong> (Mezcla de sabores) <strong>Env\u00edo gratuito<\/strong><\/p>\n<p>(2%, 5% Nic) <strong>Almac\u00e9n de la UE<\/strong> Plazo de entrega <strong>6-7 de trabajo<\/strong> d\u00edas<\/p>","protected":false},"featured_media":23053,"comment_status":"open","ping_status":"closed","template":"","meta":[],"product_cat":[15],"product_tag":[373,366,369],"class_list":{"0":"post-23070","1":"product","2":"type-product","3":"status-publish","4":"has-post-thumbnail","6":"product_cat-disposable-vape","7":"product_tag-europe-warehouse","8":"product_tag-50000-puffs","9":"product_tag-dual-flavors","10":"product_brand-fizzy","12":"first","13":"instock","14":"shipping-taxable","15":"purchasable","16":"product-type-variable","17":"has-default-attributes"},"aioseo_notices":[],"_links":{"self":[{"href":"https:\/\/www.vapeswholesaler.com\/es\/wp-json\/wp\/v2\/product\/23070","targetHints":{"allow":["GET"]}}],"collection":[{"href":"https:\/\/www.vapeswholesaler.com\/es\/wp-json\/wp\/v2\/product"}],"about":[{"href":"https:\/\/www.vapeswholesaler.com\/es\/wp-json\/wp\/v2\/types\/product"}],"replies":[{"embeddable":true,"href":"https:\/\/www.vapeswholesaler.com\/es\/wp-json\/wp\/v2\/comments?post=23070"}],"wp:featuredmedia":[{"embeddable":true,"href":"https:\/\/www.vapeswholesaler.com\/es\/wp-json\/wp\/v2\/media\/23053"}],"wp:attachment":[{"href":"https:\/\/www.vapeswholesaler.com\/es\/wp-json\/wp\/v2\/media?parent=23070"}],"wp:term":[{"taxonomy":"product_cat","embeddable":true,"href":"https:\/\/www.vapeswholesaler.com\/es\/wp-json\/wp\/v2\/product_cat?post=23070"},{"taxonomy":"product_tag","embeddable":true,"href":"https:\/\/www.vapeswholesaler.com\/es\/wp-json\/wp\/v2\/product_tag?post=23070"}],"curies":[{"name":"wp","href":"https:\/\/api.w.org\/{rel}","templated":true}]}}