{"id":22970,"date":"2025-05-26T12:12:22","date_gmt":"2025-05-26T04:12:22","guid":{"rendered":"https:\/\/www.vapeswholesaler.com\/?post_type=product&#038;p=22970"},"modified":"2025-07-03T10:13:30","modified_gmt":"2025-07-03T02:13:30","slug":"venta-al-por-mayor-zooy-vape-lugvapor-20000-bocanadas-vape-desechable","status":"publish","type":"product","link":"https:\/\/www.vapeswholesaler.com\/es\/producto\/venta-al-por-mayor-zooy-vape-lugvapor-20000-bocanadas-vape-desechable","title":{"rendered":"Mayorista Zooy Vape Lugvapor 20000 Puffs Vape Desechable"},"content":{"rendered":"<p>En <a href=\"https:\/\/www.vapeswholesaler.com\/es\/marca_producto\/zooy\/\">Zooy<\/a> Vape Lugvapor 20000 Puffs es un vapeador desechable de gran calidad con compartimento separado para la bater\u00eda y el atomizador. La bater\u00eda y el atomizador est\u00e1n unidos por imanes para facilitar el cambio entre sabores sin afectar a la calidad del producto. Se pueden dar hasta un m\u00e1ximo de 20.000 caladas a este producto, que est\u00e1 equipado con una bater\u00eda de 650 mAh de alta calidad que se puede recargar para maximizar la vida \u00fatil del producto, convirti\u00e9ndolo en la alternativa perfecta a los cigarrillos.<\/p>\n<p>Viene con 20mg\/mL de nicotina. \u00a1Cuenta con una bobina de malla doble (0.6\u03a9 + 1.2\u03a9) para un sabor rico, ofrecemos 10 sabores calientes para elegir, usted puede comprar en nuestro sitio web por s\u00ed mismo, la cantidad m\u00ednima de pedido s\u00f3lo 50 piezas, y se puede elegir 5 sabores max, bienvenido a la orden! \u00a1Esperamos cooperar con usted!<\/p>\n<h2><strong>Zooy Vape Lugvapor 20000 Detalles:<\/strong><\/h2>\n<ul>\n<li>Puffs: 20000 Puffs<\/li>\n<li>Marca: Zooy<\/li>\n<li>Nombre del producto: Zooy LugVapor 20000 Puffs<\/li>\n<li>Intensidad de nicotina: 2%<\/li>\n<li>Capacidad precargada: 20 ml<\/li>\n<li>Capacidad de la bater\u00eda: 650 mAh<\/li>\n<li>Puerto de carga: Tipo-C<\/li>\n<\/ul>\n<h2><strong>Sabores:<\/strong><\/h2>\n<ol>\n<li>Hielo Razz Azul<\/li>\n<li>Kiwi Fresa<\/li>\n<li>Hielo de sand\u00eda<\/li>\n<li>Fresa helada<\/li>\n<li>Mezcla de bayas<\/li>\n<li>Hielo de fresa y sand\u00eda<\/li>\n<li>Sr. Azul<\/li>\n<li>Hielo del Drag\u00f3n Negro<\/li>\n<li>Sand\u00eda Lichi<\/li>\n<li>Fruta de la pasi\u00f3n Kiwi<\/li>\n<\/ol>\n<h2><strong>Lista de embalaje:<\/strong><\/h2>\n<p>1 unidad por caja<br \/>\n10 unidades por caja<br \/>\n200 unidades por caja<\/p>\n<figure id=\"attachment_22959\" aria-describedby=\"caption-attachment-22959\" style=\"width: 1000px\" class=\"wp-caption alignnone\"><img loading=\"lazy\" decoding=\"async\" class=\"wp-image-22959 size-full\" title=\"Mayorista Zooy Vape Lugvapor 20000 Puffs Vape Desechable 7\" src=\"https:\/\/www.vapeswholesaler.com\/wp-content\/uploads\/2025\/05\/Wholesale-Zooy-Vape-Lugvapor-20000-Puffs-Disposable-Vape-7.webp\" alt=\"Mayorista Zooy Vape Lugvapor 20000 Puffs Vape Desechable 7\" width=\"1000\" height=\"1000\" srcset=\"https:\/\/www.vapeswholesaler.com\/wp-content\/uploads\/2025\/05\/Wholesale-Zooy-Vape-Lugvapor-20000-Puffs-Disposable-Vape-7.webp 1000w, https:\/\/www.vapeswholesaler.com\/wp-content\/uploads\/2025\/05\/Wholesale-Zooy-Vape-Lugvapor-20000-Puffs-Disposable-Vape-7-300x300.webp 300w, https:\/\/www.vapeswholesaler.com\/wp-content\/uploads\/2025\/05\/Wholesale-Zooy-Vape-Lugvapor-20000-Puffs-Disposable-Vape-7-150x150.webp 150w, https:\/\/www.vapeswholesaler.com\/wp-content\/uploads\/2025\/05\/Wholesale-Zooy-Vape-Lugvapor-20000-Puffs-Disposable-Vape-7-768x768.webp 768w, https:\/\/www.vapeswholesaler.com\/wp-content\/uploads\/2025\/05\/Wholesale-Zooy-Vape-Lugvapor-20000-Puffs-Disposable-Vape-7-12x12.webp 12w, https:\/\/www.vapeswholesaler.com\/wp-content\/uploads\/2025\/05\/Wholesale-Zooy-Vape-Lugvapor-20000-Puffs-Disposable-Vape-7-247x247.webp 247w, https:\/\/www.vapeswholesaler.com\/wp-content\/uploads\/2025\/05\/Wholesale-Zooy-Vape-Lugvapor-20000-Puffs-Disposable-Vape-7-510x510.webp 510w, https:\/\/www.vapeswholesaler.com\/wp-content\/uploads\/2025\/05\/Wholesale-Zooy-Vape-Lugvapor-20000-Puffs-Disposable-Vape-7-100x100.webp 100w\" sizes=\"auto, (max-width: 1000px) 100vw, 1000px\" \/><figcaption id=\"caption-attachment-22959\" class=\"wp-caption-text\">Mayorista Zooy Vape Lugvapor 20000 Puffs Vape Desechable<\/figcaption><\/figure>\n<figure id=\"attachment_22958\" aria-describedby=\"caption-attachment-22958\" style=\"width: 1000px\" class=\"wp-caption alignnone\"><img loading=\"lazy\" decoding=\"async\" class=\"wp-image-22958 size-full\" title=\"Mayorista Zooy Vape Lugvapor 20000 Puffs Vape desechable 6\" src=\"https:\/\/www.vapeswholesaler.com\/wp-content\/uploads\/2025\/05\/Wholesale-Zooy-Vape-Lugvapor-20000-Puffs-Disposable-Vape-6.webp\" alt=\"Mayorista Zooy Vape Lugvapor 20000 Puffs Vape desechable 6\" width=\"1000\" height=\"1000\" srcset=\"https:\/\/www.vapeswholesaler.com\/wp-content\/uploads\/2025\/05\/Wholesale-Zooy-Vape-Lugvapor-20000-Puffs-Disposable-Vape-6.webp 1000w, https:\/\/www.vapeswholesaler.com\/wp-content\/uploads\/2025\/05\/Wholesale-Zooy-Vape-Lugvapor-20000-Puffs-Disposable-Vape-6-300x300.webp 300w, https:\/\/www.vapeswholesaler.com\/wp-content\/uploads\/2025\/05\/Wholesale-Zooy-Vape-Lugvapor-20000-Puffs-Disposable-Vape-6-150x150.webp 150w, https:\/\/www.vapeswholesaler.com\/wp-content\/uploads\/2025\/05\/Wholesale-Zooy-Vape-Lugvapor-20000-Puffs-Disposable-Vape-6-768x768.webp 768w, https:\/\/www.vapeswholesaler.com\/wp-content\/uploads\/2025\/05\/Wholesale-Zooy-Vape-Lugvapor-20000-Puffs-Disposable-Vape-6-12x12.webp 12w, https:\/\/www.vapeswholesaler.com\/wp-content\/uploads\/2025\/05\/Wholesale-Zooy-Vape-Lugvapor-20000-Puffs-Disposable-Vape-6-247x247.webp 247w, https:\/\/www.vapeswholesaler.com\/wp-content\/uploads\/2025\/05\/Wholesale-Zooy-Vape-Lugvapor-20000-Puffs-Disposable-Vape-6-510x510.webp 510w, https:\/\/www.vapeswholesaler.com\/wp-content\/uploads\/2025\/05\/Wholesale-Zooy-Vape-Lugvapor-20000-Puffs-Disposable-Vape-6-100x100.webp 100w\" sizes=\"auto, (max-width: 1000px) 100vw, 1000px\" \/><figcaption id=\"caption-attachment-22958\" class=\"wp-caption-text\">Mayorista Zooy Vape Lugvapor 20000 Puffs Vape Desechable<\/figcaption><\/figure>","protected":false},"excerpt":{"rendered":"<p>Cantidad m\u00ednima de pedido: <strong>50 unidades<\/strong> (Mezcla de sabores) <strong>Env\u00edo gratuito<\/strong><\/p>\n<p>(2%, Nic) Almac\u00e9n UE Plazo de env\u00edo 6-7 d\u00edas laborables<\/p>","protected":false},"featured_media":22957,"comment_status":"open","ping_status":"closed","template":"","meta":[],"product_cat":[15],"product_tag":[100,371,373],"class_list":{"0":"post-22970","1":"product","2":"type-product","3":"status-publish","4":"has-post-thumbnail","6":"product_cat-disposable-vape","7":"product_tag-20000-puffs","8":"product_tag-zooy","9":"product_tag-europe-warehouse","10":"product_brand-zooy","12":"first","13":"instock","14":"shipping-taxable","15":"purchasable","16":"product-type-variable","17":"has-default-attributes"},"aioseo_notices":[],"_links":{"self":[{"href":"https:\/\/www.vapeswholesaler.com\/es\/wp-json\/wp\/v2\/product\/22970","targetHints":{"allow":["GET"]}}],"collection":[{"href":"https:\/\/www.vapeswholesaler.com\/es\/wp-json\/wp\/v2\/product"}],"about":[{"href":"https:\/\/www.vapeswholesaler.com\/es\/wp-json\/wp\/v2\/types\/product"}],"replies":[{"embeddable":true,"href":"https:\/\/www.vapeswholesaler.com\/es\/wp-json\/wp\/v2\/comments?post=22970"}],"wp:featuredmedia":[{"embeddable":true,"href":"https:\/\/www.vapeswholesaler.com\/es\/wp-json\/wp\/v2\/media\/22957"}],"wp:attachment":[{"href":"https:\/\/www.vapeswholesaler.com\/es\/wp-json\/wp\/v2\/media?parent=22970"}],"wp:term":[{"taxonomy":"product_cat","embeddable":true,"href":"https:\/\/www.vapeswholesaler.com\/es\/wp-json\/wp\/v2\/product_cat?post=22970"},{"taxonomy":"product_tag","embeddable":true,"href":"https:\/\/www.vapeswholesaler.com\/es\/wp-json\/wp\/v2\/product_tag?post=22970"}],"curies":[{"name":"wp","href":"https:\/\/api.w.org\/{rel}","templated":true}]}}