{"id":22864,"date":"2025-05-18T21:53:59","date_gmt":"2025-05-18T13:53:59","guid":{"rendered":"https:\/\/www.vapeswholesaler.com\/?post_type=product&#038;p=22864"},"modified":"2025-10-30T18:30:20","modified_gmt":"2025-10-30T10:30:20","slug":"mayorista-mrvi-cultivo-60000-bocanadas-vape-desechable","status":"publish","type":"product","link":"https:\/\/www.vapeswholesaler.com\/es\/producto\/mayorista-mrvi-cultivo-60000-bocanadas-vape-desechable","title":{"rendered":"Mayorista Mrvi Growing 60000 Puffs Vape Desechable"},"content":{"rendered":"<p><a href=\"https:\/\/www.vapeswholesaler.com\/es\/marca_producto\/mrvi\/\">Mrvi<\/a> Creciendo 60000 Puffs es un nuevo modelo privado exclusivo, cada dispositivo se puede utilizar con 3 sabores diferentes, que pre-llenar cada sabor con 16 ml de aceite para un total de 48 ml de 3 sabores, lo que aumenta en gran medida la vida \u00fatil del producto. Este producto est\u00e1 muy bien elaborado y duradero, utilizando el m\u00e1s avanzado proceso de cocci\u00f3n de galvanoplastia al vac\u00edo, haciendo que el producto sea m\u00e1s brillante y colorido, m\u00e1s avanzado.<\/p>\n<p>El producto es mediante la rotaci\u00f3n de la boquilla superior para cambiar entre diferentes sabores, la operaci\u00f3n es m\u00e1s conveniente, el usuario puede casi sentir tres sabores diferentes al mismo tiempo, dejar Vaping traer m\u00e1s diversi\u00f3n. El producto tambi\u00e9n lleva una pantalla electr\u00f3nica de alta definici\u00f3n, la detecci\u00f3n en tiempo real del aceite, el consumo de energ\u00eda de la bater\u00eda, para que el usuario entienda m\u00e1s claramente el estado del dispositivo, obtener una gran experiencia.<\/p>\n<p>Esperamos establecer la cooperaci\u00f3n con clientes de todo el mundo, nuestro precio unitario es el precio del env\u00edo, a la mayor\u00eda de los pa\u00edses europeos s\u00f3lo 16-17 d\u00edas para llegar, nuestro pedido m\u00ednimo es s\u00f3lo 50pcs, cualquier cliente puede hacer un pedido directamente en el sitio web, bienvenido a cooperar.<\/p>\n<p><a href=\"https:\/\/www.facebook.com\/100008071089000\/videos\/1438169820699923\/\"><strong>Please watch the Mrvi Growing 60000 video<\/strong><\/a><\/p>\n<h2><strong>Detalles de Mrvi Growing 60000 Puffs:<\/strong><\/h2>\n<ul>\n<li>Puffs: 60000 Puffs<\/li>\n<li>Capacidad del E-l\u00edquido: 48ml<\/li>\n<li>Capacidad de la bater\u00eda: 650 mAh<\/li>\n<li>Fuerza de la nicotina: 2% 5%<\/li>\n<li>Puerto de carga:Tipo-C<\/li>\n<li>Bobina de malla doble<\/li>\n<li>Con E Liquid y Power Screen<\/li>\n<\/ul>\n<h2><strong>Sabores:<\/strong><\/h2>\n<ol>\n<li>Sand\u00eda helada &amp; Red bull &amp; Fresa kiwi<\/li>\n<li>Lim\u00f3n, lima, fresa y hielo de ar\u00e1ndanos<\/li>\n<li>Pi\u00f1a, coco, pl\u00e1tano y hielo Blue razz<\/li>\n<li>Sand\u00eda con frambuesa &amp;Cola Ice &amp; Sour Apple<\/li>\n<li>Tropical Mix &amp; Helado de fresa &amp; Helado de mango<\/li>\n<li>Fresa Frambuesa Cereza &amp; Love 666 &amp; Cherry Candy Ice<\/li>\n<li>Mezcla de bayas y gominolas y melocot\u00f3n helado<\/li>\n<li>Caramelos y polos de uva y fresa<\/li>\n<\/ol>\n<h2><strong>Lista de embalaje:<\/strong><\/h2>\n<p>1 unidad por caja<br \/>\nCada caja expositora: 10 unidades<br \/>\nCada caja: 160 unidades<br \/>\nCada caja: 21,5 kg<br \/>\nTama\u00f1o del cart\u00f3n: 51*42*26cm<\/p>\n<figure id=\"attachment_22868\" aria-describedby=\"caption-attachment-22868\" style=\"width: 1000px\" class=\"wp-caption alignnone\"><img loading=\"lazy\" decoding=\"async\" class=\"wp-image-22868 size-full\" title=\"Mayorista Mrvi Growing 60000 Puffs Vape Desechable 4\" src=\"https:\/\/www.vapeswholesaler.com\/wp-content\/uploads\/2025\/05\/Wholesale-Mrvi-Growing-60000-Puffs-Disposable-Vape-4.webp\" alt=\"Mayorista Mrvi Growing 60000 Puffs Vape Desechable 4\" width=\"1000\" height=\"1325\" srcset=\"https:\/\/www.vapeswholesaler.com\/wp-content\/uploads\/2025\/05\/Wholesale-Mrvi-Growing-60000-Puffs-Disposable-Vape-4.webp 1000w, https:\/\/www.vapeswholesaler.com\/wp-content\/uploads\/2025\/05\/Wholesale-Mrvi-Growing-60000-Puffs-Disposable-Vape-4-226x300.webp 226w, https:\/\/www.vapeswholesaler.com\/wp-content\/uploads\/2025\/05\/Wholesale-Mrvi-Growing-60000-Puffs-Disposable-Vape-4-773x1024.webp 773w, https:\/\/www.vapeswholesaler.com\/wp-content\/uploads\/2025\/05\/Wholesale-Mrvi-Growing-60000-Puffs-Disposable-Vape-4-768x1018.webp 768w, https:\/\/www.vapeswholesaler.com\/wp-content\/uploads\/2025\/05\/Wholesale-Mrvi-Growing-60000-Puffs-Disposable-Vape-4-9x12.webp 9w, https:\/\/www.vapeswholesaler.com\/wp-content\/uploads\/2025\/05\/Wholesale-Mrvi-Growing-60000-Puffs-Disposable-Vape-4-510x676.webp 510w\" sizes=\"auto, (max-width: 1000px) 100vw, 1000px\" \/><figcaption id=\"caption-attachment-22868\" class=\"wp-caption-text\">Mayorista Mrvi Growing 60000 Puffs Vape Desechable<\/figcaption><\/figure>","protected":false},"excerpt":{"rendered":"<p>Cantidad m\u00ednima de pedido: <strong>100 unidades<\/strong> (Mezcla de sabores) Env\u00edo gratuito<\/p>\n<p>(<strong>2%, 5% Nic<\/strong>)<\/p>","protected":false},"featured_media":22867,"comment_status":"open","ping_status":"closed","template":"","meta":[],"product_cat":[15],"product_tag":[373,397],"class_list":{"0":"post-22864","1":"product","2":"type-product","3":"status-publish","4":"has-post-thumbnail","6":"product_cat-disposable-vape","7":"product_tag-europe-warehouse","8":"product_tag-60000-puffs","9":"product_brand-mrvi","11":"first","12":"instock","13":"shipping-taxable","14":"purchasable","15":"product-type-variable","16":"has-default-attributes"},"aioseo_notices":[],"_links":{"self":[{"href":"https:\/\/www.vapeswholesaler.com\/es\/wp-json\/wp\/v2\/product\/22864","targetHints":{"allow":["GET"]}}],"collection":[{"href":"https:\/\/www.vapeswholesaler.com\/es\/wp-json\/wp\/v2\/product"}],"about":[{"href":"https:\/\/www.vapeswholesaler.com\/es\/wp-json\/wp\/v2\/types\/product"}],"replies":[{"embeddable":true,"href":"https:\/\/www.vapeswholesaler.com\/es\/wp-json\/wp\/v2\/comments?post=22864"}],"wp:featuredmedia":[{"embeddable":true,"href":"https:\/\/www.vapeswholesaler.com\/es\/wp-json\/wp\/v2\/media\/22867"}],"wp:attachment":[{"href":"https:\/\/www.vapeswholesaler.com\/es\/wp-json\/wp\/v2\/media?parent=22864"}],"wp:term":[{"taxonomy":"product_cat","embeddable":true,"href":"https:\/\/www.vapeswholesaler.com\/es\/wp-json\/wp\/v2\/product_cat?post=22864"},{"taxonomy":"product_tag","embeddable":true,"href":"https:\/\/www.vapeswholesaler.com\/es\/wp-json\/wp\/v2\/product_tag?post=22864"}],"curies":[{"name":"wp","href":"https:\/\/api.w.org\/{rel}","templated":true}]}}