{"id":22788,"date":"2025-05-16T16:05:59","date_gmt":"2025-05-16T08:05:59","guid":{"rendered":"https:\/\/www.vapeswholesaler.com\/?post_type=product&#038;p=22788"},"modified":"2026-04-16T14:01:27","modified_gmt":"2026-04-16T06:01:27","slug":"venta-al-por-mayor-razz-bar-45000-puffs-vape-desechable","status":"publish","type":"product","link":"https:\/\/www.vapeswholesaler.com\/es\/producto\/venta-al-por-mayor-razz-bar-45000-puffs-vape-desechable","title":{"rendered":"Mayorista Razz bar 45000 Puffs Vape Desechable"},"content":{"rendered":"<p>En <a href=\"https:\/\/www.vapeswholesaler.com\/es\/marca_producto\/razzbar\/\">Bar Razz<\/a> 45000 Puffs es un vapeador desechable premium dise\u00f1ado para un alto rendimiento y una entrega de sabor audaz. Todos y cada uno de sus sabores han sido cuidadosamente seleccionados para nunca decepcionar a sus clientes, y es debido a los sabores cautivadores que nuestros productos han ganado miles de clientes leales en todo el mundo.<\/p>\n<p>El producto utiliza una bater\u00eda recargable de alta capacidad y fiable de 650mah, y viene con puerto de carga r\u00e1pida Tipo-C, puede cargar el producto en cualquier momento y en cualquier lugar, ya no se preocupe por la energ\u00eda.<\/p>\n<p>La pantalla electr\u00f3nica lateral es clara y f\u00e1cil de leer y muestra el estado del producto en tiempo real.<\/p>\n<h2><strong>Razz bar 45000 Puffs detalles:<\/strong><\/h2>\n<ul>\n<li>Sal Nicotina:2\/5%<\/li>\n<li>Bocanadas:45000 bocanadas<\/li>\n<li>200 unidades por caja<\/li>\n<li>16 sabores disponibles<\/li>\n<li>650mah Recargable<\/li>\n<li>Bobina de malla<\/li>\n<li>Tipo-c<\/li>\n<\/ul>\n<h2><strong>Sabores:<\/strong><\/h2>\n<ol>\n<li>Sangre de tigre<\/li>\n<li>Fresa helada<\/li>\n<li>Fresa Pl\u00e1tano<\/li>\n<li>Sue\u00f1o de verano<\/li>\n<li>Frutas tropicales<\/li>\n<li>Hielo de ar\u00e1ndanos<\/li>\n<li>Helado de melocot\u00f3n jugoso<\/li>\n<li>Fresa Frambuesa Cereza Lce<\/li>\n<li>Hielo de sand\u00eda<\/li>\n<li>Drag\u00f3n Negro Lce<\/li>\n<li>Amor 66<\/li>\n<li>Fresa Kiwi<\/li>\n<li>Cereza Cola<\/li>\n<li>Pi\u00f1a Coco<\/li>\n<li>Lim\u00f3n Lima<\/li>\n<li>Sr. Azul<\/li>\n<\/ol>\n<h2><strong>Lista de embalaje:<\/strong><\/h2>\n<p>1 unidad por caja<br \/>\n10pcs cada caja expositora cada sabor<br \/>\n200 unidades por caja<\/p>\n<figure id=\"attachment_22783\" aria-describedby=\"caption-attachment-22783\" style=\"width: 1000px\" class=\"wp-caption alignnone\"><img loading=\"lazy\" decoding=\"async\" class=\"wp-image-22783 size-full\" title=\"Mayorista Razz bar 45000 Puffs Vape Desechable 9\" src=\"https:\/\/www.vapeswholesaler.com\/wp-content\/uploads\/2025\/05\/Wholesale-Razz-bar-45000-Puffs-Disposable-Vape-9.webp\" alt=\"Mayorista Razz bar 45000 Puffs Vape Desechable 9\" width=\"1000\" height=\"1000\" srcset=\"https:\/\/www.vapeswholesaler.com\/wp-content\/uploads\/2025\/05\/Wholesale-Razz-bar-45000-Puffs-Disposable-Vape-9.webp 1000w, https:\/\/www.vapeswholesaler.com\/wp-content\/uploads\/2025\/05\/Wholesale-Razz-bar-45000-Puffs-Disposable-Vape-9-300x300.webp 300w, https:\/\/www.vapeswholesaler.com\/wp-content\/uploads\/2025\/05\/Wholesale-Razz-bar-45000-Puffs-Disposable-Vape-9-150x150.webp 150w, https:\/\/www.vapeswholesaler.com\/wp-content\/uploads\/2025\/05\/Wholesale-Razz-bar-45000-Puffs-Disposable-Vape-9-768x768.webp 768w, https:\/\/www.vapeswholesaler.com\/wp-content\/uploads\/2025\/05\/Wholesale-Razz-bar-45000-Puffs-Disposable-Vape-9-12x12.webp 12w, https:\/\/www.vapeswholesaler.com\/wp-content\/uploads\/2025\/05\/Wholesale-Razz-bar-45000-Puffs-Disposable-Vape-9-247x247.webp 247w, https:\/\/www.vapeswholesaler.com\/wp-content\/uploads\/2025\/05\/Wholesale-Razz-bar-45000-Puffs-Disposable-Vape-9-510x510.webp 510w, https:\/\/www.vapeswholesaler.com\/wp-content\/uploads\/2025\/05\/Wholesale-Razz-bar-45000-Puffs-Disposable-Vape-9-100x100.webp 100w\" sizes=\"auto, (max-width: 1000px) 100vw, 1000px\" \/><figcaption id=\"caption-attachment-22783\" class=\"wp-caption-text\">Mayorista Razz bar 45000 Puffs Vape Desechable<\/figcaption><\/figure>\n<figure id=\"attachment_22778\" aria-describedby=\"caption-attachment-22778\" style=\"width: 1000px\" class=\"wp-caption alignnone\"><img loading=\"lazy\" decoding=\"async\" class=\"wp-image-22778 size-full\" title=\"Mayorista Razz bar 45000 Puffs Desechables Vape 4\" src=\"https:\/\/www.vapeswholesaler.com\/wp-content\/uploads\/2025\/05\/Wholesale-Razz-bar-45000-Puffs-Disposable-Vape-4.webp\" alt=\"Mayorista Razz bar 45000 Puffs Desechables Vape 4\" width=\"1000\" height=\"2000\" srcset=\"https:\/\/www.vapeswholesaler.com\/wp-content\/uploads\/2025\/05\/Wholesale-Razz-bar-45000-Puffs-Disposable-Vape-4.webp 1000w, https:\/\/www.vapeswholesaler.com\/wp-content\/uploads\/2025\/05\/Wholesale-Razz-bar-45000-Puffs-Disposable-Vape-4-150x300.webp 150w, https:\/\/www.vapeswholesaler.com\/wp-content\/uploads\/2025\/05\/Wholesale-Razz-bar-45000-Puffs-Disposable-Vape-4-512x1024.webp 512w, https:\/\/www.vapeswholesaler.com\/wp-content\/uploads\/2025\/05\/Wholesale-Razz-bar-45000-Puffs-Disposable-Vape-4-768x1536.webp 768w, https:\/\/www.vapeswholesaler.com\/wp-content\/uploads\/2025\/05\/Wholesale-Razz-bar-45000-Puffs-Disposable-Vape-4-6x12.webp 6w, https:\/\/www.vapeswholesaler.com\/wp-content\/uploads\/2025\/05\/Wholesale-Razz-bar-45000-Puffs-Disposable-Vape-4-510x1020.webp 510w\" sizes=\"auto, (max-width: 1000px) 100vw, 1000px\" \/><figcaption id=\"caption-attachment-22778\" class=\"wp-caption-text\">Mayorista Razz bar 45000 Puffs Vape Desechable<\/figcaption><\/figure>","protected":false},"excerpt":{"rendered":"<p>Cantidad m\u00ednima de pedido: <strong>50 unidades (<\/strong>Mezcla de sabores) \uff08<strong>2%,5%<\/strong>)<\/p>\n<p><strong>Env\u00edo gratuito<\/strong><\/p>\n<p><strong>Nota<\/strong>: We ship from China warehouses, and the shipping time will be takes about <strong>15-16 <\/strong>d\u00edas. La tarifa del producto y la tarifa de env\u00edo deben pagarse por separado en diferentes cuentas de pago. Despu\u00e9s de enviar el pedido, por favor env\u00edeme un mensaje por WhatsApp y le dir\u00e9 c\u00f3mo pagar el pedido. Gracias.<\/p>","protected":false},"featured_media":22775,"comment_status":"open","ping_status":"closed","template":"","meta":[],"product_cat":[15],"product_tag":[384,373],"class_list":{"0":"post-22788","1":"product","2":"type-product","3":"status-publish","4":"has-post-thumbnail","6":"product_cat-disposable-vape","7":"product_tag-razz-bar","8":"product_tag-europe-warehouse","9":"product_brand-razzbar","11":"first","12":"instock","13":"shipping-taxable","14":"purchasable","15":"product-type-variable","16":"has-default-attributes"},"aioseo_notices":[],"_links":{"self":[{"href":"https:\/\/www.vapeswholesaler.com\/es\/wp-json\/wp\/v2\/product\/22788","targetHints":{"allow":["GET"]}}],"collection":[{"href":"https:\/\/www.vapeswholesaler.com\/es\/wp-json\/wp\/v2\/product"}],"about":[{"href":"https:\/\/www.vapeswholesaler.com\/es\/wp-json\/wp\/v2\/types\/product"}],"replies":[{"embeddable":true,"href":"https:\/\/www.vapeswholesaler.com\/es\/wp-json\/wp\/v2\/comments?post=22788"}],"wp:featuredmedia":[{"embeddable":true,"href":"https:\/\/www.vapeswholesaler.com\/es\/wp-json\/wp\/v2\/media\/22775"}],"wp:attachment":[{"href":"https:\/\/www.vapeswholesaler.com\/es\/wp-json\/wp\/v2\/media?parent=22788"}],"wp:term":[{"taxonomy":"product_cat","embeddable":true,"href":"https:\/\/www.vapeswholesaler.com\/es\/wp-json\/wp\/v2\/product_cat?post=22788"},{"taxonomy":"product_tag","embeddable":true,"href":"https:\/\/www.vapeswholesaler.com\/es\/wp-json\/wp\/v2\/product_tag?post=22788"}],"curies":[{"name":"wp","href":"https:\/\/api.w.org\/{rel}","templated":true}]}}