{"id":22698,"date":"2025-05-09T16:46:41","date_gmt":"2025-05-09T08:46:41","guid":{"rendered":"https:\/\/www.vapeswholesaler.com\/?post_type=product&#038;p=22698"},"modified":"2025-11-19T16:24:25","modified_gmt":"2025-11-19T08:24:25","slug":"mayorista-bang-blaze-4en1-60000-bocanadas-vape-desechable","status":"publish","type":"product","link":"https:\/\/www.vapeswholesaler.com\/es\/producto\/mayorista-bang-blaze-4en1-60000-bocanadas-vape-desechable","title":{"rendered":"Mayorista Bang Blaze 4en1 60000 Puffs Vape Desechable"},"content":{"rendered":"<p><a href=\"https:\/\/www.vapeswholesaler.com\/es\/marca_producto\/bang\/\">Bang<\/a> Blaze 4en1 60000 Puffs es un novedoso Vape\uff0c desechable de 4 sabores perfecto para los usuarios que desean una experiencia m\u00e1s duradera. Disfrute de d\u00edas o incluso semanas de vapeo sin necesidad de reemplazar el dispositivo con frecuencia. equipado con una bater\u00eda recargable de 650mAh, el dispositivo asegura que tiene suficiente energ\u00eda para un uso prolongado. La carga de tipo C proporciona velocidades de carga m\u00e1s r\u00e1pidas, para que su dispositivo est\u00e9 siempre listo cuando fume.<\/p>\n<p>Vapor suave con resistencia de malla de 1,0\u03a9, para el mejor sabor, ofrecemos cuatro niveles de nicotina de 0%, 2%, 3% y 5% para elegir, y 12 combinaciones de sabores diferentes para dar al usuario m\u00e1s experiencia y aumentar la competitividad.<\/p>\n<p>Damos la bienvenida a clientes de todo el mundo para convertirse en nuestros socios.este producto se env\u00eda desde nuestro almac\u00e9n en China, que por lo general tarda 12-13 d\u00edas h\u00e1biles, y puede tardar hasta 17 d\u00edas h\u00e1biles durante los d\u00edas festivos o las malas condiciones meteorol\u00f3gicas.<\/p>\n<h2><strong>Bang Blaze 4en1 60000 Puffs Detalles:<\/strong><\/h2>\n<ul>\n<li>Bocanadas: 60000 bocanadas<\/li>\n<li>Bater\u00eda: 650mAh<\/li>\n<li>Capacidad: 56 ml<\/li>\n<li>Nicotina: 0\/2%\/3%\/5%<\/li>\n<li>Bobina de cuatro mallas<\/li>\n<li>Puerto de carga Tipo-C<\/li>\n<li>12 sabores quadra disponibles<\/li>\n<li>Pantalla inteligente: e-juice\/Power display<\/li>\n<li>12 sabores<\/li>\n<\/ul>\n<h2><strong>Sabores:<\/strong><\/h2>\n<ol>\n<li>Hielo de sand\u00eda &amp; Menta de ar\u00e1ndanos &amp; Hielo de frutas &amp; Romance de lima<\/li>\n<li>Sand\u00eda Helada &amp; Ar\u00e1ndano Cereza &amp; SummerTime &amp; Mango Agrio Pi\u00f1a<\/li>\n<li>Hielo de ar\u00e1ndano &amp; Hielo de melocot\u00f3n &amp; Caramelo arco iris &amp; Naranja \u00e1cida con lim\u00f3n<\/li>\n<li>Blueberry Ice &amp; Melocot\u00f3n Mango Sand\u00eda &amp; Passion Kiss &amp; Mel\u00f3n Manzana<\/li>\n<li>Ar\u00e1ndano Frambuesa &amp; Frutas del bosque &amp; Cereza de California &amp; Fruta de la pasi\u00f3n Mango<\/li>\n<li>Ar\u00e1ndano Frambuesa y Uva Hielo y Bayas Hielo y Aloe Mango Mel\u00f3n<\/li>\n<li>Bebida energ\u00e9tica y fresa Pl\u00e1tano y mango Melocot\u00f3n Albaricoque y fruta de la pasi\u00f3n Kiwi Lima<\/li>\n<li>Bebida energ\u00e9tica y ar\u00e1ndano Sand\u00eda y manzana \u00e1cida Frambuesa y osito de goma<\/li>\n<li>Fresa Mango &amp; Sand\u00eda Chicle &amp; Mojito Rojo &amp; Love 66<\/li>\n<li>Fresa Mango y fresa Kiwi y manzana Uva y sand\u00eda Fruta del drag\u00f3n<\/li>\n<li>Fresa Sand\u00eda &amp; Hielo Negro &amp; Trece Mel\u00f3n &amp; Ar\u00e1ndano Uva<\/li>\n<li>Fresa Sand\u00eda y Kiwi Maracuy\u00e1 Guayaba y Mango Hielo y Sand\u00eda Melocot\u00f3n \u00e1cido<\/li>\n<\/ol>\n<h2><strong>Lista de embalaje:<\/strong><\/h2>\n<p>1 unidad por caja<br \/>\n10 unidades por caja<br \/>\n200 unidades por caja<\/p>\n<figure id=\"attachment_22697\" aria-describedby=\"caption-attachment-22697\" style=\"width: 1020px\" class=\"wp-caption alignnone\"><img loading=\"lazy\" decoding=\"async\" class=\"wp-image-22697 size-large\" title=\"Mayorista Bang Blaze 4en1 60000 Puffs Vape Desechable 14\" src=\"https:\/\/www.vapeswholesaler.com\/wp-content\/uploads\/2025\/05\/Wholesale-Bang-Blaze-4in1-60000-Puffs-Disposable-Vape-14-1024x512.webp\" alt=\"Mayorista Bang Blaze 4en1 60000 Puffs Vape Desechable 14\" width=\"1020\" height=\"510\" srcset=\"https:\/\/www.vapeswholesaler.com\/wp-content\/uploads\/2025\/05\/Wholesale-Bang-Blaze-4in1-60000-Puffs-Disposable-Vape-14-1024x512.webp 1024w, https:\/\/www.vapeswholesaler.com\/wp-content\/uploads\/2025\/05\/Wholesale-Bang-Blaze-4in1-60000-Puffs-Disposable-Vape-14-300x150.webp 300w, https:\/\/www.vapeswholesaler.com\/wp-content\/uploads\/2025\/05\/Wholesale-Bang-Blaze-4in1-60000-Puffs-Disposable-Vape-14-768x384.webp 768w, https:\/\/www.vapeswholesaler.com\/wp-content\/uploads\/2025\/05\/Wholesale-Bang-Blaze-4in1-60000-Puffs-Disposable-Vape-14-18x9.webp 18w, https:\/\/www.vapeswholesaler.com\/wp-content\/uploads\/2025\/05\/Wholesale-Bang-Blaze-4in1-60000-Puffs-Disposable-Vape-14-510x255.webp 510w, https:\/\/www.vapeswholesaler.com\/wp-content\/uploads\/2025\/05\/Wholesale-Bang-Blaze-4in1-60000-Puffs-Disposable-Vape-14.webp 1500w\" sizes=\"auto, (max-width: 1020px) 100vw, 1020px\" \/><figcaption id=\"caption-attachment-22697\" class=\"wp-caption-text\">Mayorista Bang Blaze 4en1 60000 Puffs Vape Desechable<\/figcaption><\/figure>\n<figure id=\"attachment_22696\" aria-describedby=\"caption-attachment-22696\" style=\"width: 1020px\" class=\"wp-caption alignnone\"><img loading=\"lazy\" decoding=\"async\" class=\"wp-image-22696 size-large\" title=\"Mayorista Bang Blaze 4en1 60000 Puffs Vape Desechable 13\" src=\"https:\/\/www.vapeswholesaler.com\/wp-content\/uploads\/2025\/05\/Wholesale-Bang-Blaze-4in1-60000-Puffs-Disposable-Vape-13-1024x576.webp\" alt=\"Mayorista Bang Blaze 4en1 60000 Puffs Vape Desechable 13\" width=\"1020\" height=\"574\" srcset=\"https:\/\/www.vapeswholesaler.com\/wp-content\/uploads\/2025\/05\/Wholesale-Bang-Blaze-4in1-60000-Puffs-Disposable-Vape-13-1024x576.webp 1024w, https:\/\/www.vapeswholesaler.com\/wp-content\/uploads\/2025\/05\/Wholesale-Bang-Blaze-4in1-60000-Puffs-Disposable-Vape-13-300x169.webp 300w, https:\/\/www.vapeswholesaler.com\/wp-content\/uploads\/2025\/05\/Wholesale-Bang-Blaze-4in1-60000-Puffs-Disposable-Vape-13-768x432.webp 768w, https:\/\/www.vapeswholesaler.com\/wp-content\/uploads\/2025\/05\/Wholesale-Bang-Blaze-4in1-60000-Puffs-Disposable-Vape-13-18x10.webp 18w, https:\/\/www.vapeswholesaler.com\/wp-content\/uploads\/2025\/05\/Wholesale-Bang-Blaze-4in1-60000-Puffs-Disposable-Vape-13-510x287.webp 510w, https:\/\/www.vapeswholesaler.com\/wp-content\/uploads\/2025\/05\/Wholesale-Bang-Blaze-4in1-60000-Puffs-Disposable-Vape-13.webp 1500w\" sizes=\"auto, (max-width: 1020px) 100vw, 1020px\" \/><figcaption id=\"caption-attachment-22696\" class=\"wp-caption-text\">Mayorista Bang Blaze 4en1 60000 Puffs Vape Desechable<\/figcaption><\/figure>","protected":false},"excerpt":{"rendered":"<p>Cantidad m\u00ednima de pedido: <strong>50 unidades<\/strong> (Mezcla de sabores)<\/p>\n<p>\uff08 0%\uff0c2%\uff0c3%\uff0c5%\uff09<strong>Env\u00edo gratuito<\/strong><\/p>","protected":false},"featured_media":22686,"comment_status":"open","ping_status":"closed","template":"","meta":[],"product_cat":[15],"product_tag":[],"class_list":{"0":"post-22698","1":"product","2":"type-product","3":"status-publish","4":"has-post-thumbnail","6":"product_cat-disposable-vape","7":"product_brand-bang","9":"first","10":"instock","11":"shipping-taxable","12":"purchasable","13":"product-type-variable","14":"has-default-attributes"},"aioseo_notices":[],"_links":{"self":[{"href":"https:\/\/www.vapeswholesaler.com\/es\/wp-json\/wp\/v2\/product\/22698","targetHints":{"allow":["GET"]}}],"collection":[{"href":"https:\/\/www.vapeswholesaler.com\/es\/wp-json\/wp\/v2\/product"}],"about":[{"href":"https:\/\/www.vapeswholesaler.com\/es\/wp-json\/wp\/v2\/types\/product"}],"replies":[{"embeddable":true,"href":"https:\/\/www.vapeswholesaler.com\/es\/wp-json\/wp\/v2\/comments?post=22698"}],"wp:featuredmedia":[{"embeddable":true,"href":"https:\/\/www.vapeswholesaler.com\/es\/wp-json\/wp\/v2\/media\/22686"}],"wp:attachment":[{"href":"https:\/\/www.vapeswholesaler.com\/es\/wp-json\/wp\/v2\/media?parent=22698"}],"wp:term":[{"taxonomy":"product_cat","embeddable":true,"href":"https:\/\/www.vapeswholesaler.com\/es\/wp-json\/wp\/v2\/product_cat?post=22698"},{"taxonomy":"product_tag","embeddable":true,"href":"https:\/\/www.vapeswholesaler.com\/es\/wp-json\/wp\/v2\/product_tag?post=22698"}],"curies":[{"name":"wp","href":"https:\/\/api.w.org\/{rel}","templated":true}]}}