{"id":22583,"date":"2025-04-21T15:24:13","date_gmt":"2025-04-21T07:24:13","guid":{"rendered":"https:\/\/www.vapeswholesaler.com\/?post_type=product&#038;p=22583"},"modified":"2025-06-09T06:52:27","modified_gmt":"2025-06-08T22:52:27","slug":"venta-al-por-mayor-zooy-shisha-50000-bocanadas-vape-desechable","status":"publish","type":"product","link":"https:\/\/www.vapeswholesaler.com\/es\/producto\/venta-al-por-mayor-zooy-shisha-50000-bocanadas-vape-desechable","title":{"rendered":"Mayorista Zooy Shisha 50000 Puffs Vape Desechable"},"content":{"rendered":"<p>En <a href=\"https:\/\/www.vapeswholesaler.com\/es\/marca_producto\/zooy\/\">Zooy<\/a> Shisha 50000 Puffs es uno de los m\u00e1s nuevos vape desechables DTL que ofrece aproximadamente hasta 50.000 caladas. Big cloud Vaping, El producto viene con una potente bater\u00eda recargable de 1400mAh de alta calidad y est\u00e1 precargado con una gran capacidad de 40ml de aceite de vapeo con la opci\u00f3n de 2% o 5% concentraci\u00f3n de nicotina.<\/p>\n<p>Est\u00e1 equipado con bobinas de malla dual y 0.25\u03a9\uff0c para producir vapor rico y suave cada vez que vaping. Tambi\u00e9n ofrece un dise\u00f1o de flujo de aire ajustable que permite a los diferentes clientes para ajustar el tama\u00f1o de la entrada para que cada usuario pueda disfrutar de nuestro producto perfectamente. y viene con un conector de tipo C para facilitar la carga de su device.The Zooy Shisha 50000 Puffs ser\u00e1 su pr\u00f3ximo \u00e9xito de ventas.<\/p>\n<h2><strong>Zooy Shisha 50000 Puffs Caracter\u00edsticas:<\/strong><\/h2>\n<ul>\n<li>Puff: 50000puffs<\/li>\n<li>Peso: 150 g<\/li>\n<li>Dtl Gran Nube<\/li>\n<li>Tama\u00f1o: 44*36*118mm<\/li>\n<li>Capacidad de la bater\u00eda: 14000mah<\/li>\n<li>Recargable tipo C<\/li>\n<li>0,25 Cuatro mallas Coi<\/li>\n<li>Pantalla inteligente integrada<\/li>\n<li>Flujo de aire ajustable<\/li>\n<li>Luz Lgb 8 Colores<\/li>\n<\/ul>\n<h2><strong>Lista de sabores:<\/strong><\/h2>\n<ol>\n<li>Hielo de sand\u00eda<\/li>\n<li>Hielo de ar\u00e1ndanos<\/li>\n<li>Azul Razz Cereza<\/li>\n<li>Red Bull<\/li>\n<li>Mezcla de bayas<\/li>\n<li>Mango Melocot\u00f3n Sand\u00eda<\/li>\n<li>Fresa Kiwi<\/li>\n<li>Sand\u00eda con fresa<\/li>\n<li>Cereza Fresa Frambuesa<\/li>\n<li>Fresa Uva<\/li>\n<\/ol>\n<h2><strong>Lista de embalaje:<\/strong><\/h2>\n<p>1unidad cada caja individual 150g.<br \/>\n10 unidades cada caja central<br \/>\n160pcs cada cart\u00f3n \/26kg<\/p>\n<figure id=\"attachment_22584\" aria-describedby=\"caption-attachment-22584\" style=\"width: 1000px\" class=\"wp-caption alignnone\"><img loading=\"lazy\" decoding=\"async\" class=\"wp-image-22584 size-full\" title=\"Mayorista Zooy Shisha 50000 Puffs Desechables Vape 4\" src=\"https:\/\/www.vapeswholesaler.com\/wp-content\/uploads\/2025\/04\/Wholesale-Zooy-Shisha-50000-Puffs-Disposable-Vape-4.webp\" alt=\"Mayorista Zooy Shisha 50000 Puffs Desechables Vape 4\" width=\"1000\" height=\"1114\" srcset=\"https:\/\/www.vapeswholesaler.com\/wp-content\/uploads\/2025\/04\/Wholesale-Zooy-Shisha-50000-Puffs-Disposable-Vape-4.webp 1000w, https:\/\/www.vapeswholesaler.com\/wp-content\/uploads\/2025\/04\/Wholesale-Zooy-Shisha-50000-Puffs-Disposable-Vape-4-269x300.webp 269w, https:\/\/www.vapeswholesaler.com\/wp-content\/uploads\/2025\/04\/Wholesale-Zooy-Shisha-50000-Puffs-Disposable-Vape-4-919x1024.webp 919w, https:\/\/www.vapeswholesaler.com\/wp-content\/uploads\/2025\/04\/Wholesale-Zooy-Shisha-50000-Puffs-Disposable-Vape-4-768x856.webp 768w, https:\/\/www.vapeswholesaler.com\/wp-content\/uploads\/2025\/04\/Wholesale-Zooy-Shisha-50000-Puffs-Disposable-Vape-4-11x12.webp 11w, https:\/\/www.vapeswholesaler.com\/wp-content\/uploads\/2025\/04\/Wholesale-Zooy-Shisha-50000-Puffs-Disposable-Vape-4-510x568.webp 510w\" sizes=\"auto, (max-width: 1000px) 100vw, 1000px\" \/><figcaption id=\"caption-attachment-22584\" class=\"wp-caption-text\">Mayorista Zooy Shisha 50000 Puffs Vape Desechable<\/figcaption><\/figure>\n<figure id=\"attachment_22585\" aria-describedby=\"caption-attachment-22585\" style=\"width: 1000px\" class=\"wp-caption alignnone\"><img loading=\"lazy\" decoding=\"async\" class=\"wp-image-22585 size-full\" title=\"Mayorista Zooy Shisha 50000 Puffs Desechables Vape 5\" src=\"https:\/\/www.vapeswholesaler.com\/wp-content\/uploads\/2025\/04\/Wholesale-Zooy-Shisha-50000-Puffs-Disposable-Vape-5.webp\" alt=\"Mayorista Zooy Shisha 50000 Puffs Desechables Vape 5\" width=\"1000\" height=\"571\" srcset=\"https:\/\/www.vapeswholesaler.com\/wp-content\/uploads\/2025\/04\/Wholesale-Zooy-Shisha-50000-Puffs-Disposable-Vape-5.webp 1000w, https:\/\/www.vapeswholesaler.com\/wp-content\/uploads\/2025\/04\/Wholesale-Zooy-Shisha-50000-Puffs-Disposable-Vape-5-300x171.webp 300w, https:\/\/www.vapeswholesaler.com\/wp-content\/uploads\/2025\/04\/Wholesale-Zooy-Shisha-50000-Puffs-Disposable-Vape-5-768x439.webp 768w, https:\/\/www.vapeswholesaler.com\/wp-content\/uploads\/2025\/04\/Wholesale-Zooy-Shisha-50000-Puffs-Disposable-Vape-5-18x10.webp 18w, https:\/\/www.vapeswholesaler.com\/wp-content\/uploads\/2025\/04\/Wholesale-Zooy-Shisha-50000-Puffs-Disposable-Vape-5-510x291.webp 510w\" sizes=\"auto, (max-width: 1000px) 100vw, 1000px\" \/><figcaption id=\"caption-attachment-22585\" class=\"wp-caption-text\">Mayorista Zooy Shisha 50000 Puffs Vape Desechable<\/figcaption><\/figure>\n<p><img loading=\"lazy\" decoding=\"async\" class=\"wp-image-22572 size-full\" title=\"Mayorista Zooy Shisha 50000 Puffs Desechables Vape 3\" src=\"https:\/\/www.vapeswholesaler.com\/wp-content\/uploads\/2025\/04\/Wholesale-Zooy-Shisha-50000-Puffs-Disposable-Vape-3.webp\" alt=\"Mayorista Zooy Shisha 50000 Puffs Desechables Vape 3\" width=\"1000\" height=\"1000\" srcset=\"https:\/\/www.vapeswholesaler.com\/wp-content\/uploads\/2025\/04\/Wholesale-Zooy-Shisha-50000-Puffs-Disposable-Vape-3.webp 1000w, https:\/\/www.vapeswholesaler.com\/wp-content\/uploads\/2025\/04\/Wholesale-Zooy-Shisha-50000-Puffs-Disposable-Vape-3-300x300.webp 300w, https:\/\/www.vapeswholesaler.com\/wp-content\/uploads\/2025\/04\/Wholesale-Zooy-Shisha-50000-Puffs-Disposable-Vape-3-150x150.webp 150w, https:\/\/www.vapeswholesaler.com\/wp-content\/uploads\/2025\/04\/Wholesale-Zooy-Shisha-50000-Puffs-Disposable-Vape-3-768x768.webp 768w, https:\/\/www.vapeswholesaler.com\/wp-content\/uploads\/2025\/04\/Wholesale-Zooy-Shisha-50000-Puffs-Disposable-Vape-3-12x12.webp 12w, https:\/\/www.vapeswholesaler.com\/wp-content\/uploads\/2025\/04\/Wholesale-Zooy-Shisha-50000-Puffs-Disposable-Vape-3-247x247.webp 247w, https:\/\/www.vapeswholesaler.com\/wp-content\/uploads\/2025\/04\/Wholesale-Zooy-Shisha-50000-Puffs-Disposable-Vape-3-510x510.webp 510w, https:\/\/www.vapeswholesaler.com\/wp-content\/uploads\/2025\/04\/Wholesale-Zooy-Shisha-50000-Puffs-Disposable-Vape-3-100x100.webp 100w\" sizes=\"auto, (max-width: 1000px) 100vw, 1000px\" \/><\/p>","protected":false},"excerpt":{"rendered":"<p>Cantidad m\u00ednima de pedido: <strong>50 unidades<\/strong> (Mezcla de sabores) <strong>Env\u00edo gratuito<\/strong><\/p>\n<p>(<strong>2%, 5% Nic<\/strong>)<\/p>","protected":false},"featured_media":22571,"comment_status":"open","ping_status":"closed","template":"","meta":[],"product_cat":[15],"product_tag":[366,371],"class_list":{"0":"post-22583","1":"product","2":"type-product","3":"status-publish","4":"has-post-thumbnail","6":"product_cat-disposable-vape","7":"product_tag-50000-puffs","8":"product_tag-zooy","9":"product_brand-zooy","11":"first","12":"instock","13":"shipping-taxable","14":"purchasable","15":"product-type-variable","16":"has-default-attributes"},"aioseo_notices":[],"_links":{"self":[{"href":"https:\/\/www.vapeswholesaler.com\/es\/wp-json\/wp\/v2\/product\/22583","targetHints":{"allow":["GET"]}}],"collection":[{"href":"https:\/\/www.vapeswholesaler.com\/es\/wp-json\/wp\/v2\/product"}],"about":[{"href":"https:\/\/www.vapeswholesaler.com\/es\/wp-json\/wp\/v2\/types\/product"}],"replies":[{"embeddable":true,"href":"https:\/\/www.vapeswholesaler.com\/es\/wp-json\/wp\/v2\/comments?post=22583"}],"wp:featuredmedia":[{"embeddable":true,"href":"https:\/\/www.vapeswholesaler.com\/es\/wp-json\/wp\/v2\/media\/22571"}],"wp:attachment":[{"href":"https:\/\/www.vapeswholesaler.com\/es\/wp-json\/wp\/v2\/media?parent=22583"}],"wp:term":[{"taxonomy":"product_cat","embeddable":true,"href":"https:\/\/www.vapeswholesaler.com\/es\/wp-json\/wp\/v2\/product_cat?post=22583"},{"taxonomy":"product_tag","embeddable":true,"href":"https:\/\/www.vapeswholesaler.com\/es\/wp-json\/wp\/v2\/product_tag?post=22583"}],"curies":[{"name":"wp","href":"https:\/\/api.w.org\/{rel}","templated":true}]}}