{"id":22448,"date":"2025-04-05T13:35:25","date_gmt":"2025-04-05T05:35:25","guid":{"rendered":"https:\/\/www.vapeswholesaler.com\/?post_type=product&#038;p=22448"},"modified":"2025-11-19T17:54:29","modified_gmt":"2025-11-19T09:54:29","slug":"mayorista-vozol-gear-shisha-25000-bocanadas-vape-desechable","status":"publish","type":"product","link":"https:\/\/www.vapeswholesaler.com\/es\/producto\/mayorista-vozol-gear-shisha-25000-bocanadas-vape-desechable","title":{"rendered":"Mayorista VOZOL Gear Shisha 25000 Puffs Vape Desechable"},"content":{"rendered":"<p><a href=\"https:\/\/www.vapeswholesaler.com\/es\/marca_producto\/vozol\/\">VOZOL<\/a> Gear Shisha 25000 Puffs is the World&#8217;s 1st. Audio-Interactive DTL Disposable Vape, the product has a strong Middle Eastern style, suitable for lung inhalation, mouth inhalation, and each mode is used with extraordinary feelings. Only the chip from the world famous company Tech, make the product more intelligent and more stable, to improve the satisfaction of the product is very helpful.<\/p>\n<p>Este producto lleva dos tipos de n\u00facleo de red, y puede realizar dos modos de trabajo, en el modo ECO puede utilizar alrededor de 25000 bocanadas, en el modo de potencia puede utilizar alrededor de 18000 bocanadas, no importa en cualquier modo, este producto es el producto m\u00e1s rentable, gastar menos dinero, utilizarlo durante m\u00e1s tiempo.<\/p>\n<p>\u00a1Viene con una bater\u00eda de alta capacidad 1000mah, y 25 ml de aceite e-cigarrillo pre-instalado en la f\u00e1brica para garantizar la vida del producto, la interacci\u00f3n de audio para un toque moderno, vienen con pantalla a color de 2,1 pulgadas para un f\u00e1cil seguimiento de flujo de aire ajustable, Bienvenido a nuestros socios!<\/p>\n<h2><strong><a href=\"https:\/\/www.facebook.com\/fred.luo.58\/\">VOZO<\/a>L Gear Shisha 25000 Puffs Caracter\u00edsticas:<\/strong><\/h2>\n<ul>\n<li>El 1er. Audio-Interactivo Dtl Vape Desechable<\/li>\n<li>Ui al estilo de Oriente Medio<\/li>\n<li>Malla doble, modos dobles<\/li>\n<li>Nombre: Engranaje Shisha 25000<\/li>\n<li>Capacidad de la bater\u00eda: 1000mah<\/li>\n<li>Nicotina:5mg\/Ml 5%<\/li>\n<li>Puffs: Hasta 2500<\/li>\n<\/ul>\n<h2><strong>Sabores:<\/strong><\/h2>\n<ol>\n<li>Hielo de ar\u00e1ndanos<\/li>\n<li>Sand\u00eda con ar\u00e1ndanos<\/li>\n<li>Kiwi Fresa Congelado<\/li>\n<li>Hielo de uva<\/li>\n<li>Amor 777<\/li>\n<li>Mango Melocot\u00f3n<\/li>\n<li>Melocot\u00f3n helado<\/li>\n<li>Fresa Kiwi<\/li>\n<li>Fruta de la pasi\u00f3n dulce<\/li>\n<li>Dos manzanas<\/li>\n<li>Hielo de sand\u00eda<\/li>\n<li>Hielo de mora<\/li>\n<li>Grosella negra helada<\/li>\n<li>Tardes en Mosc\u00fa<\/li>\n<li>Mojito azul<\/li>\n<li>Menta lim\u00f3n<\/li>\n<li>Mango Freeze<\/li>\n<li>Uva Menta<\/li>\n<\/ol>\n<h2><strong>Lista de embalaje:<\/strong><\/h2>\n<p>1 unidad por caja<br \/>\n10 unidades cada caja central<br \/>\n200 unidades por caja<\/p>\n<figure id=\"attachment_22444\" aria-describedby=\"caption-attachment-22444\" style=\"width: 1000px\" class=\"wp-caption alignnone\"><img loading=\"lazy\" decoding=\"async\" class=\"wp-image-22444 size-full\" title=\"Mayorista VOZOL Gear Shisha 25000 Puffs Vape Desechable 9\" src=\"https:\/\/www.vapeswholesaler.com\/wp-content\/uploads\/2025\/04\/Wholesale-VOZOL-Gear-Shisha-25000-Puffs-Disposable-Vape-9.webp\" alt=\"Mayorista VOZOL Gear Shisha 25000 Puffs Vape Desechable 9\" width=\"1000\" height=\"733\" srcset=\"https:\/\/www.vapeswholesaler.com\/wp-content\/uploads\/2025\/04\/Wholesale-VOZOL-Gear-Shisha-25000-Puffs-Disposable-Vape-9.webp 1000w, https:\/\/www.vapeswholesaler.com\/wp-content\/uploads\/2025\/04\/Wholesale-VOZOL-Gear-Shisha-25000-Puffs-Disposable-Vape-9-300x220.webp 300w, https:\/\/www.vapeswholesaler.com\/wp-content\/uploads\/2025\/04\/Wholesale-VOZOL-Gear-Shisha-25000-Puffs-Disposable-Vape-9-768x563.webp 768w, https:\/\/www.vapeswholesaler.com\/wp-content\/uploads\/2025\/04\/Wholesale-VOZOL-Gear-Shisha-25000-Puffs-Disposable-Vape-9-16x12.webp 16w, https:\/\/www.vapeswholesaler.com\/wp-content\/uploads\/2025\/04\/Wholesale-VOZOL-Gear-Shisha-25000-Puffs-Disposable-Vape-9-510x374.webp 510w\" sizes=\"auto, (max-width: 1000px) 100vw, 1000px\" \/><figcaption id=\"caption-attachment-22444\" class=\"wp-caption-text\">Mayorista VOZOL Gear Shisha 25000 Puffs Vape Desechable<\/figcaption><\/figure>\n<figure id=\"attachment_22449\" aria-describedby=\"caption-attachment-22449\" style=\"width: 1000px\" class=\"wp-caption alignnone\"><img loading=\"lazy\" decoding=\"async\" class=\"wp-image-22449 size-full\" title=\"Mayorista VOZOL Gear Shisha 25000 Puffs Vape Desechable 13\" src=\"https:\/\/www.vapeswholesaler.com\/wp-content\/uploads\/2025\/04\/Wholesale-VOZOL-Gear-Shisha-25000-Puffs-Disposable-Vape-13.webp\" alt=\"Mayorista VOZOL Gear Shisha 25000 Puffs Vape Desechable 13\" width=\"1000\" height=\"1474\" srcset=\"https:\/\/www.vapeswholesaler.com\/wp-content\/uploads\/2025\/04\/Wholesale-VOZOL-Gear-Shisha-25000-Puffs-Disposable-Vape-13.webp 1000w, https:\/\/www.vapeswholesaler.com\/wp-content\/uploads\/2025\/04\/Wholesale-VOZOL-Gear-Shisha-25000-Puffs-Disposable-Vape-13-204x300.webp 204w, https:\/\/www.vapeswholesaler.com\/wp-content\/uploads\/2025\/04\/Wholesale-VOZOL-Gear-Shisha-25000-Puffs-Disposable-Vape-13-695x1024.webp 695w, https:\/\/www.vapeswholesaler.com\/wp-content\/uploads\/2025\/04\/Wholesale-VOZOL-Gear-Shisha-25000-Puffs-Disposable-Vape-13-768x1132.webp 768w, https:\/\/www.vapeswholesaler.com\/wp-content\/uploads\/2025\/04\/Wholesale-VOZOL-Gear-Shisha-25000-Puffs-Disposable-Vape-13-8x12.webp 8w, https:\/\/www.vapeswholesaler.com\/wp-content\/uploads\/2025\/04\/Wholesale-VOZOL-Gear-Shisha-25000-Puffs-Disposable-Vape-13-510x752.webp 510w\" sizes=\"auto, (max-width: 1000px) 100vw, 1000px\" \/><figcaption id=\"caption-attachment-22449\" class=\"wp-caption-text\">Mayorista VOZOL Gear Shisha 25000 Puffs Vape Desechable<\/figcaption><\/figure>","protected":false},"excerpt":{"rendered":"<p>Cantidad m\u00ednima de pedido:<strong> 50 unidades<\/strong> (Mezcla de sabores) Env\u00edo gratuito<\/p>\n<p>( <strong>5% Nic<\/strong>)<\/p>","protected":false},"featured_media":22436,"comment_status":"open","ping_status":"closed","template":"","meta":[],"product_cat":[15],"product_tag":[376,392,396],"class_list":{"0":"post-22448","1":"product","2":"type-product","3":"status-publish","4":"has-post-thumbnail","6":"product_cat-disposable-vape","7":"product_tag-25000-puffs","8":"product_tag-vozol","9":"product_tag-disposable-vape","10":"product_brand-vozol","12":"first","13":"instock","14":"shipping-taxable","15":"purchasable","16":"product-type-variable","17":"has-default-attributes"},"aioseo_notices":[],"_links":{"self":[{"href":"https:\/\/www.vapeswholesaler.com\/es\/wp-json\/wp\/v2\/product\/22448","targetHints":{"allow":["GET"]}}],"collection":[{"href":"https:\/\/www.vapeswholesaler.com\/es\/wp-json\/wp\/v2\/product"}],"about":[{"href":"https:\/\/www.vapeswholesaler.com\/es\/wp-json\/wp\/v2\/types\/product"}],"replies":[{"embeddable":true,"href":"https:\/\/www.vapeswholesaler.com\/es\/wp-json\/wp\/v2\/comments?post=22448"}],"wp:featuredmedia":[{"embeddable":true,"href":"https:\/\/www.vapeswholesaler.com\/es\/wp-json\/wp\/v2\/media\/22436"}],"wp:attachment":[{"href":"https:\/\/www.vapeswholesaler.com\/es\/wp-json\/wp\/v2\/media?parent=22448"}],"wp:term":[{"taxonomy":"product_cat","embeddable":true,"href":"https:\/\/www.vapeswholesaler.com\/es\/wp-json\/wp\/v2\/product_cat?post=22448"},{"taxonomy":"product_tag","embeddable":true,"href":"https:\/\/www.vapeswholesaler.com\/es\/wp-json\/wp\/v2\/product_tag?post=22448"}],"curies":[{"name":"wp","href":"https:\/\/api.w.org\/{rel}","templated":true}]}}