{"id":22372,"date":"2025-03-26T14:26:50","date_gmt":"2025-03-26T06:26:50","guid":{"rendered":"https:\/\/www.vapeswholesaler.com\/?post_type=product&#038;p=22372"},"modified":"2025-08-11T11:06:02","modified_gmt":"2025-08-11T03:06:02","slug":"venta-al-por-mayor-elf-bar-ice-king-30000-puffs-vape-desechable","status":"publish","type":"product","link":"https:\/\/www.vapeswholesaler.com\/es\/producto\/venta-al-por-mayor-elf-bar-ice-king-30000-puffs-vape-desechable","title":{"rendered":"Mayorista Elf bar Ice King 30000 Puffs Vape Desechable"},"content":{"rendered":"<p><a href=\"https:\/\/www.vapeswholesaler.com\/es\/marca_producto\/bar-duende\/\">Bar Elfo<\/a> Ice King 30000 Puffs es el \u00faltimo Vape desechable con 5 niveles de ajuste de hielo, dise\u00f1ado para ser compacto y ligero para una f\u00e1cil portabilidad, con botones en la parte frontal para un f\u00e1cil ajuste del hielo y un dise\u00f1o m\u00e1s f\u00e1cil de usar. Con 5 niveles de ajuste de hielo, Ice King asegura que cada calada se adapte a sus preferencias personales, creando una experiencia de fumar verdaderamente personalizada.<\/p>\n<p>El lado del producto est\u00e1 equipado con una pantalla lateral LED, que muestra los diferentes niveles de contenido de hielo en tiempo real, y tambi\u00e9n se puede mostrar la capacidad de e-jugo y la capacidad de la bater\u00eda al mismo tiempo. Pre-llenado con 20ML Vape e-l\u00edquido, el aceite de este producto es en realidad pre-llenado, no virtual, que lleva 850mah bater\u00eda de alta capacidad, y puede soportar Typ-C para recargar la bater\u00eda, por lo que el producto obtiene m\u00e1s valor para su uso<\/p>\n<h2><strong><a href=\"https:\/\/www.facebook.com\/fred.luo.58\/\">Bar Elfo<\/a> Ice King 30000 Puffs Caracter\u00edsticas:<\/strong><\/h2>\n<ul>\n<li>Marca: Elf bar<\/li>\n<li>Nombre del modelo: Ice King 30000 Puffs<\/li>\n<li>Capacidad de aceite: 20 ml<\/li>\n<li>Capacidad de la bater\u00eda: 850mah<\/li>\n<li>5% Nic<\/li>\n<li>Sistema de carga USB Type-C<\/li>\n<li>Admite los cigarrillos electr\u00f3nicos MTL<\/li>\n<li>Bobinas de doble malla<\/li>\n<li>5 niveles de frescor ajustables<\/li>\n<\/ul>\n<h2><strong>Sabores:<\/strong><\/h2>\n<ol>\n<li>Toro Elfo<\/li>\n<li>Zarzamora Ar\u00e1ndano<\/li>\n<li>Sand\u00eda con fresa<\/li>\n<li>Melocot\u00f3n helado<\/li>\n<li>Hielo de uva<\/li>\n<li>Kiwi Fruta de la pasi\u00f3n Guayaba<\/li>\n<li>Fresa Kiwi Ice<\/li>\n<li>Cereza Granada Ar\u00e1ndano<\/li>\n<li>Casa de la Moneda de Miami<\/li>\n<li>Hielo Razz Azul<\/li>\n<li>Hielo de sand\u00eda<\/li>\n<li>Tarta de pl\u00e1tano<\/li>\n<li>Ribena Lichi<\/li>\n<li>Lima Cola<\/li>\n<li>Limonada rosa<\/li>\n<\/ol>\n<h2><strong>Lista de embalaje:<\/strong><\/h2>\n<p>1 unidad por caja<br \/>\n10 unidades cada caja central<br \/>\n100pcs cada cart\u00f3n (12.4KG)<\/p>\n<figure style=\"width: 900px\" class=\"wp-caption alignnone\"><img loading=\"lazy\" decoding=\"async\" class=\"wp-image-22349 size-full\" title=\"Venta al por mayor Elf bar Ice King 30000 Puffs Desechables Vape 4\" src=\"https:\/\/www.vapeswholesaler.com\/wp-content\/uploads\/2025\/03\/Wholesale-Elf-bar-Ice-King-30000-Puffs-Disposable-Vape-4.webp\" alt=\"Venta al por mayor Elf bar Ice King 30000 Puffs Desechables Vape 4\" width=\"900\" height=\"711\" srcset=\"https:\/\/www.vapeswholesaler.com\/wp-content\/uploads\/2025\/03\/Wholesale-Elf-bar-Ice-King-30000-Puffs-Disposable-Vape-4.webp 900w, https:\/\/www.vapeswholesaler.com\/wp-content\/uploads\/2025\/03\/Wholesale-Elf-bar-Ice-King-30000-Puffs-Disposable-Vape-4-300x237.webp 300w, https:\/\/www.vapeswholesaler.com\/wp-content\/uploads\/2025\/03\/Wholesale-Elf-bar-Ice-King-30000-Puffs-Disposable-Vape-4-768x607.webp 768w, https:\/\/www.vapeswholesaler.com\/wp-content\/uploads\/2025\/03\/Wholesale-Elf-bar-Ice-King-30000-Puffs-Disposable-Vape-4-15x12.webp 15w, https:\/\/www.vapeswholesaler.com\/wp-content\/uploads\/2025\/03\/Wholesale-Elf-bar-Ice-King-30000-Puffs-Disposable-Vape-4-510x403.webp 510w\" sizes=\"auto, (max-width: 900px) 100vw, 900px\" \/><figcaption class=\"wp-caption-text\">Mayorista Elf bar Ice King 30000 Puffs Vape Desechable<\/figcaption><\/figure>\n<figure id=\"attachment_22389\" aria-describedby=\"caption-attachment-22389\" style=\"width: 900px\" class=\"wp-caption alignnone\"><img loading=\"lazy\" decoding=\"async\" class=\"wp-image-22389 size-full\" title=\"Mayorista Elf bar Ice King 30000 Puffs Vape Desechable\" src=\"https:\/\/www.vapeswholesaler.com\/wp-content\/uploads\/2025\/03\/Wholesale-Elf-bar-Ice-King-30000-Puffs-Disposable-Vape.webp\" alt=\"Mayorista Elf bar Ice King 30000 Puffs Vape Desechable\" width=\"900\" height=\"612\" srcset=\"https:\/\/www.vapeswholesaler.com\/wp-content\/uploads\/2025\/03\/Wholesale-Elf-bar-Ice-King-30000-Puffs-Disposable-Vape.webp 900w, https:\/\/www.vapeswholesaler.com\/wp-content\/uploads\/2025\/03\/Wholesale-Elf-bar-Ice-King-30000-Puffs-Disposable-Vape-300x204.webp 300w, https:\/\/www.vapeswholesaler.com\/wp-content\/uploads\/2025\/03\/Wholesale-Elf-bar-Ice-King-30000-Puffs-Disposable-Vape-768x522.webp 768w, https:\/\/www.vapeswholesaler.com\/wp-content\/uploads\/2025\/03\/Wholesale-Elf-bar-Ice-King-30000-Puffs-Disposable-Vape-18x12.webp 18w, https:\/\/www.vapeswholesaler.com\/wp-content\/uploads\/2025\/03\/Wholesale-Elf-bar-Ice-King-30000-Puffs-Disposable-Vape-510x347.webp 510w\" sizes=\"auto, (max-width: 900px) 100vw, 900px\" \/><figcaption id=\"caption-attachment-22389\" class=\"wp-caption-text\">Mayorista Elf bar Ice King 30000 Puffs Vape Desechable<\/figcaption><\/figure>","protected":false},"excerpt":{"rendered":"<p>Cantidad m\u00ednima de pedido: <strong>100 unidades<\/strong> (Mezcla de sabores) <strong>Env\u00edo gratuito<\/strong><\/p>\n<p>(5% Nic) <strong>Almac\u00e9n de la UE<\/strong> Plazo de entrega <strong>6-7 de trabajo<\/strong> d\u00edas<\/p>","protected":false},"featured_media":22370,"comment_status":"open","ping_status":"closed","template":"","meta":[],"product_cat":[15],"product_tag":[398,373,374,396],"class_list":{"0":"post-22372","1":"product","2":"type-product","3":"status-publish","4":"has-post-thumbnail","6":"product_cat-disposable-vape","7":"product_tag-elf-bar","8":"product_tag-europe-warehouse","9":"product_tag-30000-puffs","10":"product_tag-disposable-vape","11":"product_brand-elf-bar","13":"first","14":"instock","15":"sold-individually","16":"shipping-taxable","17":"purchasable","18":"product-type-variable","19":"has-default-attributes"},"aioseo_notices":[],"_links":{"self":[{"href":"https:\/\/www.vapeswholesaler.com\/es\/wp-json\/wp\/v2\/product\/22372","targetHints":{"allow":["GET"]}}],"collection":[{"href":"https:\/\/www.vapeswholesaler.com\/es\/wp-json\/wp\/v2\/product"}],"about":[{"href":"https:\/\/www.vapeswholesaler.com\/es\/wp-json\/wp\/v2\/types\/product"}],"replies":[{"embeddable":true,"href":"https:\/\/www.vapeswholesaler.com\/es\/wp-json\/wp\/v2\/comments?post=22372"}],"wp:featuredmedia":[{"embeddable":true,"href":"https:\/\/www.vapeswholesaler.com\/es\/wp-json\/wp\/v2\/media\/22370"}],"wp:attachment":[{"href":"https:\/\/www.vapeswholesaler.com\/es\/wp-json\/wp\/v2\/media?parent=22372"}],"wp:term":[{"taxonomy":"product_cat","embeddable":true,"href":"https:\/\/www.vapeswholesaler.com\/es\/wp-json\/wp\/v2\/product_cat?post=22372"},{"taxonomy":"product_tag","embeddable":true,"href":"https:\/\/www.vapeswholesaler.com\/es\/wp-json\/wp\/v2\/product_tag?post=22372"}],"curies":[{"name":"wp","href":"https:\/\/api.w.org\/{rel}","templated":true}]}}