{"id":22237,"date":"2025-03-20T15:12:34","date_gmt":"2025-03-20T07:12:34","guid":{"rendered":"https:\/\/www.vapeswholesaler.com\/?post_type=product&#038;p=22237"},"modified":"2025-05-08T14:44:22","modified_gmt":"2025-05-08T06:44:22","slug":"venta-al-por-mayor-okso-shisha-max-40k-vape-desechable","status":"publish","type":"product","link":"https:\/\/www.vapeswholesaler.com\/es\/producto\/venta-al-por-mayor-okso-shisha-max-40k-vape-desechable","title":{"rendered":"Mayorista OKSO Shisha Max 40K Vape Desechable"},"content":{"rendered":"<p><a href=\"https:\/\/www.vapeswholesaler.com\/es\/marca_producto\/okso\/\">OKSO<\/a> Shisha Max 40K Puffs es uno de los m\u00e1s nuevos DTL pulm\u00f3n vaping e-cigarrillos desechables, el producto est\u00e1 muy bien dise\u00f1ado con un dise\u00f1o redondeado como un bol\u00edgrafo que es el tama\u00f1o adecuado para un mejor agarre, adecuado para una amplia gama de consumidores, y utilizamos un molde de dos tonos en el exterior del producto, y un material de cuero sint\u00e9tico que envuelve el exterior del producto para dar a nuestro producto una sensaci\u00f3n de clase alta.<\/p>\n<p>El producto est\u00e1 equipado con un n\u00facleo de atomizador de malla, precargado de f\u00e1brica con 36ML de aceite de e-cigarrillo, la gran capacidad del producto puede hacer que el uso del producto por m\u00e1s tiempo, y equipado con una bater\u00eda incorporada de 800mah de alta calidad, el usuario puede utilizar la interfaz internacional com\u00fan Tipo-C en cualquier momento y en cualquier lugar para la carga de su dispositivo favorito, la parte inferior del dispositivo est\u00e1 equipado con un interruptor de flujo de aire ajustable, se puede ajustar el tama\u00f1o del flujo de aire de acuerdo con los h\u00e1bitos de fumar de los diferentes clientes, de modo que el El interruptor de ajuste del flujo de aire en la parte inferior del dispositivo se puede ajustar de acuerdo con los h\u00e1bitos de fumar de los diferentes clientes, de modo que el producto se puede utilizar en condiciones \u00f3ptimas en cualquier momento. El interruptor de ajuste del flujo de aire en la parte inferior del dispositivo puede ajustar el tama\u00f1o del flujo de aire de acuerdo con los h\u00e1bitos de fumar de los diferentes clientes, de modo que el producto se puede utilizar en condiciones \u00f3ptimas en cualquier momento. Por otra parte, con el fin de permitir a los usuarios observar el estado del producto en cualquier momento, estamos equipados con una pantalla de visualizaci\u00f3n electr\u00f3nica, haciendo que el producto tenga m\u00e1s sentido tecnol\u00f3gico.<\/p>\n<p>Tambi\u00e9n ofrecemos 10 mejores sabores para los clientes a elegir, cada sabor es el resultado de decenas de miles de pruebas constantes por nuestros ingenieros y est\u00e1 disponible en 0%, 2%, 3%, 5% contenido de nicotina, esperamos que nuestros clientes les guste. \u00a1Estamos deseando ser su socio, cualquier cliente puede hacer un pedido directamente en nuestro sitio web, nuestra cantidad m\u00ednima de pedido es de s\u00f3lo 50 piezas, y el tiempo de env\u00edo tardar\u00e1 unas 2 semanas en llegar!<\/p>\n<h2><strong><a href=\"https:\/\/www.facebook.com\/fred.luo.58\/\">OKSO<\/a> Shisha Max 40K Vape Desechable Detalles:<\/strong><\/h2>\n<ul>\n<li>Puffs: 40000puffs<\/li>\n<li>N\u00facleo: Bobina de malla 0.6ohm<\/li>\n<li>E-l\u00edquido:36ml<\/li>\n<li>Nicotine:0%\/2%\/3%\/5%<\/li>\n<li>Bater\u00eda: 800mah<\/li>\n<li>Recargable:Tipo-C<\/li>\n<li>Pantalla LED<\/li>\n<li>Ajuste de potencia<\/li>\n<li>Flujo de aire ajustable<\/li>\n<li>Bloqueo para ni\u00f1os<\/li>\n<li>Peso del producto: 101 g\/unidad<\/li>\n<li>Tama\u00f1o del producto: 43*43*135 mm<\/li>\n<li>Tama\u00f1o de la caja: 465*434*242 mm<\/li>\n<li>CANT.: 150pcs\/ctn, 10pcs\/caja<\/li>\n<\/ul>\n<h2><strong>Sabores:<\/strong><\/h2>\n<ol>\n<li>Dos manzanas<\/li>\n<li>Uva Menta<\/li>\n<li>Fiesta de la cereza<\/li>\n<li>Melocot\u00f3n helado<\/li>\n<li>Amor m\u00e1gico<\/li>\n<li>Ponche de fresa<\/li>\n<li>Hielo Razz Azul<\/li>\n<li>Hielo exuberante<\/li>\n<li>Sand\u00eda con fresa<\/li>\n<li>Menta<\/li>\n<\/ol>\n<h2><strong>Lista de embalaje:\u00a0<\/strong><\/h2>\n<p>1 unidad por caja<br \/>\n10 unidades cada caja central<br \/>\n150 unidades por caja<\/p>\n<figure id=\"attachment_22220\" aria-describedby=\"caption-attachment-22220\" style=\"width: 1000px\" class=\"wp-caption alignnone\"><img loading=\"lazy\" decoding=\"async\" class=\"wp-image-22220 size-full\" title=\"Mayorista OKSO Shisha Max 40K Vape Desechable 2\" src=\"https:\/\/www.vapeswholesaler.com\/wp-content\/uploads\/2025\/03\/Wholesale-OKSO-Shisha-Max-40K-Disposable-Vape-2.webp\" alt=\"Mayorista OKSO Shisha Max 40K Vape Desechable 2\" width=\"1000\" height=\"1000\" srcset=\"https:\/\/www.vapeswholesaler.com\/wp-content\/uploads\/2025\/03\/Wholesale-OKSO-Shisha-Max-40K-Disposable-Vape-2.webp 1000w, https:\/\/www.vapeswholesaler.com\/wp-content\/uploads\/2025\/03\/Wholesale-OKSO-Shisha-Max-40K-Disposable-Vape-2-300x300.webp 300w, https:\/\/www.vapeswholesaler.com\/wp-content\/uploads\/2025\/03\/Wholesale-OKSO-Shisha-Max-40K-Disposable-Vape-2-150x150.webp 150w, https:\/\/www.vapeswholesaler.com\/wp-content\/uploads\/2025\/03\/Wholesale-OKSO-Shisha-Max-40K-Disposable-Vape-2-768x768.webp 768w, https:\/\/www.vapeswholesaler.com\/wp-content\/uploads\/2025\/03\/Wholesale-OKSO-Shisha-Max-40K-Disposable-Vape-2-12x12.webp 12w, https:\/\/www.vapeswholesaler.com\/wp-content\/uploads\/2025\/03\/Wholesale-OKSO-Shisha-Max-40K-Disposable-Vape-2-247x247.webp 247w, https:\/\/www.vapeswholesaler.com\/wp-content\/uploads\/2025\/03\/Wholesale-OKSO-Shisha-Max-40K-Disposable-Vape-2-510x510.webp 510w, https:\/\/www.vapeswholesaler.com\/wp-content\/uploads\/2025\/03\/Wholesale-OKSO-Shisha-Max-40K-Disposable-Vape-2-100x100.webp 100w\" sizes=\"auto, (max-width: 1000px) 100vw, 1000px\" \/><figcaption id=\"caption-attachment-22220\" class=\"wp-caption-text\">Mayorista OKSO Shisha Max 40K Vape Desechable 2<\/figcaption><\/figure>\n<figure id=\"attachment_22225\" aria-describedby=\"caption-attachment-22225\" style=\"width: 1000px\" class=\"wp-caption alignnone\"><img loading=\"lazy\" decoding=\"async\" class=\"wp-image-22225 size-full\" title=\"Mayorista OKSO Shisha Max 40K Vape Desechable 7\" src=\"https:\/\/www.vapeswholesaler.com\/wp-content\/uploads\/2025\/03\/Wholesale-OKSO-Shisha-Max-40K-Disposable-Vape-7.webp\" alt=\"Mayorista OKSO Shisha Max 40K Vape Desechable 7\" width=\"1000\" height=\"1000\" srcset=\"https:\/\/www.vapeswholesaler.com\/wp-content\/uploads\/2025\/03\/Wholesale-OKSO-Shisha-Max-40K-Disposable-Vape-7.webp 1000w, https:\/\/www.vapeswholesaler.com\/wp-content\/uploads\/2025\/03\/Wholesale-OKSO-Shisha-Max-40K-Disposable-Vape-7-300x300.webp 300w, https:\/\/www.vapeswholesaler.com\/wp-content\/uploads\/2025\/03\/Wholesale-OKSO-Shisha-Max-40K-Disposable-Vape-7-150x150.webp 150w, https:\/\/www.vapeswholesaler.com\/wp-content\/uploads\/2025\/03\/Wholesale-OKSO-Shisha-Max-40K-Disposable-Vape-7-768x768.webp 768w, https:\/\/www.vapeswholesaler.com\/wp-content\/uploads\/2025\/03\/Wholesale-OKSO-Shisha-Max-40K-Disposable-Vape-7-12x12.webp 12w, https:\/\/www.vapeswholesaler.com\/wp-content\/uploads\/2025\/03\/Wholesale-OKSO-Shisha-Max-40K-Disposable-Vape-7-247x247.webp 247w, https:\/\/www.vapeswholesaler.com\/wp-content\/uploads\/2025\/03\/Wholesale-OKSO-Shisha-Max-40K-Disposable-Vape-7-510x510.webp 510w, https:\/\/www.vapeswholesaler.com\/wp-content\/uploads\/2025\/03\/Wholesale-OKSO-Shisha-Max-40K-Disposable-Vape-7-100x100.webp 100w\" sizes=\"auto, (max-width: 1000px) 100vw, 1000px\" \/><figcaption id=\"caption-attachment-22225\" class=\"wp-caption-text\">Mayorista OKSO Shisha Max 40K Vape Desechable 7<\/figcaption><\/figure>\n<p>&nbsp;<\/p>","protected":false},"excerpt":{"rendered":"<p>Cantidad m\u00ednima de pedido: <strong>50 unidades<\/strong> (Mezcla de sabores) <strong>Env\u00edo gratuito<\/strong><\/p>\n<p>(<strong>0%, 2%, 3%, 5% Nic<\/strong>)<\/p>","protected":false},"featured_media":22236,"comment_status":"open","ping_status":"closed","template":"","meta":[],"product_cat":[15],"product_tag":[365,395],"class_list":{"0":"post-22237","1":"product","2":"type-product","3":"status-publish","4":"has-post-thumbnail","6":"product_cat-disposable-vape","7":"product_tag-40000-puffs","8":"product_tag-okso","9":"product_brand-okso","11":"first","12":"instock","13":"shipping-taxable","14":"purchasable","15":"product-type-variable","16":"has-default-attributes"},"aioseo_notices":[],"_links":{"self":[{"href":"https:\/\/www.vapeswholesaler.com\/es\/wp-json\/wp\/v2\/product\/22237","targetHints":{"allow":["GET"]}}],"collection":[{"href":"https:\/\/www.vapeswholesaler.com\/es\/wp-json\/wp\/v2\/product"}],"about":[{"href":"https:\/\/www.vapeswholesaler.com\/es\/wp-json\/wp\/v2\/types\/product"}],"replies":[{"embeddable":true,"href":"https:\/\/www.vapeswholesaler.com\/es\/wp-json\/wp\/v2\/comments?post=22237"}],"wp:featuredmedia":[{"embeddable":true,"href":"https:\/\/www.vapeswholesaler.com\/es\/wp-json\/wp\/v2\/media\/22236"}],"wp:attachment":[{"href":"https:\/\/www.vapeswholesaler.com\/es\/wp-json\/wp\/v2\/media?parent=22237"}],"wp:term":[{"taxonomy":"product_cat","embeddable":true,"href":"https:\/\/www.vapeswholesaler.com\/es\/wp-json\/wp\/v2\/product_cat?post=22237"},{"taxonomy":"product_tag","embeddable":true,"href":"https:\/\/www.vapeswholesaler.com\/es\/wp-json\/wp\/v2\/product_tag?post=22237"}],"curies":[{"name":"wp","href":"https:\/\/api.w.org\/{rel}","templated":true}]}}