{"id":22207,"date":"2025-03-20T11:57:54","date_gmt":"2025-03-20T03:57:54","guid":{"rendered":"https:\/\/www.vapeswholesaler.com\/?post_type=product&#038;p=22207"},"modified":"2025-05-08T14:44:23","modified_gmt":"2025-05-08T06:44:23","slug":"venta-al-por-mayor-okso-shisha-hookah-mega-50k-vape-desechable","status":"publish","type":"product","link":"https:\/\/www.vapeswholesaler.com\/es\/producto\/venta-al-por-mayor-okso-shisha-hookah-mega-50k-vape-desechable","title":{"rendered":"Mayorista OKSO Shisha Hookah Mega 50K Vape Desechable"},"content":{"rendered":"<p><a href=\"https:\/\/www.vapeswholesaler.com\/es\/marca_producto\/okso\/\">OKSO<\/a> Shisha Hookah Mega 50K Puffs es uno de los m\u00e1s nuevos DTL pulm\u00f3n vaping e-cigarrillos desechables, este producto es de forma hermosa y de tama\u00f1o para adaptarse a una variedad de consumidores, utilizamos un molde de dos tonos en el exterior de nuestros productos y el uso de cristal en el exterior para hacer que el producto se vea cristalina, limpia e higi\u00e9nica, y hacer que el producto se vea y se sienta de alta calidad para siempre.<\/p>\n<p>El producto est\u00e1 equipado con triple bobina de malla, y nos pre-llenado 40ML aceite de vape antes de la entrega, la gran capacidad del producto puede hacer que el producto dure m\u00e1s tiempo, y viene con 1100mah de alta calidad de la bater\u00eda incorporada, y los usuarios pueden utilizar la interfaz universal internacional de tipo C para cargar sus dispositivos favoritos en cualquier momento y en cualquier lugar. Por otra parte, con el fin de permitir a los usuarios observar el estado del producto en cualquier momento, estamos equipados con una pantalla electr\u00f3nica, mediante la observaci\u00f3n de los datos de la pantalla electr\u00f3nica, se puede conocer el producto como la palma de su mano.<\/p>\n<p>Este producto ofrece 10 sabores de mejor sabor, cada sabor es el resultado de decenas de miles de pruebas constantes por nuestros ingenieros, y con 0%, 2%, 3%, 5% contenido de nicotina disponible para los clientes a elegir, esperamos que nuestros clientes les guste. Estamos deseando ser su socio, cualquier cliente puede hacer un pedido directamente en nuestro sitio web, nuestro pedido m\u00ednimo es s\u00f3lo 50pcs, y el tiempo de env\u00edo a la mayor\u00eda de los pa\u00edses europeos es s\u00f3lo alrededor de 2 semanas.<\/p>\n<h2><strong><a href=\"https:\/\/www.facebook.com\/fred.luo.58\/\">OKSO<\/a> Shisha Hookah Mega 50K Desechable Vape Detalles:<\/strong><\/h2>\n<ul>\n<li>Puffs: 50000puffs<\/li>\n<li>N\u00facleo: Bobina de malla triple<\/li>\n<li>E-l\u00edquido:40ml<\/li>\n<li>Nicotine:0%\/2%\/3%\/5%<\/li>\n<li>Bater\u00eda: 1100mah<\/li>\n<li>Recargable:Tipo-C<\/li>\n<li>Pantalla LED<\/li>\n<li>Flujo de aire ajustable<\/li>\n<li>Peso del producto: 141 g\/unidad<\/li>\n<li>Tama\u00f1o del producto: 43*43*135 mm<\/li>\n<li>Tama\u00f1o de la caja: 465*428*235 mm<\/li>\n<li>CANT.: 150pcs\/ctn, 10pcs\/caja<\/li>\n<li>Peso: 22,2 kg<\/li>\n<\/ul>\n<h2><strong>Sabores\uff1a<\/strong><\/h2>\n<ol>\n<li>Hielo exuberante<\/li>\n<li>Dos manzanas<\/li>\n<li>Chicle de fresa y sand\u00eda<\/li>\n<li>Melocot\u00f3n helado<\/li>\n<li>Ar\u00e1ndano Frambuesa Cereza<\/li>\n<li>Amor 66<\/li>\n<li>Mango Ice<\/li>\n<li>Fresa Kiwi<\/li>\n<li>Lady Killa<\/li>\n<li>Hielo de uva<\/li>\n<\/ol>\n<h2><strong>Lista de embalaje:<\/strong><\/h2>\n<p>1 unidad por caja<br \/>\n10 unidades cada caja central<br \/>\n150 unidades por caja<\/p>\n<figure id=\"attachment_22184\" aria-describedby=\"caption-attachment-22184\" style=\"width: 1000px\" class=\"wp-caption alignnone\"><img loading=\"lazy\" decoding=\"async\" class=\"wp-image-22184 size-full\" title=\"Mayorista OKSO Shisha Hookah Mega 50K Vape Desechable 2\" src=\"https:\/\/www.vapeswholesaler.com\/wp-content\/uploads\/2025\/03\/Wholesale-OKSO-Shisha-Hookah-Mega-50K-Disposable-Vape-2.webp\" alt=\"Mayorista OKSO Shisha Hookah Mega 50K Vape Desechable 2\" width=\"1000\" height=\"1000\" srcset=\"https:\/\/www.vapeswholesaler.com\/wp-content\/uploads\/2025\/03\/Wholesale-OKSO-Shisha-Hookah-Mega-50K-Disposable-Vape-2.webp 1000w, https:\/\/www.vapeswholesaler.com\/wp-content\/uploads\/2025\/03\/Wholesale-OKSO-Shisha-Hookah-Mega-50K-Disposable-Vape-2-300x300.webp 300w, https:\/\/www.vapeswholesaler.com\/wp-content\/uploads\/2025\/03\/Wholesale-OKSO-Shisha-Hookah-Mega-50K-Disposable-Vape-2-150x150.webp 150w, https:\/\/www.vapeswholesaler.com\/wp-content\/uploads\/2025\/03\/Wholesale-OKSO-Shisha-Hookah-Mega-50K-Disposable-Vape-2-768x768.webp 768w, https:\/\/www.vapeswholesaler.com\/wp-content\/uploads\/2025\/03\/Wholesale-OKSO-Shisha-Hookah-Mega-50K-Disposable-Vape-2-12x12.webp 12w, https:\/\/www.vapeswholesaler.com\/wp-content\/uploads\/2025\/03\/Wholesale-OKSO-Shisha-Hookah-Mega-50K-Disposable-Vape-2-247x247.webp 247w, https:\/\/www.vapeswholesaler.com\/wp-content\/uploads\/2025\/03\/Wholesale-OKSO-Shisha-Hookah-Mega-50K-Disposable-Vape-2-510x510.webp 510w, https:\/\/www.vapeswholesaler.com\/wp-content\/uploads\/2025\/03\/Wholesale-OKSO-Shisha-Hookah-Mega-50K-Disposable-Vape-2-100x100.webp 100w\" sizes=\"auto, (max-width: 1000px) 100vw, 1000px\" \/><figcaption id=\"caption-attachment-22184\" class=\"wp-caption-text\">Mayorista OKSO Shisha Hookah Mega 50K Vape Desechable 2<\/figcaption><\/figure>\n<figure id=\"attachment_22183\" aria-describedby=\"caption-attachment-22183\" style=\"width: 1000px\" class=\"wp-caption alignnone\"><img loading=\"lazy\" decoding=\"async\" class=\"wp-image-22183 size-full\" title=\"Mayorista OKSO Shisha Hookah Mega 50K Vape Desechable 1\" src=\"https:\/\/www.vapeswholesaler.com\/wp-content\/uploads\/2025\/03\/Wholesale-OKSO-Shisha-Hookah-Mega-50K-Disposable-Vape-1.webp\" alt=\"Mayorista OKSO Shisha Hookah Mega 50K Vape Desechable 1\" width=\"1000\" height=\"1000\" srcset=\"https:\/\/www.vapeswholesaler.com\/wp-content\/uploads\/2025\/03\/Wholesale-OKSO-Shisha-Hookah-Mega-50K-Disposable-Vape-1.webp 1000w, https:\/\/www.vapeswholesaler.com\/wp-content\/uploads\/2025\/03\/Wholesale-OKSO-Shisha-Hookah-Mega-50K-Disposable-Vape-1-300x300.webp 300w, https:\/\/www.vapeswholesaler.com\/wp-content\/uploads\/2025\/03\/Wholesale-OKSO-Shisha-Hookah-Mega-50K-Disposable-Vape-1-150x150.webp 150w, https:\/\/www.vapeswholesaler.com\/wp-content\/uploads\/2025\/03\/Wholesale-OKSO-Shisha-Hookah-Mega-50K-Disposable-Vape-1-768x768.webp 768w, https:\/\/www.vapeswholesaler.com\/wp-content\/uploads\/2025\/03\/Wholesale-OKSO-Shisha-Hookah-Mega-50K-Disposable-Vape-1-12x12.webp 12w, https:\/\/www.vapeswholesaler.com\/wp-content\/uploads\/2025\/03\/Wholesale-OKSO-Shisha-Hookah-Mega-50K-Disposable-Vape-1-247x247.webp 247w, https:\/\/www.vapeswholesaler.com\/wp-content\/uploads\/2025\/03\/Wholesale-OKSO-Shisha-Hookah-Mega-50K-Disposable-Vape-1-510x510.webp 510w, https:\/\/www.vapeswholesaler.com\/wp-content\/uploads\/2025\/03\/Wholesale-OKSO-Shisha-Hookah-Mega-50K-Disposable-Vape-1-100x100.webp 100w\" sizes=\"auto, (max-width: 1000px) 100vw, 1000px\" \/><figcaption id=\"caption-attachment-22183\" class=\"wp-caption-text\">Mayorista OKSO Shisha Hookah Mega 50K Vape Desechable 1<\/figcaption><\/figure>","protected":false},"excerpt":{"rendered":"<p>Cantidad m\u00ednima de pedido: <strong>50 unidades<\/strong> (Mezcla de sabores) <strong>Env\u00edo gratuito<\/strong><\/p>\n<p>(0%, 2%, 3%, 5% Nic)<\/p>","protected":false},"featured_media":22205,"comment_status":"open","ping_status":"closed","template":"","meta":[],"product_cat":[15],"product_tag":[366,395],"class_list":{"0":"post-22207","1":"product","2":"type-product","3":"status-publish","4":"has-post-thumbnail","6":"product_cat-disposable-vape","7":"product_tag-50000-puffs","8":"product_tag-okso","9":"product_brand-okso","11":"first","12":"instock","13":"shipping-taxable","14":"purchasable","15":"product-type-variable","16":"has-default-attributes"},"aioseo_notices":[],"_links":{"self":[{"href":"https:\/\/www.vapeswholesaler.com\/es\/wp-json\/wp\/v2\/product\/22207","targetHints":{"allow":["GET"]}}],"collection":[{"href":"https:\/\/www.vapeswholesaler.com\/es\/wp-json\/wp\/v2\/product"}],"about":[{"href":"https:\/\/www.vapeswholesaler.com\/es\/wp-json\/wp\/v2\/types\/product"}],"replies":[{"embeddable":true,"href":"https:\/\/www.vapeswholesaler.com\/es\/wp-json\/wp\/v2\/comments?post=22207"}],"wp:featuredmedia":[{"embeddable":true,"href":"https:\/\/www.vapeswholesaler.com\/es\/wp-json\/wp\/v2\/media\/22205"}],"wp:attachment":[{"href":"https:\/\/www.vapeswholesaler.com\/es\/wp-json\/wp\/v2\/media?parent=22207"}],"wp:term":[{"taxonomy":"product_cat","embeddable":true,"href":"https:\/\/www.vapeswholesaler.com\/es\/wp-json\/wp\/v2\/product_cat?post=22207"},{"taxonomy":"product_tag","embeddable":true,"href":"https:\/\/www.vapeswholesaler.com\/es\/wp-json\/wp\/v2\/product_tag?post=22207"}],"curies":[{"name":"wp","href":"https:\/\/api.w.org\/{rel}","templated":true}]}}