{"id":22077,"date":"2025-03-08T15:56:00","date_gmt":"2025-03-08T07:56:00","guid":{"rendered":"https:\/\/www.vapeswholesaler.com\/?post_type=product&#038;p=22077"},"modified":"2025-05-08T14:44:18","modified_gmt":"2025-05-08T06:44:18","slug":"mayorista-uwin-twins-crystal-40k-vape-desechable","status":"publish","type":"product","link":"https:\/\/www.vapeswholesaler.com\/es\/producto\/mayorista-uwin-twins-crystal-40k-vape-desechable","title":{"rendered":"Mayorista Uwin Twins Cristal 40k Vape Desechable"},"content":{"rendered":"<p><a href=\"https:\/\/www.vapeswholesaler.com\/es\/marca_producto\/uwin\/\">Uwin<\/a> Twins Crystal 40k ofrece una experiencia de vapeo prolongada, asegurando que cada inhalaci\u00f3n est\u00e9 repleta de rico sabor y m\u00e1xima satisfacci\u00f3n. la pantalla es clara y f\u00e1cil de leer, los usuarios pueden controlar la carga de la bater\u00eda y el uso de e-l\u00edquido en tiempo real. viene con 850 mAh recargable de cobalto tipo-c, la experiencia de hasta alrededor de 40000 caladas con su alta capacidad de 32 ml de e-l\u00edquido precargado.<\/p>\n<p>Combina a la perfecci\u00f3n el brillo met\u00e1lico con un acabado acr\u00edlico, ergon\u00f3mico, compacto y elegante, dise\u00f1ado tanto para la comodidad como para la est\u00e9tica, ofreciendo un atractivo visual impactante. Cada uso ofrece una experiencia sensorial refinada y \u00fanica.<\/p>\n<p>Y este producto viene con 12 tipos de sabores duales a su disposici\u00f3n, seleccione entre una gama de opciones para adaptarse perfectamente a su estado de \u00e1nimo y mejorar su placer vaping. Bienvenido a convertirse en un cliente de <a href=\"https:\/\/www.vapeswholesaler.com\/es\/\">vapesmayorista<\/a> , nuestro servicio es agresivo y env\u00eda cada paquete de nuestros clientes lo m\u00e1s r\u00e1pido posible.<\/p>\n<h2><strong><a href=\"https:\/\/www.facebook.com\/fred.luo.58\/\">Uwin<\/a> Detalles de Twins Crystal 40k:<\/strong><\/h2>\n<ul>\n<li>Nombre del modelo: Uwin Twins Crystal 40k<\/li>\n<li>0% 2% 3% 5% Nicotina<\/li>\n<li>Puffs:40K<\/li>\n<li>Capacidad:32 ml<\/li>\n<li>10*2 sabores disponibles<\/li>\n<li>850 mAh Puerto recargable de cobalto tipo-c<\/li>\n<li>Bobina: bobina de malla<\/li>\n<\/ul>\n<h2><strong>Lista de sabores :<\/strong><\/h2>\n<ol>\n<li>Hielo de ar\u00e1ndanos y melocot\u00f3n de verano<\/li>\n<li>Kiwi Maracuy\u00e1 Guayaba y Ar\u00e1ndano Frambuesa<\/li>\n<li>Helado de fresa, kiwi y uva<\/li>\n<li>Kiwi Maracuy\u00e1 Guayaba y Dos Manzanas<\/li>\n<li>Fresa Sand\u00eda *Lim\u00f3n Lima<\/li>\n<li>Hielo de ar\u00e1ndano, frambuesa y cereza<\/li>\n<li>Fresa Frambuesa Cereza &amp; Mr Blue<\/li>\n<li>Melocot\u00f3n Mango Pi\u00f1a y Red Bull<\/li>\n<li>Hielo de sand\u00eda y bayas mixtas<\/li>\n<li>Fresa Pl\u00e1tano y Amor 66\uff08Fruta de la Pasi\u00f3n Helado de Mel\u00f3n\uff09<\/li>\n<\/ol>\n<h2><strong>Lista de embalaje:<\/strong><\/h2>\n<p>1 unidad por caja<br \/>\n10 unidades \/Caja<br \/>\n200 piezas \/Cart\u00f3n<br \/>\ncada caja: 22,5 kg<\/p>\n<figure id=\"attachment_22058\" aria-describedby=\"caption-attachment-22058\" style=\"width: 1200px\" class=\"wp-caption alignnone\"><img loading=\"lazy\" decoding=\"async\" class=\"wp-image-22058 size-full\" title=\"Mayorista Uwin Twins Crystal 40k Vape Desechable 4\" src=\"https:\/\/www.vapeswholesaler.com\/wp-content\/uploads\/2025\/03\/Wholesale-Uwin-Twins-Crystal-40k-Disposable-Vape-4.webp\" alt=\"Mayorista Uwin Twins Crystal 40k Vape Desechable 4\" width=\"1200\" height=\"1200\" srcset=\"https:\/\/www.vapeswholesaler.com\/wp-content\/uploads\/2025\/03\/Wholesale-Uwin-Twins-Crystal-40k-Disposable-Vape-4.webp 1200w, https:\/\/www.vapeswholesaler.com\/wp-content\/uploads\/2025\/03\/Wholesale-Uwin-Twins-Crystal-40k-Disposable-Vape-4-300x300.webp 300w, https:\/\/www.vapeswholesaler.com\/wp-content\/uploads\/2025\/03\/Wholesale-Uwin-Twins-Crystal-40k-Disposable-Vape-4-1024x1024.webp 1024w, https:\/\/www.vapeswholesaler.com\/wp-content\/uploads\/2025\/03\/Wholesale-Uwin-Twins-Crystal-40k-Disposable-Vape-4-150x150.webp 150w, https:\/\/www.vapeswholesaler.com\/wp-content\/uploads\/2025\/03\/Wholesale-Uwin-Twins-Crystal-40k-Disposable-Vape-4-768x768.webp 768w, https:\/\/www.vapeswholesaler.com\/wp-content\/uploads\/2025\/03\/Wholesale-Uwin-Twins-Crystal-40k-Disposable-Vape-4-12x12.webp 12w, https:\/\/www.vapeswholesaler.com\/wp-content\/uploads\/2025\/03\/Wholesale-Uwin-Twins-Crystal-40k-Disposable-Vape-4-247x247.webp 247w, https:\/\/www.vapeswholesaler.com\/wp-content\/uploads\/2025\/03\/Wholesale-Uwin-Twins-Crystal-40k-Disposable-Vape-4-510x510.webp 510w, https:\/\/www.vapeswholesaler.com\/wp-content\/uploads\/2025\/03\/Wholesale-Uwin-Twins-Crystal-40k-Disposable-Vape-4-100x100.webp 100w\" sizes=\"auto, (max-width: 1200px) 100vw, 1200px\" \/><figcaption id=\"caption-attachment-22058\" class=\"wp-caption-text\">Mayorista Uwin Twins Cristal 40k Vape Desechable<\/figcaption><\/figure>\n<figure id=\"attachment_22064\" aria-describedby=\"caption-attachment-22064\" style=\"width: 1200px\" class=\"wp-caption alignnone\"><img loading=\"lazy\" decoding=\"async\" class=\"wp-image-22064 size-full\" title=\"Mayorista Uwin Twins Cristal 40k Vape Desechable 10\" src=\"https:\/\/www.vapeswholesaler.com\/wp-content\/uploads\/2025\/03\/Wholesale-Uwin-Twins-Crystal-40k-Disposable-Vape-10.webp\" alt=\"Mayorista Uwin Twins Cristal 40k Vape Desechable 10\" width=\"1200\" height=\"1200\" srcset=\"https:\/\/www.vapeswholesaler.com\/wp-content\/uploads\/2025\/03\/Wholesale-Uwin-Twins-Crystal-40k-Disposable-Vape-10.webp 1200w, https:\/\/www.vapeswholesaler.com\/wp-content\/uploads\/2025\/03\/Wholesale-Uwin-Twins-Crystal-40k-Disposable-Vape-10-300x300.webp 300w, https:\/\/www.vapeswholesaler.com\/wp-content\/uploads\/2025\/03\/Wholesale-Uwin-Twins-Crystal-40k-Disposable-Vape-10-1024x1024.webp 1024w, https:\/\/www.vapeswholesaler.com\/wp-content\/uploads\/2025\/03\/Wholesale-Uwin-Twins-Crystal-40k-Disposable-Vape-10-150x150.webp 150w, https:\/\/www.vapeswholesaler.com\/wp-content\/uploads\/2025\/03\/Wholesale-Uwin-Twins-Crystal-40k-Disposable-Vape-10-768x768.webp 768w, https:\/\/www.vapeswholesaler.com\/wp-content\/uploads\/2025\/03\/Wholesale-Uwin-Twins-Crystal-40k-Disposable-Vape-10-12x12.webp 12w, https:\/\/www.vapeswholesaler.com\/wp-content\/uploads\/2025\/03\/Wholesale-Uwin-Twins-Crystal-40k-Disposable-Vape-10-247x247.webp 247w, https:\/\/www.vapeswholesaler.com\/wp-content\/uploads\/2025\/03\/Wholesale-Uwin-Twins-Crystal-40k-Disposable-Vape-10-510x510.webp 510w, https:\/\/www.vapeswholesaler.com\/wp-content\/uploads\/2025\/03\/Wholesale-Uwin-Twins-Crystal-40k-Disposable-Vape-10-100x100.webp 100w\" sizes=\"auto, (max-width: 1200px) 100vw, 1200px\" \/><figcaption id=\"caption-attachment-22064\" class=\"wp-caption-text\">Mayorista Uwin Twins Cristal 40k Vape Desechable<\/figcaption><\/figure>\n<figure id=\"attachment_22056\" aria-describedby=\"caption-attachment-22056\" style=\"width: 1200px\" class=\"wp-caption alignnone\"><img loading=\"lazy\" decoding=\"async\" class=\"wp-image-22056 size-full\" title=\"Mayorista Uwin Twins Crystal 40k Vape Desechable 2\" src=\"https:\/\/www.vapeswholesaler.com\/wp-content\/uploads\/2025\/03\/Wholesale-Uwin-Twins-Crystal-40k-Disposable-Vape-2.webp\" alt=\"Mayorista Uwin Twins Crystal 40k Vape Desechable 2\" width=\"1200\" height=\"1358\" srcset=\"https:\/\/www.vapeswholesaler.com\/wp-content\/uploads\/2025\/03\/Wholesale-Uwin-Twins-Crystal-40k-Disposable-Vape-2.webp 1200w, https:\/\/www.vapeswholesaler.com\/wp-content\/uploads\/2025\/03\/Wholesale-Uwin-Twins-Crystal-40k-Disposable-Vape-2-265x300.webp 265w, https:\/\/www.vapeswholesaler.com\/wp-content\/uploads\/2025\/03\/Wholesale-Uwin-Twins-Crystal-40k-Disposable-Vape-2-905x1024.webp 905w, https:\/\/www.vapeswholesaler.com\/wp-content\/uploads\/2025\/03\/Wholesale-Uwin-Twins-Crystal-40k-Disposable-Vape-2-768x869.webp 768w, https:\/\/www.vapeswholesaler.com\/wp-content\/uploads\/2025\/03\/Wholesale-Uwin-Twins-Crystal-40k-Disposable-Vape-2-11x12.webp 11w, https:\/\/www.vapeswholesaler.com\/wp-content\/uploads\/2025\/03\/Wholesale-Uwin-Twins-Crystal-40k-Disposable-Vape-2-510x577.webp 510w\" sizes=\"auto, (max-width: 1200px) 100vw, 1200px\" \/><figcaption id=\"caption-attachment-22056\" class=\"wp-caption-text\">Mayorista Uwin Twins Cristal 40k Vape Desechable<\/figcaption><\/figure>","protected":false},"excerpt":{"rendered":"<p>Cantidad m\u00ednima de pedido: <strong>50 unidades<\/strong>\u00a0(Mezcla de sabores) Env\u00edo gratuito<\/p>\n<p>(<strong>0%,2%, 3%,5% Nic<\/strong>)<\/p>","protected":false},"featured_media":22055,"comment_status":"open","ping_status":"closed","template":"","meta":[],"product_cat":[15],"product_tag":[386,365,369],"class_list":{"0":"post-22077","1":"product","2":"type-product","3":"status-publish","4":"has-post-thumbnail","6":"product_cat-disposable-vape","7":"product_tag-uwin","8":"product_tag-40000-puffs","9":"product_tag-dual-flavors","10":"product_brand-uwin","12":"first","13":"instock","14":"shipping-taxable","15":"purchasable","16":"product-type-variable","17":"has-default-attributes"},"aioseo_notices":[],"_links":{"self":[{"href":"https:\/\/www.vapeswholesaler.com\/es\/wp-json\/wp\/v2\/product\/22077","targetHints":{"allow":["GET"]}}],"collection":[{"href":"https:\/\/www.vapeswholesaler.com\/es\/wp-json\/wp\/v2\/product"}],"about":[{"href":"https:\/\/www.vapeswholesaler.com\/es\/wp-json\/wp\/v2\/types\/product"}],"replies":[{"embeddable":true,"href":"https:\/\/www.vapeswholesaler.com\/es\/wp-json\/wp\/v2\/comments?post=22077"}],"wp:featuredmedia":[{"embeddable":true,"href":"https:\/\/www.vapeswholesaler.com\/es\/wp-json\/wp\/v2\/media\/22055"}],"wp:attachment":[{"href":"https:\/\/www.vapeswholesaler.com\/es\/wp-json\/wp\/v2\/media?parent=22077"}],"wp:term":[{"taxonomy":"product_cat","embeddable":true,"href":"https:\/\/www.vapeswholesaler.com\/es\/wp-json\/wp\/v2\/product_cat?post=22077"},{"taxonomy":"product_tag","embeddable":true,"href":"https:\/\/www.vapeswholesaler.com\/es\/wp-json\/wp\/v2\/product_tag?post=22077"}],"curies":[{"name":"wp","href":"https:\/\/api.w.org\/{rel}","templated":true}]}}