{"id":21975,"date":"2025-03-07T16:53:32","date_gmt":"2025-03-07T08:53:32","guid":{"rendered":"https:\/\/www.vapeswholesaler.com\/?post_type=product&#038;p=21975"},"modified":"2025-04-22T11:12:34","modified_gmt":"2025-04-22T03:12:34","slug":"mayorista-bang-leader-32000-bocanadas-doble-sabor-vape-desechable-2","status":"publish","type":"product","link":"https:\/\/www.vapeswholesaler.com\/es\/producto\/mayorista-bang-leader-32000-bocanadas-doble-sabor-vape-desechable-2","title":{"rendered":"Mayorista Bang Leader 32000 Puffs Doble Sabor Vape Desechable"},"content":{"rendered":"<p><a href=\"https:\/\/www.vapeswholesaler.com\/es\/marca_producto\/bang\/\">Bang<\/a> Leader 32000 Puffs es un nuevo producto de doble sabor. S\u00f3lo necesitas comprar un producto para disfrutar de dos sabores diferentes. Utilice la boquilla para moverla de izquierda a derecha y cambiar entre sabores. Es mucho m\u00e1s c\u00f3modo cambiar de sabor que la anterior rotaci\u00f3n de 360 grados. Adem\u00e1s, el Bang Leader 32000 Puffs cuenta con dos c\u00e1psulas (28 ml + 28 ml) y opciones de nicotina que van desde 0% a 5%, permitiendo hasta 32 000 caladas de vapor suave y delicioso. Perfecto para los vapeadores que buscan un rendimiento duradero y versatilidad.<\/p>\n<p>Tambi\u00e9n viene con doble sabor. Equipado con una bater\u00eda de 650 mAh y puerto de carga Type-C, ofrece 12 sabores para elegir. Cambia entre dos sabores sin esfuerzo, ofreciendo una experiencia de vapeo vers\u00e1til y agradable. Su dise\u00f1o de doble malla aumenta la producci\u00f3n de vapor y mejora el sabor, ofreciendo a los entusiastas del cigarrillo electr\u00f3nico una experiencia m\u00e1s satisfactoria y placentera.<\/p>\n<p>\u00a1En conclusi\u00f3n actualmente Bang Leader 32000 Puffs tenemos suficiente stock, sabores completos, nuestros productos pedido m\u00ednimo de 50 piezas, el precio indicado en el sitio web es el precio unitario de cada paquete de productos, siempre y cuando recibamos el pago del cliente podemos organizar inmediatamente el env\u00edo del paquete, por lo general enviamos a los principales pa\u00edses de Europa s\u00f3lo se tarda alrededor de 2 semanas!<\/p>\n<h2><strong><a href=\"https:\/\/www.facebook.com\/fred.luo.58\">Bang<\/a> Leader 32000 Puffs Caracter\u00edsticas:<\/strong><\/h2>\n<ul>\n<li>Nicotina:0% 2% 3% 5%<\/li>\n<li>Capacidad:28ml+28ml<\/li>\n<li>Puffs:32000<\/li>\n<li>Pods duales Sabores duales<\/li>\n<li>12 sabores disponibles<\/li>\n<li>650mah Recargable<\/li>\n<li>Bobina de malla doble<\/li>\n<\/ul>\n<h2><strong>Lista de sabores:<\/strong><\/h2>\n<ol>\n<li>Hielo de fresa, sand\u00eda y uva<\/li>\n<li>Hielo de Sand\u00eda y Fresa y Mango<\/li>\n<li>Fresa Y Sand\u00eda Y Kiwi Fruta De La Pasi\u00f3n Guayaba<\/li>\n<li>Watermeon de ar\u00e1ndanos, frambuesas y melocot\u00f3n y mango<\/li>\n<li>Hielo de sand\u00eda y menta con ar\u00e1ndanos<\/li>\n<li>Sand\u00eda con ar\u00e1ndanos y mango con fresas<\/li>\n<li>Hielo de ar\u00e1ndano y hielo de drag\u00f3n negro<\/li>\n<li>Helado de fresa, kiwi y melocot\u00f3n<\/li>\n<li>Hielo de ar\u00e1ndano y fresa y pl\u00e1tano<\/li>\n<li>Red Bull y Watermeon de ar\u00e1ndanos<\/li>\n<li>Red Bull &amp; Watermeon Bubble Candy<\/li>\n<li>Fresa Kiwi &amp; Manzana \u00e1cida Frambuesa<\/li>\n<\/ol>\n<h2><strong>Lista de embalaje:<\/strong><\/h2>\n<p>1 unidad por caja<br \/>\n10 unidades cada caja central<br \/>\n200 unidades por caja<br \/>\nCada caja 21KG<\/p>\n<figure id=\"attachment_21961\" aria-describedby=\"caption-attachment-21961\" style=\"width: 800px\" class=\"wp-caption alignleft\"><a href=\"https:\/\/www.vapeswholesaler.com\/wp-content\/uploads\/2025\/03\/Wholesale-Bang-Leader-32000-Puffs-Double-Flavor-Disposable-Vape-4.webp\"><img loading=\"lazy\" decoding=\"async\" class=\"wp-image-21961 size-full\" title=\"Mayorista Bang Leader 32000 Puffs Doble Sabor Vape Desechable 4\" src=\"https:\/\/www.vapeswholesaler.com\/wp-content\/uploads\/2025\/03\/Wholesale-Bang-Leader-32000-Puffs-Double-Flavor-Disposable-Vape-4.webp\" alt=\"Mayorista Bang Leader 32000 Puffs Doble Sabor Vape Desechable 4\" width=\"800\" height=\"450\" srcset=\"https:\/\/www.vapeswholesaler.com\/wp-content\/uploads\/2025\/03\/Wholesale-Bang-Leader-32000-Puffs-Double-Flavor-Disposable-Vape-4.webp 800w, https:\/\/www.vapeswholesaler.com\/wp-content\/uploads\/2025\/03\/Wholesale-Bang-Leader-32000-Puffs-Double-Flavor-Disposable-Vape-4-300x169.webp 300w, https:\/\/www.vapeswholesaler.com\/wp-content\/uploads\/2025\/03\/Wholesale-Bang-Leader-32000-Puffs-Double-Flavor-Disposable-Vape-4-768x432.webp 768w, https:\/\/www.vapeswholesaler.com\/wp-content\/uploads\/2025\/03\/Wholesale-Bang-Leader-32000-Puffs-Double-Flavor-Disposable-Vape-4-18x10.webp 18w, https:\/\/www.vapeswholesaler.com\/wp-content\/uploads\/2025\/03\/Wholesale-Bang-Leader-32000-Puffs-Double-Flavor-Disposable-Vape-4-510x287.webp 510w\" sizes=\"auto, (max-width: 800px) 100vw, 800px\" \/><\/a><figcaption id=\"caption-attachment-21961\" class=\"wp-caption-text\">Mayorista Bang Leader 32000 Puffs Doble Sabor Vape Desechable<\/figcaption><\/figure>\n<figure id=\"attachment_21958\" aria-describedby=\"caption-attachment-21958\" style=\"width: 1200px\" class=\"wp-caption alignnone\"><img loading=\"lazy\" decoding=\"async\" class=\"wp-image-21958 size-full\" title=\"Mayorista Bang Leader 32000 Puffs Doble Sabor Vape Desechable 1\" src=\"https:\/\/www.vapeswholesaler.com\/wp-content\/uploads\/2025\/03\/Wholesale-Bang-Leader-32000-Puffs-Double-Flavor-Disposable-Vape-1.webp\" alt=\"Mayorista Bang Leader 32000 Puffs Doble Sabor Vape Desechable 1\" width=\"1200\" height=\"800\" srcset=\"https:\/\/www.vapeswholesaler.com\/wp-content\/uploads\/2025\/03\/Wholesale-Bang-Leader-32000-Puffs-Double-Flavor-Disposable-Vape-1.webp 1200w, https:\/\/www.vapeswholesaler.com\/wp-content\/uploads\/2025\/03\/Wholesale-Bang-Leader-32000-Puffs-Double-Flavor-Disposable-Vape-1-300x200.webp 300w, https:\/\/www.vapeswholesaler.com\/wp-content\/uploads\/2025\/03\/Wholesale-Bang-Leader-32000-Puffs-Double-Flavor-Disposable-Vape-1-1024x683.webp 1024w, https:\/\/www.vapeswholesaler.com\/wp-content\/uploads\/2025\/03\/Wholesale-Bang-Leader-32000-Puffs-Double-Flavor-Disposable-Vape-1-768x512.webp 768w, https:\/\/www.vapeswholesaler.com\/wp-content\/uploads\/2025\/03\/Wholesale-Bang-Leader-32000-Puffs-Double-Flavor-Disposable-Vape-1-18x12.webp 18w, https:\/\/www.vapeswholesaler.com\/wp-content\/uploads\/2025\/03\/Wholesale-Bang-Leader-32000-Puffs-Double-Flavor-Disposable-Vape-1-510x340.webp 510w\" sizes=\"auto, (max-width: 1200px) 100vw, 1200px\" \/><figcaption id=\"caption-attachment-21958\" class=\"wp-caption-text\">Mayorista Bang Leader 32000 Puffs Doble Sabor Vape Desechable<\/figcaption><\/figure>","protected":false},"excerpt":{"rendered":"<p>Cantidad m\u00ednima de pedido: <strong>50 unidades<\/strong>\u00a0(Mezcla de sabores) <strong>Env\u00edo gratuito<\/strong><\/p>\n<p>(0%, 2%, 3%, 5% Nic)<\/p>","protected":false},"featured_media":21973,"comment_status":"open","ping_status":"closed","template":"","meta":[],"product_cat":[15],"product_tag":[368,369,370],"class_list":{"0":"post-21975","1":"product","2":"type-product","3":"status-publish","4":"has-post-thumbnail","6":"product_cat-disposable-vape","7":"product_tag-bang-king","8":"product_tag-dual-flavors","9":"product_tag-32000-puffs","10":"product_brand-bang","12":"first","13":"instock","14":"shipping-taxable","15":"purchasable","16":"product-type-variable","17":"has-default-attributes"},"aioseo_notices":[],"_links":{"self":[{"href":"https:\/\/www.vapeswholesaler.com\/es\/wp-json\/wp\/v2\/product\/21975","targetHints":{"allow":["GET"]}}],"collection":[{"href":"https:\/\/www.vapeswholesaler.com\/es\/wp-json\/wp\/v2\/product"}],"about":[{"href":"https:\/\/www.vapeswholesaler.com\/es\/wp-json\/wp\/v2\/types\/product"}],"replies":[{"embeddable":true,"href":"https:\/\/www.vapeswholesaler.com\/es\/wp-json\/wp\/v2\/comments?post=21975"}],"wp:featuredmedia":[{"embeddable":true,"href":"https:\/\/www.vapeswholesaler.com\/es\/wp-json\/wp\/v2\/media\/21973"}],"wp:attachment":[{"href":"https:\/\/www.vapeswholesaler.com\/es\/wp-json\/wp\/v2\/media?parent=21975"}],"wp:term":[{"taxonomy":"product_cat","embeddable":true,"href":"https:\/\/www.vapeswholesaler.com\/es\/wp-json\/wp\/v2\/product_cat?post=21975"},{"taxonomy":"product_tag","embeddable":true,"href":"https:\/\/www.vapeswholesaler.com\/es\/wp-json\/wp\/v2\/product_tag?post=21975"}],"curies":[{"name":"wp","href":"https:\/\/api.w.org\/{rel}","templated":true}]}}