{"id":21843,"date":"2025-02-26T18:49:13","date_gmt":"2025-02-26T10:49:13","guid":{"rendered":"https:\/\/www.vapeswholesaler.com\/?post_type=product&#038;p=21843"},"modified":"2025-04-07T16:05:46","modified_gmt":"2025-04-07T08:05:46","slug":"venta-al-por-mayor-zooy-zero-45000-puffs-desechables-vape-eu-warehosue","status":"publish","type":"product","link":"https:\/\/www.vapeswholesaler.com\/es\/producto\/venta-al-por-mayor-zooy-zero-45000-puffs-desechables-vape-eu-warehosue","title":{"rendered":"Mayorista ZOOY ZERO 45000 Puffs Desechables Vape EU Warehosue"},"content":{"rendered":"<p><a href=\"https:\/\/www.vapeswholesaler.com\/es\/marca_producto\/zooy\/\">ZOOY<\/a> ZERO 45000 Puffs es un nuevo cigarrillo electr\u00f3nico desechable que presenta un dise\u00f1o de pantalla completa y puede desbloquearse mediante una huella dactilar, lo que hace que el producto sea limpio e higi\u00e9nico para su uso individual.<\/p>\n<p>Adem\u00e1s, los usuarios pueden ajustar el nivel de hielo del producto y el contenido fijo tocando los botones en la pantalla para satisfacer los diferentes h\u00e1bitos de los consumidores, m\u00e1s humanizado, y nuestro producto tiene un bot\u00f3n de ajuste de flujo de aire en la parte inferior, de modo que si desea utilizar un gran sabor de humo, entonces usted puede ajustar el flujo de aire para que sea m\u00e1s grande y m\u00e1s conveniente.<\/p>\n<p>Por \u00faltimo, tenemos stock en nuestro almac\u00e9n europeo, una vez que recibamos el pago del cliente nos encargaremos de enviar el paquete del cliente, el tiempo de env\u00edo a la mayor\u00eda de los pa\u00edses de Europa es de s\u00f3lo 6-7 d\u00edas, proporcionaremos n\u00famero de seguimiento.<\/p>\n<h2><strong><a href=\"https:\/\/www.facebook.com\/fred.luo.58\">ZOOY CERO<\/a> 45000 Puffs Caracter\u00edsticas:<\/strong><\/h2>\n<ul>\n<li>Puffs:45000puffs<\/li>\n<li>Peso:90g<\/li>\n<li>Engrase:40ml<\/li>\n<li>Sal de nic:20mg 50mg<\/li>\n<li>Bater\u00eda:650mah<\/li>\n<li>Alambre de calefacci\u00f3n el\u00e9ctrica:Bobina de malla<\/li>\n<li>Cargador: tipo-c<\/li>\n<li>Separaci\u00f3n del n\u00facleo de aceite<\/li>\n<\/ul>\n<h2><strong>\u00a0Lista de sabores:<\/strong><\/h2>\n<ol>\n<li>Hielo de sand\u00eda<\/li>\n<li>Bluberry Ice<\/li>\n<li>Sand\u00eda con fresa<\/li>\n<li>Lim\u00f3n Cola<\/li>\n<li>Fresa Kiwi<\/li>\n<li>Manzana uva<\/li>\n<li>Fresa Naranja Pop<\/li>\n<li>Hielo Razz Azul<\/li>\n<li>Sand\u00eda con ar\u00e1ndanos<\/li>\n<li>Mango Pasi\u00f3n Guayaba<\/li>\n<\/ol>\n<h2><strong>Lista de embalaje:<\/strong><\/h2>\n<p>1 unidad por caja<br \/>\n10 unidades cada caja central<br \/>\n200 unidades por caja<\/p>\n<p>&nbsp;<\/p>\n<figure id=\"attachment_21831\" aria-describedby=\"caption-attachment-21831\" style=\"width: 800px\" class=\"wp-caption alignnone\"><img loading=\"lazy\" decoding=\"async\" class=\"wp-image-21831 size-full\" title=\"Mayorista ZOOY ZERO 45000 Puffs Desechables Vape UE Warehosue 3\" src=\"https:\/\/www.vapeswholesaler.com\/wp-content\/uploads\/2025\/02\/Wholesale-ZOOY-ZERO-45000-Puffs-Disposable-Vape-EU-Warehosue-3.webp\" alt=\"Mayorista ZOOY ZERO 45000 Puffs Desechables Vape UE Warehosue 3\" width=\"800\" height=\"354\" srcset=\"https:\/\/www.vapeswholesaler.com\/wp-content\/uploads\/2025\/02\/Wholesale-ZOOY-ZERO-45000-Puffs-Disposable-Vape-EU-Warehosue-3.webp 800w, https:\/\/www.vapeswholesaler.com\/wp-content\/uploads\/2025\/02\/Wholesale-ZOOY-ZERO-45000-Puffs-Disposable-Vape-EU-Warehosue-3-300x133.webp 300w, https:\/\/www.vapeswholesaler.com\/wp-content\/uploads\/2025\/02\/Wholesale-ZOOY-ZERO-45000-Puffs-Disposable-Vape-EU-Warehosue-3-768x340.webp 768w, https:\/\/www.vapeswholesaler.com\/wp-content\/uploads\/2025\/02\/Wholesale-ZOOY-ZERO-45000-Puffs-Disposable-Vape-EU-Warehosue-3-18x8.webp 18w, https:\/\/www.vapeswholesaler.com\/wp-content\/uploads\/2025\/02\/Wholesale-ZOOY-ZERO-45000-Puffs-Disposable-Vape-EU-Warehosue-3-510x226.webp 510w\" sizes=\"auto, (max-width: 800px) 100vw, 800px\" \/><figcaption id=\"caption-attachment-21831\" class=\"wp-caption-text\">Mayorista ZOOY ZERO 45000 Puffs Desechables Vape EU Warehosue<\/figcaption><\/figure>\n<figure id=\"attachment_21832\" aria-describedby=\"caption-attachment-21832\" style=\"width: 800px\" class=\"wp-caption alignnone\"><img loading=\"lazy\" decoding=\"async\" class=\"wp-image-21832 size-full\" title=\"Mayorista ZOOY ZERO 45000 Puffs Desechables Vape EU Warehosue 4\" src=\"https:\/\/www.vapeswholesaler.com\/wp-content\/uploads\/2025\/02\/Wholesale-ZOOY-ZERO-45000-Puffs-Disposable-Vape-EU-Warehosue-4.webp\" alt=\"Mayorista ZOOY ZERO 45000 Puffs Desechables Vape EU Warehosue 4\" width=\"800\" height=\"354\" srcset=\"https:\/\/www.vapeswholesaler.com\/wp-content\/uploads\/2025\/02\/Wholesale-ZOOY-ZERO-45000-Puffs-Disposable-Vape-EU-Warehosue-4.webp 800w, https:\/\/www.vapeswholesaler.com\/wp-content\/uploads\/2025\/02\/Wholesale-ZOOY-ZERO-45000-Puffs-Disposable-Vape-EU-Warehosue-4-300x133.webp 300w, https:\/\/www.vapeswholesaler.com\/wp-content\/uploads\/2025\/02\/Wholesale-ZOOY-ZERO-45000-Puffs-Disposable-Vape-EU-Warehosue-4-768x340.webp 768w, https:\/\/www.vapeswholesaler.com\/wp-content\/uploads\/2025\/02\/Wholesale-ZOOY-ZERO-45000-Puffs-Disposable-Vape-EU-Warehosue-4-18x8.webp 18w, https:\/\/www.vapeswholesaler.com\/wp-content\/uploads\/2025\/02\/Wholesale-ZOOY-ZERO-45000-Puffs-Disposable-Vape-EU-Warehosue-4-510x226.webp 510w\" sizes=\"auto, (max-width: 800px) 100vw, 800px\" \/><figcaption id=\"caption-attachment-21832\" class=\"wp-caption-text\">Mayorista ZOOY ZERO 45000 Puffs Desechables Vape EU Warehosue<\/figcaption><\/figure>\n<figure id=\"attachment_21830\" aria-describedby=\"caption-attachment-21830\" style=\"width: 800px\" class=\"wp-caption alignnone\"><img loading=\"lazy\" decoding=\"async\" class=\"wp-image-21830 size-full\" title=\"Mayorista ZOOY ZERO 45000 Puffs Desechables Vape EU Warehosue 2\" src=\"https:\/\/www.vapeswholesaler.com\/wp-content\/uploads\/2025\/02\/Wholesale-ZOOY-ZERO-45000-Puffs-Disposable-Vape-EU-Warehosue-2.webp\" alt=\"Mayorista ZOOY ZERO 45000 Puffs Desechables Vape EU Warehosue 2\" width=\"800\" height=\"800\" srcset=\"https:\/\/www.vapeswholesaler.com\/wp-content\/uploads\/2025\/02\/Wholesale-ZOOY-ZERO-45000-Puffs-Disposable-Vape-EU-Warehosue-2.webp 800w, https:\/\/www.vapeswholesaler.com\/wp-content\/uploads\/2025\/02\/Wholesale-ZOOY-ZERO-45000-Puffs-Disposable-Vape-EU-Warehosue-2-300x300.webp 300w, https:\/\/www.vapeswholesaler.com\/wp-content\/uploads\/2025\/02\/Wholesale-ZOOY-ZERO-45000-Puffs-Disposable-Vape-EU-Warehosue-2-150x150.webp 150w, https:\/\/www.vapeswholesaler.com\/wp-content\/uploads\/2025\/02\/Wholesale-ZOOY-ZERO-45000-Puffs-Disposable-Vape-EU-Warehosue-2-768x768.webp 768w, https:\/\/www.vapeswholesaler.com\/wp-content\/uploads\/2025\/02\/Wholesale-ZOOY-ZERO-45000-Puffs-Disposable-Vape-EU-Warehosue-2-12x12.webp 12w, https:\/\/www.vapeswholesaler.com\/wp-content\/uploads\/2025\/02\/Wholesale-ZOOY-ZERO-45000-Puffs-Disposable-Vape-EU-Warehosue-2-247x247.webp 247w, https:\/\/www.vapeswholesaler.com\/wp-content\/uploads\/2025\/02\/Wholesale-ZOOY-ZERO-45000-Puffs-Disposable-Vape-EU-Warehosue-2-510x510.webp 510w, https:\/\/www.vapeswholesaler.com\/wp-content\/uploads\/2025\/02\/Wholesale-ZOOY-ZERO-45000-Puffs-Disposable-Vape-EU-Warehosue-2-100x100.webp 100w\" sizes=\"auto, (max-width: 800px) 100vw, 800px\" \/><figcaption id=\"caption-attachment-21830\" class=\"wp-caption-text\">Mayorista ZOOY ZERO 45000 Puffs Desechables Vape EU Warehosue<\/figcaption><\/figure>\n<p>&nbsp;<\/p>","protected":false},"excerpt":{"rendered":"<p>Cantidad m\u00ednima de pedido: <strong>50 unidades<\/strong>\u00a0(Mezcla de sabores) Env\u00edo gratuito<\/p>\n<p>(<strong>2%, 5% Nic<\/strong>) Plazo de env\u00edo al almac\u00e9n de la UE <strong>5-6 d\u00edas laborables<\/strong><\/p>","protected":false},"featured_media":21842,"comment_status":"open","ping_status":"closed","template":"","meta":[],"product_cat":[15],"product_tag":[371,372,373],"class_list":{"0":"post-21843","1":"product","2":"type-product","3":"status-publish","4":"has-post-thumbnail","6":"product_cat-disposable-vape","7":"product_tag-zooy","8":"product_tag-45000-puffs","9":"product_tag-europe-warehouse","10":"product_brand-zooy","12":"first","13":"instock","14":"shipping-taxable","15":"purchasable","16":"product-type-variable","17":"has-default-attributes"},"aioseo_notices":[],"_links":{"self":[{"href":"https:\/\/www.vapeswholesaler.com\/es\/wp-json\/wp\/v2\/product\/21843","targetHints":{"allow":["GET"]}}],"collection":[{"href":"https:\/\/www.vapeswholesaler.com\/es\/wp-json\/wp\/v2\/product"}],"about":[{"href":"https:\/\/www.vapeswholesaler.com\/es\/wp-json\/wp\/v2\/types\/product"}],"replies":[{"embeddable":true,"href":"https:\/\/www.vapeswholesaler.com\/es\/wp-json\/wp\/v2\/comments?post=21843"}],"wp:featuredmedia":[{"embeddable":true,"href":"https:\/\/www.vapeswholesaler.com\/es\/wp-json\/wp\/v2\/media\/21842"}],"wp:attachment":[{"href":"https:\/\/www.vapeswholesaler.com\/es\/wp-json\/wp\/v2\/media?parent=21843"}],"wp:term":[{"taxonomy":"product_cat","embeddable":true,"href":"https:\/\/www.vapeswholesaler.com\/es\/wp-json\/wp\/v2\/product_cat?post=21843"},{"taxonomy":"product_tag","embeddable":true,"href":"https:\/\/www.vapeswholesaler.com\/es\/wp-json\/wp\/v2\/product_tag?post=21843"}],"curies":[{"name":"wp","href":"https:\/\/api.w.org\/{rel}","templated":true}]}}