{"id":21580,"date":"2025-02-14T20:39:46","date_gmt":"2025-02-14T12:39:46","guid":{"rendered":"https:\/\/www.vapeswholesaler.com\/?post_type=product&#038;p=21580"},"modified":"2025-03-14T16:27:55","modified_gmt":"2025-03-14T08:27:55","slug":"mayorista-waspe-crystal-40000-puffs-vape-desechable","status":"publish","type":"product","link":"https:\/\/www.vapeswholesaler.com\/es\/producto\/mayorista-waspe-crystal-40000-puffs-vape-desechable","title":{"rendered":"Mayorista Waspe Cristal 40000 bocanadas Vape desechable"},"content":{"rendered":"<p><a href=\"https:\/\/www.vapeswholesaler.com\/es\/marca_producto\/waspe\/\">Waspe<\/a> Crystal 40000 puffs y Waspe Fihp 40K Puffs son dos productos hermanos. Hemos utilizado los materiales de cristal m\u00e1s populares para fabricarlos con el fin de satisfacer las diferentes preferencias de los clientes, de modo que podamos reducir algunos costes de los productos y ofrecer a nuestros clientes y distribuidores m\u00e1s descuentos.<\/p>\n<p>Nuestro dispositivo incorporado en la bater\u00eda de 850 mAh para mejorar la vida \u00fatil del producto, y es un gran beneficio que nuestros clientes est\u00e1n delirando. Como producto de doble sabor, utilizamos 0.9ohm malla Coils, el calor de manera m\u00e1s uniforme, la capacidad total de nuestros productos es de 32 ml, mayor capacidad, mayor vida \u00fatil.<\/p>\n<p>Hay 12 sabores para elegir, cada uno con una experiencia diferente y maravillosa, y los clientes pueden elegir diferentes niveles de nicotina para adaptarse a sus preferencias.<\/p>\n<h2><strong><a href=\"https:\/\/www.facebook.com\/fred.luo.58\/\">Waspe<\/a> Cristal 40000 caladas Doble Sabor Detalles:<\/strong><\/h2>\n<ul>\n<li>Puffs: 40000 Puffs<\/li>\n<li>Doble sabor<\/li>\n<li>Bobina Mesh: 0.9ohm+0.9ohm<\/li>\n<li>E-l\u00edquido:32ml<\/li>\n<li>Nicotine:0%\/2%\/5%<\/li>\n<li>Bater\u00eda:850mah<\/li>\n<li>Recargable:Tipo-C<\/li>\n<li>Pantalla LED<\/li>\n<\/ul>\n<h2><strong>Lista de sabores:<\/strong><\/h2>\n<ol>\n<li>Hielo de sand\u00eda y lima lim\u00f3n<\/li>\n<li>Red Bull Ice &amp; Mango Fresa<\/li>\n<li>Red Bull fresa y cereza ar\u00e1ndano<\/li>\n<li>Caramelo de ar\u00e1ndano y sand\u00eda con fresa<\/li>\n<li>Fresa Kiwi y Fresa Cereza<\/li>\n<li>Helado de ar\u00e1ndano, frambuesa y melocot\u00f3n<\/li>\n<li>Fresa Frambuesa Cereza y Amor 666<\/li>\n<li>Melocot\u00f3n Helado y Sand\u00eda Mango Melocot\u00f3n<\/li>\n<li>Helado de fresa, pl\u00e1tano y pi\u00f1a y coco<\/li>\n<li>Hielo de uva y hielo de drag\u00f3n negro<\/li>\n<li>Mezcla de bayas y limonada de frambuesa<\/li>\n<li>Hielo de ar\u00e1ndano y hielo de cereza y cola<\/li>\n<\/ol>\n<h2><strong>Lista de embalaje:<\/strong><\/h2>\n<p>Peso del producto: 105 g\/unidad<br \/>\nTama\u00f1o del producto: 61*31*115 mm<br \/>\nCANT.: 200 uds\/cn, 10 uds\/caja<br \/>\nPeso: 22,5 kg<\/p>\n<figure id=\"attachment_21567\" aria-describedby=\"caption-attachment-21567\" style=\"width: 800px\" class=\"wp-caption alignnone\"><img loading=\"lazy\" decoding=\"async\" class=\"wp-image-21567 size-full\" title=\"Mayorista Waspe Crystal 40000 bocanadas Vape desechable 5\" src=\"https:\/\/www.vapeswholesaler.com\/wp-content\/uploads\/2025\/02\/Wholesale-Waspe-Crystal-40000-puffs-Disposable-Vape-5.webp\" alt=\"Mayorista Waspe Crystal 40000 bocanadas Vape desechable 5\" width=\"800\" height=\"2127\" srcset=\"https:\/\/www.vapeswholesaler.com\/wp-content\/uploads\/2025\/02\/Wholesale-Waspe-Crystal-40000-puffs-Disposable-Vape-5.webp 800w, https:\/\/www.vapeswholesaler.com\/wp-content\/uploads\/2025\/02\/Wholesale-Waspe-Crystal-40000-puffs-Disposable-Vape-5-113x300.webp 113w, https:\/\/www.vapeswholesaler.com\/wp-content\/uploads\/2025\/02\/Wholesale-Waspe-Crystal-40000-puffs-Disposable-Vape-5-385x1024.webp 385w, https:\/\/www.vapeswholesaler.com\/wp-content\/uploads\/2025\/02\/Wholesale-Waspe-Crystal-40000-puffs-Disposable-Vape-5-768x2042.webp 768w, https:\/\/www.vapeswholesaler.com\/wp-content\/uploads\/2025\/02\/Wholesale-Waspe-Crystal-40000-puffs-Disposable-Vape-5-578x1536.webp 578w, https:\/\/www.vapeswholesaler.com\/wp-content\/uploads\/2025\/02\/Wholesale-Waspe-Crystal-40000-puffs-Disposable-Vape-5-770x2048.webp 770w, https:\/\/www.vapeswholesaler.com\/wp-content\/uploads\/2025\/02\/Wholesale-Waspe-Crystal-40000-puffs-Disposable-Vape-5-5x12.webp 5w, https:\/\/www.vapeswholesaler.com\/wp-content\/uploads\/2025\/02\/Wholesale-Waspe-Crystal-40000-puffs-Disposable-Vape-5-510x1356.webp 510w\" sizes=\"auto, (max-width: 800px) 100vw, 800px\" \/><figcaption id=\"caption-attachment-21567\" class=\"wp-caption-text\">Mayorista Waspe Cristal 40000 bocanadas Vape desechable<\/figcaption><\/figure>","protected":false},"excerpt":{"rendered":"<div class=\"product-short-description\">\n<p>Cantidad m\u00ednima de pedido:\u00a0<strong>50 unidades<\/strong>\u00a0(Mezcla de sabores)<\/p>\n<p>\uff08<strong>0%\uff0c2%\uff0c5%<\/strong>\uff09<strong>Env\u00edo gratuito<\/strong><\/p>\n<\/div>\n<div class=\"wsppc_div_block woocommerce_before_add_to_cart_form\"><\/div>","protected":false},"featured_media":21563,"comment_status":"open","ping_status":"closed","template":"","meta":[],"product_cat":[15],"product_tag":[365,369,383],"class_list":{"0":"post-21580","1":"product","2":"type-product","3":"status-publish","4":"has-post-thumbnail","6":"product_cat-disposable-vape","7":"product_tag-40000-puffs","8":"product_tag-dual-flavors","9":"product_tag-waspe","10":"product_brand-waspe","12":"first","13":"instock","14":"shipping-taxable","15":"purchasable","16":"product-type-variable","17":"has-default-attributes"},"aioseo_notices":[],"_links":{"self":[{"href":"https:\/\/www.vapeswholesaler.com\/es\/wp-json\/wp\/v2\/product\/21580","targetHints":{"allow":["GET"]}}],"collection":[{"href":"https:\/\/www.vapeswholesaler.com\/es\/wp-json\/wp\/v2\/product"}],"about":[{"href":"https:\/\/www.vapeswholesaler.com\/es\/wp-json\/wp\/v2\/types\/product"}],"replies":[{"embeddable":true,"href":"https:\/\/www.vapeswholesaler.com\/es\/wp-json\/wp\/v2\/comments?post=21580"}],"wp:featuredmedia":[{"embeddable":true,"href":"https:\/\/www.vapeswholesaler.com\/es\/wp-json\/wp\/v2\/media\/21563"}],"wp:attachment":[{"href":"https:\/\/www.vapeswholesaler.com\/es\/wp-json\/wp\/v2\/media?parent=21580"}],"wp:term":[{"taxonomy":"product_cat","embeddable":true,"href":"https:\/\/www.vapeswholesaler.com\/es\/wp-json\/wp\/v2\/product_cat?post=21580"},{"taxonomy":"product_tag","embeddable":true,"href":"https:\/\/www.vapeswholesaler.com\/es\/wp-json\/wp\/v2\/product_tag?post=21580"}],"curies":[{"name":"wp","href":"https:\/\/api.w.org\/{rel}","templated":true}]}}