{"id":21446,"date":"2025-01-12T14:16:37","date_gmt":"2025-01-12T06:16:37","guid":{"rendered":"https:\/\/www.vapeswholesaler.com\/?post_type=product&#038;p=21446"},"modified":"2025-03-05T15:47:04","modified_gmt":"2025-03-05T07:47:04","slug":"mayorista-mr-nic-nice-45000-puffs-vape-desechable","status":"publish","type":"product","link":"https:\/\/www.vapeswholesaler.com\/es\/producto\/mayorista-mr-nic-nice-45000-puffs-vape-desechable","title":{"rendered":"Mayorista Mr Nic Nice 45000 Puffs Vape Desechable"},"content":{"rendered":"<p>Mr Nic Nice 45000 Puffs es lo \u00faltimo en cigarrillos electr\u00f3nicos en el mercado actual, y tambi\u00e9n es popular en Europa y los EE.UU., con tecnolog\u00eda de vaping de vanguardia y estrictos controles de calidad en los que conf\u00edan distribuidores y compradores de vaping de todo el mundo.<\/p>\n<p>Mr Nic Nice 45000 Puffs es un dispositivo de vapeo recargable desechable viene con pantalla digital muestra NICE despegar cuando Vaping, la luz de encendido se levantan cuando se carga.... Contiene 45ml 0\/2\/3\/5% sal de nicotina e-jugo y vape hasta 45000 caladas. Hay 10 sabores para que usted elija. El puerto recargable en la parte inferior del dispositivo que garantiza que termine la \u00faltima gota del jugo e en el tanque todo el tiempo.<\/p>\n<h2><strong><a href=\"https:\/\/www.vapeswholesaler.com\/es\/marca_producto\/mr-nic\/\">Sr. Nic<\/a> Nice 45000 Puffs Caracter\u00edsticas:<\/strong><\/h2>\n<ul>\n<li>Pantalla digital: Indicaci\u00f3n del porcentaje de bater\u00eda<\/li>\n<li>Puerto de carga: Carga USB-C en el lateral<\/li>\n<li>Funci\u00f3n de precalentamiento: S\u00ed<\/li>\n<li>Sabores: 10 sabores<\/li>\n<li>Flujo autom\u00e1tico: S\u00ed<\/li>\n<li>Capacidad de la bater\u00eda: 650mAH<\/li>\n<li>Puffs: 45000 Puffs<\/li>\n<\/ul>\n<h2><strong>Mr Nic Nice 45000 Puffs Sabores:<\/strong><\/h2>\n<ol>\n<li>Hielo Razz Azul<\/li>\n<li>Sand\u00eda con ar\u00e1ndanos<\/li>\n<li>Cereza Cqla Ice<\/li>\n<li>Menta c\u00edtrica<\/li>\n<li>Manzana doble<\/li>\n<li>Hielo de uva<\/li>\n<li>Zumo de melocot\u00f3n<\/li>\n<li>Mezcla de bayas<\/li>\n<li>Fresa helada<\/li>\n<li>Hielo de sand\u00eda<\/li>\n<\/ol>\n<h2><strong>Lista de embalaje:<\/strong><\/h2>\n<p>1 unidad por caja<br \/>\n10 unidades cada uno Caja expositora<br \/>\n200 unidades por caja<\/p>\n<p><img loading=\"lazy\" decoding=\"async\" class=\"wp-image-21435 size-full\" title=\"Mayorista Mr Nic Nice 45000 Puffs Vape Desechable 2\" src=\"https:\/\/www.vapeswholesaler.com\/wp-content\/uploads\/2025\/01\/Wholesale-Mr-Nic-Nice-45000-Puffs-Disposable-Vape-2.webp\" alt=\"Mayorista Mr Nic Nice 45000 Puffs Vape Desechable 2\" width=\"800\" height=\"902\" srcset=\"https:\/\/www.vapeswholesaler.com\/wp-content\/uploads\/2025\/01\/Wholesale-Mr-Nic-Nice-45000-Puffs-Disposable-Vape-2.webp 800w, https:\/\/www.vapeswholesaler.com\/wp-content\/uploads\/2025\/01\/Wholesale-Mr-Nic-Nice-45000-Puffs-Disposable-Vape-2-266x300.webp 266w, https:\/\/www.vapeswholesaler.com\/wp-content\/uploads\/2025\/01\/Wholesale-Mr-Nic-Nice-45000-Puffs-Disposable-Vape-2-768x866.webp 768w, https:\/\/www.vapeswholesaler.com\/wp-content\/uploads\/2025\/01\/Wholesale-Mr-Nic-Nice-45000-Puffs-Disposable-Vape-2-11x12.webp 11w, https:\/\/www.vapeswholesaler.com\/wp-content\/uploads\/2025\/01\/Wholesale-Mr-Nic-Nice-45000-Puffs-Disposable-Vape-2-510x575.webp 510w\" sizes=\"auto, (max-width: 800px) 100vw, 800px\" \/><\/p>","protected":false},"excerpt":{"rendered":"<p>Cantidad m\u00ednima de pedido:\u00a0<strong>50PCS<\/strong>\u00a0(Mezcla de sabores)\u00a0\u00a0<strong>Env\u00edo gratuito<\/strong><\/p>\n<p>(<strong>2%, 5% Nic<\/strong>)<\/p>","protected":false},"featured_media":21443,"comment_status":"open","ping_status":"closed","template":"","meta":[],"product_cat":[15],"product_tag":[113,114,115,116],"class_list":{"0":"post-21446","1":"product","2":"type-product","3":"status-publish","4":"has-post-thumbnail","6":"product_cat-disposable-vape","7":"product_tag-45k-puffs","8":"product_tag-45k-disposable-vape","9":"product_tag-45000-puffs-vapes","10":"product_tag-buy-45k-vapes","11":"product_brand-mr-nic","13":"first","14":"instock","15":"shipping-taxable","16":"purchasable","17":"product-type-variable","18":"has-default-attributes"},"aioseo_notices":[],"_links":{"self":[{"href":"https:\/\/www.vapeswholesaler.com\/es\/wp-json\/wp\/v2\/product\/21446","targetHints":{"allow":["GET"]}}],"collection":[{"href":"https:\/\/www.vapeswholesaler.com\/es\/wp-json\/wp\/v2\/product"}],"about":[{"href":"https:\/\/www.vapeswholesaler.com\/es\/wp-json\/wp\/v2\/types\/product"}],"replies":[{"embeddable":true,"href":"https:\/\/www.vapeswholesaler.com\/es\/wp-json\/wp\/v2\/comments?post=21446"}],"wp:featuredmedia":[{"embeddable":true,"href":"https:\/\/www.vapeswholesaler.com\/es\/wp-json\/wp\/v2\/media\/21443"}],"wp:attachment":[{"href":"https:\/\/www.vapeswholesaler.com\/es\/wp-json\/wp\/v2\/media?parent=21446"}],"wp:term":[{"taxonomy":"product_cat","embeddable":true,"href":"https:\/\/www.vapeswholesaler.com\/es\/wp-json\/wp\/v2\/product_cat?post=21446"},{"taxonomy":"product_tag","embeddable":true,"href":"https:\/\/www.vapeswholesaler.com\/es\/wp-json\/wp\/v2\/product_tag?post=21446"}],"curies":[{"name":"wp","href":"https:\/\/api.w.org\/{rel}","templated":true}]}}