{"id":21421,"date":"2025-01-12T13:27:56","date_gmt":"2025-01-12T05:27:56","guid":{"rendered":"https:\/\/www.vapeswholesaler.com\/?post_type=product&#038;p=21421"},"modified":"2025-03-18T11:55:07","modified_gmt":"2025-03-18T03:55:07","slug":"mayorista-bang-tornado-40000-puffs-vape-desechable","status":"publish","type":"product","link":"https:\/\/www.vapeswholesaler.com\/es\/producto\/mayorista-bang-tornado-40000-puffs-vape-desechable","title":{"rendered":"Mayorista Bang Tornado 40000 Puffs Vape Desechable"},"content":{"rendered":"<p><a href=\"https:\/\/www.vapeswholesaler.com\/es\/marca_producto\/bang\/\">Bang<\/a> Tornado 40000 Puffs es el vapeador desechable definitivo para los usuarios que buscan un mayor rendimiento, una producci\u00f3n masiva de nubes y tecnolog\u00eda de vanguardia. Con un impresionante 40000 bocanadas, una pantalla LED inteligente, y tres bobinas de malla avanzada, este dispositivo establece un nuevo est\u00e1ndar en vaping.<\/p>\n<p>Este Vape Pen desechable ofrece 40.000 caladas de vapeo premium con una capacidad de 40 ml de e-l\u00edquido, tecnolog\u00eda de triple bobina de malla y una pantalla LED inteligente para un f\u00e1cil seguimiento. Alimentado por una bater\u00eda recargable de 850mAh y carga Tipo-C, ofrece una experiencia superior en 12 emocionantes sabores con opciones de nicotina 0%, 2%, 3% y 5%. Perfecto para los cazadores de nubes y entusiastas del sabor, este dispositivo establece un nuevo est\u00e1ndar en vapeo desechable.<\/p>\n<h2><strong><a href=\"https:\/\/www.facebook.com\/fred.luo.58\/\">Bang<\/a> Tornado 40000 Puffs Caracter\u00edsticas:<\/strong><\/h2>\n<ul>\n<li>Gran capacidad de caladas: Disfruta de hasta 40.000 caladas<\/li>\n<li>Opciones de nicotina: Disponible en nicotina 0%, 2%, 3% y 5%<\/li>\n<li>Capacidad de e-l\u00edquido: 40mL de e-l\u00edquido premium<\/li>\n<li>Pantalla LED inteligente<\/li>\n<li>Bater\u00eda recargable: Alimentada por una bater\u00eda de 850mAh<\/li>\n<\/ul>\n<h2><strong>Sabores:<\/strong><\/h2>\n<ol>\n<li>Melocot\u00f3n helado<\/li>\n<li>Amor 66<\/li>\n<li>Triple baya<\/li>\n<li>Ar\u00e1ndano Lim\u00f3n<\/li>\n<li>Bebida Enereg<\/li>\n<li>Manzana doble<\/li>\n<li>Mango Melocot\u00f3n<\/li>\n<li>Ar\u00e1ndano Uva<\/li>\n<li>Sand\u00eda con fresa<\/li>\n<li>Fresa Kiwi<\/li>\n<li>Ar\u00e1ndano Frambuesa<\/li>\n<li>Sand\u00eda<\/li>\n<\/ol>\n<h2><strong>Lista de embalaje:<\/strong><\/h2>\n<p>1 unidad por caja<br \/>\n8 unidades cada uno Caja expositora<br \/>\n160 unidades por caja<\/p>\n<figure id=\"attachment_21420\" aria-describedby=\"caption-attachment-21420\" style=\"width: 800px\" class=\"wp-caption alignnone\"><img loading=\"lazy\" decoding=\"async\" class=\"wp-image-21420 size-full\" title=\"Mayorista Bang Tornado 40000 Puffs Vape Desechable 10\" src=\"https:\/\/www.vapeswholesaler.com\/wp-content\/uploads\/2025\/01\/Wholesale-Bang-Tornado-40000-Puffs-Disposable-Vape-10.webp\" alt=\"Mayorista Bang Tornado 40000 Puffs Vape Desechable 10\" width=\"800\" height=\"343\" srcset=\"https:\/\/www.vapeswholesaler.com\/wp-content\/uploads\/2025\/01\/Wholesale-Bang-Tornado-40000-Puffs-Disposable-Vape-10.webp 800w, https:\/\/www.vapeswholesaler.com\/wp-content\/uploads\/2025\/01\/Wholesale-Bang-Tornado-40000-Puffs-Disposable-Vape-10-300x129.webp 300w, https:\/\/www.vapeswholesaler.com\/wp-content\/uploads\/2025\/01\/Wholesale-Bang-Tornado-40000-Puffs-Disposable-Vape-10-768x329.webp 768w, https:\/\/www.vapeswholesaler.com\/wp-content\/uploads\/2025\/01\/Wholesale-Bang-Tornado-40000-Puffs-Disposable-Vape-10-18x8.webp 18w, https:\/\/www.vapeswholesaler.com\/wp-content\/uploads\/2025\/01\/Wholesale-Bang-Tornado-40000-Puffs-Disposable-Vape-10-510x219.webp 510w\" sizes=\"auto, (max-width: 800px) 100vw, 800px\" \/><figcaption id=\"caption-attachment-21420\" class=\"wp-caption-text\">Mayorista Bang Tornado 40000 Puffs Vape Desechable<\/figcaption><\/figure>","protected":false},"excerpt":{"rendered":"<p>Cantidad m\u00ednima de pedido:<strong> 40 unidades<\/strong>\u00a0(Mezcla de sabores)\u00a0\u00a0<strong>Env\u00edo gratuito<\/strong><\/p>\n<p>(<strong>2%, 5% Nic<\/strong>)<\/p>","protected":false},"featured_media":21413,"comment_status":"open","ping_status":"closed","template":"","meta":[],"product_cat":[15],"product_tag":[368,388,365],"class_list":{"0":"post-21421","1":"product","2":"type-product","3":"status-publish","4":"has-post-thumbnail","6":"product_cat-disposable-vape","7":"product_tag-bang-king","8":"product_tag-bang","9":"product_tag-40000-puffs","10":"product_brand-bang","12":"first","13":"instock","14":"shipping-taxable","15":"purchasable","16":"product-type-variable","17":"has-default-attributes"},"aioseo_notices":[],"_links":{"self":[{"href":"https:\/\/www.vapeswholesaler.com\/es\/wp-json\/wp\/v2\/product\/21421","targetHints":{"allow":["GET"]}}],"collection":[{"href":"https:\/\/www.vapeswholesaler.com\/es\/wp-json\/wp\/v2\/product"}],"about":[{"href":"https:\/\/www.vapeswholesaler.com\/es\/wp-json\/wp\/v2\/types\/product"}],"replies":[{"embeddable":true,"href":"https:\/\/www.vapeswholesaler.com\/es\/wp-json\/wp\/v2\/comments?post=21421"}],"wp:featuredmedia":[{"embeddable":true,"href":"https:\/\/www.vapeswholesaler.com\/es\/wp-json\/wp\/v2\/media\/21413"}],"wp:attachment":[{"href":"https:\/\/www.vapeswholesaler.com\/es\/wp-json\/wp\/v2\/media?parent=21421"}],"wp:term":[{"taxonomy":"product_cat","embeddable":true,"href":"https:\/\/www.vapeswholesaler.com\/es\/wp-json\/wp\/v2\/product_cat?post=21421"},{"taxonomy":"product_tag","embeddable":true,"href":"https:\/\/www.vapeswholesaler.com\/es\/wp-json\/wp\/v2\/product_tag?post=21421"}],"curies":[{"name":"wp","href":"https:\/\/api.w.org\/{rel}","templated":true}]}}