{"id":21336,"date":"2025-01-08T16:34:52","date_gmt":"2025-01-08T08:34:52","guid":{"rendered":"https:\/\/www.vapeswholesaler.com\/?post_type=product&#038;p=21336"},"modified":"2025-07-09T16:08:54","modified_gmt":"2025-07-09T08:08:54","slug":"venta-al-por-mayor-happ-bar-twins-25000-puffs-vape-desechable","status":"publish","type":"product","link":"https:\/\/www.vapeswholesaler.com\/es\/producto\/venta-al-por-mayor-happ-bar-twins-25000-puffs-vape-desechable","title":{"rendered":"Venta al por mayor Happ Bar Twins 25000 Puffs Vape Desechable"},"content":{"rendered":"<p><a href=\"https:\/\/www.vapeswholesaler.com\/es\/marca_producto\/bar-feliz\/\">Bar Happ<\/a> Twins 25000 Puffs es un Vppes desechable de doble sabor, cada producto viene con dos Ejuice Pod de 16ml+16ml, totalizando 32ml de l\u00edquido precargado. Esto hace que el producto sea m\u00e1s rentable y permite a los consumidores a utilizar nuestros productos durante per\u00edodos m\u00e1s largos de tiempo.<\/p>\n<p>Adem\u00e1s, est\u00e1n disponibles en 2% y 5% Nic,, y 11 sabores se puede elegir, cada sabor es cuidadosamente sintonizado por nosotros, y el m\u00e1s total de la adicci\u00f3n.nuestro sabor es extraordinario y cada cliente est\u00e1 impresionado cuando se utiliza.<\/p>\n<p>Esta capacidad Vape 650 mAh, Tambi\u00e9n se puede apoyar el tipo c recargable, y viene con una pantalla electr\u00f3nica, El cliente puede mostrar el nivel de la bater\u00eda y Ejuice en cualquier momento para observar.Nuestros productos son bien recibidos por nuestros clientes y son de alta calidad. \u00a1Actualmente, nuestro almac\u00e9n europeo se abri\u00f3, lo que acorta en gran medida el tiempo de transporte y trae a nuestros clientes una experiencia de compra m\u00e1s perfecta!<\/p>\n<h2><strong><a href=\"https:\/\/www.facebook.com\/fred.luo.58\">Bar Happ<\/a> Gemelos 25000 Puffs Caracter\u00edsticas:<\/strong><\/h2>\n<ul>\n<li>Puff: 25000 puffs<\/li>\n<li>Contenido de nicotina: 2%, 5%<\/li>\n<li>Capacidad de la bater\u00eda: 650 mAh<\/li>\n<li>Recargable o no: Puerto de carga TYPE-C<\/li>\n<li>Resistencia: 1.0ohm<\/li>\n<li>Capacidad: 16+16ml *Sabor<\/li>\n<\/ul>\n<h2><strong>Lista de sabores:<\/strong><\/h2>\n<ol>\n<li>Limonada Blue Razz y helado de melocot\u00f3n<\/li>\n<li>Chicle de ar\u00e1ndanos, cerezas, ar\u00e1ndanos rojos y sand\u00eda<\/li>\n<li>Hielo de ar\u00e1ndano, frambuesa, lim\u00f3n y cereza<\/li>\n<li>Helado de melocot\u00f3n, mango, pi\u00f1a y fresa<\/li>\n<li>Helado de pi\u00f1a, coco y ar\u00e1ndanos<\/li>\n<li>Dulce de Frambuesa y Manzana Doble<\/li>\n<li>Red Bull Ice &amp; Hami Melon<\/li>\n<li>Hielo de fresa, pl\u00e1tano y cola<\/li>\n<li>Fresa Kiwi &amp; Lush Ice<\/li>\n<li>Coca-Cola de Fresa y Vainilla y Mezcla de Bayas<\/li>\n<li>Hielo de sand\u00eda y lima lim\u00f3n<\/li>\n<\/ol>\n<h2><strong>Lista de embalaje:<\/strong><\/h2>\n<p>1 unidad por caja<br \/>\n10 unidades por caja<br \/>\n200 unidades por caja<\/p>\n<figure id=\"attachment_21323\" aria-describedby=\"caption-attachment-21323\" style=\"width: 800px\" class=\"wp-caption alignnone\"><img loading=\"lazy\" decoding=\"async\" class=\"wp-image-21323 size-full\" title=\"Venta al por mayor Happ Bar Twins 25000 Puffs Desechables Vape Eu Warehouse 8\" src=\"https:\/\/www.vapeswholesaler.com\/wp-content\/uploads\/2025\/01\/Wholesale-Happ-Bar-Twins-25000-Puffs-Disposable-Vape-Eu-Warehouse-8.webp\" alt=\"Venta al por mayor Happ Bar Twins 25000 Puffs Desechables Vape Eu Warehouse 8\" width=\"800\" height=\"396\" srcset=\"https:\/\/www.vapeswholesaler.com\/wp-content\/uploads\/2025\/01\/Wholesale-Happ-Bar-Twins-25000-Puffs-Disposable-Vape-Eu-Warehouse-8.webp 800w, https:\/\/www.vapeswholesaler.com\/wp-content\/uploads\/2025\/01\/Wholesale-Happ-Bar-Twins-25000-Puffs-Disposable-Vape-Eu-Warehouse-8-300x149.webp 300w, https:\/\/www.vapeswholesaler.com\/wp-content\/uploads\/2025\/01\/Wholesale-Happ-Bar-Twins-25000-Puffs-Disposable-Vape-Eu-Warehouse-8-768x380.webp 768w, https:\/\/www.vapeswholesaler.com\/wp-content\/uploads\/2025\/01\/Wholesale-Happ-Bar-Twins-25000-Puffs-Disposable-Vape-Eu-Warehouse-8-18x9.webp 18w, https:\/\/www.vapeswholesaler.com\/wp-content\/uploads\/2025\/01\/Wholesale-Happ-Bar-Twins-25000-Puffs-Disposable-Vape-Eu-Warehouse-8-510x252.webp 510w\" sizes=\"auto, (max-width: 800px) 100vw, 800px\" \/><figcaption id=\"caption-attachment-21323\" class=\"wp-caption-text\">Mayorista Happ Bar Twins 25000 Puffs Desechables Vape Eu Warehouse<img loading=\"lazy\" decoding=\"async\" class=\"wp-image-21322 size-full\" style=\"color: #555555;font-size: 14.4px\" title=\"Venta al por mayor Happ Bar Twins 25000 Puffs Desechables Vape Eu Warehouse 7\" src=\"https:\/\/www.vapeswholesaler.com\/wp-content\/uploads\/2025\/01\/Wholesale-Happ-Bar-Twins-25000-Puffs-Disposable-Vape-Eu-Warehouse-7.webp\" alt=\"Venta al por mayor Happ Bar Twins 25000 Puffs Desechables Vape Eu Warehouse 7\" width=\"800\" height=\"396\" srcset=\"https:\/\/www.vapeswholesaler.com\/wp-content\/uploads\/2025\/01\/Wholesale-Happ-Bar-Twins-25000-Puffs-Disposable-Vape-Eu-Warehouse-7.webp 800w, https:\/\/www.vapeswholesaler.com\/wp-content\/uploads\/2025\/01\/Wholesale-Happ-Bar-Twins-25000-Puffs-Disposable-Vape-Eu-Warehouse-7-300x149.webp 300w, https:\/\/www.vapeswholesaler.com\/wp-content\/uploads\/2025\/01\/Wholesale-Happ-Bar-Twins-25000-Puffs-Disposable-Vape-Eu-Warehouse-7-768x380.webp 768w, https:\/\/www.vapeswholesaler.com\/wp-content\/uploads\/2025\/01\/Wholesale-Happ-Bar-Twins-25000-Puffs-Disposable-Vape-Eu-Warehouse-7-18x9.webp 18w, https:\/\/www.vapeswholesaler.com\/wp-content\/uploads\/2025\/01\/Wholesale-Happ-Bar-Twins-25000-Puffs-Disposable-Vape-Eu-Warehouse-7-510x252.webp 510w\" sizes=\"auto, (max-width: 800px) 100vw, 800px\" \/><\/figcaption><\/figure>\n<p><img loading=\"lazy\" decoding=\"async\" class=\"wp-image-21319 size-full\" title=\"Mayorista Happ Bar Twins 25000 Puffs Desechables Vape Eu Warehouse 4\" src=\"https:\/\/www.vapeswholesaler.com\/wp-content\/uploads\/2025\/01\/Wholesale-Happ-Bar-Twins-25000-Puffs-Disposable-Vape-Eu-Warehouse-4.webp\" alt=\"Mayorista Happ Bar Twins 25000 Puffs Desechables Vape Eu Warehouse 4\" width=\"800\" height=\"396\" srcset=\"https:\/\/www.vapeswholesaler.com\/wp-content\/uploads\/2025\/01\/Wholesale-Happ-Bar-Twins-25000-Puffs-Disposable-Vape-Eu-Warehouse-4.webp 800w, https:\/\/www.vapeswholesaler.com\/wp-content\/uploads\/2025\/01\/Wholesale-Happ-Bar-Twins-25000-Puffs-Disposable-Vape-Eu-Warehouse-4-300x149.webp 300w, https:\/\/www.vapeswholesaler.com\/wp-content\/uploads\/2025\/01\/Wholesale-Happ-Bar-Twins-25000-Puffs-Disposable-Vape-Eu-Warehouse-4-768x380.webp 768w, https:\/\/www.vapeswholesaler.com\/wp-content\/uploads\/2025\/01\/Wholesale-Happ-Bar-Twins-25000-Puffs-Disposable-Vape-Eu-Warehouse-4-18x9.webp 18w, https:\/\/www.vapeswholesaler.com\/wp-content\/uploads\/2025\/01\/Wholesale-Happ-Bar-Twins-25000-Puffs-Disposable-Vape-Eu-Warehouse-4-510x252.webp 510w\" sizes=\"auto, (max-width: 800px) 100vw, 800px\" \/><\/p>\n<p>&nbsp;<\/p>\n<figure id=\"attachment_21324\" aria-describedby=\"caption-attachment-21324\" style=\"width: 800px\" class=\"wp-caption alignnone\"><img loading=\"lazy\" decoding=\"async\" class=\"wp-image-21324 size-full\" title=\"Venta al por mayor Happ Bar Twins 25000 Puffs Desechables Vape Eu Warehouse 9\" src=\"https:\/\/www.vapeswholesaler.com\/wp-content\/uploads\/2025\/01\/Wholesale-Happ-Bar-Twins-25000-Puffs-Disposable-Vape-Eu-Warehouse-9.webp\" alt=\"Venta al por mayor Happ Bar Twins 25000 Puffs Desechables Vape Eu Warehouse 9\" width=\"800\" height=\"800\" srcset=\"https:\/\/www.vapeswholesaler.com\/wp-content\/uploads\/2025\/01\/Wholesale-Happ-Bar-Twins-25000-Puffs-Disposable-Vape-Eu-Warehouse-9.webp 800w, https:\/\/www.vapeswholesaler.com\/wp-content\/uploads\/2025\/01\/Wholesale-Happ-Bar-Twins-25000-Puffs-Disposable-Vape-Eu-Warehouse-9-300x300.webp 300w, https:\/\/www.vapeswholesaler.com\/wp-content\/uploads\/2025\/01\/Wholesale-Happ-Bar-Twins-25000-Puffs-Disposable-Vape-Eu-Warehouse-9-150x150.webp 150w, https:\/\/www.vapeswholesaler.com\/wp-content\/uploads\/2025\/01\/Wholesale-Happ-Bar-Twins-25000-Puffs-Disposable-Vape-Eu-Warehouse-9-768x768.webp 768w, https:\/\/www.vapeswholesaler.com\/wp-content\/uploads\/2025\/01\/Wholesale-Happ-Bar-Twins-25000-Puffs-Disposable-Vape-Eu-Warehouse-9-12x12.webp 12w, https:\/\/www.vapeswholesaler.com\/wp-content\/uploads\/2025\/01\/Wholesale-Happ-Bar-Twins-25000-Puffs-Disposable-Vape-Eu-Warehouse-9-247x247.webp 247w, https:\/\/www.vapeswholesaler.com\/wp-content\/uploads\/2025\/01\/Wholesale-Happ-Bar-Twins-25000-Puffs-Disposable-Vape-Eu-Warehouse-9-510x510.webp 510w, https:\/\/www.vapeswholesaler.com\/wp-content\/uploads\/2025\/01\/Wholesale-Happ-Bar-Twins-25000-Puffs-Disposable-Vape-Eu-Warehouse-9-100x100.webp 100w\" sizes=\"auto, (max-width: 800px) 100vw, 800px\" \/><figcaption id=\"caption-attachment-21324\" class=\"wp-caption-text\">Venta al por mayor Happ Bar Twins 25000 Puffs Desechables Vape Eu Warehouse 9<\/figcaption><\/figure>","protected":false},"excerpt":{"rendered":"<p>Cantidad m\u00ednima de pedido:\u00a0<strong>50 unidades<\/strong>\u00a0(Mezcla de sabores)\u00a0\u00a0<strong>Env\u00edo gratuito<\/strong><\/p>\n<p>(<strong>2%, 5% Nic<\/strong>) Almac\u00e9n UE Plazo de env\u00edo 5-6 d\u00edas laborables<\/p>","protected":false},"featured_media":21316,"comment_status":"open","ping_status":"closed","template":"","meta":[],"product_cat":[15],"product_tag":[87,100,369,373],"class_list":{"0":"post-21336","1":"product","2":"type-product","3":"status-publish","4":"has-post-thumbnail","6":"product_cat-disposable-vape","7":"product_tag-vapsolo","8":"product_tag-20000-puffs","9":"product_tag-dual-flavors","10":"product_tag-europe-warehouse","11":"product_brand-happ-bar","13":"first","14":"outofstock","15":"shipping-taxable","16":"purchasable","17":"product-type-variable","18":"has-default-attributes"},"aioseo_notices":[],"_links":{"self":[{"href":"https:\/\/www.vapeswholesaler.com\/es\/wp-json\/wp\/v2\/product\/21336","targetHints":{"allow":["GET"]}}],"collection":[{"href":"https:\/\/www.vapeswholesaler.com\/es\/wp-json\/wp\/v2\/product"}],"about":[{"href":"https:\/\/www.vapeswholesaler.com\/es\/wp-json\/wp\/v2\/types\/product"}],"replies":[{"embeddable":true,"href":"https:\/\/www.vapeswholesaler.com\/es\/wp-json\/wp\/v2\/comments?post=21336"}],"wp:featuredmedia":[{"embeddable":true,"href":"https:\/\/www.vapeswholesaler.com\/es\/wp-json\/wp\/v2\/media\/21316"}],"wp:attachment":[{"href":"https:\/\/www.vapeswholesaler.com\/es\/wp-json\/wp\/v2\/media?parent=21336"}],"wp:term":[{"taxonomy":"product_cat","embeddable":true,"href":"https:\/\/www.vapeswholesaler.com\/es\/wp-json\/wp\/v2\/product_cat?post=21336"},{"taxonomy":"product_tag","embeddable":true,"href":"https:\/\/www.vapeswholesaler.com\/es\/wp-json\/wp\/v2\/product_tag?post=21336"}],"curies":[{"name":"wp","href":"https:\/\/api.w.org\/{rel}","templated":true}]}}