{"id":21293,"date":"2025-01-07T18:57:13","date_gmt":"2025-01-07T10:57:13","guid":{"rendered":"https:\/\/www.vapeswholesaler.com\/?post_type=product&#038;p=21293"},"modified":"2025-07-30T08:17:17","modified_gmt":"2025-07-30T00:17:17","slug":"venta-al-por-mayor-happ-bar-20000-puffs-desechables-vape-eu-almacen","status":"publish","type":"product","link":"https:\/\/www.vapeswholesaler.com\/es\/producto\/venta-al-por-mayor-happ-bar-20000-puffs-desechables-vape-eu-almacen","title":{"rendered":"Venta al por mayor Happ bar 20000 Puffs Desechables Vape Eu Warehouse"},"content":{"rendered":"<p><a href=\"https:\/\/www.vapeswholesaler.com\/es\/marca_producto\/bar-feliz\/\">Bar Happ<\/a> 20000 Puffs Vape desechable es un producto de confianza de la marca de productos exclusivos de molde privado, para eliminar la mediocridad, la apariencia del material acr\u00edlico transparente, por lo que el producto es m\u00e1s refrescante, m\u00e1s limpio y m\u00e1s higi\u00e9nico.<\/p>\n<p>Por otra parte, se actualiza a partir de 15000 Puffs, hemos aumentado la capacidad del jugo de vapor sobre la base original, para que los clientes pueden obtener m\u00e1s experiencia vaping de larga duraci\u00f3n, nuestros productos ha sido reconocido por la mayor\u00eda de los clientes, y cada uno de ellos nos ha dado buenos comentarios, estamos seguros de que este devlce crear\u00e1 otro futuro brillante, para que nuestros socios pueden obtener m\u00e1s experiencia de usuario y el valor empresarial.<\/p>\n<p>El dispositivo viene con 25 ml de ejuice pre-llenado y la bater\u00eda 650mAh, hay 18 sabores disponibles y puede ser compatible con el puerto de tipo C para la recarga, por lo que ya no se preocupe por la ansiedad de energ\u00eda. Utilizamos 1.0 ohm bobinas de malla, que puede ser vaping y permite una experiencia m\u00e1s agradable para el cliente. Por otra parte, nuestros productos est\u00e1n equipados con una pantalla electr\u00f3nica, que le permite controlar el estado del producto en cualquier momento.<\/p>\n<h2><strong><a href=\"https:\/\/www.facebook.com\/fred.luo.58\">Bar Happ<\/a> 20000 Puffs Vape Desechable Caracter\u00edsticas:<\/strong><\/h2>\n<ul>\n<li>Puff: 20000puffsContenido de nicotina: 2%, 5%<\/li>\n<li>Capacidad de la bater\u00eda: 650 mAh<\/li>\n<li>Recargable o no: Puerto de carga TYPE-C<\/li>\n<li>Resistencia: 1.0ohm<\/li>\n<li>Capacidad: 25ml *Sabor: 18 sabores,<\/li>\n<\/ul>\n<h2><strong>Lista de sabores:<\/strong><\/h2>\n<ol>\n<li>Osito de gominola Blue Razz<\/li>\n<li>Ar\u00e1ndano Cereza Ar\u00e1ndano<\/li>\n<li>Hielo de ar\u00e1ndanos<\/li>\n<li>Ar\u00e1ndano Frambuesa<\/li>\n<li>Cereza helada<\/li>\n<li>Coco Lim\u00f3n<\/li>\n<li>Mel\u00f3n Hami<\/li>\n<li>Kiwi Fruta de la pasi\u00f3n Guayaba<\/li>\n<li>Granizo de lim\u00f3n<\/li>\n<li>Monstruo de mango<\/li>\n<li>Pi\u00f1a Coco<\/li>\n<li>Sand\u00eda con frambuesa<\/li>\n<li>Fresa Pl\u00e1tano<\/li>\n<li>Fresa helada<\/li>\n<li>Fresa Kiwi<\/li>\n<li>Fresa Frambuesa<\/li>\n<li>Coca-Cola de fresa y vainilla<\/li>\n<li>Hielo de sand\u00eda<\/li>\n<\/ol>\n<h2>Lista de embalaje:<\/h2>\n<p>1 unidad por caja<br \/>\n10 unidades por caja<br \/>\n200 unidades por caja<\/p>\n<figure id=\"attachment_21268\" aria-describedby=\"caption-attachment-21268\" style=\"width: 800px\" class=\"wp-caption alignnone\"><img loading=\"lazy\" decoding=\"async\" class=\"wp-image-21268 size-full\" title=\"Mayorista Happbar GR 20000 Puffs Vape Desechable 7\" src=\"https:\/\/www.vapeswholesaler.com\/wp-content\/uploads\/2025\/01\/Wholesale-Happbar-GR-20000-Puffs-Disposable-Vape-7.webp\" alt=\"Mayorista Happbar GR 20000 Puffs Vape Desechable 7\" width=\"800\" height=\"396\" srcset=\"https:\/\/www.vapeswholesaler.com\/wp-content\/uploads\/2025\/01\/Wholesale-Happbar-GR-20000-Puffs-Disposable-Vape-7.webp 800w, https:\/\/www.vapeswholesaler.com\/wp-content\/uploads\/2025\/01\/Wholesale-Happbar-GR-20000-Puffs-Disposable-Vape-7-300x149.webp 300w, https:\/\/www.vapeswholesaler.com\/wp-content\/uploads\/2025\/01\/Wholesale-Happbar-GR-20000-Puffs-Disposable-Vape-7-768x380.webp 768w, https:\/\/www.vapeswholesaler.com\/wp-content\/uploads\/2025\/01\/Wholesale-Happbar-GR-20000-Puffs-Disposable-Vape-7-18x9.webp 18w, https:\/\/www.vapeswholesaler.com\/wp-content\/uploads\/2025\/01\/Wholesale-Happbar-GR-20000-Puffs-Disposable-Vape-7-510x252.webp 510w\" sizes=\"auto, (max-width: 800px) 100vw, 800px\" \/><figcaption id=\"caption-attachment-21268\" class=\"wp-caption-text\">Venta al por mayor Happ bar GR 20000 Puffs Vape desechable<\/figcaption><\/figure>\n<figure id=\"attachment_21269\" aria-describedby=\"caption-attachment-21269\" style=\"width: 800px\" class=\"wp-caption alignnone\"><img loading=\"lazy\" decoding=\"async\" class=\"wp-image-21269 size-full\" title=\"Mayorista Happbar GR 20000 Puffs Desechables Vape 8\" src=\"https:\/\/www.vapeswholesaler.com\/wp-content\/uploads\/2025\/01\/Wholesale-Happbar-GR-20000-Puffs-Disposable-Vape-8.webp\" alt=\"Mayorista Happbar GR 20000 Puffs Desechables Vape 8\" width=\"800\" height=\"800\" srcset=\"https:\/\/www.vapeswholesaler.com\/wp-content\/uploads\/2025\/01\/Wholesale-Happbar-GR-20000-Puffs-Disposable-Vape-8.webp 800w, https:\/\/www.vapeswholesaler.com\/wp-content\/uploads\/2025\/01\/Wholesale-Happbar-GR-20000-Puffs-Disposable-Vape-8-300x300.webp 300w, https:\/\/www.vapeswholesaler.com\/wp-content\/uploads\/2025\/01\/Wholesale-Happbar-GR-20000-Puffs-Disposable-Vape-8-150x150.webp 150w, https:\/\/www.vapeswholesaler.com\/wp-content\/uploads\/2025\/01\/Wholesale-Happbar-GR-20000-Puffs-Disposable-Vape-8-768x768.webp 768w, https:\/\/www.vapeswholesaler.com\/wp-content\/uploads\/2025\/01\/Wholesale-Happbar-GR-20000-Puffs-Disposable-Vape-8-12x12.webp 12w, https:\/\/www.vapeswholesaler.com\/wp-content\/uploads\/2025\/01\/Wholesale-Happbar-GR-20000-Puffs-Disposable-Vape-8-247x247.webp 247w, https:\/\/www.vapeswholesaler.com\/wp-content\/uploads\/2025\/01\/Wholesale-Happbar-GR-20000-Puffs-Disposable-Vape-8-510x510.webp 510w, https:\/\/www.vapeswholesaler.com\/wp-content\/uploads\/2025\/01\/Wholesale-Happbar-GR-20000-Puffs-Disposable-Vape-8-100x100.webp 100w\" sizes=\"auto, (max-width: 800px) 100vw, 800px\" \/><figcaption id=\"caption-attachment-21269\" class=\"wp-caption-text\">Venta al por mayor Happ bar GR 20000 Puffs Vape desechable<\/figcaption><\/figure>\n<p>&nbsp;<\/p>\n<figure id=\"attachment_21273\" aria-describedby=\"caption-attachment-21273\" style=\"width: 800px\" class=\"wp-caption alignnone\"><img loading=\"lazy\" decoding=\"async\" class=\"wp-image-21273 size-full\" title=\"Mayorista Happbar GR 20000 Puffs Vape Desechable 12\" src=\"https:\/\/www.vapeswholesaler.com\/wp-content\/uploads\/2025\/01\/Wholesale-Happbar-GR-20000-Puffs-Disposable-Vape-12.webp\" alt=\"Mayorista Happbar GR 20000 Puffs Vape Desechable 12\" width=\"800\" height=\"800\" srcset=\"https:\/\/www.vapeswholesaler.com\/wp-content\/uploads\/2025\/01\/Wholesale-Happbar-GR-20000-Puffs-Disposable-Vape-12.webp 800w, https:\/\/www.vapeswholesaler.com\/wp-content\/uploads\/2025\/01\/Wholesale-Happbar-GR-20000-Puffs-Disposable-Vape-12-300x300.webp 300w, https:\/\/www.vapeswholesaler.com\/wp-content\/uploads\/2025\/01\/Wholesale-Happbar-GR-20000-Puffs-Disposable-Vape-12-150x150.webp 150w, https:\/\/www.vapeswholesaler.com\/wp-content\/uploads\/2025\/01\/Wholesale-Happbar-GR-20000-Puffs-Disposable-Vape-12-768x768.webp 768w, https:\/\/www.vapeswholesaler.com\/wp-content\/uploads\/2025\/01\/Wholesale-Happbar-GR-20000-Puffs-Disposable-Vape-12-12x12.webp 12w, https:\/\/www.vapeswholesaler.com\/wp-content\/uploads\/2025\/01\/Wholesale-Happbar-GR-20000-Puffs-Disposable-Vape-12-247x247.webp 247w, https:\/\/www.vapeswholesaler.com\/wp-content\/uploads\/2025\/01\/Wholesale-Happbar-GR-20000-Puffs-Disposable-Vape-12-510x510.webp 510w, https:\/\/www.vapeswholesaler.com\/wp-content\/uploads\/2025\/01\/Wholesale-Happbar-GR-20000-Puffs-Disposable-Vape-12-100x100.webp 100w\" sizes=\"auto, (max-width: 800px) 100vw, 800px\" \/><figcaption id=\"caption-attachment-21273\" class=\"wp-caption-text\">Venta al por mayor Happ bar GR 20000 Puffs Vape desechable<\/figcaption><\/figure>\n<p>&nbsp;<\/p>","protected":false},"excerpt":{"rendered":"<p>Cantidad m\u00ednima de pedido:\u00a0<strong>50 unidades<\/strong>\u00a0(Mezcla de sabores)\u00a0\u00a0<strong>Env\u00edo gratuito<\/strong><\/p>\n<p>(<strong>2%, 5% Nic<\/strong>) Almac\u00e9n UE Plazo de env\u00edo 5-6 d\u00edas laborables \"<em><strong>No hay ventas a Espa\u00f1a\"<\/strong><\/em><\/p>","protected":false},"featured_media":21262,"comment_status":"open","ping_status":"closed","template":"","meta":[],"product_cat":[15],"product_tag":[373,380,100],"class_list":{"0":"post-21293","1":"product","2":"type-product","3":"status-publish","4":"has-post-thumbnail","6":"product_cat-disposable-vape","7":"product_tag-europe-warehouse","8":"product_tag-happ-bar","9":"product_tag-20000-puffs","10":"product_brand-happ-bar","12":"first","13":"outofstock","14":"shipping-taxable","15":"purchasable","16":"product-type-variable","17":"has-default-attributes"},"aioseo_notices":[],"_links":{"self":[{"href":"https:\/\/www.vapeswholesaler.com\/es\/wp-json\/wp\/v2\/product\/21293","targetHints":{"allow":["GET"]}}],"collection":[{"href":"https:\/\/www.vapeswholesaler.com\/es\/wp-json\/wp\/v2\/product"}],"about":[{"href":"https:\/\/www.vapeswholesaler.com\/es\/wp-json\/wp\/v2\/types\/product"}],"replies":[{"embeddable":true,"href":"https:\/\/www.vapeswholesaler.com\/es\/wp-json\/wp\/v2\/comments?post=21293"}],"wp:featuredmedia":[{"embeddable":true,"href":"https:\/\/www.vapeswholesaler.com\/es\/wp-json\/wp\/v2\/media\/21262"}],"wp:attachment":[{"href":"https:\/\/www.vapeswholesaler.com\/es\/wp-json\/wp\/v2\/media?parent=21293"}],"wp:term":[{"taxonomy":"product_cat","embeddable":true,"href":"https:\/\/www.vapeswholesaler.com\/es\/wp-json\/wp\/v2\/product_cat?post=21293"},{"taxonomy":"product_tag","embeddable":true,"href":"https:\/\/www.vapeswholesaler.com\/es\/wp-json\/wp\/v2\/product_tag?post=21293"}],"curies":[{"name":"wp","href":"https:\/\/api.w.org\/{rel}","templated":true}]}}