{"id":21174,"date":"2024-12-29T20:11:32","date_gmt":"2024-12-29T12:11:32","guid":{"rendered":"https:\/\/www.vapeswholesaler.com\/?post_type=product&#038;p=21174"},"modified":"2025-09-16T15:16:55","modified_gmt":"2025-09-16T07:16:55","slug":"mayorista-jnr-alien-10000-puffs-vape-desechable","status":"publish","type":"product","link":"https:\/\/www.vapeswholesaler.com\/es\/producto\/mayorista-jnr-alien-10000-puffs-vape-desechable","title":{"rendered":"Mayorista JNR Alien 10000 Puffs Vape Desechable"},"content":{"rendered":"<p>En <a title=\"JNR\" href=\"https:\/\/www.vapeswholesaler.com\/es\/marca_producto\/jnr-vape-desechable\/\"><strong>JNR<\/strong><\/a> El vapeador desechable Alien 10000 Puffs ofrece una suave extracci\u00f3n y un sabroso vapor con una bobina de 1,2\u03a9, y cuenta con una impresionante capacidad de aproximadamente 10000 caladas, alimentado por una bater\u00eda de 850mAh. Con 20 ml de e-l\u00edquido precargado, ofrece una amplia gama de m\u00e1s de 30 sabores, desde hielo refrescante hasta deliciosas frutas. La comodidad de un puerto de carga Type-C garantiza una recarga r\u00e1pida y sin complicaciones.<\/p>\n<h2><strong>JNR Alien 10000 Puffs Features:<\/strong><\/h2>\n<ul>\n<li>Dise\u00f1o deportivo<\/li>\n<li>Luces LED (RGB),<\/li>\n<li>Aproximadamente 10.000 caladas<\/li>\n<li>Sabores impresionantes<\/li>\n<li>Experiencia de vapeo suave<\/li>\n<li>Mayor satisfacci\u00f3n<\/li>\n<li>Estilo de moda<\/li>\n<li>Con un arn\u00e9s para llevarlo c\u00f3modamente sobre la marcha<\/li>\n<li>Nicotina: 0% 2% 5%<\/li>\n<li>Capacidad del e-l\u00edquido: 20ml<\/li>\n<li>Capacidad de la bater\u00eda:850mah<\/li>\n<li>N\u00facleo: 1.2ohm Mesh Coils<\/li>\n<\/ul>\n<h2><strong>\u00a0<\/strong><strong>Sabores disponibles\uff1a<\/strong><\/h2>\n<ol>\n<li>Hielo del Drag\u00f3n Negro<\/li>\n<li>Azul Razz Cereza<\/li>\n<li>Hielo Razz Azul<\/li>\n<li>Chicle de ar\u00e1ndanos<\/li>\n<li>Ar\u00e1ndano Cereza Ar\u00e1ndano<\/li>\n<li>Ar\u00e1ndanos sobre hielo<\/li>\n<li>Frambuesa \u00e1cida con ar\u00e1ndanos<\/li>\n<li>Cola de cereza efervescente<\/li>\n<li>Hielo de uva<\/li>\n<li>Guayaba lce<\/li>\n<li>Kiwi Fruta de la pasi\u00f3n Guayaba<\/li>\n<li>Fresa Kiwi<\/li>\n<li>Mezcla de bayas<\/li>\n<li>Mr.Blue<\/li>\n<li>Fruta de la pasi\u00f3n<\/li>\n<li>Melocot\u00f3n baya<\/li>\n<li>Caramelo de melocot\u00f3n y ar\u00e1ndanos<\/li>\n<li>Melocot\u00f3n helado<\/li>\n<li>Melocot\u00f3n Mango Pi\u00f1a<\/li>\n<li>Manzana \u00e1cida<\/li>\n<li>Fresa Pl\u00e1tano<\/li>\n<li>Fresa helada<\/li>\n<li>Fresa Frambuesa Cereza Helado<\/li>\n<li>Hielo de fresa y sand\u00eda<\/li>\n<li>Limonada de fresa y sand\u00eda<\/li>\n<li>Chicle de sand\u00eda<\/li>\n<li>Hielo de sand\u00eda<\/li>\n<li>Hielo de pl\u00e1tano<\/li>\n<li>Ar\u00e1ndano Kiwi<\/li>\n<li>Cereza<\/li>\n<li>Cola Ice<\/li>\n<li>Menta fresca<\/li>\n<li>Manzana doble<\/li>\n<li>Osito de goma<\/li>\n<li>Hielo exuberante<\/li>\n<li>Sand\u00eda con frambuesa<\/li>\n<li>Caramelo de fresa helado<\/li>\n<li>Pinacolada de fresa<\/li>\n<li>Fresa y granada<\/li>\n<li>Helado de fresa y frambuesa<\/li>\n<li>Ponche tropical<\/li>\n<li>Sand\u00eda Brazz Ice<\/li>\n<li>Sand\u00eda Lichi<\/li>\n<\/ol>\n<h2><strong>Lista de embalaje:<\/strong><\/h2>\n<p>1 unidad por caja<br \/>\n10 unidades cada uno Caja expositora<br \/>\n200 unidades por caja<\/p>\n<p><img loading=\"lazy\" decoding=\"async\" class=\"alignnone wp-image-21176 size-full\" title=\"Mayorista JNR Alien 10000 Puffs Vape Desechable 12\" src=\"https:\/\/www.vapeswholesaler.com\/wp-content\/uploads\/2024\/12\/Wholesale-JNR-Alien-10000-Puffs-Disposable-Vape-12.webp\" alt=\"Mayorista JNR Alien 10000 Puffs Vape Desechable 12\" width=\"800\" height=\"800\" srcset=\"https:\/\/www.vapeswholesaler.com\/wp-content\/uploads\/2024\/12\/Wholesale-JNR-Alien-10000-Puffs-Disposable-Vape-12.webp 800w, https:\/\/www.vapeswholesaler.com\/wp-content\/uploads\/2024\/12\/Wholesale-JNR-Alien-10000-Puffs-Disposable-Vape-12-300x300.webp 300w, https:\/\/www.vapeswholesaler.com\/wp-content\/uploads\/2024\/12\/Wholesale-JNR-Alien-10000-Puffs-Disposable-Vape-12-150x150.webp 150w, https:\/\/www.vapeswholesaler.com\/wp-content\/uploads\/2024\/12\/Wholesale-JNR-Alien-10000-Puffs-Disposable-Vape-12-768x768.webp 768w, https:\/\/www.vapeswholesaler.com\/wp-content\/uploads\/2024\/12\/Wholesale-JNR-Alien-10000-Puffs-Disposable-Vape-12-12x12.webp 12w, https:\/\/www.vapeswholesaler.com\/wp-content\/uploads\/2024\/12\/Wholesale-JNR-Alien-10000-Puffs-Disposable-Vape-12-247x247.webp 247w, https:\/\/www.vapeswholesaler.com\/wp-content\/uploads\/2024\/12\/Wholesale-JNR-Alien-10000-Puffs-Disposable-Vape-12-510x510.webp 510w, https:\/\/www.vapeswholesaler.com\/wp-content\/uploads\/2024\/12\/Wholesale-JNR-Alien-10000-Puffs-Disposable-Vape-12-100x100.webp 100w\" sizes=\"auto, (max-width: 800px) 100vw, 800px\" \/> <img loading=\"lazy\" decoding=\"async\" class=\"alignnone wp-image-21177 size-full\" title=\"Mayorista JNR Alien 10000 Puffs Vape Desechable 13\" src=\"https:\/\/www.vapeswholesaler.com\/wp-content\/uploads\/2024\/12\/Wholesale-JNR-Alien-10000-Puffs-Disposable-Vape-13.webp\" alt=\"Mayorista JNR Alien 10000 Puffs Vape Desechable 13\" width=\"800\" height=\"450\" srcset=\"https:\/\/www.vapeswholesaler.com\/wp-content\/uploads\/2024\/12\/Wholesale-JNR-Alien-10000-Puffs-Disposable-Vape-13.webp 800w, https:\/\/www.vapeswholesaler.com\/wp-content\/uploads\/2024\/12\/Wholesale-JNR-Alien-10000-Puffs-Disposable-Vape-13-300x169.webp 300w, https:\/\/www.vapeswholesaler.com\/wp-content\/uploads\/2024\/12\/Wholesale-JNR-Alien-10000-Puffs-Disposable-Vape-13-768x432.webp 768w, https:\/\/www.vapeswholesaler.com\/wp-content\/uploads\/2024\/12\/Wholesale-JNR-Alien-10000-Puffs-Disposable-Vape-13-18x10.webp 18w, https:\/\/www.vapeswholesaler.com\/wp-content\/uploads\/2024\/12\/Wholesale-JNR-Alien-10000-Puffs-Disposable-Vape-13-510x287.webp 510w\" sizes=\"auto, (max-width: 800px) 100vw, 800px\" \/><\/p>\n<p>&nbsp;<\/p>\n<p>&nbsp;<\/p>","protected":false},"excerpt":{"rendered":"<p>Cantidad m\u00ednima de pedido:\u00a0<strong>50 unidades<\/strong>\u00a0(Mezcla de sabores)<\/p>\n<p>\uff08 2%\uff0c5%\uff09<strong>Env\u00edo gratuito<\/strong><\/p>","protected":false},"featured_media":21172,"comment_status":"open","ping_status":"closed","template":"","meta":[],"product_cat":[15],"product_tag":[427,428,429],"class_list":{"0":"post-21174","1":"product","2":"type-product","3":"status-publish","4":"has-post-thumbnail","6":"product_cat-disposable-vape","7":"product_tag-jnr-10000-puffs","8":"product_tag-jnr-10000-vapes","9":"product_tag-jnr-10000-disposable-vape","10":"product_brand-jnr-disposable-vape","12":"first","13":"instock","14":"shipping-taxable","15":"purchasable","16":"product-type-variable","17":"has-default-attributes"},"aioseo_notices":[],"_links":{"self":[{"href":"https:\/\/www.vapeswholesaler.com\/es\/wp-json\/wp\/v2\/product\/21174","targetHints":{"allow":["GET"]}}],"collection":[{"href":"https:\/\/www.vapeswholesaler.com\/es\/wp-json\/wp\/v2\/product"}],"about":[{"href":"https:\/\/www.vapeswholesaler.com\/es\/wp-json\/wp\/v2\/types\/product"}],"replies":[{"embeddable":true,"href":"https:\/\/www.vapeswholesaler.com\/es\/wp-json\/wp\/v2\/comments?post=21174"}],"wp:featuredmedia":[{"embeddable":true,"href":"https:\/\/www.vapeswholesaler.com\/es\/wp-json\/wp\/v2\/media\/21172"}],"wp:attachment":[{"href":"https:\/\/www.vapeswholesaler.com\/es\/wp-json\/wp\/v2\/media?parent=21174"}],"wp:term":[{"taxonomy":"product_cat","embeddable":true,"href":"https:\/\/www.vapeswholesaler.com\/es\/wp-json\/wp\/v2\/product_cat?post=21174"},{"taxonomy":"product_tag","embeddable":true,"href":"https:\/\/www.vapeswholesaler.com\/es\/wp-json\/wp\/v2\/product_tag?post=21174"}],"curies":[{"name":"wp","href":"https:\/\/api.w.org\/{rel}","templated":true}]}}