{"id":21142,"date":"2024-12-27T16:55:33","date_gmt":"2024-12-27T08:55:33","guid":{"rendered":"https:\/\/www.vapeswholesaler.com\/?post_type=product&#038;p=21142"},"modified":"2025-08-12T11:57:44","modified_gmt":"2025-08-12T03:57:44","slug":"mayorista-jnr-mediamax-40000-puffs-vape-desechable","status":"publish","type":"product","link":"https:\/\/www.vapeswholesaler.com\/es\/producto\/mayorista-jnr-mediamax-40000-puffs-vape-desechable","title":{"rendered":"Mayorista JNR MediaMax 40000 Puffs Vape Desechable"},"content":{"rendered":"<p>JNR MediaMax 40000 Puffs es un revolucionario vapeador desechable que empuja los l\u00edmites del sabor y despierta tus sentidos. Con su pantalla HD de 4 pulgadas de funci\u00f3n, deleita tus ojos con un espect\u00e1culo visual mientras disfrutas de m\u00faltiples modos de potencia de salida adaptados a tus preferencias. Controla tu experiencia sin esfuerzo a trav\u00e9s de su suave aplicaci\u00f3n y conexi\u00f3n Bluetooth. Adopta la tecnolog\u00eda tradicional de doble bobina con un dise\u00f1o de doble bobina que duplica el rendimiento, garantizando una experiencia de vapeo inigualable.<\/p>\n<p>Con una bater\u00eda de 1000mAh de capacidad, el JNR MediaMax 40000 Puffs ofrece un viaje de sabor rico y duradero. Entra en un mundo de sabor mejorado y resistencia con el JNR MediaMax 40000 Puffs Vape Desechable despierta tus sentidos hoy.<\/p>\n<h2><strong><a href=\"https:\/\/www.vapeswholesaler.com\/es\/marca_producto\/jnr-vape-desechable\/\">JNR<\/a> MediaMax 40000 Puffs Vape Desechable Caracter\u00edsticas:<\/strong><\/h2>\n<ul>\n<li>Capacidad precargada: 21 ml<\/li>\n<li>Capacidad de la bater\u00eda: 1000mah<\/li>\n<li>Max Puffs: 20k (Modo Pulso) | 40k (Modo Normal)<\/li>\n<li>Potencia de nicotina: 5% (50mg)<\/li>\n<li>Funcionamiento: Activado por sorteo<\/li>\n<li>Elemento calefactor: Doble bobina de malla<\/li>\n<li>Flujo de aire: Fijo<\/li>\n<li>Pantalla de visualizaci\u00f3n: Pantalla de alta definici\u00f3n<\/li>\n<li>Carga: USB Tipo-C<\/li>\n<li>Indicador de duraci\u00f3n de la bater\u00eda<\/li>\n<li>Indicador de nivel de e-l\u00edquido<\/li>\n<\/ul>\n<h2><strong>JNR MediaMax 40000 Puffs Desechables Vape Sabores:<\/strong><\/h2>\n<ol>\n<li>Hielo Razz Azul<\/li>\n<li>Sand\u00eda con ar\u00e1ndanos<\/li>\n<li>Cereza Fresa Frambuesa<\/li>\n<li>Fabuloso<\/li>\n<li>Casa de la Moneda de Miami<\/li>\n<li>Melocot\u00f3n Mango Sand\u00eda<\/li>\n<li>Hielo de manzana \u00e1cida<\/li>\n<li>Fresa Pl\u00e1tano<\/li>\n<li>Fresa helada<\/li>\n<li>Hielo de sand\u00eda<\/li>\n<\/ol>\n<h2><strong>Lista de embalaje:<\/strong><\/h2>\n<p>1 unidad por caja<br \/>\nCaja expositora de 5 unidades<br \/>\n100 unidades por caja<\/p>\n<p><img loading=\"lazy\" decoding=\"async\" class=\"alignnone wp-image-21136 size-full\" title=\"Mayorista JNR MediaMax 40000 Puffs Vape Desechable 5\" src=\"https:\/\/www.vapeswholesaler.com\/wp-content\/uploads\/2024\/12\/Wholesale-JNR-MediaMax-40000-Puffs-Disposable-Vape-5-scaled.jpg\" alt=\"Mayorista JNR MediaMax 40000 Puffs Vape Desechable 5\" width=\"650\" height=\"2560\" srcset=\"https:\/\/www.vapeswholesaler.com\/wp-content\/uploads\/2024\/12\/Wholesale-JNR-MediaMax-40000-Puffs-Disposable-Vape-5-scaled.jpg 650w, https:\/\/www.vapeswholesaler.com\/wp-content\/uploads\/2024\/12\/Wholesale-JNR-MediaMax-40000-Puffs-Disposable-Vape-5-76x300.jpg 76w, https:\/\/www.vapeswholesaler.com\/wp-content\/uploads\/2024\/12\/Wholesale-JNR-MediaMax-40000-Puffs-Disposable-Vape-5-260x1024.jpg 260w, https:\/\/www.vapeswholesaler.com\/wp-content\/uploads\/2024\/12\/Wholesale-JNR-MediaMax-40000-Puffs-Disposable-Vape-5-768x3024.jpg 768w, https:\/\/www.vapeswholesaler.com\/wp-content\/uploads\/2024\/12\/Wholesale-JNR-MediaMax-40000-Puffs-Disposable-Vape-5-390x1536.jpg 390w, https:\/\/www.vapeswholesaler.com\/wp-content\/uploads\/2024\/12\/Wholesale-JNR-MediaMax-40000-Puffs-Disposable-Vape-5-520x2048.jpg 520w, https:\/\/www.vapeswholesaler.com\/wp-content\/uploads\/2024\/12\/Wholesale-JNR-MediaMax-40000-Puffs-Disposable-Vape-5-3x12.jpg 3w, https:\/\/www.vapeswholesaler.com\/wp-content\/uploads\/2024\/12\/Wholesale-JNR-MediaMax-40000-Puffs-Disposable-Vape-5-510x2008.jpg 510w\" sizes=\"auto, (max-width: 650px) 100vw, 650px\" \/><\/p>","protected":false},"excerpt":{"rendered":"<p>Cantidad m\u00ednima de pedido:\u00a0<strong>50 UNIDADES<\/strong>\u00a0(Mezcla de sabores)\u00a0\u00a0<strong>Env\u00edo gratuito<\/strong><\/p>\n<p>(<strong>5% Nic<\/strong>)<\/p>","protected":false},"featured_media":21138,"comment_status":"open","ping_status":"closed","template":"","meta":[],"product_cat":[15],"product_tag":[],"class_list":{"0":"post-21142","1":"product","2":"type-product","3":"status-publish","4":"has-post-thumbnail","6":"product_cat-disposable-vape","7":"product_brand-jnr-disposable-vape","9":"first","10":"instock","11":"shipping-taxable","12":"purchasable","13":"product-type-variable","14":"has-default-attributes"},"aioseo_notices":[],"_links":{"self":[{"href":"https:\/\/www.vapeswholesaler.com\/es\/wp-json\/wp\/v2\/product\/21142","targetHints":{"allow":["GET"]}}],"collection":[{"href":"https:\/\/www.vapeswholesaler.com\/es\/wp-json\/wp\/v2\/product"}],"about":[{"href":"https:\/\/www.vapeswholesaler.com\/es\/wp-json\/wp\/v2\/types\/product"}],"replies":[{"embeddable":true,"href":"https:\/\/www.vapeswholesaler.com\/es\/wp-json\/wp\/v2\/comments?post=21142"}],"wp:featuredmedia":[{"embeddable":true,"href":"https:\/\/www.vapeswholesaler.com\/es\/wp-json\/wp\/v2\/media\/21138"}],"wp:attachment":[{"href":"https:\/\/www.vapeswholesaler.com\/es\/wp-json\/wp\/v2\/media?parent=21142"}],"wp:term":[{"taxonomy":"product_cat","embeddable":true,"href":"https:\/\/www.vapeswholesaler.com\/es\/wp-json\/wp\/v2\/product_cat?post=21142"},{"taxonomy":"product_tag","embeddable":true,"href":"https:\/\/www.vapeswholesaler.com\/es\/wp-json\/wp\/v2\/product_tag?post=21142"}],"curies":[{"name":"wp","href":"https:\/\/api.w.org\/{rel}","templated":true}]}}