{"id":21120,"date":"2024-12-26T22:55:43","date_gmt":"2024-12-26T14:55:43","guid":{"rendered":"https:\/\/www.vapeswholesaler.com\/?post_type=product&#038;p=21120"},"modified":"2025-12-06T10:33:16","modified_gmt":"2025-12-06T02:33:16","slug":"mayorista-feemo-alps-30000-puffs-vape-desechable","status":"publish","type":"product","link":"https:\/\/www.vapeswholesaler.com\/es\/producto\/mayorista-feemo-alps-30000-puffs-vape-desechable","title":{"rendered":"Mayorista Feemo Alps 30000 Puffs Vape Desechable"},"content":{"rendered":"<p>Feemo Alps 30000 Puffs E-Cigarrillo desechable es una marca nueva, Ahora puede disfrutar de hasta 30.000 caladas sin dejar de obtener todos los sabores fant\u00e1sticos y la funcionalidad que los cigarrillos electr\u00f3nicos desechables tienen para ofrecer. Con una amplia gama de sabores y configuraciones ajustables, el cigarrillo electr\u00f3nico desechable Feemo Alps 30000 puede satisfacer todas sus necesidades de vapeo.<\/p>\n<p>Feemo Alps 30000 Puffs Disposable E-Cigarette, un dispositivo de vanguardia y de larga duraci\u00f3n que contiene 35 mililitros completos de e-l\u00edquido de nicotina 2% y puede dar hasta 30,000 caladas.Este e-cigarrillo tiene una bater\u00eda recargable de 850mAh, admite carga USB Tipo-C y tiene bobinas de malla duales, un sistema de flujo de aire ajustable y una pantalla LCD clara para una experiencia de vaping personalizada. Obtenga este gadget rico en caracter\u00edsticas y de alta capacidad para disfrutar de un vapeo informado y satisfactorio.<\/p>\n<p>Con una bobina Sub Ohm de 0.5 ohm, el Cloud Mountain ALPS 30000 Puffs ofrece nubes robustas y un sabor intenso con cada calada, asegurando una experiencia de vapeo satisfactoria. Feemo Alps 30000 e-cigarrillo desechable tiene un sabor m\u00e1s fuerte y ofrece un excelente equilibrio. te hacen desarrollar un profundo afecto por este art\u00edculo.<\/p>\n<h2><strong><a href=\"https:\/\/www.vapeswholesaler.com\/es\/marca_producto\/feemo\/\">Feemo<\/a> Alps 30000 Puffs Vape Desechable Caracter\u00edsticas:<\/strong><\/h2>\n<ul>\n<li>Bater\u00eda recargable de 850 mAh<\/li>\n<li>35 ml de e-l\u00edquido precargado<\/li>\n<li>Potencia de nicotina 2%<\/li>\n<li>Alcanza hasta 30000 bocanadas<\/li>\n<li>Bobina de malla de 0,5 ohmios<\/li>\n<li>Puerto de carga Tipo-C<\/li>\n<li>10 sabores disponibles<\/li>\n<\/ul>\n<h2><strong>Feemo Alps 30000 Puffs Desechables Vape Sabores:<\/strong><\/h2>\n<ol>\n<li>Mel\u00f3n Drag\u00f3n<\/li>\n<li>Black Ice Fruta del Drag\u00f3n Fresa<\/li>\n<li>Limonada rosa<\/li>\n<li>Sand\u00eda con fresa<\/li>\n<li>Aloe Uva<\/li>\n<li>Fresa Pl\u00e1tano<\/li>\n<li>Cola de ar\u00e1ndanos y cerezas<\/li>\n<li>Sand\u00eda<\/li>\n<li>Fruta de la pasi\u00f3n Kiwi<\/li>\n<li>Mango<\/li>\n<\/ol>\n<h2><strong>Lista de embalaje:<\/strong><\/h2>\n<p>1 unidad por caja<br \/>\n10 unidades por caja<br \/>\n200 unidades por caja<\/p>\n<p><img loading=\"lazy\" decoding=\"async\" class=\"alignnone wp-image-21117 size-full\" title=\"Mayorista Feemo Alps 30000 Puffs Desechables Vape 8\" src=\"https:\/\/www.vapeswholesaler.com\/wp-content\/uploads\/2024\/12\/Wholesale-Feemo-Alps-30000-Puffs-Disposable-Vape-8.webp\" alt=\"Mayorista Feemo Alps 30000 Puffs Desechables Vape 8\" width=\"800\" height=\"800\" srcset=\"https:\/\/www.vapeswholesaler.com\/wp-content\/uploads\/2024\/12\/Wholesale-Feemo-Alps-30000-Puffs-Disposable-Vape-8.webp 800w, https:\/\/www.vapeswholesaler.com\/wp-content\/uploads\/2024\/12\/Wholesale-Feemo-Alps-30000-Puffs-Disposable-Vape-8-300x300.webp 300w, https:\/\/www.vapeswholesaler.com\/wp-content\/uploads\/2024\/12\/Wholesale-Feemo-Alps-30000-Puffs-Disposable-Vape-8-150x150.webp 150w, https:\/\/www.vapeswholesaler.com\/wp-content\/uploads\/2024\/12\/Wholesale-Feemo-Alps-30000-Puffs-Disposable-Vape-8-768x768.webp 768w, https:\/\/www.vapeswholesaler.com\/wp-content\/uploads\/2024\/12\/Wholesale-Feemo-Alps-30000-Puffs-Disposable-Vape-8-12x12.webp 12w, https:\/\/www.vapeswholesaler.com\/wp-content\/uploads\/2024\/12\/Wholesale-Feemo-Alps-30000-Puffs-Disposable-Vape-8-247x247.webp 247w, https:\/\/www.vapeswholesaler.com\/wp-content\/uploads\/2024\/12\/Wholesale-Feemo-Alps-30000-Puffs-Disposable-Vape-8-510x510.webp 510w, https:\/\/www.vapeswholesaler.com\/wp-content\/uploads\/2024\/12\/Wholesale-Feemo-Alps-30000-Puffs-Disposable-Vape-8-100x100.webp 100w\" sizes=\"auto, (max-width: 800px) 100vw, 800px\" \/> <img loading=\"lazy\" decoding=\"async\" class=\"alignnone wp-image-21115 size-full\" title=\"Mayorista Feemo Alps 30000 Puffs Desechables Vape 6\" src=\"https:\/\/www.vapeswholesaler.com\/wp-content\/uploads\/2024\/12\/Wholesale-Feemo-Alps-30000-Puffs-Disposable-Vape-6.webp\" alt=\"Mayorista Feemo Alps 30000 Puffs Desechables Vape 6\" width=\"800\" height=\"800\" srcset=\"https:\/\/www.vapeswholesaler.com\/wp-content\/uploads\/2024\/12\/Wholesale-Feemo-Alps-30000-Puffs-Disposable-Vape-6.webp 800w, https:\/\/www.vapeswholesaler.com\/wp-content\/uploads\/2024\/12\/Wholesale-Feemo-Alps-30000-Puffs-Disposable-Vape-6-300x300.webp 300w, https:\/\/www.vapeswholesaler.com\/wp-content\/uploads\/2024\/12\/Wholesale-Feemo-Alps-30000-Puffs-Disposable-Vape-6-150x150.webp 150w, https:\/\/www.vapeswholesaler.com\/wp-content\/uploads\/2024\/12\/Wholesale-Feemo-Alps-30000-Puffs-Disposable-Vape-6-768x768.webp 768w, https:\/\/www.vapeswholesaler.com\/wp-content\/uploads\/2024\/12\/Wholesale-Feemo-Alps-30000-Puffs-Disposable-Vape-6-12x12.webp 12w, https:\/\/www.vapeswholesaler.com\/wp-content\/uploads\/2024\/12\/Wholesale-Feemo-Alps-30000-Puffs-Disposable-Vape-6-247x247.webp 247w, https:\/\/www.vapeswholesaler.com\/wp-content\/uploads\/2024\/12\/Wholesale-Feemo-Alps-30000-Puffs-Disposable-Vape-6-510x510.webp 510w, https:\/\/www.vapeswholesaler.com\/wp-content\/uploads\/2024\/12\/Wholesale-Feemo-Alps-30000-Puffs-Disposable-Vape-6-100x100.webp 100w\" sizes=\"auto, (max-width: 800px) 100vw, 800px\" \/> <img loading=\"lazy\" decoding=\"async\" class=\"alignnone wp-image-21116 size-full\" title=\"Mayorista Feemo Alps 30000 Puffs Vape Desechable 7\" src=\"https:\/\/www.vapeswholesaler.com\/wp-content\/uploads\/2024\/12\/Wholesale-Feemo-Alps-30000-Puffs-Disposable-Vape-7.webp\" alt=\"Mayorista Feemo Alps 30000 Puffs Vape Desechable 7\" width=\"800\" height=\"800\" srcset=\"https:\/\/www.vapeswholesaler.com\/wp-content\/uploads\/2024\/12\/Wholesale-Feemo-Alps-30000-Puffs-Disposable-Vape-7.webp 800w, https:\/\/www.vapeswholesaler.com\/wp-content\/uploads\/2024\/12\/Wholesale-Feemo-Alps-30000-Puffs-Disposable-Vape-7-300x300.webp 300w, https:\/\/www.vapeswholesaler.com\/wp-content\/uploads\/2024\/12\/Wholesale-Feemo-Alps-30000-Puffs-Disposable-Vape-7-150x150.webp 150w, https:\/\/www.vapeswholesaler.com\/wp-content\/uploads\/2024\/12\/Wholesale-Feemo-Alps-30000-Puffs-Disposable-Vape-7-768x768.webp 768w, https:\/\/www.vapeswholesaler.com\/wp-content\/uploads\/2024\/12\/Wholesale-Feemo-Alps-30000-Puffs-Disposable-Vape-7-12x12.webp 12w, https:\/\/www.vapeswholesaler.com\/wp-content\/uploads\/2024\/12\/Wholesale-Feemo-Alps-30000-Puffs-Disposable-Vape-7-247x247.webp 247w, https:\/\/www.vapeswholesaler.com\/wp-content\/uploads\/2024\/12\/Wholesale-Feemo-Alps-30000-Puffs-Disposable-Vape-7-510x510.webp 510w, https:\/\/www.vapeswholesaler.com\/wp-content\/uploads\/2024\/12\/Wholesale-Feemo-Alps-30000-Puffs-Disposable-Vape-7-100x100.webp 100w\" sizes=\"auto, (max-width: 800px) 100vw, 800px\" \/> <img loading=\"lazy\" decoding=\"async\" class=\"alignnone wp-image-21118 size-full\" title=\"Mayorista Feemo Alps 30000 Puffs Vape Desechable 9\" src=\"https:\/\/www.vapeswholesaler.com\/wp-content\/uploads\/2024\/12\/Wholesale-Feemo-Alps-30000-Puffs-Disposable-Vape-9.webp\" alt=\"Mayorista Feemo Alps 30000 Puffs Vape Desechable 9\" width=\"800\" height=\"800\" srcset=\"https:\/\/www.vapeswholesaler.com\/wp-content\/uploads\/2024\/12\/Wholesale-Feemo-Alps-30000-Puffs-Disposable-Vape-9.webp 800w, https:\/\/www.vapeswholesaler.com\/wp-content\/uploads\/2024\/12\/Wholesale-Feemo-Alps-30000-Puffs-Disposable-Vape-9-300x300.webp 300w, https:\/\/www.vapeswholesaler.com\/wp-content\/uploads\/2024\/12\/Wholesale-Feemo-Alps-30000-Puffs-Disposable-Vape-9-150x150.webp 150w, https:\/\/www.vapeswholesaler.com\/wp-content\/uploads\/2024\/12\/Wholesale-Feemo-Alps-30000-Puffs-Disposable-Vape-9-768x768.webp 768w, https:\/\/www.vapeswholesaler.com\/wp-content\/uploads\/2024\/12\/Wholesale-Feemo-Alps-30000-Puffs-Disposable-Vape-9-12x12.webp 12w, https:\/\/www.vapeswholesaler.com\/wp-content\/uploads\/2024\/12\/Wholesale-Feemo-Alps-30000-Puffs-Disposable-Vape-9-247x247.webp 247w, https:\/\/www.vapeswholesaler.com\/wp-content\/uploads\/2024\/12\/Wholesale-Feemo-Alps-30000-Puffs-Disposable-Vape-9-510x510.webp 510w, https:\/\/www.vapeswholesaler.com\/wp-content\/uploads\/2024\/12\/Wholesale-Feemo-Alps-30000-Puffs-Disposable-Vape-9-100x100.webp 100w\" sizes=\"auto, (max-width: 800px) 100vw, 800px\" \/> <img loading=\"lazy\" decoding=\"async\" class=\"alignnone wp-image-21119 size-full\" title=\"Mayorista Feemo Alps 30000 Puffs Vape Desechable 10\" src=\"https:\/\/www.vapeswholesaler.com\/wp-content\/uploads\/2024\/12\/Wholesale-Feemo-Alps-30000-Puffs-Disposable-Vape-10.webp\" alt=\"Mayorista Feemo Alps 30000 Puffs Vape Desechable 10\" width=\"800\" height=\"800\" srcset=\"https:\/\/www.vapeswholesaler.com\/wp-content\/uploads\/2024\/12\/Wholesale-Feemo-Alps-30000-Puffs-Disposable-Vape-10.webp 800w, https:\/\/www.vapeswholesaler.com\/wp-content\/uploads\/2024\/12\/Wholesale-Feemo-Alps-30000-Puffs-Disposable-Vape-10-300x300.webp 300w, https:\/\/www.vapeswholesaler.com\/wp-content\/uploads\/2024\/12\/Wholesale-Feemo-Alps-30000-Puffs-Disposable-Vape-10-150x150.webp 150w, https:\/\/www.vapeswholesaler.com\/wp-content\/uploads\/2024\/12\/Wholesale-Feemo-Alps-30000-Puffs-Disposable-Vape-10-768x768.webp 768w, https:\/\/www.vapeswholesaler.com\/wp-content\/uploads\/2024\/12\/Wholesale-Feemo-Alps-30000-Puffs-Disposable-Vape-10-12x12.webp 12w, https:\/\/www.vapeswholesaler.com\/wp-content\/uploads\/2024\/12\/Wholesale-Feemo-Alps-30000-Puffs-Disposable-Vape-10-247x247.webp 247w, https:\/\/www.vapeswholesaler.com\/wp-content\/uploads\/2024\/12\/Wholesale-Feemo-Alps-30000-Puffs-Disposable-Vape-10-510x510.webp 510w, https:\/\/www.vapeswholesaler.com\/wp-content\/uploads\/2024\/12\/Wholesale-Feemo-Alps-30000-Puffs-Disposable-Vape-10-100x100.webp 100w\" sizes=\"auto, (max-width: 800px) 100vw, 800px\" \/><\/p>","protected":false},"excerpt":{"rendered":"<p>Cantidad m\u00ednima de pedido: <strong>100 UNIDADES<\/strong> (Mezcla de sabores)\u00a0 <strong>\u00a0Env\u00edo gratuito<\/strong><br \/>\n\uff082%\uff09<strong>Almac\u00e9n UE Plazo de env\u00edo 4-5 d\u00edas laborables<\/strong><\/p>","protected":false},"featured_media":21113,"comment_status":"open","ping_status":"closed","template":"","meta":[],"product_cat":[15],"product_tag":[],"class_list":{"0":"post-21120","1":"product","2":"type-product","3":"status-publish","4":"has-post-thumbnail","6":"product_cat-disposable-vape","7":"product_brand-feemo","9":"first","10":"instock","11":"shipping-taxable","12":"purchasable","13":"product-type-variable","14":"has-default-attributes"},"aioseo_notices":[],"_links":{"self":[{"href":"https:\/\/www.vapeswholesaler.com\/es\/wp-json\/wp\/v2\/product\/21120","targetHints":{"allow":["GET"]}}],"collection":[{"href":"https:\/\/www.vapeswholesaler.com\/es\/wp-json\/wp\/v2\/product"}],"about":[{"href":"https:\/\/www.vapeswholesaler.com\/es\/wp-json\/wp\/v2\/types\/product"}],"replies":[{"embeddable":true,"href":"https:\/\/www.vapeswholesaler.com\/es\/wp-json\/wp\/v2\/comments?post=21120"}],"wp:featuredmedia":[{"embeddable":true,"href":"https:\/\/www.vapeswholesaler.com\/es\/wp-json\/wp\/v2\/media\/21113"}],"wp:attachment":[{"href":"https:\/\/www.vapeswholesaler.com\/es\/wp-json\/wp\/v2\/media?parent=21120"}],"wp:term":[{"taxonomy":"product_cat","embeddable":true,"href":"https:\/\/www.vapeswholesaler.com\/es\/wp-json\/wp\/v2\/product_cat?post=21120"},{"taxonomy":"product_tag","embeddable":true,"href":"https:\/\/www.vapeswholesaler.com\/es\/wp-json\/wp\/v2\/product_tag?post=21120"}],"curies":[{"name":"wp","href":"https:\/\/api.w.org\/{rel}","templated":true}]}}