{"id":21079,"date":"2024-12-26T21:39:17","date_gmt":"2024-12-26T13:39:17","guid":{"rendered":"https:\/\/www.vapeswholesaler.com\/?post_type=product&#038;p=21079"},"modified":"2025-09-16T15:38:26","modified_gmt":"2025-09-16T07:38:26","slug":"mayorista-jnr-falcon-x-18000-puffs-vape-desechable","status":"publish","type":"product","link":"https:\/\/www.vapeswholesaler.com\/es\/producto\/mayorista-jnr-falcon-x-18000-puffs-vape-desechable","title":{"rendered":"Mayorista JNR Falcon-X 18000 Puffs Vape Desechable"},"content":{"rendered":"<p><a href=\"https:\/\/www.vapeswholesaler.com\/es\/marca_producto\/jnr-vape-desechable\/\">JNR<\/a> Falcon-X 18000 Puffs come with 950mAh battery capacity, 24ml E-liquid. This device including the digital Display, keeping track of battery life and e-liquid information anytime. With dual-core control and alternating mesh coils, our product ensures consistent high flavor even when the battery is low.<\/p>\n<p>JNR Falcon-X 18000 Puffs \u00a1experimenta una satisfacci\u00f3n ininterrumpida con cada calada! Con una impresionante capacidad de aproximadamente 18000 caladas. Gran capacidad de e-l\u00edquido con 24ml, 950mAh de capacidad de la bater\u00eda, proporciona una diversa gama de m\u00e1s de 20 sabores, desde hielo refrescante a deliciosas frutas. La comodidad de un puerto de carga Tipo-C garantiza una recarga r\u00e1pida y sin complicaciones en cualquier momento con nuestra pantalla completa.<\/p>\n<h2><strong>JNR Falcon-X 18000 Puffs Caracter\u00edsticas:<\/strong><\/h2>\n<ul>\n<li>Puffs:18000 Puffs<\/li>\n<li>Capacidad de la bater\u00eda: 950 mAh<\/li>\n<li>Capacidad del e-l\u00edquido: 24ml<\/li>\n<li>Bater\u00eda recargable de larga duraci\u00f3n<\/li>\n<li>Pantalla para los niveles de bater\u00eda y e-l\u00edquido<\/li>\n<li>Variedad de sabores premium<\/li>\n<li>Dise\u00f1o Crystal Clear<\/li>\n<\/ul>\n<h2><strong>JNR Falcon-X 18000 Puffs Sabores:<\/strong><\/h2>\n<ol>\n<li>Hielo Razz Azul<\/li>\n<li>Ar\u00e1ndano Frambuesa<\/li>\n<li>Menta fresca<\/li>\n<li>Hielo de kiwi y sand\u00eda<\/li>\n<li>Hielo de uva<\/li>\n<li>Fresa Kiwi<\/li>\n<li>Hielo de fresa y sand\u00eda<\/li>\n<li>Hielo de sand\u00eda<\/li>\n<li>Fresa helada<\/li>\n<li>Mezcla de bayas<\/li>\n<li>Sand\u00eda Chicle<\/li>\n<li>Hielo de manzana \u00e1cida<\/li>\n<li>Melocot\u00f3n helado<\/li>\n<li>R\u00e1faga de bayas<\/li>\n<li>Ar\u00e1ndano Frambuesa Cereza<\/li>\n<li>Cereza<\/li>\n<li>Fresa Pl\u00e1tano<\/li>\n<li>Ar\u00e1ndano Kiwi<\/li>\n<li>Fruta de la pasi\u00f3n Kiwi<\/li>\n<li>Melocot\u00f3n blanco Razz<\/li>\n<li>Azul Razz Cereza<\/li>\n<li>Sand\u00eda con cerezas congelada<\/li>\n<li>Cereza Cola<\/li>\n<li>Hielo de pl\u00e1tano<\/li>\n<li>Bolos<\/li>\n<li>Mel\u00f3n triple<\/li>\n<li>Mr.Blue<\/li>\n<li>Cereza helada<\/li>\n<li>Sand\u00eda Lichi<\/li>\n<\/ol>\n<h2><strong>Lista de embalaje:<\/strong><\/h2>\n<p>1 unidad por caja<br \/>\n10 unidades por caja<br \/>\n200 unidades por caja<\/p>\n<figure id=\"attachment_24196\" aria-describedby=\"caption-attachment-24196\" style=\"width: 1000px\" class=\"wp-caption alignnone\"><img loading=\"lazy\" decoding=\"async\" class=\"wp-image-24196 size-full\" title=\"Wholesale JNR Falcon X 18000 Puffs Disposable Vape 13\" src=\"https:\/\/www.vapeswholesaler.com\/wp-content\/uploads\/2024\/12\/Wholesale-JNR-Falcon-X-18000-Puffs-Disposable-Vape-13.jpg\" alt=\"Wholesale JNR Falcon X 18000 Puffs Disposable Vape 13\" width=\"1000\" height=\"1000\" srcset=\"https:\/\/www.vapeswholesaler.com\/wp-content\/uploads\/2024\/12\/Wholesale-JNR-Falcon-X-18000-Puffs-Disposable-Vape-13.jpg 1000w, https:\/\/www.vapeswholesaler.com\/wp-content\/uploads\/2024\/12\/Wholesale-JNR-Falcon-X-18000-Puffs-Disposable-Vape-13-300x300.jpg 300w, https:\/\/www.vapeswholesaler.com\/wp-content\/uploads\/2024\/12\/Wholesale-JNR-Falcon-X-18000-Puffs-Disposable-Vape-13-150x150.jpg 150w, https:\/\/www.vapeswholesaler.com\/wp-content\/uploads\/2024\/12\/Wholesale-JNR-Falcon-X-18000-Puffs-Disposable-Vape-13-768x768.jpg 768w, https:\/\/www.vapeswholesaler.com\/wp-content\/uploads\/2024\/12\/Wholesale-JNR-Falcon-X-18000-Puffs-Disposable-Vape-13-12x12.jpg 12w, https:\/\/www.vapeswholesaler.com\/wp-content\/uploads\/2024\/12\/Wholesale-JNR-Falcon-X-18000-Puffs-Disposable-Vape-13-247x247.jpg 247w, https:\/\/www.vapeswholesaler.com\/wp-content\/uploads\/2024\/12\/Wholesale-JNR-Falcon-X-18000-Puffs-Disposable-Vape-13-510x510.jpg 510w, https:\/\/www.vapeswholesaler.com\/wp-content\/uploads\/2024\/12\/Wholesale-JNR-Falcon-X-18000-Puffs-Disposable-Vape-13-100x100.jpg 100w\" sizes=\"auto, (max-width: 1000px) 100vw, 1000px\" \/><figcaption id=\"caption-attachment-24196\" class=\"wp-caption-text\">Wholesale JNR Falcon X 18000 Puffs Disposable Vape<\/figcaption><\/figure>","protected":false},"excerpt":{"rendered":"<p>Cantidad m\u00ednima de pedido:\u00a0<strong>50 UNIDADES<\/strong>\u00a0(Mezcla de sabores)\u00a0\u00a0<strong>Env\u00edo gratuito<\/strong><\/p>\n<p>(<strong>2%, 5% Nic<\/strong>)<\/p>","protected":false},"featured_media":21078,"comment_status":"open","ping_status":"closed","template":"","meta":[],"product_cat":[15],"product_tag":[430,431,432],"class_list":{"0":"post-21079","1":"product","2":"type-product","3":"status-publish","4":"has-post-thumbnail","6":"product_cat-disposable-vape","7":"product_tag-jnr-disposable-vapes","8":"product_tag-jnr-vapes","9":"product_tag-jnr-18000-puffs","10":"product_brand-jnr-disposable-vape","12":"first","13":"instock","14":"shipping-taxable","15":"purchasable","16":"product-type-variable","17":"has-default-attributes"},"aioseo_notices":[],"_links":{"self":[{"href":"https:\/\/www.vapeswholesaler.com\/es\/wp-json\/wp\/v2\/product\/21079","targetHints":{"allow":["GET"]}}],"collection":[{"href":"https:\/\/www.vapeswholesaler.com\/es\/wp-json\/wp\/v2\/product"}],"about":[{"href":"https:\/\/www.vapeswholesaler.com\/es\/wp-json\/wp\/v2\/types\/product"}],"replies":[{"embeddable":true,"href":"https:\/\/www.vapeswholesaler.com\/es\/wp-json\/wp\/v2\/comments?post=21079"}],"wp:featuredmedia":[{"embeddable":true,"href":"https:\/\/www.vapeswholesaler.com\/es\/wp-json\/wp\/v2\/media\/21078"}],"wp:attachment":[{"href":"https:\/\/www.vapeswholesaler.com\/es\/wp-json\/wp\/v2\/media?parent=21079"}],"wp:term":[{"taxonomy":"product_cat","embeddable":true,"href":"https:\/\/www.vapeswholesaler.com\/es\/wp-json\/wp\/v2\/product_cat?post=21079"},{"taxonomy":"product_tag","embeddable":true,"href":"https:\/\/www.vapeswholesaler.com\/es\/wp-json\/wp\/v2\/product_tag?post=21079"}],"curies":[{"name":"wp","href":"https:\/\/api.w.org\/{rel}","templated":true}]}}