{"id":21026,"date":"2024-12-26T17:28:24","date_gmt":"2024-12-26T09:28:24","guid":{"rendered":"https:\/\/www.vapeswholesaler.com\/?post_type=product&#038;p=21026"},"modified":"2025-08-12T12:01:00","modified_gmt":"2025-08-12T04:01:00","slug":"mayorista-jnr-falcon-16000-puffs-vape-desechable","status":"publish","type":"product","link":"https:\/\/www.vapeswholesaler.com\/es\/producto\/mayorista-jnr-falcon-16000-puffs-vape-desechable","title":{"rendered":"Mayorista JNR Falcon 16000 Puffs Vape Desechable"},"content":{"rendered":"<p>El vapeador desechable JNR Falcon 16000 Puffs ofrece una experiencia de vapeo sin igual con una capacidad aproximada de 16000 puffs. Elige entre opciones de nicotina de 0-2% y disfruta de un uso ininterrumpido alimentado por una bater\u00eda de 850mAh. El elegante dise\u00f1o de cristal y la tecnolog\u00eda de doble malla proporcionan un sabor excepcional y la producci\u00f3n de vapor. Con una generosa capacidad de 22ml de e-l\u00edquido, cuenta con opciones de carga tipo C y lightning para una mayor versatilidad.<\/p>\n<p>El vaporizador desechable JNR Falcon 16000 Puffs combina un dise\u00f1o elegante, potencia y comodidad en un dispositivo de primera calidad, por lo que es la elecci\u00f3n ideal para los vapeadores que valoran tanto la forma como la funcionalidad.<\/p>\n<h2><strong><a href=\"https:\/\/www.vapeswholesaler.com\/es\/marca_producto\/jnr-vape-desechable\/\">JNR<\/a> Falcon 16000 Puffs Vape Desechable Caracter\u00edsticas:<\/strong><\/h2>\n<ul>\n<li>Gran bocanada<\/li>\n<li>Hasta 16000 caladas y grandes r\u00e1fagas de nubes<\/li>\n<li>Malla doble<\/li>\n<li>Nube m\u00e1s grande y fuerte golpe de garganta,<\/li>\n<li>Aroma duradero hasta la \u00faltima calada<\/li>\n<li>Doble puerto de carga<\/li>\n<li>Tipo C y Lightning incluidos<\/li>\n<\/ul>\n<h2><strong>JNR Falcon 16000 Puffs Desechables Vape Sabores:<\/strong><\/h2>\n<ol>\n<li>Zarzamora Frambuesa roja<\/li>\n<li>Hielo Razz Azul<\/li>\n<li>Hielo de ar\u00e1ndano y granada<\/li>\n<li>Ar\u00e1ndano Rojo Frambuesa<\/li>\n<li>Mango Fruta de la pasi\u00f3n<\/li>\n<li>Fruta de la pasi\u00f3n Kiwi<\/li>\n<li>Uva Sakura<\/li>\n<li>Fresa Kiwi<\/li>\n<li>Hielo de fresa y sand\u00eda<\/li>\n<li>Sand\u00eda Mango Melocot\u00f3n<\/li>\n<li>Hielo de sand\u00eda<\/li>\n<li>R\u00e1faga de bayas<\/li>\n<li>Melocot\u00f3n blanco Razz<\/li>\n<li>Hubba Bubba Fresa<\/li>\n<li>Ar\u00e1ndano Frambuesa Cereza<\/li>\n<li>Cereza<\/li>\n<li>Fresa helada<\/li>\n<li>Mezcla de bayas<\/li>\n<li>Sand\u00eda Chicle<\/li>\n<li>Fresa Pl\u00e1tano<\/li>\n<li>Cola Ice<\/li>\n<li>Ar\u00e1ndano Kiwi<\/li>\n<li>Azul Razz Cereza<\/li>\n<li>Sand\u00eda con cerezas congelada<\/li>\n<li>Cola de cereza efervescente<\/li>\n<li>Melocotones jugosos<\/li>\n<li>Melocot\u00f3n baya<\/li>\n<li>Kiwi Fruta de la pasi\u00f3n Guayaba<\/li>\n<\/ol>\n<h2><strong>Lista de embalaje:<\/strong><\/h2>\n<p>1 unidad por caja<br \/>\n10 unidades cada uno Caja expositora<br \/>\n200 unidades por caja<\/p>\n<p><img loading=\"lazy\" decoding=\"async\" class=\"alignnone wp-image-21036 size-full\" title=\"Mayorista JNR Falcon 16000 Puffs sabor Vape Desechable 10\" src=\"https:\/\/www.vapeswholesaler.com\/wp-content\/uploads\/2024\/12\/Wholesale-JNR-Falcon-16000-Puffs-flavor-Disposable-Vape-10-scaled.webp\" alt=\"Mayorista JNR Falcon 16000 Puffs sabor Vape Desechable 10\" width=\"759\" height=\"2560\" srcset=\"https:\/\/www.vapeswholesaler.com\/wp-content\/uploads\/2024\/12\/Wholesale-JNR-Falcon-16000-Puffs-flavor-Disposable-Vape-10-scaled.webp 759w, https:\/\/www.vapeswholesaler.com\/wp-content\/uploads\/2024\/12\/Wholesale-JNR-Falcon-16000-Puffs-flavor-Disposable-Vape-10-89x300.webp 89w, https:\/\/www.vapeswholesaler.com\/wp-content\/uploads\/2024\/12\/Wholesale-JNR-Falcon-16000-Puffs-flavor-Disposable-Vape-10-455x1536.webp 455w, https:\/\/www.vapeswholesaler.com\/wp-content\/uploads\/2024\/12\/Wholesale-JNR-Falcon-16000-Puffs-flavor-Disposable-Vape-10-607x2048.webp 607w, https:\/\/www.vapeswholesaler.com\/wp-content\/uploads\/2024\/12\/Wholesale-JNR-Falcon-16000-Puffs-flavor-Disposable-Vape-10-4x12.webp 4w, https:\/\/www.vapeswholesaler.com\/wp-content\/uploads\/2024\/12\/Wholesale-JNR-Falcon-16000-Puffs-flavor-Disposable-Vape-10-510x1721.webp 510w\" sizes=\"auto, (max-width: 759px) 100vw, 759px\" \/><\/p>","protected":false},"excerpt":{"rendered":"<p>Cantidad m\u00ednima de pedido:\u00a0<strong>50PCS<\/strong>\u00a0(Mezcla de sabores)\u00a0\u00a0<strong>Env\u00edo gratuito<\/strong><\/p>\n<p>(<strong>2%, 5% Nic<\/strong>)<\/p>","protected":false},"featured_media":21065,"comment_status":"open","ping_status":"closed","template":"","meta":[],"product_cat":[15],"product_tag":[],"class_list":{"0":"post-21026","1":"product","2":"type-product","3":"status-publish","4":"has-post-thumbnail","6":"product_cat-disposable-vape","7":"product_brand-jnr-disposable-vape","9":"first","10":"instock","11":"shipping-taxable","12":"purchasable","13":"product-type-variable","14":"has-default-attributes"},"aioseo_notices":[],"_links":{"self":[{"href":"https:\/\/www.vapeswholesaler.com\/es\/wp-json\/wp\/v2\/product\/21026","targetHints":{"allow":["GET"]}}],"collection":[{"href":"https:\/\/www.vapeswholesaler.com\/es\/wp-json\/wp\/v2\/product"}],"about":[{"href":"https:\/\/www.vapeswholesaler.com\/es\/wp-json\/wp\/v2\/types\/product"}],"replies":[{"embeddable":true,"href":"https:\/\/www.vapeswholesaler.com\/es\/wp-json\/wp\/v2\/comments?post=21026"}],"wp:featuredmedia":[{"embeddable":true,"href":"https:\/\/www.vapeswholesaler.com\/es\/wp-json\/wp\/v2\/media\/21065"}],"wp:attachment":[{"href":"https:\/\/www.vapeswholesaler.com\/es\/wp-json\/wp\/v2\/media?parent=21026"}],"wp:term":[{"taxonomy":"product_cat","embeddable":true,"href":"https:\/\/www.vapeswholesaler.com\/es\/wp-json\/wp\/v2\/product_cat?post=21026"},{"taxonomy":"product_tag","embeddable":true,"href":"https:\/\/www.vapeswholesaler.com\/es\/wp-json\/wp\/v2\/product_tag?post=21026"}],"curies":[{"name":"wp","href":"https:\/\/api.w.org\/{rel}","templated":true}]}}