{"id":21007,"date":"2024-12-26T13:40:25","date_gmt":"2024-12-26T05:40:25","guid":{"rendered":"https:\/\/www.vapeswholesaler.com\/?post_type=product&#038;p=21007"},"modified":"2025-03-14T11:30:16","modified_gmt":"2025-03-14T03:30:16","slug":"venta-al-por-mayor-zooy-vape-firzen-35000-bocanadas-vape-desechable","status":"publish","type":"product","link":"https:\/\/www.vapeswholesaler.com\/es\/producto\/venta-al-por-mayor-zooy-vape-firzen-35000-bocanadas-vape-desechable","title":{"rendered":"Mayorista ZOOY VAPE FIRZEN 35000 Puffs Vape Desechable"},"content":{"rendered":"<p><a href=\"https:\/\/www.vapeswholesaler.com\/es\/marca_producto\/zooy\/\">ZOOY<\/a> VAPE FIRZEN 35000 Puffs desechables Vape gadget es el ep\u00edtome de la tecnolog\u00eda vaping. NIC&amp;ICE CONTROL\u3001ajustable desechable los 3levels de hielo y 3 niveles de nic control\u30011.0+1.0double Mesh Coi\u30013Colors LGB Light. El mejor rendimiento en su clase, caracter\u00edsticas de vanguardia, y la comodidad notable se combinan en este gadget inventiva para proporcionar una experiencia vaping sin precedentes. El ZOOY VAPE FIRZEN 35000 desechable tiene una sorprendente capacidad de 35.000 caladas y un dise\u00f1o sencillo que pretende entretener y satisfacer.<\/p>\n<p>ZOOY VAPE FIRZEN 35000 dispositivo puff desechable, disfrutar vaping como nunca antes. Diez dispositivos separados se incluyen en cada paquete, por lo que siempre puede experimentar sus sabores favoritos. Cada dispositivo proporciona un rendimiento de larga duraci\u00f3n para mantenerte feliz durante d\u00edas y d\u00edas, con alrededor de 35.000 caladas cada dispositivo.<\/p>\n<p>ZOOY VAPE FIRZEN 35000 caladas desechables le ayudar\u00e1n a vapear m\u00e1s eficazmente. Contiene e-juice precargado de alta calidad de 32ml y una bater\u00eda recargable de 650mAh. Puede ajustar la intensidad de la nicotina y el efecto de enfriamiento controlado a su gusto. La bobina de malla doble permite a los usuarios de MTL experimentar nubes grandes y sedosas y permite un flujo de aire ajustable. Este ingenioso gadget combina una gran pantalla digital, controles, comodidad y una punta de lengua ergon\u00f3mica. Consigue ya este cigarrillo electr\u00f3nico desechable y aprov\u00e9chate de la mejor oferta.<\/p>\n<h2><strong>ZOOY VAPE FIRZEN 35000 Caracter\u00edsticas:<\/strong><\/h2>\n<ul>\n<li>Puffs: 35000puffs<\/li>\n<li>CONTROL DE NIC&amp;ICE<\/li>\n<li>Capacidad de la bater\u00eda:650mah<\/li>\n<li>Capacidad del zumo: 32 ml<\/li>\n<li>Peso del producto: 90 g<\/li>\n<li>Tama\u00f1o del producto:103,5*45*21 mm<\/li>\n<li>Bobina de malla doble 1,0+1,0<\/li>\n<li>Luz LGB de 3 colores<\/li>\n<li>ajustable desechable el<\/li>\n<li>3 niveles de hielo y 3 niveles de control de nic<\/li>\n<li>TIPO-C Recargable<\/li>\n<\/ul>\n<h2><strong>Sabores:<\/strong><\/h2>\n<ol>\n<li>Aloe Uva<\/li>\n<li>Hielo de sand\u00eda<\/li>\n<li>Fresa Pl\u00e1tano<\/li>\n<li>Fresa Frambuesa Kiwi<\/li>\n<li>Mentol<\/li>\n<li>Limonada de ar\u00e1ndanos y frambuesas<\/li>\n<li>Pi\u00f1a Coco<\/li>\n<li>Zarzamora Ar\u00e1ndano<\/li>\n<li>Sand\u00eda con fresa<\/li>\n<li>Mezcla de bayas<\/li>\n<\/ol>\n<h2><strong>Lista de embalaje:<\/strong><\/h2>\n<p>1 unidad por caja<br \/>\n10 unidades por caja<br \/>\n200 unidades por caja<\/p>\n<p><img loading=\"lazy\" decoding=\"async\" class=\"alignnone wp-image-20994 size-full\" title=\"Mayorista ZOOY VAPE FIRZEN 35000 Puffs Vape Desechable 1\" src=\"https:\/\/www.vapeswholesaler.com\/wp-content\/uploads\/2024\/12\/Wholesale-ZOOY-VAPE-FIRZEN-35000-Puffs-Disposable-Vape-1.webp\" alt=\"Mayorista ZOOY VAPE FIRZEN 35000 Puffs Vape Desechable 1\" width=\"800\" height=\"800\" srcset=\"https:\/\/www.vapeswholesaler.com\/wp-content\/uploads\/2024\/12\/Wholesale-ZOOY-VAPE-FIRZEN-35000-Puffs-Disposable-Vape-1.webp 800w, https:\/\/www.vapeswholesaler.com\/wp-content\/uploads\/2024\/12\/Wholesale-ZOOY-VAPE-FIRZEN-35000-Puffs-Disposable-Vape-1-300x300.webp 300w, https:\/\/www.vapeswholesaler.com\/wp-content\/uploads\/2024\/12\/Wholesale-ZOOY-VAPE-FIRZEN-35000-Puffs-Disposable-Vape-1-150x150.webp 150w, https:\/\/www.vapeswholesaler.com\/wp-content\/uploads\/2024\/12\/Wholesale-ZOOY-VAPE-FIRZEN-35000-Puffs-Disposable-Vape-1-768x768.webp 768w, https:\/\/www.vapeswholesaler.com\/wp-content\/uploads\/2024\/12\/Wholesale-ZOOY-VAPE-FIRZEN-35000-Puffs-Disposable-Vape-1-12x12.webp 12w, https:\/\/www.vapeswholesaler.com\/wp-content\/uploads\/2024\/12\/Wholesale-ZOOY-VAPE-FIRZEN-35000-Puffs-Disposable-Vape-1-247x247.webp 247w, https:\/\/www.vapeswholesaler.com\/wp-content\/uploads\/2024\/12\/Wholesale-ZOOY-VAPE-FIRZEN-35000-Puffs-Disposable-Vape-1-510x510.webp 510w, https:\/\/www.vapeswholesaler.com\/wp-content\/uploads\/2024\/12\/Wholesale-ZOOY-VAPE-FIRZEN-35000-Puffs-Disposable-Vape-1-100x100.webp 100w\" sizes=\"auto, (max-width: 800px) 100vw, 800px\" \/> <img loading=\"lazy\" decoding=\"async\" class=\"alignnone wp-image-20995 size-full\" title=\"Mayorista ZOOY VAPE FIRZEN 35000 Puffs Vape Desechable 2\" src=\"https:\/\/www.vapeswholesaler.com\/wp-content\/uploads\/2024\/12\/Wholesale-ZOOY-VAPE-FIRZEN-35000-Puffs-Disposable-Vape-2.webp\" alt=\"Mayorista ZOOY VAPE FIRZEN 35000 Puffs Vape Desechable 2\" width=\"800\" height=\"800\" srcset=\"https:\/\/www.vapeswholesaler.com\/wp-content\/uploads\/2024\/12\/Wholesale-ZOOY-VAPE-FIRZEN-35000-Puffs-Disposable-Vape-2.webp 800w, https:\/\/www.vapeswholesaler.com\/wp-content\/uploads\/2024\/12\/Wholesale-ZOOY-VAPE-FIRZEN-35000-Puffs-Disposable-Vape-2-300x300.webp 300w, https:\/\/www.vapeswholesaler.com\/wp-content\/uploads\/2024\/12\/Wholesale-ZOOY-VAPE-FIRZEN-35000-Puffs-Disposable-Vape-2-150x150.webp 150w, https:\/\/www.vapeswholesaler.com\/wp-content\/uploads\/2024\/12\/Wholesale-ZOOY-VAPE-FIRZEN-35000-Puffs-Disposable-Vape-2-768x768.webp 768w, https:\/\/www.vapeswholesaler.com\/wp-content\/uploads\/2024\/12\/Wholesale-ZOOY-VAPE-FIRZEN-35000-Puffs-Disposable-Vape-2-12x12.webp 12w, https:\/\/www.vapeswholesaler.com\/wp-content\/uploads\/2024\/12\/Wholesale-ZOOY-VAPE-FIRZEN-35000-Puffs-Disposable-Vape-2-247x247.webp 247w, https:\/\/www.vapeswholesaler.com\/wp-content\/uploads\/2024\/12\/Wholesale-ZOOY-VAPE-FIRZEN-35000-Puffs-Disposable-Vape-2-510x510.webp 510w, https:\/\/www.vapeswholesaler.com\/wp-content\/uploads\/2024\/12\/Wholesale-ZOOY-VAPE-FIRZEN-35000-Puffs-Disposable-Vape-2-100x100.webp 100w\" sizes=\"auto, (max-width: 800px) 100vw, 800px\" \/><\/p>\n<p>&nbsp;<\/p>","protected":false},"excerpt":{"rendered":"<p>Cantidad m\u00ednima de pedido:\u00a0<strong>50 UNIDADES<\/strong>\u00a0(Mezcla de sabores)\u00a0\u00a0<strong>Env\u00edo gratuito<\/strong><\/p>\n<p>(<strong>2%, 5% Nic<\/strong>) Almac\u00e9n UE Plazo de env\u00edo 5-6 d\u00edas laborables<\/p>","protected":false},"featured_media":21001,"comment_status":"open","ping_status":"closed","template":"","meta":[],"product_cat":[15],"product_tag":[117,371,373],"class_list":{"0":"post-21007","1":"product","2":"type-product","3":"status-publish","4":"has-post-thumbnail","6":"product_cat-disposable-vape","7":"product_tag-35000-puffs","8":"product_tag-zooy","9":"product_tag-europe-warehouse","10":"product_brand-zooy","12":"first","13":"instock","14":"shipping-taxable","15":"purchasable","16":"product-type-variable","17":"has-default-attributes"},"aioseo_notices":[],"_links":{"self":[{"href":"https:\/\/www.vapeswholesaler.com\/es\/wp-json\/wp\/v2\/product\/21007","targetHints":{"allow":["GET"]}}],"collection":[{"href":"https:\/\/www.vapeswholesaler.com\/es\/wp-json\/wp\/v2\/product"}],"about":[{"href":"https:\/\/www.vapeswholesaler.com\/es\/wp-json\/wp\/v2\/types\/product"}],"replies":[{"embeddable":true,"href":"https:\/\/www.vapeswholesaler.com\/es\/wp-json\/wp\/v2\/comments?post=21007"}],"wp:featuredmedia":[{"embeddable":true,"href":"https:\/\/www.vapeswholesaler.com\/es\/wp-json\/wp\/v2\/media\/21001"}],"wp:attachment":[{"href":"https:\/\/www.vapeswholesaler.com\/es\/wp-json\/wp\/v2\/media?parent=21007"}],"wp:term":[{"taxonomy":"product_cat","embeddable":true,"href":"https:\/\/www.vapeswholesaler.com\/es\/wp-json\/wp\/v2\/product_cat?post=21007"},{"taxonomy":"product_tag","embeddable":true,"href":"https:\/\/www.vapeswholesaler.com\/es\/wp-json\/wp\/v2\/product_tag?post=21007"}],"curies":[{"name":"wp","href":"https:\/\/api.w.org\/{rel}","templated":true}]}}