{"id":20731,"date":"2024-12-01T18:24:40","date_gmt":"2024-12-01T10:24:40","guid":{"rendered":"https:\/\/www.vapeswholesaler.com\/?post_type=product&#038;p=20731"},"modified":"2025-02-22T22:37:48","modified_gmt":"2025-02-22T14:37:48","slug":"mayorista-fumot-tornado-25000-bocanadas-vape-desechable","status":"publish","type":"product","link":"https:\/\/www.vapeswholesaler.com\/es\/producto\/mayorista-fumot-tornado-25000-bocanadas-vape-desechable","title":{"rendered":"Mayorista Fumot Tornado 25000 Puffs Vape Desechable"},"content":{"rendered":"<p>El Vape desechable Fumot Tornado 25000 Puffs est\u00e1 dise\u00f1ado para aquellos que exigen comodidad, rendimiento y caracter\u00edsticas de vanguardia. Dise\u00f1ado para ofrecer hasta 25.000 caladas, este dispositivo ofrece un uso prolongado y un rendimiento constante, por lo que es ideal para el disfrute vaping de larga duraci\u00f3n.Con una bobina de malla doble, el Fumot Tornado 25000 Puffs asegura vapor suave y sabroso con cada inhalaci\u00f3n. La pantalla t\u00e1ctil TFT de 1,77 pulgadas le permite navegar f\u00e1cilmente a trav\u00e9s de los ajustes y controlar el rendimiento de su vape con s\u00f3lo un toque, ofreciendo una experiencia de usuario de alta tecnolog\u00eda.<\/p>\n<p>Equipado con una bater\u00eda recargable de 700 mAh y carga r\u00e1pida Type-C, el Fumot Tornado 25000 Puffs garantiza recargas r\u00e1pidas, permiti\u00e9ndote vapear sin interrupciones. La pantalla LED proporciona actualizaciones en tiempo real de la bater\u00eda y el nivel de e-l\u00edquido, manteni\u00e9ndote informado sobre el estado de tu dispositivo en todo momento.<\/p>\n<p>Fumot Tornado 25000 Puffs disponible en potencias de nicotina 2% y 5% y ofreciendo 13 sabores distintos, este vape abastece a una amplia gama de preferencias. Si usted prefiere un golpe de nicotina suave o m\u00e1s fuerte, hay un sabor y la fuerza de la nicotina para satisfacer sus necesidades.fumot Tornado 25000 Puffs toque Switch Vape desechable es la elecci\u00f3n perfecta para aquellos que buscan una experiencia fiable, de alta tecnolog\u00eda vaping. Con sus caracter\u00edsticas intuitivas y dise\u00f1o elegante, est\u00e1 construido para mantenerte satisfecho a largo plazo.<\/p>\n<h2><strong><a href=\"https:\/\/www.vapeswholesaler.com\/es\/marca_producto\/randm\/\">Fumot<\/a> Tornado 25000 Puffs Detalles:<\/strong><\/h2>\n<ul>\n<li>Nicotina: 2%\/5%<\/li>\n<li>Bocanadas: Hasta 25.000 caladas<\/li>\n<li>Bobina de malla doble<\/li>\n<li>Pantalla t\u00e1ctil TFT de 1,77 pulgadas<\/li>\n<li>Interruptor de grifo<\/li>\n<li>Indicador LED de bater\u00eda y nivel de l\u00edquido<\/li>\n<li>Capacidad de la bater\u00eda: 700 mAh<\/li>\n<li>Carga r\u00e1pida Tipo-C<\/li>\n<\/ul>\n<h2><strong>Fumot Tornado 25000 Puffs Sabores:<\/strong><\/h2>\n<ol>\n<li>Hielo de pl\u00e1tano<\/li>\n<li>Hielo negro<\/li>\n<li>Ar\u00e1ndanos sobre hielo<\/li>\n<li>Ar\u00e1ndano Frambuesa<\/li>\n<li>Bomba de cereza<\/li>\n<li>Cereza Cola<\/li>\n<li>Menta fresca<\/li>\n<li>Manzana doble<\/li>\n<li>Dr. Azul<\/li>\n<li>Hielo de uva<\/li>\n<li>Uva Lim\u00f3n<\/li>\n<li>Helado de melocot\u00f3n jugoso<\/li>\n<li>Kiwi Fruta de la pasi\u00f3n Guayaba<\/li>\n<li>Hielo exuberante<\/li>\n<li>Casa de la Moneda de Miami<\/li>\n<li>Melocot\u00f3n Mango Sand\u00eda<\/li>\n<li>Pi\u00f1a helada<\/li>\n<li>Limonada rosa<\/li>\n<li>Fresa helada<\/li>\n<li>Fresa Mango<\/li>\n<li>Caramelo de fresa y menta<\/li>\n<li>Red Bull de fresa<\/li>\n<li>Sand\u00eda con fresa<\/li>\n<li>Tropical Rainbow Blast<\/li>\n<li>Hielo de sand\u00eda<\/li>\n<li>Gominolas blancas<\/li>\n<\/ol>\n<p><strong>Lista de embalaje:<\/strong><\/p>\n<p>1 unidad por caja<br \/>\n10 unidades cada caja central<br \/>\n200 unidades por caja<\/p>\n<p><img loading=\"lazy\" decoding=\"async\" class=\"alignnone wp-image-20729 size-full\" title=\"Mayorista Fumot Tornado 25000 Puffs Vape Desechable 7\" src=\"https:\/\/www.vapeswholesaler.com\/wp-content\/uploads\/2024\/12\/Wholesale-Fumot-Tornado-25000-Puffs-Disposable-Vape-7.webp\" alt=\"Mayorista Fumot Tornado 25000 Puffs Vape Desechable 7\" width=\"800\" height=\"450\" srcset=\"https:\/\/www.vapeswholesaler.com\/wp-content\/uploads\/2024\/12\/Wholesale-Fumot-Tornado-25000-Puffs-Disposable-Vape-7.webp 800w, https:\/\/www.vapeswholesaler.com\/wp-content\/uploads\/2024\/12\/Wholesale-Fumot-Tornado-25000-Puffs-Disposable-Vape-7-300x169.webp 300w, https:\/\/www.vapeswholesaler.com\/wp-content\/uploads\/2024\/12\/Wholesale-Fumot-Tornado-25000-Puffs-Disposable-Vape-7-768x432.webp 768w, https:\/\/www.vapeswholesaler.com\/wp-content\/uploads\/2024\/12\/Wholesale-Fumot-Tornado-25000-Puffs-Disposable-Vape-7-18x10.webp 18w, https:\/\/www.vapeswholesaler.com\/wp-content\/uploads\/2024\/12\/Wholesale-Fumot-Tornado-25000-Puffs-Disposable-Vape-7-510x287.webp 510w\" sizes=\"auto, (max-width: 800px) 100vw, 800px\" \/> <img loading=\"lazy\" decoding=\"async\" class=\"alignnone wp-image-20730 size-full\" title=\"Mayorista Fumot Tornado 25000 Puffs Vape Desechable 8\" src=\"https:\/\/www.vapeswholesaler.com\/wp-content\/uploads\/2024\/12\/Wholesale-Fumot-Tornado-25000-Puffs-Disposable-Vape-8.webp\" alt=\"Mayorista Fumot Tornado 25000 Puffs Vape Desechable 8\" width=\"800\" height=\"450\" srcset=\"https:\/\/www.vapeswholesaler.com\/wp-content\/uploads\/2024\/12\/Wholesale-Fumot-Tornado-25000-Puffs-Disposable-Vape-8.webp 800w, https:\/\/www.vapeswholesaler.com\/wp-content\/uploads\/2024\/12\/Wholesale-Fumot-Tornado-25000-Puffs-Disposable-Vape-8-300x169.webp 300w, https:\/\/www.vapeswholesaler.com\/wp-content\/uploads\/2024\/12\/Wholesale-Fumot-Tornado-25000-Puffs-Disposable-Vape-8-768x432.webp 768w, https:\/\/www.vapeswholesaler.com\/wp-content\/uploads\/2024\/12\/Wholesale-Fumot-Tornado-25000-Puffs-Disposable-Vape-8-18x10.webp 18w, https:\/\/www.vapeswholesaler.com\/wp-content\/uploads\/2024\/12\/Wholesale-Fumot-Tornado-25000-Puffs-Disposable-Vape-8-510x287.webp 510w\" sizes=\"auto, (max-width: 800px) 100vw, 800px\" \/> <img loading=\"lazy\" decoding=\"async\" class=\"alignnone wp-image-20728 size-full\" title=\"Mayorista Fumot Tornado 25000 Puffs Vape Desechable 6\" src=\"https:\/\/www.vapeswholesaler.com\/wp-content\/uploads\/2024\/12\/Wholesale-Fumot-Tornado-25000-Puffs-Disposable-Vape-6.webp\" alt=\"Mayorista Fumot Tornado 25000 Puffs Vape Desechable 6\" width=\"800\" height=\"800\" srcset=\"https:\/\/www.vapeswholesaler.com\/wp-content\/uploads\/2024\/12\/Wholesale-Fumot-Tornado-25000-Puffs-Disposable-Vape-6.webp 800w, https:\/\/www.vapeswholesaler.com\/wp-content\/uploads\/2024\/12\/Wholesale-Fumot-Tornado-25000-Puffs-Disposable-Vape-6-300x300.webp 300w, https:\/\/www.vapeswholesaler.com\/wp-content\/uploads\/2024\/12\/Wholesale-Fumot-Tornado-25000-Puffs-Disposable-Vape-6-150x150.webp 150w, https:\/\/www.vapeswholesaler.com\/wp-content\/uploads\/2024\/12\/Wholesale-Fumot-Tornado-25000-Puffs-Disposable-Vape-6-768x768.webp 768w, https:\/\/www.vapeswholesaler.com\/wp-content\/uploads\/2024\/12\/Wholesale-Fumot-Tornado-25000-Puffs-Disposable-Vape-6-12x12.webp 12w, https:\/\/www.vapeswholesaler.com\/wp-content\/uploads\/2024\/12\/Wholesale-Fumot-Tornado-25000-Puffs-Disposable-Vape-6-247x247.webp 247w, https:\/\/www.vapeswholesaler.com\/wp-content\/uploads\/2024\/12\/Wholesale-Fumot-Tornado-25000-Puffs-Disposable-Vape-6-510x510.webp 510w, https:\/\/www.vapeswholesaler.com\/wp-content\/uploads\/2024\/12\/Wholesale-Fumot-Tornado-25000-Puffs-Disposable-Vape-6-100x100.webp 100w\" sizes=\"auto, (max-width: 800px) 100vw, 800px\" \/><\/p>","protected":false},"excerpt":{"rendered":"<p>Cantidad m\u00ednima de pedido:\u00a0<strong>50 UNIDADES<\/strong>\u00a0(Mezcla de sabores)\u00a0\u00a0<strong>Env\u00edo gratuito<\/strong><\/p>\n<p>\uff08<strong>2%\uff0c5%<\/strong>\uff09<\/p>","protected":false},"featured_media":20723,"comment_status":"open","ping_status":"closed","template":"","meta":[],"product_cat":[15],"product_tag":[320,321,322],"class_list":{"0":"post-20731","1":"product","2":"type-product","3":"status-publish","4":"has-post-thumbnail","6":"product_cat-disposable-vape","7":"product_tag-fumot-tornado-25000-puffs","8":"product_tag-fumot-tornado-25000","9":"product_tag-fumot-tornado-25k","10":"product_brand-fumot","12":"first","13":"instock","14":"shipping-taxable","15":"purchasable","16":"product-type-variable","17":"has-default-attributes"},"aioseo_notices":[],"_links":{"self":[{"href":"https:\/\/www.vapeswholesaler.com\/es\/wp-json\/wp\/v2\/product\/20731","targetHints":{"allow":["GET"]}}],"collection":[{"href":"https:\/\/www.vapeswholesaler.com\/es\/wp-json\/wp\/v2\/product"}],"about":[{"href":"https:\/\/www.vapeswholesaler.com\/es\/wp-json\/wp\/v2\/types\/product"}],"replies":[{"embeddable":true,"href":"https:\/\/www.vapeswholesaler.com\/es\/wp-json\/wp\/v2\/comments?post=20731"}],"wp:featuredmedia":[{"embeddable":true,"href":"https:\/\/www.vapeswholesaler.com\/es\/wp-json\/wp\/v2\/media\/20723"}],"wp:attachment":[{"href":"https:\/\/www.vapeswholesaler.com\/es\/wp-json\/wp\/v2\/media?parent=20731"}],"wp:term":[{"taxonomy":"product_cat","embeddable":true,"href":"https:\/\/www.vapeswholesaler.com\/es\/wp-json\/wp\/v2\/product_cat?post=20731"},{"taxonomy":"product_tag","embeddable":true,"href":"https:\/\/www.vapeswholesaler.com\/es\/wp-json\/wp\/v2\/product_tag?post=20731"}],"curies":[{"name":"wp","href":"https:\/\/api.w.org\/{rel}","templated":true}]}}