{"id":20649,"date":"2024-12-01T16:04:04","date_gmt":"2024-12-01T08:04:04","guid":{"rendered":"https:\/\/www.vapeswholesaler.com\/?post_type=product&#038;p=20649"},"modified":"2025-10-11T17:12:40","modified_gmt":"2025-10-11T09:12:40","slug":"mayorista-waspe-fx-30000-puffs-caja-vape-desechable","status":"publish","type":"product","link":"https:\/\/www.vapeswholesaler.com\/es\/producto\/mayorista-waspe-fx-30000-puffs-caja-vape-desechable","title":{"rendered":"Mayorista WASPE FX 30000 PUFFS BOX Vape Desechable"},"content":{"rendered":"<p><a href=\"https:\/\/www.vapeswholesaler.com\/es\/marca_producto\/waspe\/\">WASPE<\/a> FX 30000 PUFFS BOX Vape desechable, dise\u00f1ado para los vapers que anhelan tanto la calidad como la longevidad. Este innovador dispositivo ofrece una impresionante 30000 caladas en modo normal y 15000 caladas en modo de pulso, lo que garantiza una experiencia de vapeo extendida sin reemplazos frecuentes.<\/p>\n<p>El producto cuenta con una capacidad sustancial de 28 ml de e-l\u00edquido, el Waspe ofrece opciones flexibles de nicotina de 0%, 2%, y 5%, atendiendo a todas las preferencias. Su sistema de doble bobina de malla (1ohm + 1ohm) mejora la intensidad del sabor y la producci\u00f3n de vapor, proporcionando una inhalaci\u00f3n satisfactoria en todo momento. y alimentado por una bater\u00eda recargable de 850mAh, convenientemente cargada a trav\u00e9s de un puerto Tipo-C para recargas r\u00e1pidas y eficientes. Con el flujo de aire ajustable, puedes personalizar f\u00e1cilmente tu calada para adaptarla a tu estilo de vapeo. Adem\u00e1s, la pantalla LED integrada permite un f\u00e1cil seguimiento de sus estad\u00edsticas de vapeo, mientras que el dise\u00f1o compacto garantiza la portabilidad.<\/p>\n<h2><strong><a href=\"https:\/\/www.facebook.com\/fred.luo.58\/\">WASPE<\/a> FX 30000 PUFFS BOX Desechables Vape Detalles:<\/strong><\/h2>\n<ul>\n<li>Regular: 30000 Puffs<\/li>\n<li>Pulso: 15000 Puffs<\/li>\n<li>Bobina Dual Mesh: 1ohm+1ohm<\/li>\n<li>E-l\u00edquido:28ml<\/li>\n<li>Nicotine:0%\/2%\/5%<\/li>\n<li>Bater\u00eda:850mah<\/li>\n<li>Flujo de aire ajustable<\/li>\n<li>Recargable:Tipo-C<\/li>\n<li>Pantalla LED<\/li>\n<li>Tama\u00f1o del producto: 61*31*115 mm<\/li>\n<\/ul>\n<h2><strong>Lista de sabores:<\/strong><\/h2>\n<ol>\n<li>Fresa Mango<\/li>\n<li>Mezcla de bayas<\/li>\n<li>Hielo de sand\u00eda<\/li>\n<li>Sand\u00eda con fresa<\/li>\n<li>Red Bull de fresa<\/li>\n<li>Kiwi Fruta de la pasi\u00f3n Guayaba<\/li>\n<li>Hielo de uva<\/li>\n<li>Doble manzana helada<\/li>\n<li>Ar\u00e1ndano Frambuesa<\/li>\n<li>Sand\u00eda Mango Melocot\u00f3n<\/li>\n<li>Hielo de ar\u00e1ndanos<\/li>\n<li>Melocot\u00f3n baya<\/li>\n<li>Fresa kiwi<\/li>\n<li>Cereza helada<\/li>\n<li>Fresa Frambuesa Cereza<\/li>\n<li>Sand\u00eda Chicle<\/li>\n<\/ol>\n<h2><strong>Lista de embalaje:<\/strong><\/h2>\n<p>1 unidad por caja<br \/>\n10 unidades cada caja central<br \/>\nPeso del producto: 107 g\/unidad<br \/>\nCANT.: 200 unidades\/ctn,<br \/>\nTama\u00f1o de la caja: 650*330*240 mm<br \/>\nG.W.: 23kg<\/p>\n<figure id=\"attachment_20651\" aria-describedby=\"caption-attachment-20651\" style=\"width: 800px\" class=\"wp-caption alignnone\"><img loading=\"lazy\" decoding=\"async\" class=\"wp-image-20651 size-full\" title=\"Mayorista WASPE FX 30000 PUFFS BOX Vape Desechable 2\" src=\"https:\/\/www.vapeswholesaler.com\/wp-content\/uploads\/2024\/12\/Wholesale-WASPE-FX-30000-PUFFS-BOX-Disposable-Vape-2.webp\" alt=\"Mayorista WASPE FX 30000 PUFFS BOX Vape Desechable 2\" width=\"800\" height=\"800\" srcset=\"https:\/\/www.vapeswholesaler.com\/wp-content\/uploads\/2024\/12\/Wholesale-WASPE-FX-30000-PUFFS-BOX-Disposable-Vape-2.webp 800w, https:\/\/www.vapeswholesaler.com\/wp-content\/uploads\/2024\/12\/Wholesale-WASPE-FX-30000-PUFFS-BOX-Disposable-Vape-2-300x300.webp 300w, https:\/\/www.vapeswholesaler.com\/wp-content\/uploads\/2024\/12\/Wholesale-WASPE-FX-30000-PUFFS-BOX-Disposable-Vape-2-150x150.webp 150w, https:\/\/www.vapeswholesaler.com\/wp-content\/uploads\/2024\/12\/Wholesale-WASPE-FX-30000-PUFFS-BOX-Disposable-Vape-2-768x768.webp 768w, https:\/\/www.vapeswholesaler.com\/wp-content\/uploads\/2024\/12\/Wholesale-WASPE-FX-30000-PUFFS-BOX-Disposable-Vape-2-12x12.webp 12w, https:\/\/www.vapeswholesaler.com\/wp-content\/uploads\/2024\/12\/Wholesale-WASPE-FX-30000-PUFFS-BOX-Disposable-Vape-2-247x247.webp 247w, https:\/\/www.vapeswholesaler.com\/wp-content\/uploads\/2024\/12\/Wholesale-WASPE-FX-30000-PUFFS-BOX-Disposable-Vape-2-510x510.webp 510w, https:\/\/www.vapeswholesaler.com\/wp-content\/uploads\/2024\/12\/Wholesale-WASPE-FX-30000-PUFFS-BOX-Disposable-Vape-2-100x100.webp 100w\" sizes=\"auto, (max-width: 800px) 100vw, 800px\" \/><figcaption id=\"caption-attachment-20651\" class=\"wp-caption-text\">Mayorista WASPE FX 30000 PUFFS BOX Vape Desechable<\/figcaption><\/figure>\n<figure id=\"attachment_20654\" aria-describedby=\"caption-attachment-20654\" style=\"width: 800px\" class=\"wp-caption alignnone\"><img loading=\"lazy\" decoding=\"async\" class=\"wp-image-20654 size-full\" title=\"Mayorista WASPE FX 30000 PUFFS CAJA Vape Desechable 5\" src=\"https:\/\/www.vapeswholesaler.com\/wp-content\/uploads\/2024\/12\/Wholesale-WASPE-FX-30000-PUFFS-BOX-Disposable-Vape-5.webp\" alt=\"Mayorista WASPE FX 30000 PUFFS CAJA Vape Desechable 5\" width=\"800\" height=\"776\" srcset=\"https:\/\/www.vapeswholesaler.com\/wp-content\/uploads\/2024\/12\/Wholesale-WASPE-FX-30000-PUFFS-BOX-Disposable-Vape-5.webp 800w, https:\/\/www.vapeswholesaler.com\/wp-content\/uploads\/2024\/12\/Wholesale-WASPE-FX-30000-PUFFS-BOX-Disposable-Vape-5-300x291.webp 300w, https:\/\/www.vapeswholesaler.com\/wp-content\/uploads\/2024\/12\/Wholesale-WASPE-FX-30000-PUFFS-BOX-Disposable-Vape-5-768x745.webp 768w, https:\/\/www.vapeswholesaler.com\/wp-content\/uploads\/2024\/12\/Wholesale-WASPE-FX-30000-PUFFS-BOX-Disposable-Vape-5-12x12.webp 12w, https:\/\/www.vapeswholesaler.com\/wp-content\/uploads\/2024\/12\/Wholesale-WASPE-FX-30000-PUFFS-BOX-Disposable-Vape-5-510x495.webp 510w\" sizes=\"auto, (max-width: 800px) 100vw, 800px\" \/><figcaption id=\"caption-attachment-20654\" class=\"wp-caption-text\">Mayorista WASPE FX 30000 PUFFS BOX Vape Desechable<\/figcaption><\/figure>","protected":false},"excerpt":{"rendered":"<p>Cantidad m\u00ednima de pedido:\u00a0<strong>50 unidades <\/strong>(Mezcla de sabores)<\/p>\n<p>\uff08 <strong>2%\uff0c5%<\/strong>\uff09<strong>Env\u00edo gratuito<\/strong><\/p>","protected":false},"featured_media":20650,"comment_status":"open","ping_status":"closed","template":"","meta":[],"product_cat":[15],"product_tag":[374,383],"class_list":{"0":"post-20649","1":"product","2":"type-product","3":"status-publish","4":"has-post-thumbnail","6":"product_cat-disposable-vape","7":"product_tag-30000-puffs","8":"product_tag-waspe","9":"product_brand-waspe","11":"first","12":"outofstock","13":"shipping-taxable","14":"purchasable","15":"product-type-variable","16":"has-default-attributes"},"aioseo_notices":[],"_links":{"self":[{"href":"https:\/\/www.vapeswholesaler.com\/es\/wp-json\/wp\/v2\/product\/20649","targetHints":{"allow":["GET"]}}],"collection":[{"href":"https:\/\/www.vapeswholesaler.com\/es\/wp-json\/wp\/v2\/product"}],"about":[{"href":"https:\/\/www.vapeswholesaler.com\/es\/wp-json\/wp\/v2\/types\/product"}],"replies":[{"embeddable":true,"href":"https:\/\/www.vapeswholesaler.com\/es\/wp-json\/wp\/v2\/comments?post=20649"}],"wp:featuredmedia":[{"embeddable":true,"href":"https:\/\/www.vapeswholesaler.com\/es\/wp-json\/wp\/v2\/media\/20650"}],"wp:attachment":[{"href":"https:\/\/www.vapeswholesaler.com\/es\/wp-json\/wp\/v2\/media?parent=20649"}],"wp:term":[{"taxonomy":"product_cat","embeddable":true,"href":"https:\/\/www.vapeswholesaler.com\/es\/wp-json\/wp\/v2\/product_cat?post=20649"},{"taxonomy":"product_tag","embeddable":true,"href":"https:\/\/www.vapeswholesaler.com\/es\/wp-json\/wp\/v2\/product_tag?post=20649"}],"curies":[{"name":"wp","href":"https:\/\/api.w.org\/{rel}","templated":true}]}}