{"id":20611,"date":"2024-12-01T13:57:46","date_gmt":"2024-12-01T05:57:46","guid":{"rendered":"https:\/\/www.vapeswholesaler.com\/?post_type=product&#038;p=20611"},"modified":"2025-10-11T17:16:22","modified_gmt":"2025-10-11T09:16:22","slug":"mayorista-waspe-aiviou-25000-bocanadas-vape-desechable","status":"publish","type":"product","link":"https:\/\/www.vapeswholesaler.com\/es\/producto\/mayorista-waspe-aiviou-25000-bocanadas-vape-desechable","title":{"rendered":"Mayorista WASPE Aiviou 25000 Puffs Vape Desechable"},"content":{"rendered":"<p><a href=\"https:\/\/www.vapeswholesaler.com\/es\/marca_producto\/waspe\/\">WASPE<\/a> Aiviou 25000 Puffs Disposable Vape box ofrece una experiencia de vapeo superior con un impresionante 25000 puffs por dispositivo. Disponible en potencias de nicotina 0%, 2% y 5%, satisface una amplia gama de preferencias. Este dispositivo cuenta con una capacidad de e-l\u00edquido de 25 ml, bobinas de malla duales, una pantalla LCD y un puerto de carga Type-C. Alimentado por una bater\u00eda de 650 mAh, garantiza un uso duradero.<\/p>\n<p>Este producto est\u00e1 equipado con una pantalla electr\u00f3nica m\u00e1s clara que no s\u00f3lo mantiene un ojo en la vida de la bater\u00eda de su e-cigarrillo, sino que tambi\u00e9n muestra el estado de su uso de aceite. Siempre se puede saber cuando el producto se est\u00e1 quedando sin aceite para vapear, por lo que puede evitar la mala experiencia de la quema cuando se sigue utilizando porque se est\u00e1 quedando sin aceite para vapear. \u00a1Ofrecemos 10 sabores diferentes para los clientes a elegir, diferentes sabores traer diferentes placer de fumar a los clientes!<\/p>\n<h2><strong><a href=\"https:\/\/www.facebook.com\/fred.luo.58\/\">WASPE<\/a> Aiviou 25000 Puffs Detalles:<\/strong><\/h2>\n<ul>\n<li>Puffs: 25000 Puffs<\/li>\n<li>Bobina Dual Mesh: 1ohm+1ohm<\/li>\n<li>E-l\u00edquido:25ml<\/li>\n<li>Nicotine:0%\/2%\/5%<\/li>\n<li>Bater\u00eda:650mah<\/li>\n<li>Recargable:Tipo-C<\/li>\n<li>Pantalla LED<\/li>\n<li>Seguro para ni\u00f1os<\/li>\n<li>Tama\u00f1o del producto: 55*31*107 mm<\/li>\n<\/ul>\n<h2><strong>Lista de sabores:<\/strong><\/h2>\n<ol>\n<li>Hielo de sand\u00eda<\/li>\n<li>Ar\u00e1ndanos sobre hielo<\/li>\n<li>Sand\u00eda con fresa<\/li>\n<li>Limonada de ar\u00e1ndanos y frambuesas<\/li>\n<li>Cereza helada<\/li>\n<li>Melocot\u00f3n Mango Sand\u00eda<\/li>\n<li>Mezcla de bayas<\/li>\n<li>Melocot\u00f3n helado<\/li>\n<li>Fresa Kiwi<\/li>\n<li>Hielo de uva<\/li>\n<\/ol>\n<h2><strong>Lista de embalaje:<\/strong><\/h2>\n<p>1 unidad por caja<br \/>\n10 unidades cada caja central<br \/>\n200 unidades por caja<br \/>\nPeso del producto: 92 g\/unidad<br \/>\nPeso: 20,5 kg<\/p>\n<figure id=\"attachment_20600\" aria-describedby=\"caption-attachment-20600\" style=\"width: 1020px\" class=\"wp-caption alignnone\"><img loading=\"lazy\" decoding=\"async\" class=\"wp-image-20600 size-large\" title=\"Mayorista WASPE Aiviou 25000 Puffs Vape Desechable 4\" src=\"https:\/\/www.vapeswholesaler.com\/wp-content\/uploads\/2024\/11\/Wholesale-WASPE-Aiviou-25000-Puffs-Disposable-Vape-4-1024x597.webp\" alt=\"Mayorista WASPE Aiviou 25000 Puffs Vape Desechable 4\" width=\"1020\" height=\"595\" srcset=\"https:\/\/www.vapeswholesaler.com\/wp-content\/uploads\/2024\/11\/Wholesale-WASPE-Aiviou-25000-Puffs-Disposable-Vape-4-1024x597.webp 1024w, https:\/\/www.vapeswholesaler.com\/wp-content\/uploads\/2024\/11\/Wholesale-WASPE-Aiviou-25000-Puffs-Disposable-Vape-4-300x175.webp 300w, https:\/\/www.vapeswholesaler.com\/wp-content\/uploads\/2024\/11\/Wholesale-WASPE-Aiviou-25000-Puffs-Disposable-Vape-4-768x448.webp 768w, https:\/\/www.vapeswholesaler.com\/wp-content\/uploads\/2024\/11\/Wholesale-WASPE-Aiviou-25000-Puffs-Disposable-Vape-4-18x12.webp 18w, https:\/\/www.vapeswholesaler.com\/wp-content\/uploads\/2024\/11\/Wholesale-WASPE-Aiviou-25000-Puffs-Disposable-Vape-4-510x298.webp 510w, https:\/\/www.vapeswholesaler.com\/wp-content\/uploads\/2024\/11\/Wholesale-WASPE-Aiviou-25000-Puffs-Disposable-Vape-4.webp 1440w\" sizes=\"auto, (max-width: 1020px) 100vw, 1020px\" \/><figcaption id=\"caption-attachment-20600\" class=\"wp-caption-text\">Mayorista WASPE Aiviou 25000 Puffs Vape Desechable<\/figcaption><\/figure>\n<p><img loading=\"lazy\" decoding=\"async\" class=\"alignnone wp-image-20597 size-full\" title=\"Mayorista WASPE Aiviou 25000 Puffs Vape Desechable 1\" src=\"https:\/\/www.vapeswholesaler.com\/wp-content\/uploads\/2024\/11\/Wholesale-WASPE-Aiviou-25000-Puffs-Disposable-Vape-1.webp\" alt=\"Mayorista WASPE Aiviou 25000 Puffs Vape Desechable 1\" width=\"800\" height=\"800\" srcset=\"https:\/\/www.vapeswholesaler.com\/wp-content\/uploads\/2024\/11\/Wholesale-WASPE-Aiviou-25000-Puffs-Disposable-Vape-1.webp 800w, https:\/\/www.vapeswholesaler.com\/wp-content\/uploads\/2024\/11\/Wholesale-WASPE-Aiviou-25000-Puffs-Disposable-Vape-1-300x300.webp 300w, https:\/\/www.vapeswholesaler.com\/wp-content\/uploads\/2024\/11\/Wholesale-WASPE-Aiviou-25000-Puffs-Disposable-Vape-1-150x150.webp 150w, https:\/\/www.vapeswholesaler.com\/wp-content\/uploads\/2024\/11\/Wholesale-WASPE-Aiviou-25000-Puffs-Disposable-Vape-1-768x768.webp 768w, https:\/\/www.vapeswholesaler.com\/wp-content\/uploads\/2024\/11\/Wholesale-WASPE-Aiviou-25000-Puffs-Disposable-Vape-1-12x12.webp 12w, https:\/\/www.vapeswholesaler.com\/wp-content\/uploads\/2024\/11\/Wholesale-WASPE-Aiviou-25000-Puffs-Disposable-Vape-1-247x247.webp 247w, https:\/\/www.vapeswholesaler.com\/wp-content\/uploads\/2024\/11\/Wholesale-WASPE-Aiviou-25000-Puffs-Disposable-Vape-1-510x510.webp 510w, https:\/\/www.vapeswholesaler.com\/wp-content\/uploads\/2024\/11\/Wholesale-WASPE-Aiviou-25000-Puffs-Disposable-Vape-1-100x100.webp 100w\" sizes=\"auto, (max-width: 800px) 100vw, 800px\" \/><\/p>","protected":false},"excerpt":{"rendered":"<p>Cantidad m\u00ednima de pedido: 50 unidades (mezcla de sabores)<\/p>\n<p>\uff08<strong>0%,2%,5%<\/strong>\uff09<\/p>","protected":false},"featured_media":20623,"comment_status":"open","ping_status":"closed","template":"","meta":[],"product_cat":[15],"product_tag":[374,383],"class_list":{"0":"post-20611","1":"product","2":"type-product","3":"status-publish","4":"has-post-thumbnail","6":"product_cat-disposable-vape","7":"product_tag-30000-puffs","8":"product_tag-waspe","9":"product_brand-waspe","11":"first","12":"outofstock","13":"shipping-taxable","14":"purchasable","15":"product-type-variable","16":"has-default-attributes"},"aioseo_notices":[],"_links":{"self":[{"href":"https:\/\/www.vapeswholesaler.com\/es\/wp-json\/wp\/v2\/product\/20611","targetHints":{"allow":["GET"]}}],"collection":[{"href":"https:\/\/www.vapeswholesaler.com\/es\/wp-json\/wp\/v2\/product"}],"about":[{"href":"https:\/\/www.vapeswholesaler.com\/es\/wp-json\/wp\/v2\/types\/product"}],"replies":[{"embeddable":true,"href":"https:\/\/www.vapeswholesaler.com\/es\/wp-json\/wp\/v2\/comments?post=20611"}],"wp:featuredmedia":[{"embeddable":true,"href":"https:\/\/www.vapeswholesaler.com\/es\/wp-json\/wp\/v2\/media\/20623"}],"wp:attachment":[{"href":"https:\/\/www.vapeswholesaler.com\/es\/wp-json\/wp\/v2\/media?parent=20611"}],"wp:term":[{"taxonomy":"product_cat","embeddable":true,"href":"https:\/\/www.vapeswholesaler.com\/es\/wp-json\/wp\/v2\/product_cat?post=20611"},{"taxonomy":"product_tag","embeddable":true,"href":"https:\/\/www.vapeswholesaler.com\/es\/wp-json\/wp\/v2\/product_tag?post=20611"}],"curies":[{"name":"wp","href":"https:\/\/api.w.org\/{rel}","templated":true}]}}