{"id":20372,"date":"2024-11-19T17:33:37","date_gmt":"2024-11-19T09:33:37","guid":{"rendered":"https:\/\/www.vapeswholesaler.com\/?post_type=product&#038;p=20372"},"modified":"2025-03-14T11:47:56","modified_gmt":"2025-03-14T03:47:56","slug":"venta-al-por-mayor-zooy-shisha-25000-bocanadas-vape-desechable","status":"publish","type":"product","link":"https:\/\/www.vapeswholesaler.com\/es\/producto\/venta-al-por-mayor-zooy-shisha-25000-bocanadas-vape-desechable","title":{"rendered":"Mayorista ZOOY ShiSha 25000 Puffs Vape Desechable"},"content":{"rendered":"<p><a href=\"https:\/\/www.vapeswholesaler.com\/es\/marca_producto\/zooy\/\">ZOOY<\/a> ShiSha 25000 Puffs manejar la pantalla de vapor, disfrutar de una experiencia vaping inigualable. Estos e-cigarrillos desechables de alta capacidad est\u00e1n precargados con 28ml de e-cigarrillos de calidad y tienen una capacidad de 25000 caladas por dispositivo. Cada e-cigarrillo ZOOY SHISHA 25000 est\u00e1 hecho para ofrecer una experiencia rica y deliciosa para las personas que valoran la calidad y la comodidad.<\/p>\n<p>Con su robusta bater\u00eda de 650 mAh, es el compa\u00f1ero ideal para su disfrute ex\u00f3tico durante todo el d\u00eda. Es la opci\u00f3n ideal para los entusiastas que buscan una experiencia de e-cigarrillo gourmet de alta gama por su aspecto exquisito y su rendimiento excepcional.<\/p>\n<p>Este vanguardista cigarrillo electr\u00f3nico desechable combina rendimiento y sencillez para ofrecer una experiencia directa al pulm\u00f3n (DTL) sin igual. Independientemente de su nivel de familiaridad con los cigarrillos electr\u00f3nicos, puede satisfacer sus necesidades de forma f\u00e1cil y elegante.<\/p>\n<h2><strong><a href=\"https:\/\/www.facebook.com\/fred.luo.58\">ZOOY<\/a> ShiSha 25000 Puffs Vape Desechable Caracter\u00edsticas:<\/strong><\/h2>\n<ul>\n<li>Puff: Hasta 25000 caladas<\/li>\n<li>L\u00edquido: 28 ml precargado<\/li>\n<li>Bater\u00eda:650mAh Recargable puerto tipo-c<\/li>\n<li>N\u00facleo: Bobina de malla 0,5 \u03a9<\/li>\n<li>Nicotina:2% 5% Nicotina<\/li>\n<li>tapa antipolvo<\/li>\n<\/ul>\n<h2><strong>Lista de sabores:<\/strong><\/h2>\n<ol>\n<li>Amor 777<\/li>\n<li>Hielo de pl\u00e1tano<\/li>\n<li>Hielo de ar\u00e1ndanos<\/li>\n<li>Mango Ice<\/li>\n<li>Mezcla de bayas<\/li>\n<li>Limonada rosa<\/li>\n<li>Mezcla de bayas<\/li>\n<li>Fresa helada<\/li>\n<li>Sand\u00eda con fresa<\/li>\n<li>Hielo de sand\u00eda<\/li>\n<\/ol>\n<h2><strong>Lista de embalaje:<\/strong><\/h2>\n<p>1 unidad por caja<br \/>\n10 unidades cada uno Caja expositora<br \/>\n200 unidades por caja<\/p>\n<figure id=\"attachment_20357\" aria-describedby=\"caption-attachment-20357\" style=\"width: 800px\" class=\"wp-caption alignnone\"><img loading=\"lazy\" decoding=\"async\" class=\"wp-image-20357 size-full\" title=\"Mayorista ZOOY ShiSha 25000 Puffs Vape Desechable 2\" src=\"https:\/\/www.vapeswholesaler.com\/wp-content\/uploads\/2024\/11\/Wholesale-ZOOY-ShiSha-25000-Puffs-Disposable-Vape-2.webp\" alt=\"Mayorista ZOOY ShiSha 25000 Puffs Vape Desechable 2\" width=\"800\" height=\"788\" srcset=\"https:\/\/www.vapeswholesaler.com\/wp-content\/uploads\/2024\/11\/Wholesale-ZOOY-ShiSha-25000-Puffs-Disposable-Vape-2.webp 800w, https:\/\/www.vapeswholesaler.com\/wp-content\/uploads\/2024\/11\/Wholesale-ZOOY-ShiSha-25000-Puffs-Disposable-Vape-2-300x296.webp 300w, https:\/\/www.vapeswholesaler.com\/wp-content\/uploads\/2024\/11\/Wholesale-ZOOY-ShiSha-25000-Puffs-Disposable-Vape-2-768x756.webp 768w, https:\/\/www.vapeswholesaler.com\/wp-content\/uploads\/2024\/11\/Wholesale-ZOOY-ShiSha-25000-Puffs-Disposable-Vape-2-12x12.webp 12w, https:\/\/www.vapeswholesaler.com\/wp-content\/uploads\/2024\/11\/Wholesale-ZOOY-ShiSha-25000-Puffs-Disposable-Vape-2-510x502.webp 510w, https:\/\/www.vapeswholesaler.com\/wp-content\/uploads\/2024\/11\/Wholesale-ZOOY-ShiSha-25000-Puffs-Disposable-Vape-2-100x100.webp 100w\" sizes=\"auto, (max-width: 800px) 100vw, 800px\" \/><figcaption id=\"caption-attachment-20357\" class=\"wp-caption-text\">Mayorista ZOOY ShiSha 25000 Puffs Vape Desechable<\/figcaption><\/figure>\n<figure id=\"attachment_20359\" aria-describedby=\"caption-attachment-20359\" style=\"width: 800px\" class=\"wp-caption alignnone\"><img loading=\"lazy\" decoding=\"async\" class=\"wp-image-20359 size-full\" title=\"Mayorista ZOOY ShiSha 25000 Puffs Vape Desechable 4\" src=\"https:\/\/www.vapeswholesaler.com\/wp-content\/uploads\/2024\/11\/Wholesale-ZOOY-ShiSha-25000-Puffs-Disposable-Vape-4.webp\" alt=\"Mayorista ZOOY ShiSha 25000 Puffs Vape Desechable 4\" width=\"800\" height=\"800\" srcset=\"https:\/\/www.vapeswholesaler.com\/wp-content\/uploads\/2024\/11\/Wholesale-ZOOY-ShiSha-25000-Puffs-Disposable-Vape-4.webp 800w, https:\/\/www.vapeswholesaler.com\/wp-content\/uploads\/2024\/11\/Wholesale-ZOOY-ShiSha-25000-Puffs-Disposable-Vape-4-300x300.webp 300w, https:\/\/www.vapeswholesaler.com\/wp-content\/uploads\/2024\/11\/Wholesale-ZOOY-ShiSha-25000-Puffs-Disposable-Vape-4-150x150.webp 150w, https:\/\/www.vapeswholesaler.com\/wp-content\/uploads\/2024\/11\/Wholesale-ZOOY-ShiSha-25000-Puffs-Disposable-Vape-4-768x768.webp 768w, https:\/\/www.vapeswholesaler.com\/wp-content\/uploads\/2024\/11\/Wholesale-ZOOY-ShiSha-25000-Puffs-Disposable-Vape-4-12x12.webp 12w, https:\/\/www.vapeswholesaler.com\/wp-content\/uploads\/2024\/11\/Wholesale-ZOOY-ShiSha-25000-Puffs-Disposable-Vape-4-247x247.webp 247w, https:\/\/www.vapeswholesaler.com\/wp-content\/uploads\/2024\/11\/Wholesale-ZOOY-ShiSha-25000-Puffs-Disposable-Vape-4-510x510.webp 510w, https:\/\/www.vapeswholesaler.com\/wp-content\/uploads\/2024\/11\/Wholesale-ZOOY-ShiSha-25000-Puffs-Disposable-Vape-4-100x100.webp 100w\" sizes=\"auto, (max-width: 800px) 100vw, 800px\" \/><figcaption id=\"caption-attachment-20359\" class=\"wp-caption-text\">Mayorista ZOOY ShiSha 25000 Puffs Vape Desechable<\/figcaption><\/figure>\n<p>&nbsp;<\/p>","protected":false},"excerpt":{"rendered":"<p>Cantidad m\u00ednima de pedido:\u00a0<strong>50 unidades<\/strong>\u00a0(Mezcla de sabores)\u00a0\u00a0<strong>Env\u00edo gratuito<\/strong><\/p>\n<p>(<strong>2%, 5% Nic<\/strong>) Almac\u00e9n UE Plazo de env\u00edo 5-6 d\u00edas laborables<\/p>","protected":false},"featured_media":20827,"comment_status":"open","ping_status":"closed","template":"","meta":[],"product_cat":[15],"product_tag":[183,371,373],"class_list":{"0":"post-20372","1":"product","2":"type-product","3":"status-publish","4":"has-post-thumbnail","6":"product_cat-disposable-vape","7":"product_tag-28000-puffs","8":"product_tag-zooy","9":"product_tag-europe-warehouse","10":"product_brand-zooy","12":"first","13":"instock","14":"shipping-taxable","15":"purchasable","16":"product-type-variable","17":"has-default-attributes"},"aioseo_notices":[],"_links":{"self":[{"href":"https:\/\/www.vapeswholesaler.com\/es\/wp-json\/wp\/v2\/product\/20372","targetHints":{"allow":["GET"]}}],"collection":[{"href":"https:\/\/www.vapeswholesaler.com\/es\/wp-json\/wp\/v2\/product"}],"about":[{"href":"https:\/\/www.vapeswholesaler.com\/es\/wp-json\/wp\/v2\/types\/product"}],"replies":[{"embeddable":true,"href":"https:\/\/www.vapeswholesaler.com\/es\/wp-json\/wp\/v2\/comments?post=20372"}],"wp:featuredmedia":[{"embeddable":true,"href":"https:\/\/www.vapeswholesaler.com\/es\/wp-json\/wp\/v2\/media\/20827"}],"wp:attachment":[{"href":"https:\/\/www.vapeswholesaler.com\/es\/wp-json\/wp\/v2\/media?parent=20372"}],"wp:term":[{"taxonomy":"product_cat","embeddable":true,"href":"https:\/\/www.vapeswholesaler.com\/es\/wp-json\/wp\/v2\/product_cat?post=20372"},{"taxonomy":"product_tag","embeddable":true,"href":"https:\/\/www.vapeswholesaler.com\/es\/wp-json\/wp\/v2\/product_tag?post=20372"}],"curies":[{"name":"wp","href":"https:\/\/api.w.org\/{rel}","templated":true}]}}