{"id":20232,"date":"2024-11-11T11:47:36","date_gmt":"2024-11-11T03:47:36","guid":{"rendered":"https:\/\/www.vapeswholesaler.com\/?post_type=product&#038;p=20232"},"modified":"2025-11-30T09:55:26","modified_gmt":"2025-11-30T01:55:26","slug":"venta-al-por-mayor-arymi-hookalit-40000-bocanadas-shisha-vape-desechable","status":"publish","type":"product","link":"https:\/\/www.vapeswholesaler.com\/es\/producto\/venta-al-por-mayor-arymi-hookalit-40000-bocanadas-shisha-vape-desechable","title":{"rendered":"Mayorista ARYMI Hookalit 40000 Puffs Shisha Vape Desechable"},"content":{"rendered":"<p>ARYMI Hookalit 40000 Puffs Shisha Desechable Vape Hookah viene con 40ml e-juice con 0.5% fuerza de nicotina y m\u00e1s decoraciones para diferentes sabores. Este vape desechable en forma de cilindro es muy port\u00e1til, perfecto para el uso diario. La menor potencia de nicotina satisface las necesidades de sabores m\u00e1s suaves. Arymi Hookalit soporta tanto MTL y DL vaping. Puede cambiar al modo DL en cualquier momento y cambiar la configuraci\u00f3n del flujo de aire para una mayor producci\u00f3n de vapor. Sostenga en Arymi Hookalit 40000 Vape en la mano y se puede disfrutar de sabores shisha en cualquier momento en cualquier lugar.<\/p>\n<h2><strong><a href=\"https:\/\/www.vapeswholesaler.com\/es\/producto\/mayorista-kanger-subox-50000-puffs-vape-desechable-40ml\/\">ARYMI Hookalit 40000<\/a> Puffs Caracter\u00edsticas:<\/strong><\/h2>\n<ul>\n<li>E-l\u00edquido de 40ml de capacidad<\/li>\n<li>Bater\u00eda recargable integrada de 1300 mAh<\/li>\n<li>Cantidad de caladas: Aproximadamente 40000 Puffs (MTL)\/20000 Puffs (DL)<\/li>\n<li>Bobina Lit Mesh de 0,6ohm<\/li>\n<li>Punta de goteo tipo pajita<\/li>\n<li>Pantalla digital simple<\/li>\n<li>Control de flujo de aire ajustable: MTL\/DL<\/li>\n<li>0,5%(5mg\/ml) Potencia de nicotina<\/li>\n<li>Aut\u00e9nticos Sabores de Shisha: Perfecto para DTL<\/li>\n<li>Carga USB tipo C (cable no incluido)<\/li>\n<li>Activado por dibujo<\/li>\n<\/ul>\n<h2><strong>ARYMI Hookalit 40000 Puffs Sabores:<\/strong><\/h2>\n<ol>\n<li>Fresa Kiwi<\/li>\n<li>Hielo de uva<\/li>\n<li>Mango Freeze<\/li>\n<li>Hielo exuberante<\/li>\n<li>Sand\u00eda Fresa Mel\u00f3n<\/li>\n<li>Grosella negra helada<\/li>\n<li>Mr.Blue<\/li>\n<li>Cereza Frambuesa<\/li>\n<li>Menta lim\u00f3n<\/li>\n<li>Sue\u00f1o l\u00facido<\/li>\n<li>Chicle<\/li>\n<li>Amor 66<\/li>\n<li>Fruta de la pasi\u00f3n<\/li>\n<li>Lady Killer<\/li>\n<li>Melocot\u00f3n Mango Sand\u00eda<\/li>\n<li>Shisha Dos Manzanas<\/li>\n<li>Melocot\u00f3n helado<\/li>\n<li>Amor m\u00e1gico<\/li>\n<li>Mezcla de bayas<\/li>\n<li>Limonada Blue Razz<\/li>\n<\/ol>\n<h2><strong>Lista de embalaje:<\/strong><\/h2>\n<p>1ud\/paquete<br \/>\ncada paquete 210g<br \/>\n100 unidades por caja<br \/>\n21kg\/Cart\u00f3n<\/p>\n<p>&nbsp;<\/p>\n<p>&nbsp;<\/p>\n<p><img loading=\"lazy\" decoding=\"async\" class=\"alignnone wp-image-20236 size-full\" title=\"Mayorista ARYMI Hookalit 40000 Puffs Shisha Desechable Vape 4\" src=\"https:\/\/www.vapeswholesaler.com\/wp-content\/uploads\/2024\/11\/Wholesale-ARYMI-Hookalit-40000-Puffs-Shisha-Disposable-Vape-4.webp\" alt=\"Mayorista ARYMI Hookalit 40000 Puffs Shisha Desechable Vape 4\" width=\"800\" height=\"800\" srcset=\"https:\/\/www.vapeswholesaler.com\/wp-content\/uploads\/2024\/11\/Wholesale-ARYMI-Hookalit-40000-Puffs-Shisha-Disposable-Vape-4.webp 800w, https:\/\/www.vapeswholesaler.com\/wp-content\/uploads\/2024\/11\/Wholesale-ARYMI-Hookalit-40000-Puffs-Shisha-Disposable-Vape-4-300x300.webp 300w, https:\/\/www.vapeswholesaler.com\/wp-content\/uploads\/2024\/11\/Wholesale-ARYMI-Hookalit-40000-Puffs-Shisha-Disposable-Vape-4-150x150.webp 150w, https:\/\/www.vapeswholesaler.com\/wp-content\/uploads\/2024\/11\/Wholesale-ARYMI-Hookalit-40000-Puffs-Shisha-Disposable-Vape-4-768x768.webp 768w, https:\/\/www.vapeswholesaler.com\/wp-content\/uploads\/2024\/11\/Wholesale-ARYMI-Hookalit-40000-Puffs-Shisha-Disposable-Vape-4-12x12.webp 12w, https:\/\/www.vapeswholesaler.com\/wp-content\/uploads\/2024\/11\/Wholesale-ARYMI-Hookalit-40000-Puffs-Shisha-Disposable-Vape-4-247x247.webp 247w, https:\/\/www.vapeswholesaler.com\/wp-content\/uploads\/2024\/11\/Wholesale-ARYMI-Hookalit-40000-Puffs-Shisha-Disposable-Vape-4-510x510.webp 510w, https:\/\/www.vapeswholesaler.com\/wp-content\/uploads\/2024\/11\/Wholesale-ARYMI-Hookalit-40000-Puffs-Shisha-Disposable-Vape-4-100x100.webp 100w\" sizes=\"auto, (max-width: 800px) 100vw, 800px\" \/> <img loading=\"lazy\" decoding=\"async\" class=\"alignnone wp-image-20237 size-full\" title=\"Mayorista ARYMI Hookalit 40000 Puffs Shisha Desechable Vape 5\" src=\"https:\/\/www.vapeswholesaler.com\/wp-content\/uploads\/2024\/11\/Wholesale-ARYMI-Hookalit-40000-Puffs-Shisha-Disposable-Vape-5.webp\" alt=\"Mayorista ARYMI Hookalit 40000 Puffs Shisha Desechable Vape 5\" width=\"800\" height=\"849\" srcset=\"https:\/\/www.vapeswholesaler.com\/wp-content\/uploads\/2024\/11\/Wholesale-ARYMI-Hookalit-40000-Puffs-Shisha-Disposable-Vape-5.webp 800w, https:\/\/www.vapeswholesaler.com\/wp-content\/uploads\/2024\/11\/Wholesale-ARYMI-Hookalit-40000-Puffs-Shisha-Disposable-Vape-5-283x300.webp 283w, https:\/\/www.vapeswholesaler.com\/wp-content\/uploads\/2024\/11\/Wholesale-ARYMI-Hookalit-40000-Puffs-Shisha-Disposable-Vape-5-768x815.webp 768w, https:\/\/www.vapeswholesaler.com\/wp-content\/uploads\/2024\/11\/Wholesale-ARYMI-Hookalit-40000-Puffs-Shisha-Disposable-Vape-5-11x12.webp 11w, https:\/\/www.vapeswholesaler.com\/wp-content\/uploads\/2024\/11\/Wholesale-ARYMI-Hookalit-40000-Puffs-Shisha-Disposable-Vape-5-510x541.webp 510w\" sizes=\"auto, (max-width: 800px) 100vw, 800px\" \/> <img loading=\"lazy\" decoding=\"async\" class=\"alignnone wp-image-20238 size-full\" title=\"Mayorista ARYMI Hookalit 40000 Puffs Shisha Desechable Vape 6\" src=\"https:\/\/www.vapeswholesaler.com\/wp-content\/uploads\/2024\/11\/Wholesale-ARYMI-Hookalit-40000-Puffs-Shisha-Disposable-Vape-6.webp\" alt=\"Mayorista ARYMI Hookalit 40000 Puffs Shisha Desechable Vape 6\" width=\"800\" height=\"800\" srcset=\"https:\/\/www.vapeswholesaler.com\/wp-content\/uploads\/2024\/11\/Wholesale-ARYMI-Hookalit-40000-Puffs-Shisha-Disposable-Vape-6.webp 800w, https:\/\/www.vapeswholesaler.com\/wp-content\/uploads\/2024\/11\/Wholesale-ARYMI-Hookalit-40000-Puffs-Shisha-Disposable-Vape-6-300x300.webp 300w, https:\/\/www.vapeswholesaler.com\/wp-content\/uploads\/2024\/11\/Wholesale-ARYMI-Hookalit-40000-Puffs-Shisha-Disposable-Vape-6-150x150.webp 150w, https:\/\/www.vapeswholesaler.com\/wp-content\/uploads\/2024\/11\/Wholesale-ARYMI-Hookalit-40000-Puffs-Shisha-Disposable-Vape-6-768x768.webp 768w, https:\/\/www.vapeswholesaler.com\/wp-content\/uploads\/2024\/11\/Wholesale-ARYMI-Hookalit-40000-Puffs-Shisha-Disposable-Vape-6-12x12.webp 12w, https:\/\/www.vapeswholesaler.com\/wp-content\/uploads\/2024\/11\/Wholesale-ARYMI-Hookalit-40000-Puffs-Shisha-Disposable-Vape-6-247x247.webp 247w, https:\/\/www.vapeswholesaler.com\/wp-content\/uploads\/2024\/11\/Wholesale-ARYMI-Hookalit-40000-Puffs-Shisha-Disposable-Vape-6-510x510.webp 510w, https:\/\/www.vapeswholesaler.com\/wp-content\/uploads\/2024\/11\/Wholesale-ARYMI-Hookalit-40000-Puffs-Shisha-Disposable-Vape-6-100x100.webp 100w\" sizes=\"auto, (max-width: 800px) 100vw, 800px\" \/> <img loading=\"lazy\" decoding=\"async\" class=\"alignnone wp-image-20239 size-full\" title=\"Mayorista ARYMI Hookalit 40000 Puffs Shisha Desechable Vape 7\" src=\"https:\/\/www.vapeswholesaler.com\/wp-content\/uploads\/2024\/11\/Wholesale-ARYMI-Hookalit-40000-Puffs-Shisha-Disposable-Vape-7.webp\" alt=\"Mayorista ARYMI Hookalit 40000 Puffs Shisha Desechable Vape 7\" width=\"800\" height=\"424\" srcset=\"https:\/\/www.vapeswholesaler.com\/wp-content\/uploads\/2024\/11\/Wholesale-ARYMI-Hookalit-40000-Puffs-Shisha-Disposable-Vape-7.webp 800w, https:\/\/www.vapeswholesaler.com\/wp-content\/uploads\/2024\/11\/Wholesale-ARYMI-Hookalit-40000-Puffs-Shisha-Disposable-Vape-7-300x159.webp 300w, https:\/\/www.vapeswholesaler.com\/wp-content\/uploads\/2024\/11\/Wholesale-ARYMI-Hookalit-40000-Puffs-Shisha-Disposable-Vape-7-768x407.webp 768w, https:\/\/www.vapeswholesaler.com\/wp-content\/uploads\/2024\/11\/Wholesale-ARYMI-Hookalit-40000-Puffs-Shisha-Disposable-Vape-7-18x10.webp 18w, https:\/\/www.vapeswholesaler.com\/wp-content\/uploads\/2024\/11\/Wholesale-ARYMI-Hookalit-40000-Puffs-Shisha-Disposable-Vape-7-510x270.webp 510w\" sizes=\"auto, (max-width: 800px) 100vw, 800px\" \/><\/p>","protected":false},"excerpt":{"rendered":"<p>Cantidad m\u00ednima de pedido: <strong>100 UNIDADES<\/strong> (Mezcla de sabores)<\/p>\n<p>\uff08 5%\uff09<strong>Env\u00edo gratuito<\/strong><\/p>","protected":false},"featured_media":20210,"comment_status":"open","ping_status":"closed","template":"","meta":[],"product_cat":[15],"product_tag":[150,151,152,153],"class_list":{"0":"post-20232","1":"product","2":"type-product","3":"status-publish","4":"has-post-thumbnail","6":"product_cat-disposable-vape","7":"product_tag-arymi-hookalit-40000-puffs","8":"product_tag-arymi-40000-puffs","9":"product_tag-arymi-40000-puffs-disposable-vape","10":"product_tag-arymi-hookalit-40000-puffs-vapes","11":"product_brand-kanger-arymi","13":"first","14":"instock","15":"shipping-taxable","16":"purchasable","17":"product-type-variable","18":"has-default-attributes"},"aioseo_notices":[],"_links":{"self":[{"href":"https:\/\/www.vapeswholesaler.com\/es\/wp-json\/wp\/v2\/product\/20232","targetHints":{"allow":["GET"]}}],"collection":[{"href":"https:\/\/www.vapeswholesaler.com\/es\/wp-json\/wp\/v2\/product"}],"about":[{"href":"https:\/\/www.vapeswholesaler.com\/es\/wp-json\/wp\/v2\/types\/product"}],"replies":[{"embeddable":true,"href":"https:\/\/www.vapeswholesaler.com\/es\/wp-json\/wp\/v2\/comments?post=20232"}],"wp:featuredmedia":[{"embeddable":true,"href":"https:\/\/www.vapeswholesaler.com\/es\/wp-json\/wp\/v2\/media\/20210"}],"wp:attachment":[{"href":"https:\/\/www.vapeswholesaler.com\/es\/wp-json\/wp\/v2\/media?parent=20232"}],"wp:term":[{"taxonomy":"product_cat","embeddable":true,"href":"https:\/\/www.vapeswholesaler.com\/es\/wp-json\/wp\/v2\/product_cat?post=20232"},{"taxonomy":"product_tag","embeddable":true,"href":"https:\/\/www.vapeswholesaler.com\/es\/wp-json\/wp\/v2\/product_tag?post=20232"}],"curies":[{"name":"wp","href":"https:\/\/api.w.org\/{rel}","templated":true}]}}