{"id":20022,"date":"2024-10-28T14:47:43","date_gmt":"2024-10-28T06:47:43","guid":{"rendered":"https:\/\/www.vapeswholesaler.com\/?post_type=product&#038;p=20022"},"modified":"2025-03-05T14:26:41","modified_gmt":"2025-03-05T06:26:41","slug":"mayorista-vapme-shisha-pro-max-20000-puffs-vape-pen-desechable-2","status":"publish","type":"product","link":"https:\/\/www.vapeswholesaler.com\/es\/producto\/mayorista-vapme-shisha-pro-max-20000-puffs-vape-pen-desechable-2","title":{"rendered":"Mayorista Vapme Shisha Pro Max 20000 Puffs Vape Pen Desechable"},"content":{"rendered":"<p>Vapme Shisha Pro Max 20000 Puffs Vape Pen desechable, el pin\u00e1culo de la tecnolog\u00eda vape desechable dise\u00f1ado para aquellos que exigen lo mejor en rendimiento y sabor. Este extraordinario dispositivo est\u00e1 dise\u00f1ado para proporcionar una experiencia de vapeo sin precedentes, con un notable 20.000 caladas y una generosa capacidad del tanque de 28 ml.<\/p>\n<p>El Vape Pen Desechable Vapme Shisha Pro Max 20000 Puffs est\u00e1 dise\u00f1ado para ofrecer una durabilidad y disfrute excepcionales. Con su impresionante capacidad de 20.000 caladas, este dispositivo garantiza un placer prolongado sin necesidad de recargas frecuentes. El importante dep\u00f3sito de e-l\u00edquido de 28 ml permite un uso prolongado, mientras que la robusta bater\u00eda recargable de 650 mAh garantiza una potencia y un rendimiento constantes. Su dise\u00f1o elegante y sus funciones avanzadas lo convierten en la mejor elecci\u00f3n para los vapeadores que buscan comodidad y calidad.<\/p>\n<p>\u00a1Vapme Shisha Pro Max 20000 Puffs Vape Pen desechable \u00fanico dise\u00f1o de pantalla digital muestra la cantidad de vape E-l\u00edquido restante y el nivel de la bater\u00eda en la misma interfaz, te mantiene al d\u00eda con el uso de nuestro dispositivo y mantiene su dispositivo favorito vape recargado!<\/p>\n<h2><strong><a href=\"https:\/\/www.vapeswholesaler.com\/es\/marca_producto\/vapme\/\">Vapme<\/a> Shisha Pro Max 20000 Puffs Caracter\u00edsticas:<\/strong><\/h2>\n<ul>\n<li>Capacidad: 28 ml<\/li>\n<li>Puffs: Alcanza hasta 20000 Puffs<\/li>\n<li>2%(0mg\/20mg) opciones de nicotina<\/li>\n<li>Vaping DTL Sub-Ohm<\/li>\n<li>proporciona una experiencia de vapeo robusta.<\/li>\n<li>Bobina de malla: bobina de malla de 0,60 ohmios<\/li>\n<li>Bater\u00eda: 850mAh<\/li>\n<\/ul>\n<h2><strong>Vapme Shisha Pro Max 20000 Puffs Sabores:<\/strong><\/h2>\n<ol>\n<li>Chicle de ar\u00e1ndanos<\/li>\n<li>Limonada Blue Razz<\/li>\n<li>Ar\u00e1ndano Frambuesa<\/li>\n<li>Hielo Blackcurrent<\/li>\n<li>Cereza<\/li>\n<li>Manzana congelada<\/li>\n<li>Ponche de uva<\/li>\n<li>Zumo de melocot\u00f3n<\/li>\n<li>Kiwi Fruta de la pasi\u00f3n Guayaba<\/li>\n<li>Menta lim\u00f3n<\/li>\n<li>Lady Killa<\/li>\n<li>Amor 66<\/li>\n<li>Mezcla de bayas<\/li>\n<li>Melocot\u00f3n Mango Pi\u00f1a<\/li>\n<li>Batido de pi\u00f1a<\/li>\n<li>Fresa Uva<\/li>\n<li>Fresa Kiwi<\/li>\n<li>Fresa helada<\/li>\n<li>Caramelo de fresa y frambuesa<\/li>\n<li>Sand\u00eda con fresa<\/li>\n<li>Toro sand\u00eda<\/li>\n<li>Sand\u00eda Cereza<\/li>\n<li>Hielo de sand\u00eda<\/li>\n<li>Mamba blanca<\/li>\n<\/ol>\n<h2><strong>Lista de embalaje:<\/strong><\/h2>\n<p>1 unidad por caja<br \/>\n10 unidades por caja<br \/>\n200 unidades por caja<\/p>\n<p><img loading=\"lazy\" decoding=\"async\" class=\"alignnone wp-image-19994 size-full\" title=\"Mayorista Vapme Shisha Pro Max 20000 Puffs Vape Pen Desechable 1\" src=\"https:\/\/www.vapeswholesaler.com\/wp-content\/uploads\/2024\/10\/Wholesale-Vapme-Shisha-Pro-Max-20000-Puffs-Disposable-Vape-Pen-1.webp\" alt=\"Mayorista Vapme Shisha Pro Max 20000 Puffs Vape Pen Desechable 1\" width=\"800\" height=\"800\" srcset=\"https:\/\/www.vapeswholesaler.com\/wp-content\/uploads\/2024\/10\/Wholesale-Vapme-Shisha-Pro-Max-20000-Puffs-Disposable-Vape-Pen-1.webp 800w, https:\/\/www.vapeswholesaler.com\/wp-content\/uploads\/2024\/10\/Wholesale-Vapme-Shisha-Pro-Max-20000-Puffs-Disposable-Vape-Pen-1-300x300.webp 300w, https:\/\/www.vapeswholesaler.com\/wp-content\/uploads\/2024\/10\/Wholesale-Vapme-Shisha-Pro-Max-20000-Puffs-Disposable-Vape-Pen-1-150x150.webp 150w, https:\/\/www.vapeswholesaler.com\/wp-content\/uploads\/2024\/10\/Wholesale-Vapme-Shisha-Pro-Max-20000-Puffs-Disposable-Vape-Pen-1-768x768.webp 768w, https:\/\/www.vapeswholesaler.com\/wp-content\/uploads\/2024\/10\/Wholesale-Vapme-Shisha-Pro-Max-20000-Puffs-Disposable-Vape-Pen-1-12x12.webp 12w, https:\/\/www.vapeswholesaler.com\/wp-content\/uploads\/2024\/10\/Wholesale-Vapme-Shisha-Pro-Max-20000-Puffs-Disposable-Vape-Pen-1-247x247.webp 247w, https:\/\/www.vapeswholesaler.com\/wp-content\/uploads\/2024\/10\/Wholesale-Vapme-Shisha-Pro-Max-20000-Puffs-Disposable-Vape-Pen-1-510x510.webp 510w, https:\/\/www.vapeswholesaler.com\/wp-content\/uploads\/2024\/10\/Wholesale-Vapme-Shisha-Pro-Max-20000-Puffs-Disposable-Vape-Pen-1-100x100.webp 100w\" sizes=\"auto, (max-width: 800px) 100vw, 800px\" \/> <img loading=\"lazy\" decoding=\"async\" class=\"alignnone wp-image-19995 size-full\" title=\"Mayorista Vapme Shisha Pro Max 20000 Puffs Vape Pen Desechable 2\" src=\"https:\/\/www.vapeswholesaler.com\/wp-content\/uploads\/2024\/10\/Wholesale-Vapme-Shisha-Pro-Max-20000-Puffs-Disposable-Vape-Pen-2.webp\" alt=\"Mayorista Vapme Shisha Pro Max 20000 Puffs Vape Pen Desechable 2\" width=\"800\" height=\"550\" srcset=\"https:\/\/www.vapeswholesaler.com\/wp-content\/uploads\/2024\/10\/Wholesale-Vapme-Shisha-Pro-Max-20000-Puffs-Disposable-Vape-Pen-2.webp 800w, https:\/\/www.vapeswholesaler.com\/wp-content\/uploads\/2024\/10\/Wholesale-Vapme-Shisha-Pro-Max-20000-Puffs-Disposable-Vape-Pen-2-300x206.webp 300w, https:\/\/www.vapeswholesaler.com\/wp-content\/uploads\/2024\/10\/Wholesale-Vapme-Shisha-Pro-Max-20000-Puffs-Disposable-Vape-Pen-2-768x528.webp 768w, https:\/\/www.vapeswholesaler.com\/wp-content\/uploads\/2024\/10\/Wholesale-Vapme-Shisha-Pro-Max-20000-Puffs-Disposable-Vape-Pen-2-18x12.webp 18w, https:\/\/www.vapeswholesaler.com\/wp-content\/uploads\/2024\/10\/Wholesale-Vapme-Shisha-Pro-Max-20000-Puffs-Disposable-Vape-Pen-2-510x351.webp 510w\" sizes=\"auto, (max-width: 800px) 100vw, 800px\" \/> <img loading=\"lazy\" decoding=\"async\" class=\"alignnone wp-image-19996 size-full\" title=\"Mayorista Vapme Shisha Pro Max 20000 Puffs Vape Pen Desechable 3\" src=\"https:\/\/www.vapeswholesaler.com\/wp-content\/uploads\/2024\/10\/Wholesale-Vapme-Shisha-Pro-Max-20000-Puffs-Disposable-Vape-Pen-3.webp\" alt=\"Mayorista Vapme Shisha Pro Max 20000 Puffs Vape Pen Desechable 3\" width=\"800\" height=\"740\" srcset=\"https:\/\/www.vapeswholesaler.com\/wp-content\/uploads\/2024\/10\/Wholesale-Vapme-Shisha-Pro-Max-20000-Puffs-Disposable-Vape-Pen-3.webp 800w, https:\/\/www.vapeswholesaler.com\/wp-content\/uploads\/2024\/10\/Wholesale-Vapme-Shisha-Pro-Max-20000-Puffs-Disposable-Vape-Pen-3-300x278.webp 300w, https:\/\/www.vapeswholesaler.com\/wp-content\/uploads\/2024\/10\/Wholesale-Vapme-Shisha-Pro-Max-20000-Puffs-Disposable-Vape-Pen-3-768x710.webp 768w, https:\/\/www.vapeswholesaler.com\/wp-content\/uploads\/2024\/10\/Wholesale-Vapme-Shisha-Pro-Max-20000-Puffs-Disposable-Vape-Pen-3-13x12.webp 13w, https:\/\/www.vapeswholesaler.com\/wp-content\/uploads\/2024\/10\/Wholesale-Vapme-Shisha-Pro-Max-20000-Puffs-Disposable-Vape-Pen-3-510x472.webp 510w\" sizes=\"auto, (max-width: 800px) 100vw, 800px\" \/><\/p>","protected":false},"excerpt":{"rendered":"<p>Cantidad m\u00ednima de pedido:\u00a0<strong>50 UNIDADES<\/strong>\u00a0(Mezcla de sabores)\u00a0\u00a0<strong>Env\u00edo gratuito<\/strong><\/p>\n<p>(<strong>5% Nic<\/strong>)<\/p>","protected":false},"featured_media":20017,"comment_status":"open","ping_status":"closed","template":"","meta":[],"product_cat":[15],"product_tag":[],"class_list":{"0":"post-20022","1":"product","2":"type-product","3":"status-publish","4":"has-post-thumbnail","6":"product_cat-disposable-vape","7":"product_brand-vapme","9":"first","10":"outofstock","11":"shipping-taxable","12":"purchasable","13":"product-type-variable","14":"has-default-attributes"},"aioseo_notices":[],"_links":{"self":[{"href":"https:\/\/www.vapeswholesaler.com\/es\/wp-json\/wp\/v2\/product\/20022","targetHints":{"allow":["GET"]}}],"collection":[{"href":"https:\/\/www.vapeswholesaler.com\/es\/wp-json\/wp\/v2\/product"}],"about":[{"href":"https:\/\/www.vapeswholesaler.com\/es\/wp-json\/wp\/v2\/types\/product"}],"replies":[{"embeddable":true,"href":"https:\/\/www.vapeswholesaler.com\/es\/wp-json\/wp\/v2\/comments?post=20022"}],"wp:featuredmedia":[{"embeddable":true,"href":"https:\/\/www.vapeswholesaler.com\/es\/wp-json\/wp\/v2\/media\/20017"}],"wp:attachment":[{"href":"https:\/\/www.vapeswholesaler.com\/es\/wp-json\/wp\/v2\/media?parent=20022"}],"wp:term":[{"taxonomy":"product_cat","embeddable":true,"href":"https:\/\/www.vapeswholesaler.com\/es\/wp-json\/wp\/v2\/product_cat?post=20022"},{"taxonomy":"product_tag","embeddable":true,"href":"https:\/\/www.vapeswholesaler.com\/es\/wp-json\/wp\/v2\/product_tag?post=20022"}],"curies":[{"name":"wp","href":"https:\/\/api.w.org\/{rel}","templated":true}]}}