{"id":19952,"date":"2024-10-27T16:11:34","date_gmt":"2024-10-27T08:11:34","guid":{"rendered":"https:\/\/www.vapeswholesaler.com\/?post_type=product&#038;p=19952"},"modified":"2025-03-18T12:13:21","modified_gmt":"2025-03-18T04:13:21","slug":"mayorista-bang-king-30k-pro-30000-puffs-vape-desechable","status":"publish","type":"product","link":"https:\/\/www.vapeswholesaler.com\/es\/producto\/mayorista-bang-king-30k-pro-30000-puffs-vape-desechable","title":{"rendered":"Mayorista Bang King 30K Pro 30000 Puffs Vape desechable"},"content":{"rendered":"<p><a href=\"https:\/\/www.vapeswholesaler.com\/es\/marca_producto\/bang\/\">Bang<\/a> King 30K Pro 30000 Puffs ofrece hasta 30.000 caladas con una gran capacidad de 36mL de e-l\u00edquido, convirti\u00e9ndolo en uno de los vapeadores desechables m\u00e1s duraderos disponibles. Elija entre las concentraciones de nicotina 0%, 2%, 3%, o 5% para adaptarse a sus preferencias, garantizando un vapeo suave y satisfactorio.<\/p>\n<p>Equipado con una bater\u00eda recargable de 850mAh y carga Type-C, este dispositivo est\u00e1 dise\u00f1ado para la longevidad y la comodidad, proporcionando energ\u00eda fiable a lo largo de su ciclo de vida. La bobina de malla 1.0\u03a9 mejora la entrega de sabor, creando vapor rico con cada calada. Disponible en 12 sabores \u00fanicos, el Bang King 30000 Pro es perfecto para los usuarios que buscan una soluci\u00f3n de vapeo de alta capacidad y sin complicaciones. Cada caja contiene 10 unidades desechables, por lo que es una excelente opci\u00f3n tanto para uso personal y al por menor, al por mayor en vapeswholesaler.<\/p>\n<h2><strong><a href=\"https:\/\/www.facebook.com\/fred.luo.58\/\">Bang<\/a> King 30K Pro 30000 Puffs Caracter\u00edsticas:<\/strong><\/h2>\n<ul>\n<li>Nicotine:0%\/2%\/3%\/5%<\/li>\n<li>Puffs\uff1a 30000 puffs<\/li>\n<li>Bater\u00eda: 850 mah<\/li>\n<li>Capacidad\uff1a36ML<\/li>\n<li>Resistencia\uff1a1,0 \u03a9 bobina de malla<\/li>\n<li>Recargable\uff1atipo-C<\/li>\n<li>Dispositivo desechable<\/li>\n<\/ul>\n<h2><strong>Sabores:<\/strong><\/h2>\n<ol>\n<li>Sand\u00eda con fresa<\/li>\n<li>Hielo de ar\u00e1ndanos<\/li>\n<li>Menta fresca<\/li>\n<li>Fresa Uva<\/li>\n<li>Ar\u00e1ndano Ar\u00e1ndano Cereza<\/li>\n<li>Sand\u00eda<\/li>\n<li>Fresa Kiwi<\/li>\n<li>Azul Menta Razz<\/li>\n<li>Triple baya<\/li>\n<li>Sand\u00eda Cereza<\/li>\n<li>Frambuesa Dark Sparkle<\/li>\n<li>Ar\u00e1ndano Frambuesa<\/li>\n<\/ol>\n<h2><strong>Lista de embalaje:<\/strong><\/h2>\n<p>1 unidad por caja<br \/>\n10 unidades por caja<br \/>\n200 unidades por caja<\/p>\n<figure id=\"attachment_19935\" aria-describedby=\"caption-attachment-19935\" style=\"width: 800px\" class=\"wp-caption alignnone\"><img loading=\"lazy\" decoding=\"async\" class=\"wp-image-19935 size-full\" title=\"Mayorista Bang King 30K Pro 30000 Puffs Vape desechable 1\" src=\"https:\/\/www.vapeswholesaler.com\/wp-content\/uploads\/2024\/10\/Wholesle-Bang-King-30K-Pro-30000-Puffs-Disposable-vape-1.webp\" alt=\"Mayorista Bang King 30K Pro 30000 Puffs Vape desechable 1\" width=\"800\" height=\"1200\" srcset=\"https:\/\/www.vapeswholesaler.com\/wp-content\/uploads\/2024\/10\/Wholesle-Bang-King-30K-Pro-30000-Puffs-Disposable-vape-1.webp 800w, https:\/\/www.vapeswholesaler.com\/wp-content\/uploads\/2024\/10\/Wholesle-Bang-King-30K-Pro-30000-Puffs-Disposable-vape-1-200x300.webp 200w, https:\/\/www.vapeswholesaler.com\/wp-content\/uploads\/2024\/10\/Wholesle-Bang-King-30K-Pro-30000-Puffs-Disposable-vape-1-683x1024.webp 683w, https:\/\/www.vapeswholesaler.com\/wp-content\/uploads\/2024\/10\/Wholesle-Bang-King-30K-Pro-30000-Puffs-Disposable-vape-1-768x1152.webp 768w, https:\/\/www.vapeswholesaler.com\/wp-content\/uploads\/2024\/10\/Wholesle-Bang-King-30K-Pro-30000-Puffs-Disposable-vape-1-8x12.webp 8w, https:\/\/www.vapeswholesaler.com\/wp-content\/uploads\/2024\/10\/Wholesle-Bang-King-30K-Pro-30000-Puffs-Disposable-vape-1-510x765.webp 510w\" sizes=\"auto, (max-width: 800px) 100vw, 800px\" \/><figcaption id=\"caption-attachment-19935\" class=\"wp-caption-text\">Mayorista Bang King 30K Pro 30000 Puffs Vape desechable<\/figcaption><\/figure>","protected":false},"excerpt":{"rendered":"<p>Cantidad m\u00ednima de pedido:\u00a0<strong>50 unidades<\/strong>\u00a0(Mezcla de sabores)\u00a0\u00a0<strong>Env\u00edo gratuito<\/strong><\/p>\n<p>(<strong>2%, 5% Nic<\/strong>)<\/p>","protected":false},"featured_media":19951,"comment_status":"open","ping_status":"closed","template":"","meta":[],"product_cat":[15],"product_tag":[368,374,388],"class_list":{"0":"post-19952","1":"product","2":"type-product","3":"status-publish","4":"has-post-thumbnail","6":"product_cat-disposable-vape","7":"product_tag-bang-king","8":"product_tag-30000-puffs","9":"product_tag-bang","10":"product_brand-bang","12":"first","13":"instock","14":"shipping-taxable","15":"purchasable","16":"product-type-variable","17":"has-default-attributes"},"aioseo_notices":[],"_links":{"self":[{"href":"https:\/\/www.vapeswholesaler.com\/es\/wp-json\/wp\/v2\/product\/19952","targetHints":{"allow":["GET"]}}],"collection":[{"href":"https:\/\/www.vapeswholesaler.com\/es\/wp-json\/wp\/v2\/product"}],"about":[{"href":"https:\/\/www.vapeswholesaler.com\/es\/wp-json\/wp\/v2\/types\/product"}],"replies":[{"embeddable":true,"href":"https:\/\/www.vapeswholesaler.com\/es\/wp-json\/wp\/v2\/comments?post=19952"}],"wp:featuredmedia":[{"embeddable":true,"href":"https:\/\/www.vapeswholesaler.com\/es\/wp-json\/wp\/v2\/media\/19951"}],"wp:attachment":[{"href":"https:\/\/www.vapeswholesaler.com\/es\/wp-json\/wp\/v2\/media?parent=19952"}],"wp:term":[{"taxonomy":"product_cat","embeddable":true,"href":"https:\/\/www.vapeswholesaler.com\/es\/wp-json\/wp\/v2\/product_cat?post=19952"},{"taxonomy":"product_tag","embeddable":true,"href":"https:\/\/www.vapeswholesaler.com\/es\/wp-json\/wp\/v2\/product_tag?post=19952"}],"curies":[{"name":"wp","href":"https:\/\/api.w.org\/{rel}","templated":true}]}}