{"id":19441,"date":"2024-08-29T12:27:47","date_gmt":"2024-08-29T04:27:47","guid":{"rendered":"https:\/\/www.vapeswholesaler.com\/?post_type=product&#038;p=19441"},"modified":"2024-10-26T20:52:47","modified_gmt":"2024-10-26T12:52:47","slug":"venta-al-por-mayor-especial-liquidacion-elf-bar-te-6000-vape-desechable","status":"publish","type":"product","link":"https:\/\/www.vapeswholesaler.com\/es\/producto\/venta-al-por-mayor-especial-liquidacion-elf-bar-te-6000-vape-desechable","title":{"rendered":"Venta al por mayor Liquidaci\u00f3n especial Elf Bar TE 6000 Vape desechable"},"content":{"rendered":"<p>Elf Bar TE6000 viene en 12 sabores diferentes. Los vaporizadores EB Te6000 de EBCREATE contienen lo \u00faltimo en vaporizadores desechables, con tecnolog\u00eda QUAQ Mesh-coil junto con una enorme capacidad de 6000 caladas y bater\u00eda recargable con protecci\u00f3n contra sobrecarga.<\/p>\n<p>Cada dispositivo pod desechable Elf Bar TE6000 viene integrado con una bater\u00eda de vapeo desechable recargable de 550mah, 10,3ml de e-l\u00edquido elf bar, 5% de fuerza de nicotina salina (50mg\/ml), y un puerto de carga integrado para recargar en casa, sobre la marcha, o en cualquier lugar que pueda con el cable de carga USB-C est\u00e1ndar.<\/p>\n<p>\u00a1El Elf Bar TE6000 naci\u00f3 para la velocidad! \u00a1El dispositivo est\u00e1 dise\u00f1ado para tener una r\u00e1pida aspiraci\u00f3n y entregar su sabor y nicotina a una velocidad inigualable! Pruebe el suyo hoy y experimente todo lo que Elf Bar tiene para ofrecer en una de sus \u00faltimas creaciones.<\/p>\n<h2>Barra Elf TE 6000 Caracter\u00edsticas:<\/h2>\n<ul>\n<li>5% Concentraci\u00f3n de nicotina.<\/li>\n<li>L\u00edquido de 14 ml.<\/li>\n<li>Un total de 6000 puffs.<\/li>\n<\/ul>\n<h2><strong>Liquidaci\u00f3n Sabores<\/strong>\uff1a<\/h2>\n<ol>\n<li>Menta lce<\/li>\n<li>Claro<\/li>\n<li>Oto\u00f1o<\/li>\n<li>Pi\u00f1a Mango Naranja<\/li>\n<li>Kiwi Fruta de la pasi\u00f3n Guayaba<\/li>\n<li>Toro Elfo<\/li>\n<li>Algod\u00f3n de az\u00facar<\/li>\n<li>Cayo Hueso<\/li>\n<\/ol>\n<figure id=\"attachment_19439\" aria-describedby=\"caption-attachment-19439\" style=\"width: 600px\" class=\"wp-caption alignnone\"><img loading=\"lazy\" decoding=\"async\" class=\"wp-image-19439 size-full\" title=\"Venta al por mayor Elf Bar TE 6000 Vape desechable 7\" src=\"https:\/\/www.vapeswholesaler.com\/wp-content\/uploads\/2024\/08\/Wholesale-Elf-Bar-TE-6000-Disposable-vape-7.webp\" alt=\"Venta al por mayor Elf Bar TE 6000 Vape desechable 7\" width=\"600\" height=\"600\" srcset=\"https:\/\/www.vapeswholesaler.com\/wp-content\/uploads\/2024\/08\/Wholesale-Elf-Bar-TE-6000-Disposable-vape-7.webp 600w, https:\/\/www.vapeswholesaler.com\/wp-content\/uploads\/2024\/08\/Wholesale-Elf-Bar-TE-6000-Disposable-vape-7-300x300.webp 300w, https:\/\/www.vapeswholesaler.com\/wp-content\/uploads\/2024\/08\/Wholesale-Elf-Bar-TE-6000-Disposable-vape-7-150x150.webp 150w, https:\/\/www.vapeswholesaler.com\/wp-content\/uploads\/2024\/08\/Wholesale-Elf-Bar-TE-6000-Disposable-vape-7-12x12.webp 12w, https:\/\/www.vapeswholesaler.com\/wp-content\/uploads\/2024\/08\/Wholesale-Elf-Bar-TE-6000-Disposable-vape-7-247x247.webp 247w, https:\/\/www.vapeswholesaler.com\/wp-content\/uploads\/2024\/08\/Wholesale-Elf-Bar-TE-6000-Disposable-vape-7-510x510.webp 510w, https:\/\/www.vapeswholesaler.com\/wp-content\/uploads\/2024\/08\/Wholesale-Elf-Bar-TE-6000-Disposable-vape-7-100x100.webp 100w\" sizes=\"auto, (max-width: 600px) 100vw, 600px\" \/><figcaption id=\"caption-attachment-19439\" class=\"wp-caption-text\">Venta al por mayor Liquidaci\u00f3n especial Elf Bar TE 6000 Vape desechable<\/figcaption><\/figure>\n<p><img loading=\"lazy\" decoding=\"async\" class=\"alignnone wp-image-19450 size-full\" title=\"Venta al por mayor Liquidaci\u00f3n especial Elf Bar TE 6000 Vape desechable\" src=\"https:\/\/www.vapeswholesaler.com\/wp-content\/uploads\/2024\/08\/Wholesale-Special-Clearance-Elf-Bar-TE-6000-Disposable-vape.webp\" alt=\"Venta al por mayor Liquidaci\u00f3n especial Elf Bar TE 6000 Vape desechable\" width=\"600\" height=\"601\" srcset=\"https:\/\/www.vapeswholesaler.com\/wp-content\/uploads\/2024\/08\/Wholesale-Special-Clearance-Elf-Bar-TE-6000-Disposable-vape.webp 600w, https:\/\/www.vapeswholesaler.com\/wp-content\/uploads\/2024\/08\/Wholesale-Special-Clearance-Elf-Bar-TE-6000-Disposable-vape-300x300.webp 300w, https:\/\/www.vapeswholesaler.com\/wp-content\/uploads\/2024\/08\/Wholesale-Special-Clearance-Elf-Bar-TE-6000-Disposable-vape-150x150.webp 150w, https:\/\/www.vapeswholesaler.com\/wp-content\/uploads\/2024\/08\/Wholesale-Special-Clearance-Elf-Bar-TE-6000-Disposable-vape-12x12.webp 12w, https:\/\/www.vapeswholesaler.com\/wp-content\/uploads\/2024\/08\/Wholesale-Special-Clearance-Elf-Bar-TE-6000-Disposable-vape-247x247.webp 247w, https:\/\/www.vapeswholesaler.com\/wp-content\/uploads\/2024\/08\/Wholesale-Special-Clearance-Elf-Bar-TE-6000-Disposable-vape-510x511.webp 510w, https:\/\/www.vapeswholesaler.com\/wp-content\/uploads\/2024\/08\/Wholesale-Special-Clearance-Elf-Bar-TE-6000-Disposable-vape-100x100.webp 100w\" sizes=\"auto, (max-width: 600px) 100vw, 600px\" \/><\/p>\n<p>&nbsp;<\/p>","protected":false},"excerpt":{"rendered":"<p>Cantidad m\u00ednima de pedido:\u00a0<em><strong>100<\/strong><\/em>\u00a0PCS (Mezcla de sabores)<\/p>\n<table border=\"0\" width=\"425\" cellspacing=\"0\" cellpadding=\"0\">\n<tbody>\n<tr>\n<td class=\"et2\" width=\"219\" height=\"36\">Fecha de caducidad<\/td>\n<td class=\"et2\" width=\"206\">Sabores<\/td>\n<\/tr>\n<tr>\n<td class=\"et3\" height=\"21\">05-mayo-25<\/td>\n<td class=\"et4\">Cayo Hueso<\/td>\n<\/tr>\n<tr>\n<td class=\"et3\" height=\"21\">05-mayo-25<\/td>\n<td class=\"et4\">Menta lce<\/td>\n<\/tr>\n<tr>\n<td class=\"et3\" height=\"21\">05-mayo-25<\/td>\n<td class=\"et4\">Claro<\/td>\n<\/tr>\n<tr>\n<td class=\"et3\" height=\"21\">05-mayo-25<\/td>\n<td class=\"et4\">Oto\u00f1o<\/td>\n<\/tr>\n<tr>\n<td class=\"et3\" height=\"21\">08-Nov-24<\/td>\n<td class=\"et4\">Pi\u00f1a Mango Naranja<\/td>\n<\/tr>\n<tr>\n<td class=\"et3\" height=\"21\">08-Nov-24<\/td>\n<td class=\"et4\">Kiwi Fruta de la pasi\u00f3n Guayaba<\/td>\n<\/tr>\n<tr>\n<td class=\"et3\" height=\"21\">08-Nov-24<\/td>\n<td class=\"et4\">Toro Elfo<\/td>\n<\/tr>\n<tr>\n<td class=\"et3\" height=\"21\">08-Nov-24<\/td>\n<td class=\"et4\">Algod\u00f3n de az\u00facar<\/td>\n<\/tr>\n<\/tbody>\n<\/table>","protected":false},"featured_media":19433,"comment_status":"open","ping_status":"closed","template":"","meta":[],"product_cat":[15],"product_tag":[],"class_list":{"0":"post-19441","1":"product","2":"type-product","3":"status-publish","4":"has-post-thumbnail","6":"product_cat-disposable-vape","8":"first","9":"outofstock","10":"shipping-taxable","11":"purchasable","12":"product-type-variable","13":"has-default-attributes"},"aioseo_notices":[],"_links":{"self":[{"href":"https:\/\/www.vapeswholesaler.com\/es\/wp-json\/wp\/v2\/product\/19441","targetHints":{"allow":["GET"]}}],"collection":[{"href":"https:\/\/www.vapeswholesaler.com\/es\/wp-json\/wp\/v2\/product"}],"about":[{"href":"https:\/\/www.vapeswholesaler.com\/es\/wp-json\/wp\/v2\/types\/product"}],"replies":[{"embeddable":true,"href":"https:\/\/www.vapeswholesaler.com\/es\/wp-json\/wp\/v2\/comments?post=19441"}],"wp:featuredmedia":[{"embeddable":true,"href":"https:\/\/www.vapeswholesaler.com\/es\/wp-json\/wp\/v2\/media\/19433"}],"wp:attachment":[{"href":"https:\/\/www.vapeswholesaler.com\/es\/wp-json\/wp\/v2\/media?parent=19441"}],"wp:term":[{"taxonomy":"product_cat","embeddable":true,"href":"https:\/\/www.vapeswholesaler.com\/es\/wp-json\/wp\/v2\/product_cat?post=19441"},{"taxonomy":"product_tag","embeddable":true,"href":"https:\/\/www.vapeswholesaler.com\/es\/wp-json\/wp\/v2\/product_tag?post=19441"}],"curies":[{"name":"wp","href":"https:\/\/api.w.org\/{rel}","templated":true}]}}