{"id":19352,"date":"2024-08-25T17:06:57","date_gmt":"2024-08-25T09:06:57","guid":{"rendered":"https:\/\/www.vapeswholesaler.com\/?post_type=product&#038;p=19352"},"modified":"2025-02-23T14:07:14","modified_gmt":"2025-02-23T06:07:14","slug":"mayorista-vabeen-cyber-flex-25000-puffs-vape-desechable","status":"publish","type":"product","link":"https:\/\/www.vapeswholesaler.com\/es\/producto\/mayorista-vabeen-cyber-flex-25000-puffs-vape-desechable","title":{"rendered":"Mayorista Vabeen Cyber Flex 25000 Puffs Vape Desechable"},"content":{"rendered":"<p>El Vapeador Desechable Vabeen Cyber Flex 25000 Puffs est\u00e1 equipado con doble bobina de malla y una pantalla extra grande para 4 modos de vapeo y como m\u00e1ximo 25000 puffs.<\/p>\n<p>Vabeen Cyber Flex 25000 Puffs Vape Desechable es un vape vers\u00e1til que proporciona cuatro niveles de salida diferentes, ajuste preciso del flujo de aire y efectos de luz fr\u00eda para vapear. Vabeen Cyber Flex est\u00e1 lleno de elementos futuristas y cyberpunk. La luz de respiraci\u00f3n iluminar\u00e1 tu pantalla y te convertir\u00e1 en el vaper m\u00e1s cool. La gran pantalla muestra claramente todos los datos que necesita y le permite operar haciendo clic en el bot\u00f3n o tocando la pantalla t\u00e1ctil. Podr\u00e1s disfrutar de vapear sin problemas con los 4 modos de salida y el ajuste del flujo de aire.<\/p>\n<p>Vabeen Cyber Flex Kit de Vape Desechable tiene una capacidad de 25.000 caladas y est\u00e1 dise\u00f1ado para proporcionar una experiencia de vapeo incre\u00edble. Este dispositivo est\u00e1 pre-llenado con E-l\u00edquido de primera calidad, lo que garantiza un sabor consistente y una producci\u00f3n de vapor suave durante su uso prolongado. Est\u00e1 dise\u00f1ado para vapeadores que valoran tanto la durabilidad como la comodidad. Con su bater\u00eda incorporada, el vaporizador puede funcionar continuamente sin necesidad de recarga durante toda su vida \u00fatil.<\/p>\n<h2><strong>Vabeen Cyber Flex 25000 Puffs Caracter\u00edsticas:<\/strong><\/h2>\n<ul>\n<li>Jugo electr\u00f3nico precargado<\/li>\n<li>Bater\u00eda interna recargable de 800 mAh<\/li>\n<li>Cantidad de puffs: Aproximadamente 25000 Puffs<\/li>\n<li>Pantalla completa ultra grande de 3,4 pulgadas<\/li>\n<li>4 modos de vapeo: Modo Eco (14W)\/Modo Normal (15-16W)\/Modo Avanzado (17-19W)\/Modo Max (20-22W)<\/li>\n<li>Ajuste del flujo de aire<\/li>\n<li>Respirar la luz<\/li>\n<li>5%(50mg) Potencia de nicotina<\/li>\n<li>Carga tipo C (no incluida)<\/li>\n<li>Activado por dibujo<\/li>\n<li>MTL Vaping<\/li>\n<\/ul>\n<h2><strong>Vabeen Cyber Flex 25000 Puffs Sabores:<\/strong><\/h2>\n<ol>\n<li>Hielo Razz Azul<\/li>\n<li>Grosella negra Slashy<\/li>\n<li>Ar\u00e1ndano Cereza Ar\u00e1ndano<\/li>\n<li>Helado de melocot\u00f3n jugoso<\/li>\n<li>Triple Mango<\/li>\n<li>Fresa y coco<\/li>\n<li>Blow Pop de manzana \u00e1cida<\/li>\n<li>Palomitas de caramelo<\/li>\n<li>Cereza Lim\u00f3n<\/li>\n<li>Pi\u00f1a Sand\u00eda<\/li>\n<li>Hielo exuberante<\/li>\n<li>Menta azul<\/li>\n<li>Sand\u00eda con fresa<\/li>\n<li>Cerezo negro<\/li>\n<li>Fruta del drag\u00f3n Pl\u00e1tano Cereza<\/li>\n<\/ol>\n<h2><strong>Lista de embalaje:<\/strong><\/h2>\n<p>1 unidad por caja<br \/>\n10 unidades por caja<br \/>\n200 unidades por caja<\/p>\n<p>&nbsp;<\/p>\n<p><img loading=\"lazy\" decoding=\"async\" class=\"alignnone wp-image-19349 size-full\" title=\"Mayorista Vabeen Cyber Flex 25000 Puffs Vape Desechable 11\" src=\"https:\/\/www.vapeswholesaler.com\/wp-content\/uploads\/2024\/08\/Wholesale-Vabeen-Cyber-Flex-25000-Puffs-Disposable-Vape-11.webp\" alt=\"Mayorista Vabeen Cyber Flex 25000 Puffs Vape Desechable 11\" width=\"800\" height=\"267\" srcset=\"https:\/\/www.vapeswholesaler.com\/wp-content\/uploads\/2024\/08\/Wholesale-Vabeen-Cyber-Flex-25000-Puffs-Disposable-Vape-11.webp 800w, https:\/\/www.vapeswholesaler.com\/wp-content\/uploads\/2024\/08\/Wholesale-Vabeen-Cyber-Flex-25000-Puffs-Disposable-Vape-11-300x100.webp 300w, https:\/\/www.vapeswholesaler.com\/wp-content\/uploads\/2024\/08\/Wholesale-Vabeen-Cyber-Flex-25000-Puffs-Disposable-Vape-11-768x256.webp 768w, https:\/\/www.vapeswholesaler.com\/wp-content\/uploads\/2024\/08\/Wholesale-Vabeen-Cyber-Flex-25000-Puffs-Disposable-Vape-11-18x6.webp 18w, https:\/\/www.vapeswholesaler.com\/wp-content\/uploads\/2024\/08\/Wholesale-Vabeen-Cyber-Flex-25000-Puffs-Disposable-Vape-11-510x170.webp 510w\" sizes=\"auto, (max-width: 800px) 100vw, 800px\" \/> <img loading=\"lazy\" decoding=\"async\" class=\"alignnone wp-image-19350 size-full\" title=\"Mayorista Vabeen Cyber Flex 25000 Puffs Vape Desechable 12\" src=\"https:\/\/www.vapeswholesaler.com\/wp-content\/uploads\/2024\/08\/Wholesale-Vabeen-Cyber-Flex-25000-Puffs-Disposable-Vape-12.webp\" alt=\"Mayorista Vabeen Cyber Flex 25000 Puffs Vape Desechable 12\" width=\"800\" height=\"800\" srcset=\"https:\/\/www.vapeswholesaler.com\/wp-content\/uploads\/2024\/08\/Wholesale-Vabeen-Cyber-Flex-25000-Puffs-Disposable-Vape-12.webp 800w, https:\/\/www.vapeswholesaler.com\/wp-content\/uploads\/2024\/08\/Wholesale-Vabeen-Cyber-Flex-25000-Puffs-Disposable-Vape-12-300x300.webp 300w, https:\/\/www.vapeswholesaler.com\/wp-content\/uploads\/2024\/08\/Wholesale-Vabeen-Cyber-Flex-25000-Puffs-Disposable-Vape-12-150x150.webp 150w, https:\/\/www.vapeswholesaler.com\/wp-content\/uploads\/2024\/08\/Wholesale-Vabeen-Cyber-Flex-25000-Puffs-Disposable-Vape-12-768x768.webp 768w, https:\/\/www.vapeswholesaler.com\/wp-content\/uploads\/2024\/08\/Wholesale-Vabeen-Cyber-Flex-25000-Puffs-Disposable-Vape-12-12x12.webp 12w, https:\/\/www.vapeswholesaler.com\/wp-content\/uploads\/2024\/08\/Wholesale-Vabeen-Cyber-Flex-25000-Puffs-Disposable-Vape-12-247x247.webp 247w, https:\/\/www.vapeswholesaler.com\/wp-content\/uploads\/2024\/08\/Wholesale-Vabeen-Cyber-Flex-25000-Puffs-Disposable-Vape-12-510x510.webp 510w, https:\/\/www.vapeswholesaler.com\/wp-content\/uploads\/2024\/08\/Wholesale-Vabeen-Cyber-Flex-25000-Puffs-Disposable-Vape-12-100x100.webp 100w\" sizes=\"auto, (max-width: 800px) 100vw, 800px\" \/> <img loading=\"lazy\" decoding=\"async\" class=\"alignnone wp-image-19348 size-full\" title=\"Mayorista Vabeen Cyber Flex 25000 Puffs Vape Desechable 10\" src=\"https:\/\/www.vapeswholesaler.com\/wp-content\/uploads\/2024\/08\/Wholesale-Vabeen-Cyber-Flex-25000-Puffs-Disposable-Vape-10.webp\" alt=\"Mayorista Vabeen Cyber Flex 25000 Puffs Vape Desechable 10\" width=\"800\" height=\"782\" srcset=\"https:\/\/www.vapeswholesaler.com\/wp-content\/uploads\/2024\/08\/Wholesale-Vabeen-Cyber-Flex-25000-Puffs-Disposable-Vape-10.webp 800w, https:\/\/www.vapeswholesaler.com\/wp-content\/uploads\/2024\/08\/Wholesale-Vabeen-Cyber-Flex-25000-Puffs-Disposable-Vape-10-300x293.webp 300w, https:\/\/www.vapeswholesaler.com\/wp-content\/uploads\/2024\/08\/Wholesale-Vabeen-Cyber-Flex-25000-Puffs-Disposable-Vape-10-768x751.webp 768w, https:\/\/www.vapeswholesaler.com\/wp-content\/uploads\/2024\/08\/Wholesale-Vabeen-Cyber-Flex-25000-Puffs-Disposable-Vape-10-12x12.webp 12w, https:\/\/www.vapeswholesaler.com\/wp-content\/uploads\/2024\/08\/Wholesale-Vabeen-Cyber-Flex-25000-Puffs-Disposable-Vape-10-510x499.webp 510w\" sizes=\"auto, (max-width: 800px) 100vw, 800px\" \/><\/p>","protected":false},"excerpt":{"rendered":"<p>Cantidad m\u00ednima de pedido: <strong>100 UNIDADES<\/strong>\u00a0(Mezcla de sabores)\u00a0\u00a0<strong>Env\u00edo gratuito<\/strong><\/p>\n<p>(<strong>2%, 5% Nic<\/strong>)<\/p>","protected":false},"featured_media":19339,"comment_status":"open","ping_status":"closed","template":"","meta":[],"product_cat":[15],"product_tag":[],"class_list":{"0":"post-19352","1":"product","2":"type-product","3":"status-publish","4":"has-post-thumbnail","6":"product_cat-disposable-vape","7":"product_brand-vabeen","9":"first","10":"outofstock","11":"shipping-taxable","12":"purchasable","13":"product-type-variable","14":"has-default-attributes"},"aioseo_notices":[],"_links":{"self":[{"href":"https:\/\/www.vapeswholesaler.com\/es\/wp-json\/wp\/v2\/product\/19352","targetHints":{"allow":["GET"]}}],"collection":[{"href":"https:\/\/www.vapeswholesaler.com\/es\/wp-json\/wp\/v2\/product"}],"about":[{"href":"https:\/\/www.vapeswholesaler.com\/es\/wp-json\/wp\/v2\/types\/product"}],"replies":[{"embeddable":true,"href":"https:\/\/www.vapeswholesaler.com\/es\/wp-json\/wp\/v2\/comments?post=19352"}],"wp:featuredmedia":[{"embeddable":true,"href":"https:\/\/www.vapeswholesaler.com\/es\/wp-json\/wp\/v2\/media\/19339"}],"wp:attachment":[{"href":"https:\/\/www.vapeswholesaler.com\/es\/wp-json\/wp\/v2\/media?parent=19352"}],"wp:term":[{"taxonomy":"product_cat","embeddable":true,"href":"https:\/\/www.vapeswholesaler.com\/es\/wp-json\/wp\/v2\/product_cat?post=19352"},{"taxonomy":"product_tag","embeddable":true,"href":"https:\/\/www.vapeswholesaler.com\/es\/wp-json\/wp\/v2\/product_tag?post=19352"}],"curies":[{"name":"wp","href":"https:\/\/api.w.org\/{rel}","templated":true}]}}