{"id":19323,"date":"2024-08-23T14:40:41","date_gmt":"2024-08-23T06:40:41","guid":{"rendered":"https:\/\/www.vapeswholesaler.com\/?post_type=product&#038;p=19323"},"modified":"2026-03-27T15:42:31","modified_gmt":"2026-03-27T07:42:31","slug":"mayorista-poco-sl-15000-puffs-desechables-vape-ecig-eu-usa-stock","status":"publish","type":"product","link":"https:\/\/www.vapeswholesaler.com\/es\/producto\/mayorista-poco-sl-15000-puffs-desechables-vape-ecig-eu-usa-stock","title":{"rendered":"Mayorista POCO SL 15000 Puffs Desechables vape Ecig EU USA Stock"},"content":{"rendered":"<p>El vapeador desechable POCO SL 15000 Puffs es un producto revolucionario dise\u00f1ado para personas que valoran la comodidad sin comprometer la calidad o el sabor. Con una asombrosa capacidad de 24 ml y la capacidad de ofrecer hasta 15.000 caladas, este dispositivo establece un nuevo est\u00e1ndar para vapeadores desechables en el mercado.<\/p>\n<p>El POCO SL 15000 Puffs ofrece un impresionante conjunto de caracter\u00edsticas que lo hacen destacar entre la multitud, Su potente bater\u00eda de 650mAh garantiza un uso de larga duraci\u00f3n y su concentraci\u00f3n de nicotina sal 2%\/5% significa que es adecuado para vaporizadores experimentados que quieren un gran golpe de garganta en cada calada. Mediante la combinaci\u00f3n de un mecanismo de calentamiento especializado con su dise\u00f1o de vanguardia, obtendr\u00e1 un sabor incre\u00edblemente suave y puro cuando est\u00e9 en uso.<\/p>\n<p>Con una enorme capacidad de 24ml y 15000 caladas, el vaporizador desechable POCO SL 15000 ofrece una amplia gama de tentadores sabores para elevar tu experiencia de vapeo.<\/p>\n<h2><strong>POCO SL 15000 Puffs Desechables vape Ecig Caracter\u00edsticas:<\/strong><\/h2>\n<ul>\n<li>Bater\u00eda recargable de 650 mAh<\/li>\n<li>E-l\u00edquido precargado de 25 ml<\/li>\n<li>Potencia de nicotina 2%\/5%<\/li>\n<li>Alcanza hasta 15000 bocanadas<\/li>\n<li>Bobina de malla de 1,0 ohm<\/li>\n<li>Puerto de carga Tipo-C<\/li>\n<li>12 sabores disponibles<\/li>\n<\/ul>\n<h2><strong>POCO SL 15000 Puffs Desechables Vape Ecig Sabores:<\/strong><\/h2>\n<ol>\n<li>Aloe Uva<\/li>\n<li>Zarzamora Ar\u00e1ndano<\/li>\n<li>Black Ice Fruta del Drag\u00f3n Fresa<\/li>\n<li>Limonada de ar\u00e1ndanos y frambuesas<\/li>\n<li>Bebida energ\u00e9tica<\/li>\n<li>Uva Ar\u00e1ndano Melocot\u00f3n<\/li>\n<li>Pi\u00f1a Manzana<\/li>\n<li>Pi\u00f1a Fresa Pl\u00e1tano<\/li>\n<li>Fresa Cereza<\/li>\n<li>Fresa Frambuesa Kiwi<\/li>\n<li>Sand\u00eda con fresa<\/li>\n<li>sand\u00eda Lichi<\/li>\n<\/ol>\n<h2><strong>POCO SL 15000 Puffs Lista de embalaje:<\/strong><\/h2>\n<p>1 unidad por caja<br \/>\n10 unidades por caja<br \/>\n200 unidades por caja<\/p>\n<figure id=\"attachment_19316\" aria-describedby=\"caption-attachment-19316\" style=\"width: 800px\" class=\"wp-caption alignnone\"><img loading=\"lazy\" decoding=\"async\" class=\"wp-image-19316 size-full\" title=\"Mayorista E Cigarrillo Vape Smart Screen POCO SL 15000 Puffs Desechable vape 3\" src=\"https:\/\/www.vapeswholesaler.com\/wp-content\/uploads\/2024\/08\/Wholesale-E-Cigarette-Vape-Smart-Screen-POCO-SL-15000-Puffs-Disposable-vape-3.webp\" alt=\"Mayorista E Cigarrillo Vape Smart Screen POCO SL 15000 Puffs Desechable vape 3\" width=\"800\" height=\"800\" srcset=\"https:\/\/www.vapeswholesaler.com\/wp-content\/uploads\/2024\/08\/Wholesale-E-Cigarette-Vape-Smart-Screen-POCO-SL-15000-Puffs-Disposable-vape-3.webp 800w, https:\/\/www.vapeswholesaler.com\/wp-content\/uploads\/2024\/08\/Wholesale-E-Cigarette-Vape-Smart-Screen-POCO-SL-15000-Puffs-Disposable-vape-3-300x300.webp 300w, https:\/\/www.vapeswholesaler.com\/wp-content\/uploads\/2024\/08\/Wholesale-E-Cigarette-Vape-Smart-Screen-POCO-SL-15000-Puffs-Disposable-vape-3-150x150.webp 150w, https:\/\/www.vapeswholesaler.com\/wp-content\/uploads\/2024\/08\/Wholesale-E-Cigarette-Vape-Smart-Screen-POCO-SL-15000-Puffs-Disposable-vape-3-768x768.webp 768w, https:\/\/www.vapeswholesaler.com\/wp-content\/uploads\/2024\/08\/Wholesale-E-Cigarette-Vape-Smart-Screen-POCO-SL-15000-Puffs-Disposable-vape-3-12x12.webp 12w, https:\/\/www.vapeswholesaler.com\/wp-content\/uploads\/2024\/08\/Wholesale-E-Cigarette-Vape-Smart-Screen-POCO-SL-15000-Puffs-Disposable-vape-3-247x247.webp 247w, https:\/\/www.vapeswholesaler.com\/wp-content\/uploads\/2024\/08\/Wholesale-E-Cigarette-Vape-Smart-Screen-POCO-SL-15000-Puffs-Disposable-vape-3-510x510.webp 510w, https:\/\/www.vapeswholesaler.com\/wp-content\/uploads\/2024\/08\/Wholesale-E-Cigarette-Vape-Smart-Screen-POCO-SL-15000-Puffs-Disposable-vape-3-100x100.webp 100w\" sizes=\"auto, (max-width: 800px) 100vw, 800px\" \/><figcaption id=\"caption-attachment-19316\" class=\"wp-caption-text\">Mayorista E Cigarrillo Vape Pantalla Inteligente POCO SL 15000 Puffs Vape desechable<\/figcaption><\/figure>\n<p><img loading=\"lazy\" decoding=\"async\" class=\"alignnone wp-image-19322 size-full\" title=\"Mayorista E Cigarrillo Vape Smart Screen POCO SL 15000 Puffs Vape desechable 9\" src=\"https:\/\/www.vapeswholesaler.com\/wp-content\/uploads\/2024\/08\/Wholesale-E-Cigarette-Vape-Smart-Screen-POCO-SL-15000-Puffs-Disposable-vape-9.webp\" alt=\"Mayorista E Cigarrillo Vape Smart Screen POCO SL 15000 Puffs Vape desechable 9\" width=\"800\" height=\"800\" srcset=\"https:\/\/www.vapeswholesaler.com\/wp-content\/uploads\/2024\/08\/Wholesale-E-Cigarette-Vape-Smart-Screen-POCO-SL-15000-Puffs-Disposable-vape-9.webp 800w, https:\/\/www.vapeswholesaler.com\/wp-content\/uploads\/2024\/08\/Wholesale-E-Cigarette-Vape-Smart-Screen-POCO-SL-15000-Puffs-Disposable-vape-9-300x300.webp 300w, https:\/\/www.vapeswholesaler.com\/wp-content\/uploads\/2024\/08\/Wholesale-E-Cigarette-Vape-Smart-Screen-POCO-SL-15000-Puffs-Disposable-vape-9-150x150.webp 150w, https:\/\/www.vapeswholesaler.com\/wp-content\/uploads\/2024\/08\/Wholesale-E-Cigarette-Vape-Smart-Screen-POCO-SL-15000-Puffs-Disposable-vape-9-768x768.webp 768w, https:\/\/www.vapeswholesaler.com\/wp-content\/uploads\/2024\/08\/Wholesale-E-Cigarette-Vape-Smart-Screen-POCO-SL-15000-Puffs-Disposable-vape-9-12x12.webp 12w, https:\/\/www.vapeswholesaler.com\/wp-content\/uploads\/2024\/08\/Wholesale-E-Cigarette-Vape-Smart-Screen-POCO-SL-15000-Puffs-Disposable-vape-9-247x247.webp 247w, https:\/\/www.vapeswholesaler.com\/wp-content\/uploads\/2024\/08\/Wholesale-E-Cigarette-Vape-Smart-Screen-POCO-SL-15000-Puffs-Disposable-vape-9-510x510.webp 510w, https:\/\/www.vapeswholesaler.com\/wp-content\/uploads\/2024\/08\/Wholesale-E-Cigarette-Vape-Smart-Screen-POCO-SL-15000-Puffs-Disposable-vape-9-100x100.webp 100w\" sizes=\"auto, (max-width: 800px) 100vw, 800px\" \/><\/p>","protected":false},"excerpt":{"rendered":"<h4>Cantidad m\u00ednima de pedido: 100 unidades (mezcla de sabores)<\/h4>\n<h4>\uff08<strong>2%\uff0c3%\uff0c5%<\/strong>\uff09<br \/>\n<strong>Env\u00edo gratuito a direcciones de la UE <\/strong><\/h4>","protected":false},"featured_media":19336,"comment_status":"open","ping_status":"closed","template":"","meta":[],"product_cat":[15],"product_tag":[],"class_list":{"0":"post-19323","1":"product","2":"type-product","3":"status-publish","4":"has-post-thumbnail","6":"product_cat-disposable-vape","7":"product_brand-poco","9":"first","10":"instock","11":"shipping-taxable","12":"purchasable","13":"product-type-variable","14":"has-default-attributes"},"aioseo_notices":[],"_links":{"self":[{"href":"https:\/\/www.vapeswholesaler.com\/es\/wp-json\/wp\/v2\/product\/19323","targetHints":{"allow":["GET"]}}],"collection":[{"href":"https:\/\/www.vapeswholesaler.com\/es\/wp-json\/wp\/v2\/product"}],"about":[{"href":"https:\/\/www.vapeswholesaler.com\/es\/wp-json\/wp\/v2\/types\/product"}],"replies":[{"embeddable":true,"href":"https:\/\/www.vapeswholesaler.com\/es\/wp-json\/wp\/v2\/comments?post=19323"}],"wp:featuredmedia":[{"embeddable":true,"href":"https:\/\/www.vapeswholesaler.com\/es\/wp-json\/wp\/v2\/media\/19336"}],"wp:attachment":[{"href":"https:\/\/www.vapeswholesaler.com\/es\/wp-json\/wp\/v2\/media?parent=19323"}],"wp:term":[{"taxonomy":"product_cat","embeddable":true,"href":"https:\/\/www.vapeswholesaler.com\/es\/wp-json\/wp\/v2\/product_cat?post=19323"},{"taxonomy":"product_tag","embeddable":true,"href":"https:\/\/www.vapeswholesaler.com\/es\/wp-json\/wp\/v2\/product_tag?post=19323"}],"curies":[{"name":"wp","href":"https:\/\/api.w.org\/{rel}","templated":true}]}}