{"id":19271,"date":"2024-08-20T18:19:28","date_gmt":"2024-08-20T10:19:28","guid":{"rendered":"https:\/\/www.vapeswholesaler.com\/?post_type=product&#038;p=19271"},"modified":"2025-09-16T16:46:13","modified_gmt":"2025-09-16T08:46:13","slug":"mayorista-vookbar-cyber-pro-30000-puffs-vape-desechable","status":"publish","type":"product","link":"https:\/\/www.vapeswholesaler.com\/es\/producto\/mayorista-vookbar-cyber-pro-30000-puffs-vape-desechable","title":{"rendered":"Mayorista Vookbar Cyber Pro 30000 Puffs Vape Desechable"},"content":{"rendered":"<p>Vookbar Cyber Pro 30000 Puffs es un desechable conectado por Bluetooth y controlado por la APP WEARINOS con una pantalla t\u00e1ctil de 2,01 pulgadas que combina caracter\u00edsticas innovadoras y pr\u00e1cticas. Los usuarios pueden cambiar el fondo de pantalla de Cyber Pro a trav\u00e9s de WEARINOS APP en el tel\u00e9fono en cualquier lugar en cualquier momento. Cyber Pro podr\u00eda proporcionar hasta 30.000 caladas, tiene un built-in 22ML 5% Nic Salt e-l\u00edquido, y est\u00e1 disponible para 20 sabores. Tambi\u00e9n puede cambiar entre el modo POWER y el modo NORM, trayendo un nuevo tipo de experiencia vaping para los usuarios.<\/p>\n<h2><strong>Conectividad Bluetooth:<\/strong><\/h2>\n<p>Despl\u00e1cese por la p\u00e1gina de inicio de Cyber Pro, el men\u00fa tiene el icono de Bluetooth. T\u00f3quelo y la conectividad Bluetooth estar\u00e1 disponible. Entonces Cyber Pro se vincular\u00e1 a su tel\u00e9fono a trav\u00e9s de Bluetooth.<\/p>\n<h2><strong>Interacci\u00f3n con WEARINOS APP:<\/strong><\/h2>\n<p>Los usuarios pueden descargar la APP WEARINOS escaneando el c\u00f3digo QR de la p\u00e1gina principal de Cyber Pro. Adem\u00e1s, WEARINOS APP se puede descargar desde Google Play o Apple Store tambi\u00e9n. Siempre y cuando WEARINOS APP se mantenga en el tel\u00e9fono del usuario, los usuarios pueden controlar Cyber Pro desde la aplicaci\u00f3n WEARINOS para hacer la funci\u00f3n real, como el fondo de pantalla personalizado y el modo selfie de control de distancia, as\u00ed como el seguimiento de movimiento.<\/p>\n<h2><strong>Papel pintado personalizado:<\/strong><\/h2>\n<p>Los usuarios pueden cambiar el fondo de pantalla de Cyber Pro a trav\u00e9s de WEARINOS APP. O seleccionar el fondo de pantalla para Cyber Pro en el men\u00fa. El fondo de pantalla personalizado es f\u00e1cil y bienvenido por la mayor\u00eda de los usuarios. A los usuarios les encanta este tipo de funci\u00f3n porque les aporta m\u00e1s emoci\u00f3n. Los usuarios pueden reconocer el Cyber Pro que les pertenece f\u00e1cilmente de acuerdo con el fondo de pantalla personalizado que establezcan.<\/p>\n<h2><strong>Juego Relax<\/strong><\/h2>\n<p>El divertido juego est\u00e1 preinstalado en Cyber Pro y los usuarios pueden desplazarse a la derecha de Cyber Pro para iniciarlo. Los usuarios pueden compartir con sus amigos y ver qui\u00e9n puede conseguir las puntuaciones m\u00e1s altas.<\/p>\n<h2><strong>Vookbar Cyber Pro 30000 Puffs Caracter\u00edsticas:<\/strong><\/h2>\n<ul>\n<li>Recargable Desechable<\/li>\n<li>Cantidad de caladas:Hasta 30000 caladas<\/li>\n<li>Potencia de nicotina:50 Mg (5%)<\/li>\n<li>Tama\u00f1o de la bater\u00eda: 850 mAh integrados<\/li>\n<li>Pantalla t\u00e1ctil de 2,01 pulgadas<\/li>\n<li>Opciones de papel tapiz personalizables<\/li>\n<li>Conexi\u00f3n Bluetooth<\/li>\n<li>Modo selfie con control remoto<\/li>\n<li>Funciones de llamada y mensajes<\/li>\n<li>Funci\u00f3n de juego relajado<\/li>\n<li>Buscar mi tel\u00e9fono<\/li>\n<li>Ajustes de idioma<\/li>\n<li>Aplicaci\u00f3n Calendario<\/li>\n<li>Gesti\u00f3n de contactos<\/li>\n<li>Modo de movimiento y calculadora<\/li>\n<li>Modo de deportes m\u00faltiples<\/li>\n<li>Bot\u00f3n lateral de encendido\/apagado<\/li>\n<li>Bloqueo para ni\u00f1os<\/li>\n<li>Flujo de aire ajustable<\/li>\n<li>Bobina de malla doble<\/li>\n<li>Desarrollado por Wearin Os<\/li>\n<li>2 modos de vapeo:<\/li>\n<li>Modo Norm: (30000)Puffs, Modo Power: (15000)Puffs<\/li>\n<\/ul>\n<h2><strong>Vookbar Cyber Pro 30000 Puffs Sabores:<\/strong><\/h2>\n<ol>\n<li>Hielo razz azul<\/li>\n<li>Melocot\u00f3n helado<\/li>\n<li>Hielo de uva<\/li>\n<li>Sand\u00eda con fresas<\/li>\n<li>Fresa pl\u00e1tano<\/li>\n<li>Sand\u00eda cereza<\/li>\n<li>Hielo de sand\u00eda<\/li>\n<li>Melocot\u00f3n mango<\/li>\n<li>Fresa kiwi<\/li>\n<li>Hielo de fresa blanca<\/li>\n<li>Goma de hielo blanca<\/li>\n<li>Pinacolada congelada<\/li>\n<li>Jodidamente fabuloso<\/li>\n<li>Mojito de frutas del bosque<\/li>\n<\/ol>\n<h2><strong>Lista de embalaje:<\/strong><\/h2>\n<p>1 unidad por caja<br \/>\n10 unidades cada caja central<br \/>\n200 unidades por caja<\/p>\n<figure id=\"attachment_19249\" aria-describedby=\"caption-attachment-19249\" style=\"width: 661px\" class=\"wp-caption alignnone\"><img loading=\"lazy\" decoding=\"async\" class=\"wp-image-19249 size-full\" title=\"Mayorista Vookbar Cyber Pro 30000 Puffs Vape Desechable 1\" src=\"https:\/\/www.vapeswholesaler.com\/wp-content\/uploads\/2024\/08\/Wholesale-Vookbar-Cyber-Pro-30000-Puffs-Disposable-Vape-1-scaled.webp\" alt=\"Mayorista Vookbar Cyber Pro 30000 Puffs Vape Desechable 1\" width=\"661\" height=\"2560\" srcset=\"https:\/\/www.vapeswholesaler.com\/wp-content\/uploads\/2024\/08\/Wholesale-Vookbar-Cyber-Pro-30000-Puffs-Disposable-Vape-1-scaled.webp 661w, https:\/\/www.vapeswholesaler.com\/wp-content\/uploads\/2024\/08\/Wholesale-Vookbar-Cyber-Pro-30000-Puffs-Disposable-Vape-1-529x2048.webp 529w, https:\/\/www.vapeswholesaler.com\/wp-content\/uploads\/2024\/08\/Wholesale-Vookbar-Cyber-Pro-30000-Puffs-Disposable-Vape-1-3x12.webp 3w, https:\/\/www.vapeswholesaler.com\/wp-content\/uploads\/2024\/08\/Wholesale-Vookbar-Cyber-Pro-30000-Puffs-Disposable-Vape-1-510x1974.webp 510w\" sizes=\"auto, (max-width: 661px) 100vw, 661px\" \/><figcaption id=\"caption-attachment-19249\" class=\"wp-caption-text\">Mayorista Vookbar Cyber Pro 30000 Puffs Vape Desechable<\/figcaption><\/figure>","protected":false},"excerpt":{"rendered":"<p>Cantidad m\u00ednima de pedido: 100 unidades (mezcla de sabores)<\/p>\n<p>\uff08<strong>2% Nic<\/strong>\uff09<\/p>","protected":false},"featured_media":19268,"comment_status":"open","ping_status":"closed","template":"","meta":[],"product_cat":[15],"product_tag":[],"class_list":{"0":"post-19271","1":"product","2":"type-product","3":"status-publish","4":"has-post-thumbnail","6":"product_cat-disposable-vape","8":"first","9":"outofstock","10":"shipping-taxable","11":"purchasable","12":"product-type-variable","13":"has-default-attributes"},"aioseo_notices":[],"_links":{"self":[{"href":"https:\/\/www.vapeswholesaler.com\/es\/wp-json\/wp\/v2\/product\/19271","targetHints":{"allow":["GET"]}}],"collection":[{"href":"https:\/\/www.vapeswholesaler.com\/es\/wp-json\/wp\/v2\/product"}],"about":[{"href":"https:\/\/www.vapeswholesaler.com\/es\/wp-json\/wp\/v2\/types\/product"}],"replies":[{"embeddable":true,"href":"https:\/\/www.vapeswholesaler.com\/es\/wp-json\/wp\/v2\/comments?post=19271"}],"wp:featuredmedia":[{"embeddable":true,"href":"https:\/\/www.vapeswholesaler.com\/es\/wp-json\/wp\/v2\/media\/19268"}],"wp:attachment":[{"href":"https:\/\/www.vapeswholesaler.com\/es\/wp-json\/wp\/v2\/media?parent=19271"}],"wp:term":[{"taxonomy":"product_cat","embeddable":true,"href":"https:\/\/www.vapeswholesaler.com\/es\/wp-json\/wp\/v2\/product_cat?post=19271"},{"taxonomy":"product_tag","embeddable":true,"href":"https:\/\/www.vapeswholesaler.com\/es\/wp-json\/wp\/v2\/product_tag?post=19271"}],"curies":[{"name":"wp","href":"https:\/\/api.w.org\/{rel}","templated":true}]}}