{"id":19163,"date":"2024-08-16T19:00:12","date_gmt":"2024-08-16T11:00:12","guid":{"rendered":"https:\/\/www.vapeswholesaler.com\/?post_type=product&#038;p=19163"},"modified":"2025-03-14T12:38:45","modified_gmt":"2025-03-14T04:38:45","slug":"mayorista-vapsolo-dg18000-18000-bocanadas-vape-desechable","status":"publish","type":"product","link":"https:\/\/www.vapeswholesaler.com\/es\/producto\/mayorista-vapsolo-dg18000-18000-bocanadas-vape-desechable","title":{"rendered":"Mayorista Vapsolo DG18000 18000 Puffs Vape Desechable"},"content":{"rendered":"<p>Experimenta el lujo del cigarrillo electr\u00f3nico Vapsolo DG18000. Con 18000 caladas, modos duales y una pantalla inteligente, puedes controlar f\u00e1cilmente los niveles de aceite y bater\u00eda. El modo normal es perfecto para el uso diario, mientras que el modo boost proporciona un sabor intenso. Dise\u00f1o elegante, carga r\u00e1pida y funciones de seguridad integradas que garantizan una experiencia refinada y sin esfuerzo.<\/p>\n<h2><strong><a href=\"https:\/\/www.vapeswholesaler.com\/es\/marca_producto\/vapsolo\/\">Vapsolo<\/a> DG18000 Puffs Caracter\u00edsticas:<\/strong><\/h2>\n<ul>\n<li>Bater\u00eda recargable de 650 mAh<\/li>\n<li>28 ml de e-l\u00edquido precargado<\/li>\n<li>Potencia de nicotina 2%\/5%<\/li>\n<li>Alcanza hasta 18000 bocanadas<\/li>\n<li>Dise\u00f1o no rellenable<\/li>\n<li>Bobina de malla doble<\/li>\n<li>Puerto de carga Tipo-C<\/li>\n<li>10 sabores disponibles<\/li>\n<\/ul>\n<h2><strong>Vapsolo DG18000 Puffs Sabores:<\/strong><\/h2>\n<ol>\n<li>Melocot\u00f3n Mango Pi\u00f1a<\/li>\n<li>Fruta de la pasi\u00f3n Kiwi Ice<\/li>\n<li>Ar\u00e1ndano Cereza Ar\u00e1ndano<\/li>\n<li>Hielo de sand\u00eda<\/li>\n<li>Fresa Kiwi<\/li>\n<li>Lim\u00f3n lima<\/li>\n<li>Fresa Pl\u00e1tano<\/li>\n<li>Toro rojo<\/li>\n<li>Mezcla de bayas<\/li>\n<li>Sand\u00eda de fresa Prime<\/li>\n<\/ol>\n<h2><strong>Lista de embalaje:<\/strong><\/h2>\n<p>1 unidad cada caja expositora<br \/>\n10 unidades cada caja central<br \/>\n200 unidades por caja<\/p>\n<p>&nbsp;<\/p>\n<p><img loading=\"lazy\" decoding=\"async\" class=\"wp-image-19151 size-full\" title=\"Mayorista Vapsolo DG18000 18000 Puffs Vape Desechable 3\" src=\"https:\/\/www.vapeswholesaler.com\/wp-content\/uploads\/2024\/08\/Wholesale-Vapsolo-DG18000-18000-Puffs-Disposable-Vape-3.webp\" alt=\"Mayorista Vapsolo DG18000 18000 Puffs Vape Desechable 3\" width=\"800\" height=\"800\" srcset=\"https:\/\/www.vapeswholesaler.com\/wp-content\/uploads\/2024\/08\/Wholesale-Vapsolo-DG18000-18000-Puffs-Disposable-Vape-3.webp 800w, https:\/\/www.vapeswholesaler.com\/wp-content\/uploads\/2024\/08\/Wholesale-Vapsolo-DG18000-18000-Puffs-Disposable-Vape-3-300x300.webp 300w, https:\/\/www.vapeswholesaler.com\/wp-content\/uploads\/2024\/08\/Wholesale-Vapsolo-DG18000-18000-Puffs-Disposable-Vape-3-150x150.webp 150w, https:\/\/www.vapeswholesaler.com\/wp-content\/uploads\/2024\/08\/Wholesale-Vapsolo-DG18000-18000-Puffs-Disposable-Vape-3-768x768.webp 768w, https:\/\/www.vapeswholesaler.com\/wp-content\/uploads\/2024\/08\/Wholesale-Vapsolo-DG18000-18000-Puffs-Disposable-Vape-3-12x12.webp 12w, https:\/\/www.vapeswholesaler.com\/wp-content\/uploads\/2024\/08\/Wholesale-Vapsolo-DG18000-18000-Puffs-Disposable-Vape-3-247x247.webp 247w, https:\/\/www.vapeswholesaler.com\/wp-content\/uploads\/2024\/08\/Wholesale-Vapsolo-DG18000-18000-Puffs-Disposable-Vape-3-510x510.webp 510w, https:\/\/www.vapeswholesaler.com\/wp-content\/uploads\/2024\/08\/Wholesale-Vapsolo-DG18000-18000-Puffs-Disposable-Vape-3-100x100.webp 100w\" sizes=\"auto, (max-width: 800px) 100vw, 800px\" \/><\/p>\n<p><img loading=\"lazy\" decoding=\"async\" class=\"alignnone wp-image-19152 size-full\" title=\"Mayorista Vapsolo DG18000 18000 Puffs Vape Desechable 4\" src=\"https:\/\/www.vapeswholesaler.com\/wp-content\/uploads\/2024\/08\/Wholesale-Vapsolo-DG18000-18000-Puffs-Disposable-Vape-4.webp\" alt=\"Mayorista Vapsolo DG18000 18000 Puffs Vape Desechable 4\" width=\"800\" height=\"1067\" srcset=\"https:\/\/www.vapeswholesaler.com\/wp-content\/uploads\/2024\/08\/Wholesale-Vapsolo-DG18000-18000-Puffs-Disposable-Vape-4.webp 800w, https:\/\/www.vapeswholesaler.com\/wp-content\/uploads\/2024\/08\/Wholesale-Vapsolo-DG18000-18000-Puffs-Disposable-Vape-4-225x300.webp 225w, https:\/\/www.vapeswholesaler.com\/wp-content\/uploads\/2024\/08\/Wholesale-Vapsolo-DG18000-18000-Puffs-Disposable-Vape-4-768x1024.webp 768w, https:\/\/www.vapeswholesaler.com\/wp-content\/uploads\/2024\/08\/Wholesale-Vapsolo-DG18000-18000-Puffs-Disposable-Vape-4-9x12.webp 9w, https:\/\/www.vapeswholesaler.com\/wp-content\/uploads\/2024\/08\/Wholesale-Vapsolo-DG18000-18000-Puffs-Disposable-Vape-4-510x680.webp 510w\" sizes=\"auto, (max-width: 800px) 100vw, 800px\" \/><\/p>\n<p>&nbsp;<\/p>\n<p>&nbsp;<\/p>","protected":false},"excerpt":{"rendered":"<p>Cantidad m\u00ednima de pedido: <strong>50 unidades<\/strong>\u00a0(Mezcla de sabores) Env\u00edo gratuito<\/p>\n<p>(<strong>2%, 5% Nic<\/strong>) Almac\u00e9n UE Plazo de env\u00edo 5-6 d\u00edas laborables<\/p>","protected":false},"featured_media":19159,"comment_status":"open","ping_status":"closed","template":"","meta":[],"product_cat":[15],"product_tag":[],"class_list":{"0":"post-19163","1":"product","2":"type-product","3":"status-publish","4":"has-post-thumbnail","6":"product_cat-disposable-vape","7":"product_brand-vapsolo","9":"first","10":"outofstock","11":"shipping-taxable","12":"purchasable","13":"product-type-variable","14":"has-default-attributes"},"aioseo_notices":[],"_links":{"self":[{"href":"https:\/\/www.vapeswholesaler.com\/es\/wp-json\/wp\/v2\/product\/19163","targetHints":{"allow":["GET"]}}],"collection":[{"href":"https:\/\/www.vapeswholesaler.com\/es\/wp-json\/wp\/v2\/product"}],"about":[{"href":"https:\/\/www.vapeswholesaler.com\/es\/wp-json\/wp\/v2\/types\/product"}],"replies":[{"embeddable":true,"href":"https:\/\/www.vapeswholesaler.com\/es\/wp-json\/wp\/v2\/comments?post=19163"}],"wp:featuredmedia":[{"embeddable":true,"href":"https:\/\/www.vapeswholesaler.com\/es\/wp-json\/wp\/v2\/media\/19159"}],"wp:attachment":[{"href":"https:\/\/www.vapeswholesaler.com\/es\/wp-json\/wp\/v2\/media?parent=19163"}],"wp:term":[{"taxonomy":"product_cat","embeddable":true,"href":"https:\/\/www.vapeswholesaler.com\/es\/wp-json\/wp\/v2\/product_cat?post=19163"},{"taxonomy":"product_tag","embeddable":true,"href":"https:\/\/www.vapeswholesaler.com\/es\/wp-json\/wp\/v2\/product_tag?post=19163"}],"curies":[{"name":"wp","href":"https:\/\/api.w.org\/{rel}","templated":true}]}}