{"id":19127,"date":"2024-08-16T12:08:06","date_gmt":"2024-08-16T04:08:06","guid":{"rendered":"https:\/\/www.vapeswholesaler.com\/?post_type=product&#038;p=19127"},"modified":"2025-04-09T10:50:13","modified_gmt":"2025-04-09T02:50:13","slug":"mayorista-vaploso-king-10000-puffs-vape-desechable","status":"publish","type":"product","link":"https:\/\/www.vapeswholesaler.com\/es\/producto\/mayorista-vaploso-king-10000-puffs-vape-desechable","title":{"rendered":"Mayorista Vaploso King 10000 Puffs Vape desechable"},"content":{"rendered":"<p><a href=\"https:\/\/www.vapeswholesaler.com\/es\/marca_producto\/vapsolo\/\">Vaploso<\/a> King 10000 Puffs es como un bol\u00edgrafo vape compacto y port\u00e1til. Sus avanzadas soluciones de vapeo, combinadas con un rendimiento innovador y comodidad, hacen de King 10000 la opci\u00f3n ideal tanto para los entusiastas individuales como para el mayorista.<\/p>\n<p>Vaploso King 10000 Puffs cuenta con una impresionante capacidad de 10.000 caladas por unidad, lo que garantiza un uso prolongado sin reemplazos frecuentes. Cuenta con una generosa capacidad de 20 ml de e-l\u00edquido y una fiable bater\u00eda recargable de 650 mAh, completa con un puerto de carga tipo-C para una recarga r\u00e1pida. Su avanzada tecnolog\u00eda de bobina de malla de 1.0\u03a9 garantiza una producci\u00f3n de vapor suave, mejorando la<\/p>\n<h2><strong><a href=\"https:\/\/www.facebook.com\/fred.luo.58\">Vapsolo<\/a> King 10000 Puffs Caracter\u00edsticas:<\/strong><\/h2>\n<ul>\n<li>Bater\u00eda recargable de 650mah<\/li>\n<li>20 ml de e-l\u00edquido precargado<\/li>\n<li>Potencia de nicotina 2%\/5%<\/li>\n<li>Alcanza hasta 10000 bocanadas<\/li>\n<li>Bobina de malla de 1,0 ohm<\/li>\n<li>Puerto de carga Tipo-C<\/li>\n<li>20 sabores disponibles<\/li>\n<\/ul>\n<h2><strong>Sabores:<\/strong><\/h2>\n<ol>\n<li>Ar\u00e1ndano Frambuesa<\/li>\n<li>Blue Razz<\/li>\n<li>Hielo de pl\u00e1tano<\/li>\n<li>Hielo de ar\u00e1ndanos<\/li>\n<li>Cereza efervescente<\/li>\n<li>Kiwi Fruta de la pasi\u00f3n Guayaba<\/li>\n<li>Lim\u00f3n Lima<\/li>\n<li>Mezcla de bayas<\/li>\n<li>Sr. Azul<\/li>\n<li>Melocot\u00f3n Mango Pi\u00f1a<\/li>\n<li>Lluvia p\u00farpura<\/li>\n<li>Sand\u00eda de fresa Prime<\/li>\n<li>Manzana roja<\/li>\n<li>Fresa Kiwi<\/li>\n<li>Hielo de pi\u00f1a agria<\/li>\n<li>Fresa Pl\u00e1tano<\/li>\n<li>Fresa Frambuesa Cereza Helado<\/li>\n<li>Fresa helada<\/li>\n<li>Red Bull<\/li>\n<li>Hielo de sand\u00eda<\/li>\n<\/ol>\n<h2><strong>Lista de embalaje:<\/strong><\/h2>\n<p>1 unidad por caja peque\u00f1a<br \/>\n10 unidades en caja mediana<br \/>\n200 unidades por caja<\/p>\n<p>&nbsp;<\/p>\n<figure id=\"attachment_19109\" aria-describedby=\"caption-attachment-19109\" style=\"width: 800px\" class=\"wp-caption alignnone\"><img loading=\"lazy\" decoding=\"async\" class=\"wp-image-19109 size-full\" title=\"Mayorista Vaploso King 10000 Puffs Vape desechable 1\" src=\"https:\/\/www.vapeswholesaler.com\/wp-content\/uploads\/2024\/08\/Wholesale-Vaploso-King-10000-Puffs-Disposable-vape-1.jpg\" alt=\"Mayorista Vaploso King 10000 Puffs Vape desechable 1\" width=\"800\" height=\"800\" srcset=\"https:\/\/www.vapeswholesaler.com\/wp-content\/uploads\/2024\/08\/Wholesale-Vaploso-King-10000-Puffs-Disposable-vape-1.jpg 800w, https:\/\/www.vapeswholesaler.com\/wp-content\/uploads\/2024\/08\/Wholesale-Vaploso-King-10000-Puffs-Disposable-vape-1-300x300.jpg 300w, https:\/\/www.vapeswholesaler.com\/wp-content\/uploads\/2024\/08\/Wholesale-Vaploso-King-10000-Puffs-Disposable-vape-1-150x150.jpg 150w, https:\/\/www.vapeswholesaler.com\/wp-content\/uploads\/2024\/08\/Wholesale-Vaploso-King-10000-Puffs-Disposable-vape-1-768x768.jpg 768w, https:\/\/www.vapeswholesaler.com\/wp-content\/uploads\/2024\/08\/Wholesale-Vaploso-King-10000-Puffs-Disposable-vape-1-12x12.jpg 12w, https:\/\/www.vapeswholesaler.com\/wp-content\/uploads\/2024\/08\/Wholesale-Vaploso-King-10000-Puffs-Disposable-vape-1-247x247.jpg 247w, https:\/\/www.vapeswholesaler.com\/wp-content\/uploads\/2024\/08\/Wholesale-Vaploso-King-10000-Puffs-Disposable-vape-1-510x510.jpg 510w, https:\/\/www.vapeswholesaler.com\/wp-content\/uploads\/2024\/08\/Wholesale-Vaploso-King-10000-Puffs-Disposable-vape-1-100x100.jpg 100w\" sizes=\"auto, (max-width: 800px) 100vw, 800px\" \/><figcaption id=\"caption-attachment-19109\" class=\"wp-caption-text\">Mayorista Vaploso King 10000 Puffs Vape desechable<\/figcaption><\/figure>","protected":false},"excerpt":{"rendered":"<p>Cantidad m\u00ednima de pedido: <strong>50 unidades <\/strong>(Mezcla de sabores) Env\u00edo gratuito<\/p>\n<p>(<strong>2%, 5% Nic<\/strong>) Almac\u00e9n UE Plazo de env\u00edo 5-6 d\u00edas laborables<\/p>","protected":false},"featured_media":19126,"comment_status":"open","ping_status":"closed","template":"","meta":[],"product_cat":[15],"product_tag":[87,373,378],"class_list":{"0":"post-19127","1":"product","2":"type-product","3":"status-publish","4":"has-post-thumbnail","6":"product_cat-disposable-vape","7":"product_tag-vapsolo","8":"product_tag-europe-warehouse","9":"product_tag-10000-puffs","10":"product_brand-vapsolo","12":"first","13":"outofstock","14":"shipping-taxable","15":"purchasable","16":"product-type-variable","17":"has-default-attributes"},"aioseo_notices":[],"_links":{"self":[{"href":"https:\/\/www.vapeswholesaler.com\/es\/wp-json\/wp\/v2\/product\/19127","targetHints":{"allow":["GET"]}}],"collection":[{"href":"https:\/\/www.vapeswholesaler.com\/es\/wp-json\/wp\/v2\/product"}],"about":[{"href":"https:\/\/www.vapeswholesaler.com\/es\/wp-json\/wp\/v2\/types\/product"}],"replies":[{"embeddable":true,"href":"https:\/\/www.vapeswholesaler.com\/es\/wp-json\/wp\/v2\/comments?post=19127"}],"wp:featuredmedia":[{"embeddable":true,"href":"https:\/\/www.vapeswholesaler.com\/es\/wp-json\/wp\/v2\/media\/19126"}],"wp:attachment":[{"href":"https:\/\/www.vapeswholesaler.com\/es\/wp-json\/wp\/v2\/media?parent=19127"}],"wp:term":[{"taxonomy":"product_cat","embeddable":true,"href":"https:\/\/www.vapeswholesaler.com\/es\/wp-json\/wp\/v2\/product_cat?post=19127"},{"taxonomy":"product_tag","embeddable":true,"href":"https:\/\/www.vapeswholesaler.com\/es\/wp-json\/wp\/v2\/product_tag?post=19127"}],"curies":[{"name":"wp","href":"https:\/\/api.w.org\/{rel}","templated":true}]}}