{"id":19089,"date":"2024-08-16T10:35:21","date_gmt":"2024-08-16T02:35:21","guid":{"rendered":"https:\/\/www.vapeswholesaler.com\/?post_type=product&#038;p=19089"},"modified":"2026-03-27T15:42:56","modified_gmt":"2026-03-27T07:42:56","slug":"mayorista-bang-king-doble-cristal-20000-bocanadas-vape-desechable","status":"publish","type":"product","link":"https:\/\/www.vapeswholesaler.com\/es\/producto\/mayorista-bang-king-doble-cristal-20000-bocanadas-vape-desechable","title":{"rendered":"Mayorista Bang King Crystal 20000 Puffs Vape Desechable"},"content":{"rendered":"<p><a href=\"https:\/\/www.vapeswholesaler.com\/es\/marca_producto\/bang\/\">Bang<\/a> King Crystal 20000 Puffs viene con 2 vasos de Eliquid, est\u00e1 dise\u00f1ado para un uso prolongado, reduciendo la necesidad de reemplazos frecuentes con sus impresionantes 20.000 puffs por dispositivo. Abastece a diversas preferencias vaping con cuatro puntos fuertes de nicotina (0%, 2%, 3%, y 5%). El dispositivo est\u00e1 equipado con una bater\u00eda recargable de 650 mAh y carga de tipo C, lo que garantiza la comodidad y la longevidad. La generosa capacidad de 25 ml de e-l\u00edquido permite sesiones de vapeo prolongadas sin la molestia de recargas constantes. Adem\u00e1s, la avanzada bobina de malla de 1,0 \u03a9 proporciona un vapor suave y un rico sabor, proporcionando una experiencia de vapeo premium.<\/p>\n<p>Ofrecemos peque\u00f1as cantidades al por mayor con una cantidad m\u00ednima de pedido de 100pcs. Todos nuestros clientes pueden disfrutar de los precios al por mayor m\u00e1s justos y las velocidades de env\u00edo m\u00e1s r\u00e1pidas, Seremos su proveedor m\u00e1s confiable y vamos a crecer juntos.<\/p>\n<h2><strong><a href=\"https:\/\/www.facebook.com\/fred.luo.58\/\">Bang<\/a> King Crystal 20000 Puffs Detalles:<\/strong><\/h2>\n<ul>\n<li>Bater\u00eda recargable de 650 mAh<\/li>\n<li>E-l\u00edquido precargado de 25 ml<\/li>\n<li>0\/2%\/3%\/5% potencia de nicotina<\/li>\n<li>Alcanza hasta 20000 bocanadas<\/li>\n<li>Bobina de malla<\/li>\n<li>Puerto de carga Tipo-C<\/li>\n<li>12 sabores disponibles<\/li>\n<\/ul>\n<h2><strong>Sabores:<\/strong><\/h2>\n<ol>\n<li>Blue Razz<\/li>\n<li>Hielo de ar\u00e1ndanos<\/li>\n<li>Bebida energ\u00e9tica<\/li>\n<li>Hielo de uva<\/li>\n<li>Kiwi Fruta de la pasi\u00f3n Guayaba<\/li>\n<li>Frutas variadas<\/li>\n<li>Melocot\u00f3n helado<\/li>\n<li>Manzana \u00e1cida Frambuesa<\/li>\n<li>Fresa Kiwi<\/li>\n<li>Fresa Mango<\/li>\n<li>Sand\u00eda con fresa<\/li>\n<li>Hielo de sand\u00eda<\/li>\n<\/ol>\n<h2><strong>Lista de embalaje:<\/strong><\/h2>\n<p>Individual con envase peque\u00f1o<br \/>\n10 unidades en caja mediana<br \/>\n200 unidades por caja<\/p>\n<figure id=\"attachment_19093\" aria-describedby=\"caption-attachment-19093\" style=\"width: 800px\" class=\"wp-caption alignnone\"><img loading=\"lazy\" decoding=\"async\" class=\"wp-image-19093 size-full\" title=\"Mayorista Bang King Doble Cristal 20000 Puffs Vape Desechable 4\" src=\"https:\/\/www.vapeswholesaler.com\/wp-content\/uploads\/2024\/08\/Wholesa-Bang-King-Double-Crystal-20000-Puffs-Disposable-Vape-4-1.jpg\" alt=\"Mayorista Bang King Doble Cristal 20000 Puffs Vape Desechable 4\" width=\"800\" height=\"500\" srcset=\"https:\/\/www.vapeswholesaler.com\/wp-content\/uploads\/2024\/08\/Wholesa-Bang-King-Double-Crystal-20000-Puffs-Disposable-Vape-4-1.jpg 800w, https:\/\/www.vapeswholesaler.com\/wp-content\/uploads\/2024\/08\/Wholesa-Bang-King-Double-Crystal-20000-Puffs-Disposable-Vape-4-1-300x188.jpg 300w, https:\/\/www.vapeswholesaler.com\/wp-content\/uploads\/2024\/08\/Wholesa-Bang-King-Double-Crystal-20000-Puffs-Disposable-Vape-4-1-768x480.jpg 768w, https:\/\/www.vapeswholesaler.com\/wp-content\/uploads\/2024\/08\/Wholesa-Bang-King-Double-Crystal-20000-Puffs-Disposable-Vape-4-1-18x12.jpg 18w, https:\/\/www.vapeswholesaler.com\/wp-content\/uploads\/2024\/08\/Wholesa-Bang-King-Double-Crystal-20000-Puffs-Disposable-Vape-4-1-510x319.jpg 510w\" sizes=\"auto, (max-width: 800px) 100vw, 800px\" \/><figcaption id=\"caption-attachment-19093\" class=\"wp-caption-text\">Mayorista Bang King Doble Cristal 20000 Puffs Vape Desechable<\/figcaption><\/figure>","protected":false},"excerpt":{"rendered":"<p>Cantidad m\u00ednima de pedido:\u00a0<strong>50 unidades <\/strong>(Mezcla de sabores)\u00a0\u00a0<strong>Env\u00edo gratuito<\/strong><\/p>\n<p>\uff08<strong>0%\uff0c2%\uff0c3%\uff0c5% Nic<\/strong>\uff09<\/p>","protected":false},"featured_media":19090,"comment_status":"open","ping_status":"closed","template":"","meta":[],"product_cat":[15],"product_tag":[388,100,368],"class_list":{"0":"post-19089","1":"product","2":"type-product","3":"status-publish","4":"has-post-thumbnail","6":"product_cat-disposable-vape","7":"product_tag-bang","8":"product_tag-20000-puffs","9":"product_tag-bang-king","10":"product_brand-bang","12":"first","13":"instock","14":"shipping-taxable","15":"purchasable","16":"product-type-variable","17":"has-default-attributes"},"aioseo_notices":[],"_links":{"self":[{"href":"https:\/\/www.vapeswholesaler.com\/es\/wp-json\/wp\/v2\/product\/19089","targetHints":{"allow":["GET"]}}],"collection":[{"href":"https:\/\/www.vapeswholesaler.com\/es\/wp-json\/wp\/v2\/product"}],"about":[{"href":"https:\/\/www.vapeswholesaler.com\/es\/wp-json\/wp\/v2\/types\/product"}],"replies":[{"embeddable":true,"href":"https:\/\/www.vapeswholesaler.com\/es\/wp-json\/wp\/v2\/comments?post=19089"}],"wp:featuredmedia":[{"embeddable":true,"href":"https:\/\/www.vapeswholesaler.com\/es\/wp-json\/wp\/v2\/media\/19090"}],"wp:attachment":[{"href":"https:\/\/www.vapeswholesaler.com\/es\/wp-json\/wp\/v2\/media?parent=19089"}],"wp:term":[{"taxonomy":"product_cat","embeddable":true,"href":"https:\/\/www.vapeswholesaler.com\/es\/wp-json\/wp\/v2\/product_cat?post=19089"},{"taxonomy":"product_tag","embeddable":true,"href":"https:\/\/www.vapeswholesaler.com\/es\/wp-json\/wp\/v2\/product_tag?post=19089"}],"curies":[{"name":"wp","href":"https:\/\/api.w.org\/{rel}","templated":true}]}}