{"id":18992,"date":"2024-08-04T22:03:26","date_gmt":"2024-08-04T14:03:26","guid":{"rendered":"https:\/\/www.vapeswholesaler.com\/?post_type=product&#038;p=18992"},"modified":"2025-08-27T21:35:30","modified_gmt":"2025-08-27T13:35:30","slug":"venta-al-por-mayor-razz-bar-16000-puffs-vape-desechable","status":"publish","type":"product","link":"https:\/\/www.vapeswholesaler.com\/es\/producto\/venta-al-por-mayor-razz-bar-16000-puffs-vape-desechable","title":{"rendered":"Mayorista RAZZ BAR 16000 Puffs vape desechable"},"content":{"rendered":"<div><a href=\"https:\/\/www.vapeswholesaler.com\/es\/marca_producto\/razzbar\/\">Bar Razz<\/a> 16000 Puffs es un nuevo vapeador desechable, es un dispositivo de alto rendimiento dise\u00f1ado para vapeadores que buscan calidad y comodidad. Con una impresionante capacidad de 16000 caladas y una bater\u00eda de 650 mAh, este cigarrillo electr\u00f3nico desechable garantiza un disfrute prolongado sin reemplazos frecuentes. la generosa capacidad de 20 ml de e-l\u00edquido permite sesiones de vapeo prolongadas, d\u00e1ndole una amplia oportunidad de saborear sus sabores favoritos.<\/div>\n<div><\/div>\n<div>20 ml de capacidad de l\u00edquido: Disfruta de un vapeo de larga duraci\u00f3n con una generosa capacidad de l\u00edquido, perfecta para los aficionados a las sesiones prolongadas.<br \/>\nPotente bater\u00eda de 650 mAh: La bater\u00eda incorporada garantiza una autonom\u00eda suficiente para usarla durante todo el d\u00eda, recargable r\u00e1pidamente a trav\u00e9s del puerto USB tipo C. Indicador LED integrado: Controla f\u00e1cilmente el nivel de bater\u00eda con el indicador LED, asegurando que nunca te quedar\u00e1s sin energ\u00eda en el momento crucial.<\/div>\n<div><\/div>\n<div><\/div>\n<div>Experimente el Razz bar 16000 Puffs Colorido E-Cigarrillos desechables y eleve su viaje vaping con su excepcional rendimiento, comodidad y caracter\u00edsticas personalizables. Disfrute de la combinaci\u00f3n perfecta de tecnolog\u00eda y sabor con este innovador cigarrillo electr\u00f3nico desechable.<\/div>\n<h2><strong><a href=\"https:\/\/www.facebook.com\/fred.luo.58\/\">Bar Razz<\/a> 16000 Puffs Caracter\u00edsticas<\/strong><\/h2>\n<ul>\n<li>Sal Nicotina:2\/5%<\/li>\n<li>Bocanadas:16000 bocanadas<\/li>\n<li>Capacidad:20 ml<\/li>\n<li>200 unidades por caja<\/li>\n<li>12 sabores disponibles<\/li>\n<li>650mah Recargable<\/li>\n<li>Bobina de malla<\/li>\n<li>Tipo-c<\/li>\n<\/ul>\n<h2><strong>Lista de sabores:<\/strong><\/h2>\n<ol>\n<li>Melocot\u00f3n helado<\/li>\n<li>Fresa helada<\/li>\n<li>Uva Roja Sull<\/li>\n<li>Kiwi Fruta de la pasi\u00f3n Guayaba<\/li>\n<li>Manzana doble<\/li>\n<li>Hielo de ar\u00e1ndanos<\/li>\n<li>Osito de goma<\/li>\n<li>Chicle de fresa y sand\u00eda<\/li>\n<li>Hielo de sand\u00eda<\/li>\n<li>Melocot\u00f3n Mango Sand\u00eda<\/li>\n<li>Fresa Kiwi<\/li>\n<li>Mezcla de bayas<\/li>\n<\/ol>\n<h2><strong>Lista de embalaje:<\/strong><\/h2>\n<p>1 unidad por caja<\/p>\n<p>10 unidades cada caja central<\/p>\n<p>200 unidades por caja<\/p>\n<figure id=\"attachment_18991\" aria-describedby=\"caption-attachment-18991\" style=\"width: 800px\" class=\"wp-caption alignnone\"><img loading=\"lazy\" decoding=\"async\" class=\"wp-image-18991 size-full\" title=\"Mayorista RAZZ BAR 16000 Puffs desechables vape 9\" src=\"https:\/\/www.vapeswholesaler.com\/wp-content\/uploads\/2024\/08\/Wholesale-RAZZ-BAR-16000-Puffs-disposable-vape-9.webp\" alt=\"Mayorista RAZZ BAR 16000 Puffs desechables vape 9\" width=\"800\" height=\"800\" srcset=\"https:\/\/www.vapeswholesaler.com\/wp-content\/uploads\/2024\/08\/Wholesale-RAZZ-BAR-16000-Puffs-disposable-vape-9.webp 800w, https:\/\/www.vapeswholesaler.com\/wp-content\/uploads\/2024\/08\/Wholesale-RAZZ-BAR-16000-Puffs-disposable-vape-9-300x300.webp 300w, https:\/\/www.vapeswholesaler.com\/wp-content\/uploads\/2024\/08\/Wholesale-RAZZ-BAR-16000-Puffs-disposable-vape-9-150x150.webp 150w, https:\/\/www.vapeswholesaler.com\/wp-content\/uploads\/2024\/08\/Wholesale-RAZZ-BAR-16000-Puffs-disposable-vape-9-768x768.webp 768w, https:\/\/www.vapeswholesaler.com\/wp-content\/uploads\/2024\/08\/Wholesale-RAZZ-BAR-16000-Puffs-disposable-vape-9-12x12.webp 12w, https:\/\/www.vapeswholesaler.com\/wp-content\/uploads\/2024\/08\/Wholesale-RAZZ-BAR-16000-Puffs-disposable-vape-9-247x247.webp 247w, https:\/\/www.vapeswholesaler.com\/wp-content\/uploads\/2024\/08\/Wholesale-RAZZ-BAR-16000-Puffs-disposable-vape-9-510x510.webp 510w, https:\/\/www.vapeswholesaler.com\/wp-content\/uploads\/2024\/08\/Wholesale-RAZZ-BAR-16000-Puffs-disposable-vape-9-100x100.webp 100w\" sizes=\"auto, (max-width: 800px) 100vw, 800px\" \/><figcaption id=\"caption-attachment-18991\" class=\"wp-caption-text\">Mayorista RAZZ BAR 16000 Puffs vape desechable<\/figcaption><\/figure>\n<p>&nbsp;<\/p>","protected":false},"excerpt":{"rendered":"<p>Cantidad m\u00ednima de pedido: <strong>50 unidades<\/strong>\u00a0(Mezcla de sabores) \uff08<strong>2%\uff0c5% Nic<\/strong>\uff09<\/p>\n<p><strong>Env\u00edo gratuito<\/strong><\/p>\n<p><em><strong>Nota<\/strong><\/em>: Enviamos desde los almacenes europeos, y el tiempo de env\u00edo ser\u00e1 tarda alrededor de <strong>5-6<\/strong> d\u00edas. La tarifa del producto y la tarifa de env\u00edo deben pagarse por separado en diferentes cuentas de pago. Despu\u00e9s de enviar el pedido, por favor env\u00edeme un mensaje por WhatsApp y le dir\u00e9 c\u00f3mo pagar el pedido. Gracias.<\/p>","protected":false},"featured_media":18990,"comment_status":"open","ping_status":"closed","template":"","meta":[],"product_cat":[15],"product_tag":[373,384,385],"class_list":{"0":"post-18992","1":"product","2":"type-product","3":"status-publish","4":"has-post-thumbnail","6":"product_cat-disposable-vape","7":"product_tag-europe-warehouse","8":"product_tag-razz-bar","9":"product_tag-16000-puffs","10":"product_brand-razzbar","12":"first","13":"outofstock","14":"shipping-taxable","15":"purchasable","16":"product-type-variable","17":"has-default-attributes"},"aioseo_notices":[],"_links":{"self":[{"href":"https:\/\/www.vapeswholesaler.com\/es\/wp-json\/wp\/v2\/product\/18992","targetHints":{"allow":["GET"]}}],"collection":[{"href":"https:\/\/www.vapeswholesaler.com\/es\/wp-json\/wp\/v2\/product"}],"about":[{"href":"https:\/\/www.vapeswholesaler.com\/es\/wp-json\/wp\/v2\/types\/product"}],"replies":[{"embeddable":true,"href":"https:\/\/www.vapeswholesaler.com\/es\/wp-json\/wp\/v2\/comments?post=18992"}],"wp:featuredmedia":[{"embeddable":true,"href":"https:\/\/www.vapeswholesaler.com\/es\/wp-json\/wp\/v2\/media\/18990"}],"wp:attachment":[{"href":"https:\/\/www.vapeswholesaler.com\/es\/wp-json\/wp\/v2\/media?parent=18992"}],"wp:term":[{"taxonomy":"product_cat","embeddable":true,"href":"https:\/\/www.vapeswholesaler.com\/es\/wp-json\/wp\/v2\/product_cat?post=18992"},{"taxonomy":"product_tag","embeddable":true,"href":"https:\/\/www.vapeswholesaler.com\/es\/wp-json\/wp\/v2\/product_tag?post=18992"}],"curies":[{"name":"wp","href":"https:\/\/api.w.org\/{rel}","templated":true}]}}