{"id":18942,"date":"2024-07-30T15:32:26","date_gmt":"2024-07-30T07:32:26","guid":{"rendered":"https:\/\/www.vapeswholesaler.com\/?post_type=product&#038;p=18942"},"modified":"2025-03-18T15:35:19","modified_gmt":"2025-03-18T07:35:19","slug":"venta-al-por-mayor-lavie-vigor-15000-puffs-vapes-desechables","status":"publish","type":"product","link":"https:\/\/www.vapeswholesaler.com\/es\/producto\/venta-al-por-mayor-lavie-vigor-15000-puffs-vapes-desechables","title":{"rendered":"Mayorista LAVIE VIGOR 15000 caladas Vapes desechables"},"content":{"rendered":"<p><a href=\"https:\/\/www.vapeswholesaler.com\/es\/marca_producto\/lavie\/\">Lavie<\/a> Vigor 15000 Puffs es el \u00faltimo producto desechable. La mayor caracter\u00edstica de este producto es que los cartuchos pueden ser reemplazados. Usted puede disfrutar de diferentes sabores con un solo dispositivo. Tambi\u00e9n podemos vender al por mayor cartuchos de diferentes sabores por separado.<\/p>\n<p>El desechable adopta un dise\u00f1o de tanque transparente, por lo que los usuarios pueden entender el uso de e-l\u00edquido en cualquier momento. Contiene 18ml 0\/2%\/3%\/5% e-juice de sal de nicotina y vape hasta 15000 caladas. Hay 12 sabores para elegir. Con la capacidad de 18ml de e-l\u00edquido precargado, el Lavie Vigor 15000 Puffs se puede utilizar durante mucho tiempo. La bater\u00eda de litio de alto rendimiento 550mAh puede garantizar la duraci\u00f3n de la bater\u00eda de todo el d\u00eda. Hay 6 colores de luz diferentes que indican los diferentes niveles de energ\u00eda de la bater\u00eda, es f\u00e1cil averiguar el estado de energ\u00eda de la bater\u00eda. Con el puerto de carga r\u00e1pida Tipo-C, se carga completamente en 30 minutos. La parte inferior del producto tiene un dise\u00f1o de interruptor para ajustar el flujo de aire para satisfacer las necesidades de vape de todo el mundo.<\/p>\n<p>Nuestra empresa tiene suministro al contado a largo plazo. Una vez que recibimos el pago del cliente, podemos enviarlo en el mismo d\u00eda. hacemos el servicio de entrega de derechos pagados. aceptamos el Revolut, Wise, transferencia de dinero, y la uni\u00f3n occidental, tenemos N\u00famero de cuenta bancaria local, los clientes pagan el pedido muy f\u00e1cil y seguridad.<\/p>\n<h2><strong><a href=\"https:\/\/www.facebook.com\/fred.luo.58\/\">Lavie<\/a> Vigor 15000 Puffs Sabores:<\/strong><\/h2>\n<ol>\n<li>sal marina lim\u00f3n<\/li>\n<li>Uva helada<\/li>\n<li>Mango Ice<\/li>\n<li>\u00a0Manzana doble<\/li>\n<li>Hielo de fresa<\/li>\n<li>Hielo mentolado<\/li>\n<li>Grosella negra<\/li>\n<li>Hielo de sand\u00eda<\/li>\n<li>Lichi sand\u00eda<\/li>\n<li>Lim\u00f3n cola<\/li>\n<li>Lichi helado<\/li>\n<li>Sand\u00eda fresa<\/li>\n<\/ol>\n<h2><strong>Caracter\u00edsticas:<\/strong><\/h2>\n<ul>\n<li>Tama\u00f1o:51*25,7*86mm<\/li>\n<li>Bater\u00eda: 550 mAh (600 mAh para el mercado coreano)<\/li>\n<li>Bocanadas: 15000 bocanadas<\/li>\n<li>Capacidad de eliquid: 18 ml<\/li>\n<li>Sal Nic.2%,5%.OEM<\/li>\n<li>Peso neto: 74,2 g<\/li>\n<li>Bobina de malla: Bobina de malla doble<\/li>\n<li>Material: PC\uff0c PCTG<\/li>\n<li>Resistencia:1.0\u03a9<\/li>\n<li>Tipo:Cargador tipo C<\/li>\n<\/ul>\n<h2><strong>Detalles del embalaje:<\/strong><\/h2>\n<p>Tama\u00f1o de la caja:560*318*218mm<br \/>\nCBM:0,04<br \/>\nPeso del embalaje:<br \/>\nN\/W: KG<br \/>\nG\/W:19KG<br \/>\nCantidad: 200PCS\/cart\u00f3n<\/p>\n<p>&nbsp;<\/p>","protected":false},"excerpt":{"rendered":"<p>Cantidad m\u00ednima de pedido:\u00a0<strong>50 unidades <\/strong>(Mezcla de sabores)\u00a0\u00a0<strong>Env\u00edo gratuito<\/strong><\/p>\n<p>(<strong>2%, 5% Nic<\/strong>)<\/p>","protected":false},"featured_media":18941,"comment_status":"open","ping_status":"closed","template":"","meta":[],"product_cat":[15],"product_tag":[375,393],"class_list":{"0":"post-18942","1":"product","2":"type-product","3":"status-publish","4":"has-post-thumbnail","6":"product_cat-disposable-vape","7":"product_tag-15000-puffs","8":"product_tag-lavie","9":"product_brand-lavie","11":"first","12":"instock","13":"shipping-taxable","14":"purchasable","15":"product-type-variable","16":"has-default-attributes"},"aioseo_notices":[],"_links":{"self":[{"href":"https:\/\/www.vapeswholesaler.com\/es\/wp-json\/wp\/v2\/product\/18942","targetHints":{"allow":["GET"]}}],"collection":[{"href":"https:\/\/www.vapeswholesaler.com\/es\/wp-json\/wp\/v2\/product"}],"about":[{"href":"https:\/\/www.vapeswholesaler.com\/es\/wp-json\/wp\/v2\/types\/product"}],"replies":[{"embeddable":true,"href":"https:\/\/www.vapeswholesaler.com\/es\/wp-json\/wp\/v2\/comments?post=18942"}],"wp:featuredmedia":[{"embeddable":true,"href":"https:\/\/www.vapeswholesaler.com\/es\/wp-json\/wp\/v2\/media\/18941"}],"wp:attachment":[{"href":"https:\/\/www.vapeswholesaler.com\/es\/wp-json\/wp\/v2\/media?parent=18942"}],"wp:term":[{"taxonomy":"product_cat","embeddable":true,"href":"https:\/\/www.vapeswholesaler.com\/es\/wp-json\/wp\/v2\/product_cat?post=18942"},{"taxonomy":"product_tag","embeddable":true,"href":"https:\/\/www.vapeswholesaler.com\/es\/wp-json\/wp\/v2\/product_tag?post=18942"}],"curies":[{"name":"wp","href":"https:\/\/api.w.org\/{rel}","templated":true}]}}