{"id":18594,"date":"2024-07-17T16:01:32","date_gmt":"2024-07-17T08:01:32","guid":{"rendered":"https:\/\/www.vapeswholesaler.com\/?post_type=product&#038;p=18594"},"modified":"2025-05-25T08:38:13","modified_gmt":"2025-05-25T00:38:13","slug":"venta-al-por-mayor-razz-bar-10000-puffs-vape-desechable","status":"publish","type":"product","link":"https:\/\/www.vapeswholesaler.com\/es\/producto\/venta-al-por-mayor-razz-bar-10000-puffs-vape-desechable","title":{"rendered":"Mayorista RAZZ BAR 10000 Puffs Vape Desechable"},"content":{"rendered":"<div><a href=\"https:\/\/www.vapeswholesaler.com\/es\/marca_producto\/razzbar\/\">BAR RAZZ<\/a> 10000 Puffs Sum\u00e9rjase en una experiencia refrescante y chispeante con el Cigarrillo Electr\u00f3nico Recargable Puff 10000, infundido con el delicioso aroma de Iced Cola, ofrecido por RAZZ BAR. Dise\u00f1ado para los entusiastas del vapeo que buscan una sensaci\u00f3n de frescor intenso y sabores chispeantes, esta maravilla no desechable combina a la perfecci\u00f3n elegancia, rendimiento y sabor.<\/div>\n<div><\/div>\n<h2><strong><a href=\"https:\/\/www.facebook.com\/fred.luo.58\/\">BAR RAZZ<\/a> 10000 Puffs Caracter\u00edsticas:<\/strong><\/h2>\n<ul>\n<li>Recargable en l\u00edquido<\/li>\n<li>Capacidad generosa: 20 ml<\/li>\n<li>Bater\u00eda potente: 650mH<\/li>\n<li>Caudal de aire ajustable:<\/li>\n<li>Opciones de nicotina: Elige entre una formulaci\u00f3n con o sin nicotina para una experiencia vaping adaptada a tus preferencias personales.<\/li>\n<\/ul>\n<h2><strong>Sabores:<\/strong><\/h2>\n<ol>\n<li>Red Bull Ice<\/li>\n<li>Hielo exuberante<\/li>\n<li>Melocot\u00f3n helado<\/li>\n<li>Hielo de ar\u00e1ndanos<\/li>\n<li>Kiwi Fruta de la pasi\u00f3n Guayaba<\/li>\n<li>Cereza helada<\/li>\n<li>Mezcla de bayas<\/li>\n<li>Melocot\u00f3n Mango Pi\u00f1a<\/li>\n<li>Ar\u00e1ndano Cereza Ar\u00e1ndano<\/li>\n<li>Osito de goma<\/li>\n<li>Fresa Kiwi<\/li>\n<li>Cola Ice<\/li>\n<li>Fresa helada<\/li>\n<li>Hielo de sand\u00eda<\/li>\n<\/ol>\n<h2><strong>Lista de embalaje:<\/strong><\/h2>\n<div><\/div>\n<div>1 unidad por caja<\/div>\n<div>10 unidades cada caja central<\/div>\n<div>200 unidades por caja<\/div>\n<div><\/div>\n<div>\n<figure id=\"attachment_18591\" aria-describedby=\"caption-attachment-18591\" style=\"width: 800px\" class=\"wp-caption alignnone\"><img loading=\"lazy\" decoding=\"async\" class=\"wp-image-18591 size-full\" title=\"Mayorista RAZZ BAR 10000 Puffs Vape Desechable 7\" src=\"https:\/\/www.vapeswholesaler.com\/wp-content\/uploads\/2024\/07\/Wholesale-RAZZ-BAR-10000-Puffs-Disposable-Vape-7.webp\" alt=\"Mayorista RAZZ BAR 10000 Puffs Vape Desechable 7\" width=\"800\" height=\"800\" srcset=\"https:\/\/www.vapeswholesaler.com\/wp-content\/uploads\/2024\/07\/Wholesale-RAZZ-BAR-10000-Puffs-Disposable-Vape-7.webp 800w, https:\/\/www.vapeswholesaler.com\/wp-content\/uploads\/2024\/07\/Wholesale-RAZZ-BAR-10000-Puffs-Disposable-Vape-7-300x300.webp 300w, https:\/\/www.vapeswholesaler.com\/wp-content\/uploads\/2024\/07\/Wholesale-RAZZ-BAR-10000-Puffs-Disposable-Vape-7-150x150.webp 150w, https:\/\/www.vapeswholesaler.com\/wp-content\/uploads\/2024\/07\/Wholesale-RAZZ-BAR-10000-Puffs-Disposable-Vape-7-768x768.webp 768w, https:\/\/www.vapeswholesaler.com\/wp-content\/uploads\/2024\/07\/Wholesale-RAZZ-BAR-10000-Puffs-Disposable-Vape-7-12x12.webp 12w, https:\/\/www.vapeswholesaler.com\/wp-content\/uploads\/2024\/07\/Wholesale-RAZZ-BAR-10000-Puffs-Disposable-Vape-7-247x247.webp 247w, https:\/\/www.vapeswholesaler.com\/wp-content\/uploads\/2024\/07\/Wholesale-RAZZ-BAR-10000-Puffs-Disposable-Vape-7-510x510.webp 510w, https:\/\/www.vapeswholesaler.com\/wp-content\/uploads\/2024\/07\/Wholesale-RAZZ-BAR-10000-Puffs-Disposable-Vape-7-100x100.webp 100w\" sizes=\"auto, (max-width: 800px) 100vw, 800px\" \/><figcaption id=\"caption-attachment-18591\" class=\"wp-caption-text\">Mayorista RAZZ BAR 10000 Puffs Vape Desechable<\/figcaption><\/figure>\n<\/div>\n<div><\/div>","protected":false},"excerpt":{"rendered":"<p>Cantidad m\u00ednima de pedido: <strong>50 unidades<\/strong>\u00a0(Mezcla de sabores) (<strong>2%,5% Nic<\/strong>)<\/p>\n<p><strong>Env\u00edo gratuito<\/strong><\/p>\n<p><em><strong>Nota<\/strong><\/em>: Enviamos desde los almacenes europeos, y el tiempo de env\u00edo ser\u00e1 tarda alrededor de <strong>5-6<\/strong> d\u00edas. La tarifa del producto y la tarifa de env\u00edo deben pagarse por separado en diferentes cuentas de pago. Despu\u00e9s de enviar el pedido, por favor env\u00edeme un mensaje por WhatsApp y le dir\u00e9 c\u00f3mo pagar el pedido. Gracias.<\/p>","protected":false},"featured_media":18592,"comment_status":"open","ping_status":"closed","template":"","meta":[],"product_cat":[15],"product_tag":[373,378,384],"class_list":{"0":"post-18594","1":"product","2":"type-product","3":"status-publish","4":"has-post-thumbnail","6":"product_cat-disposable-vape","7":"product_tag-europe-warehouse","8":"product_tag-10000-puffs","9":"product_tag-razz-bar","10":"product_brand-razzbar","12":"first","13":"outofstock","14":"shipping-taxable","15":"purchasable","16":"product-type-variable","17":"has-default-attributes"},"aioseo_notices":[],"_links":{"self":[{"href":"https:\/\/www.vapeswholesaler.com\/es\/wp-json\/wp\/v2\/product\/18594","targetHints":{"allow":["GET"]}}],"collection":[{"href":"https:\/\/www.vapeswholesaler.com\/es\/wp-json\/wp\/v2\/product"}],"about":[{"href":"https:\/\/www.vapeswholesaler.com\/es\/wp-json\/wp\/v2\/types\/product"}],"replies":[{"embeddable":true,"href":"https:\/\/www.vapeswholesaler.com\/es\/wp-json\/wp\/v2\/comments?post=18594"}],"wp:featuredmedia":[{"embeddable":true,"href":"https:\/\/www.vapeswholesaler.com\/es\/wp-json\/wp\/v2\/media\/18592"}],"wp:attachment":[{"href":"https:\/\/www.vapeswholesaler.com\/es\/wp-json\/wp\/v2\/media?parent=18594"}],"wp:term":[{"taxonomy":"product_cat","embeddable":true,"href":"https:\/\/www.vapeswholesaler.com\/es\/wp-json\/wp\/v2\/product_cat?post=18594"},{"taxonomy":"product_tag","embeddable":true,"href":"https:\/\/www.vapeswholesaler.com\/es\/wp-json\/wp\/v2\/product_tag?post=18594"}],"curies":[{"name":"wp","href":"https:\/\/api.w.org\/{rel}","templated":true}]}}