{"id":18536,"date":"2024-07-15T11:17:37","date_gmt":"2024-07-15T03:17:37","guid":{"rendered":"https:\/\/www.vapeswholesaler.com\/?post_type=product&#038;p=18536"},"modified":"2025-03-18T13:58:20","modified_gmt":"2025-03-18T05:58:20","slug":"mayorista-bang-tick-tock-20000-bocanadas-vape-desechable","status":"publish","type":"product","link":"https:\/\/www.vapeswholesaler.com\/es\/producto\/mayorista-bang-tick-tock-20000-bocanadas-vape-desechable","title":{"rendered":"Mayorista Bang Tick Tock 20000 Puffs Vape Desechable"},"content":{"rendered":"<div><a href=\"https:\/\/www.vapeswholesaler.com\/es\/marca_producto\/bang\/\">Bang<\/a> Tick Tock 20000 Puffs Disposable Vape es un kit desechable de estilo industrial con 16ml de e-juice precargado, dos modos de vapeo, y un alto puff-co en s segundos. para cambiar al Modo Silencioso y los engranajes dejar\u00e1n de girar. La informaci\u00f3n importante, como el nivel de e-jugo y el volumen de la bater\u00eda se muestra en una pantalla din\u00e1mica. Puede controlar el estado de Bang Tick Tock 20000 con facilidad. Si usted est\u00e1 buscando un vapeador desechable fresco para el uso a largo plazo, no debe perderse Bang Tick Tock 20000. Le dar\u00e1 una nueva y din\u00e1mica experiencia de vapeo.<\/div>\n<h2><strong><a href=\"https:\/\/www.facebook.com\/fred.luo.58\/\">Bang <\/a>Tick Tock 20000 Puffs Caracter\u00edsticas:<\/strong><\/h2>\n<ul>\n<li>Bater\u00eda recargable integrada de 650 mAh<\/li>\n<li>Cantidad de puffs: Aproximadamente 20000 Puffs<\/li>\n<li>Jugo electr\u00f3nico precargado de 16 ml<\/li>\n<li>Pantalla de visualizaci\u00f3n din\u00e1mica<\/li>\n<li>Dos modos de vapeo: Modo din\u00e1mico (los engranajes giran cuando vapeas).<\/li>\n<li>Modo silencioso (3 inhalaciones r\u00e1pidas en 2 segundos para detener los engranajes)<\/li>\n<li>5%(50mg) Potencia de nicotina<\/li>\n<li>Carga USB Tipo-C (no incluida)<\/li>\n<li>Vaping MTL,Activado por tracci\u00f3n<\/li>\n<\/ul>\n<h2><strong>Sabores:<\/strong><\/h2>\n<ol>\n<li>Fresa y mango<\/li>\n<li>Bebida energ\u00e9tica<\/li>\n<li>Limonada de ar\u00e1ndanos y cerezas<\/li>\n<li>Hielo de drag\u00f3n negro<\/li>\n<li>Melocot\u00f3n helado<\/li>\n<li>Fresa pl\u00e1tano<\/li>\n<li>Mezcla de frutas<\/li>\n<li>Hielo de ar\u00e1ndanos<\/li>\n<li>Hielo de sand\u00eda<\/li>\n<li>Fresa kiwi<\/li>\n<li>Ar\u00e1ndano frambuesa<\/li>\n<li>Sand\u00eda con fresas<\/li>\n<\/ol>\n<div><\/div>\n<h2><strong>Detalles del embalaje:<\/strong><\/h2>\n<div><\/div>\n<div>10pcs\/ Caja Med<\/div>\n<div>CANT.: 200 unidades\/caja<\/div>\n<div>GW: 21KG<\/div>\n<div><\/div>\n<div>\n<figure id=\"attachment_18530\" aria-describedby=\"caption-attachment-18530\" style=\"width: 800px\" class=\"wp-caption alignnone\"><img loading=\"lazy\" decoding=\"async\" class=\"wp-image-18530 size-full\" title=\"Mayorista Bang Tick Tock 20000 Puffs Vape Desechable 4\" src=\"https:\/\/www.vapeswholesaler.com\/wp-content\/uploads\/2024\/07\/Wholesale-Bang-Tick-Tock-20000-Puffs-Disposable-Vape-4.webp\" alt=\"Mayorista Bang Tick Tock 20000 Puffs Vape Desechable 4\" width=\"800\" height=\"1301\" srcset=\"https:\/\/www.vapeswholesaler.com\/wp-content\/uploads\/2024\/07\/Wholesale-Bang-Tick-Tock-20000-Puffs-Disposable-Vape-4.webp 800w, https:\/\/www.vapeswholesaler.com\/wp-content\/uploads\/2024\/07\/Wholesale-Bang-Tick-Tock-20000-Puffs-Disposable-Vape-4-184x300.webp 184w, https:\/\/www.vapeswholesaler.com\/wp-content\/uploads\/2024\/07\/Wholesale-Bang-Tick-Tock-20000-Puffs-Disposable-Vape-4-630x1024.webp 630w, https:\/\/www.vapeswholesaler.com\/wp-content\/uploads\/2024\/07\/Wholesale-Bang-Tick-Tock-20000-Puffs-Disposable-Vape-4-768x1249.webp 768w, https:\/\/www.vapeswholesaler.com\/wp-content\/uploads\/2024\/07\/Wholesale-Bang-Tick-Tock-20000-Puffs-Disposable-Vape-4-7x12.webp 7w, https:\/\/www.vapeswholesaler.com\/wp-content\/uploads\/2024\/07\/Wholesale-Bang-Tick-Tock-20000-Puffs-Disposable-Vape-4-510x829.webp 510w\" sizes=\"auto, (max-width: 800px) 100vw, 800px\" \/><figcaption id=\"caption-attachment-18530\" class=\"wp-caption-text\">Mayorista Bang Tick Tock 20000 Puffs Vape Desechable<\/figcaption><\/figure>\n<\/div>","protected":false},"excerpt":{"rendered":"<p>Cantidad m\u00ednima de pedido:\u00a0<strong>50 UNIDADES<\/strong>\u00a0(Mezcla de sabores)\u00a0\u00a0<strong>Env\u00edo gratuito<\/strong><\/p>\n<p>(<strong>0%,2%,3%,5% Nic<\/strong>)<\/p>","protected":false},"featured_media":18534,"comment_status":"open","ping_status":"closed","template":"","meta":[],"product_cat":[15],"product_tag":[388,100,368],"class_list":{"0":"post-18536","1":"product","2":"type-product","3":"status-publish","4":"has-post-thumbnail","6":"product_cat-disposable-vape","7":"product_tag-bang","8":"product_tag-20000-puffs","9":"product_tag-bang-king","10":"product_brand-bang","12":"first","13":"instock","14":"shipping-taxable","15":"purchasable","16":"product-type-variable","17":"has-default-attributes"},"aioseo_notices":[],"_links":{"self":[{"href":"https:\/\/www.vapeswholesaler.com\/es\/wp-json\/wp\/v2\/product\/18536","targetHints":{"allow":["GET"]}}],"collection":[{"href":"https:\/\/www.vapeswholesaler.com\/es\/wp-json\/wp\/v2\/product"}],"about":[{"href":"https:\/\/www.vapeswholesaler.com\/es\/wp-json\/wp\/v2\/types\/product"}],"replies":[{"embeddable":true,"href":"https:\/\/www.vapeswholesaler.com\/es\/wp-json\/wp\/v2\/comments?post=18536"}],"wp:featuredmedia":[{"embeddable":true,"href":"https:\/\/www.vapeswholesaler.com\/es\/wp-json\/wp\/v2\/media\/18534"}],"wp:attachment":[{"href":"https:\/\/www.vapeswholesaler.com\/es\/wp-json\/wp\/v2\/media?parent=18536"}],"wp:term":[{"taxonomy":"product_cat","embeddable":true,"href":"https:\/\/www.vapeswholesaler.com\/es\/wp-json\/wp\/v2\/product_cat?post=18536"},{"taxonomy":"product_tag","embeddable":true,"href":"https:\/\/www.vapeswholesaler.com\/es\/wp-json\/wp\/v2\/product_tag?post=18536"}],"curies":[{"name":"wp","href":"https:\/\/api.w.org\/{rel}","templated":true}]}}