{"id":18278,"date":"2024-07-09T23:08:14","date_gmt":"2024-07-09T15:08:14","guid":{"rendered":"https:\/\/www.vapeswholesaler.com\/?post_type=product&#038;p=18278"},"modified":"2025-03-18T14:04:55","modified_gmt":"2025-03-18T06:04:55","slug":"venta-al-por-mayor-bang-30000-puffs-doble-sabores-vape-desechable-en-stock","status":"publish","type":"product","link":"https:\/\/www.vapeswholesaler.com\/es\/producto\/venta-al-por-mayor-bang-30000-puffs-doble-sabores-vape-desechable-en-stock","title":{"rendered":"Mayorista Bang 30000 Puffs Sabores Dobles Vape Desechable"},"content":{"rendered":"<p><a href=\"https:\/\/www.vapeswholesaler.com\/es\/marca_producto\/bang\/\">Bang<\/a> 30000 Puffs Doble sabores Pantalla LCD Desechable Vape caja, una opci\u00f3n de primera calidad para la satisfacci\u00f3n vaping extendida. Experimenta hasta 30000 caladas con su e-l\u00edquido precargado de 36ml de alta capacidad.<\/p>\n<p>Los sabores dobles Mejoran el sabor y la producci\u00f3n de vapor con la bobina de malla de 1,0 ohmios y el dise\u00f1o de flujo de aire ajustable. El Bang King 30K no s\u00f3lo ofrece un rendimiento excepcional, sino que tambi\u00e9n viene a un precio competitivo, por lo que es una excelente opci\u00f3n para aquellos que buscan valor sin sacrificar la calidad.<\/p>\n<p>Nuestras opciones de venta al por mayor garantizan que las empresas puedan abastecerse de este popular dispositivo, atendiendo eficazmente las demandas de sus clientes.<\/p>\n<p>Experimente la comodidad de un env\u00edo r\u00e1pido, que le permitir\u00e1 disfrutar de su Vape desechable sin demora. Si usted es un entusiasta de vaping, un minorista o un mayorista que buscan ampliar su gama de productos.<\/p>\n<h2><strong><a href=\"https:\/\/www.facebook.com\/fred.luo.58\/\">Bang<\/a> 30000 Puffs Doble sabor Detalles:<\/strong><\/h2>\n<ul>\n<li>Puffs: HASTA 30000 Puffs<\/li>\n<li>L\u00edquido: 36 ml precargado<\/li>\n<li>Nicotina: 0% 2% 3% 5%<\/li>\n<li>N\u00facleo: Bobina de malla 1.0 ohm<\/li>\n<li>Bater\u00eda: 550 mAh recargable tipo-c<\/li>\n<li>Forma de entrega: DHL<\/li>\n<li>10 Unidades\/Caja<\/li>\n<li>1caja\/200pcs(22 KG)<\/li>\n<\/ul>\n<h2><strong>Sabores disponibles:<\/strong><\/h2>\n<ol>\n<li>Hielo de sand\u00eda y menta con ar\u00e1ndanos<\/li>\n<li>Hielo de sand\u00eda, fresa y mango<\/li>\n<li>Fresa Sand\u00eda y Kiwi Fruta de la Pasi\u00f3n Guayaba<\/li>\n<li>Hielo de fresa, sand\u00eda y uva<\/li>\n<li>Hielo de ar\u00e1ndano y hielo de drag\u00f3n negro<\/li>\n<li>Hielo de ar\u00e1ndano y fresa y pl\u00e1tano<\/li>\n<li>Red Bull y sand\u00eda con ar\u00e1ndanos<\/li>\n<li>Red Bull y caramelos de burbujas de sand\u00eda<\/li>\n<li>Ar\u00e1ndano Frambuesa y Melocot\u00f3n Mango Sand\u00eda<\/li>\n<li>Frambuesa con ar\u00e1ndanos y mezcla de frutas enmohecidas<\/li>\n<li>Helado de fresa, kiwi y melocot\u00f3n<\/li>\n<li>Fresa Kiwi &amp; Manzana \u00e1cida Frambuesa<\/li>\n<\/ol>\n<h2><strong>Detalles del embalaje:<\/strong><\/h2>\n<p>Pieza \u00fanica con envoltorio de caramelo<br \/>\nCada caja contiene 10 unidades<br \/>\nCada caja contiene 200 unidades 22KG<\/p>\n<figure id=\"attachment_18264\" aria-describedby=\"caption-attachment-18264\" style=\"width: 800px\" class=\"wp-caption alignnone\"><img loading=\"lazy\" decoding=\"async\" class=\"wp-image-18264 size-full\" title=\"Mayorista Bang 30000 Puffs Sabores Dobles Vape Desechable 3\" src=\"https:\/\/www.vapeswholesaler.com\/wp-content\/uploads\/2024\/07\/Wholesale-Bang-30000-Puffs-Double-flavors-Disposable-Vape-3.webp\" alt=\"Mayorista Bang 30000 Puffs Sabores Dobles Vape Desechable 3\" width=\"800\" height=\"1747\" srcset=\"https:\/\/www.vapeswholesaler.com\/wp-content\/uploads\/2024\/07\/Wholesale-Bang-30000-Puffs-Double-flavors-Disposable-Vape-3.webp 800w, https:\/\/www.vapeswholesaler.com\/wp-content\/uploads\/2024\/07\/Wholesale-Bang-30000-Puffs-Double-flavors-Disposable-Vape-3-137x300.webp 137w, https:\/\/www.vapeswholesaler.com\/wp-content\/uploads\/2024\/07\/Wholesale-Bang-30000-Puffs-Double-flavors-Disposable-Vape-3-469x1024.webp 469w, https:\/\/www.vapeswholesaler.com\/wp-content\/uploads\/2024\/07\/Wholesale-Bang-30000-Puffs-Double-flavors-Disposable-Vape-3-768x1677.webp 768w, https:\/\/www.vapeswholesaler.com\/wp-content\/uploads\/2024\/07\/Wholesale-Bang-30000-Puffs-Double-flavors-Disposable-Vape-3-703x1536.webp 703w, https:\/\/www.vapeswholesaler.com\/wp-content\/uploads\/2024\/07\/Wholesale-Bang-30000-Puffs-Double-flavors-Disposable-Vape-3-5x12.webp 5w, https:\/\/www.vapeswholesaler.com\/wp-content\/uploads\/2024\/07\/Wholesale-Bang-30000-Puffs-Double-flavors-Disposable-Vape-3-510x1114.webp 510w\" sizes=\"auto, (max-width: 800px) 100vw, 800px\" \/><figcaption id=\"caption-attachment-18264\" class=\"wp-caption-text\">Mayorista Bang 30000 Puffs Sabores Dobles Vape Desechable<\/figcaption><\/figure>","protected":false},"excerpt":{"rendered":"<p>Cantidad m\u00ednima de pedido:\u00a0<strong>50 unidades<\/strong>\u00a0(Mezcla de sabores)\u00a0\u00a0<strong>Env\u00edo gratuito<\/strong><\/p>\n<p>(<strong>0%\uff0c2%, 3%\uff0c5% Nic<\/strong>)<\/p>","protected":false},"featured_media":19301,"comment_status":"open","ping_status":"closed","template":"","meta":[],"product_cat":[15],"product_tag":[368,374,388],"class_list":{"0":"post-18278","1":"product","2":"type-product","3":"status-publish","4":"has-post-thumbnail","6":"product_cat-disposable-vape","7":"product_tag-bang-king","8":"product_tag-30000-puffs","9":"product_tag-bang","10":"product_brand-bang","12":"first","13":"instock","14":"shipping-taxable","15":"purchasable","16":"product-type-variable","17":"has-default-attributes"},"aioseo_notices":[],"_links":{"self":[{"href":"https:\/\/www.vapeswholesaler.com\/es\/wp-json\/wp\/v2\/product\/18278","targetHints":{"allow":["GET"]}}],"collection":[{"href":"https:\/\/www.vapeswholesaler.com\/es\/wp-json\/wp\/v2\/product"}],"about":[{"href":"https:\/\/www.vapeswholesaler.com\/es\/wp-json\/wp\/v2\/types\/product"}],"replies":[{"embeddable":true,"href":"https:\/\/www.vapeswholesaler.com\/es\/wp-json\/wp\/v2\/comments?post=18278"}],"wp:featuredmedia":[{"embeddable":true,"href":"https:\/\/www.vapeswholesaler.com\/es\/wp-json\/wp\/v2\/media\/19301"}],"wp:attachment":[{"href":"https:\/\/www.vapeswholesaler.com\/es\/wp-json\/wp\/v2\/media?parent=18278"}],"wp:term":[{"taxonomy":"product_cat","embeddable":true,"href":"https:\/\/www.vapeswholesaler.com\/es\/wp-json\/wp\/v2\/product_cat?post=18278"},{"taxonomy":"product_tag","embeddable":true,"href":"https:\/\/www.vapeswholesaler.com\/es\/wp-json\/wp\/v2\/product_tag?post=18278"}],"curies":[{"name":"wp","href":"https:\/\/api.w.org\/{rel}","templated":true}]}}