{"id":18227,"date":"2024-07-09T18:55:47","date_gmt":"2024-07-09T10:55:47","guid":{"rendered":"https:\/\/www.vapeswholesaler.com\/?post_type=product&#038;p=18227"},"modified":"2025-04-09T10:48:50","modified_gmt":"2025-04-09T02:48:50","slug":"venta-al-por-mayor-vapsolo-feed-bar-shisha15000-bocanadas-vape-desechable","status":"publish","type":"product","link":"https:\/\/www.vapeswholesaler.com\/es\/producto\/venta-al-por-mayor-vapsolo-feed-bar-shisha15000-bocanadas-vape-desechable","title":{"rendered":"Mayorista Vapsolo Feed Bar Shisha15000 Puffs Vape desechable"},"content":{"rendered":"<p><a href=\"https:\/\/www.vapeswholesaler.com\/es\/marca_producto\/vapsolo\/\">Vapsolo<\/a> Feed Bar Shisha 15000 Puffs es un vaporizador desechable de estilo bol\u00edgrafo perfecto, dise\u00f1ado para vapers exigentes, estos vaporizadores desechables premium ofrecen una experiencia de vapeo excepcional con una serie de caracter\u00edsticas avanzadas y una variedad de sabores exquisitos.<\/p>\n<p>Nuestro producto cuenta con una generosa capacidad de 25 ml de e-l\u00edquido, lo que garantiza un disfrute prolongado sin necesidad de recargas frecuentes. Alimentado por una robusta bater\u00eda recargable de 650mAh y equipado con un puerto tipo-C, este vaporizador garantiza hasta 15000 caladas, por lo que es perfecto para un uso prolongado. La avanzada tecnolog\u00eda de bobina de malla con una resistencia de 0,6\u03a9 proporciona un calentamiento uniforme y una producci\u00f3n de vapor suave, mejorando el sabor y la satisfacci\u00f3n general.<\/p>\n<p>La pantalla LED integrada proporciona informaci\u00f3n en tiempo real sobre los ajustes de vapeo y la duraci\u00f3n de la bater\u00eda, garantizando una experiencia de vapeo fluida e informada. Con un peso de s\u00f3lo 92 g, este cigarrillo electr\u00f3nico es ligero y port\u00e1til, por lo que es perfecto para vapear durante el viaje.<\/p>\n<h2><strong><a href=\"https:\/\/www.facebook.com\/fred.luo.58\">Vapsolo<\/a> Feed Bar Shisha 15000 Puffs Caracter\u00edsticas:<\/strong><\/h2>\n<ul>\n<li>Bater\u00eda integrada de 650 mAh<\/li>\n<li>Recargable<\/li>\n<li>Capacidad de zumo: 25 ml<\/li>\n<li>Suministro de energ\u00eda eficiente y constante<\/li>\n<li>0% , 5% Nivel de nicotina<\/li>\n<li>Satisfacer a casi 15000 Puffs<\/li>\n<li>Bobina de malla<\/li>\n<li>Vainas dobles<\/li>\n<li>Protecci\u00f3n: Sobrecalentamiento, Cortocircuito<\/li>\n<\/ul>\n<h2><strong>Sabores:<\/strong><\/h2>\n<ol>\n<li>Dos manzanas<\/li>\n<li>Limonada Blue razz<\/li>\n<li>Melocot\u00f3n helado<\/li>\n<li>Hielo de mango<\/li>\n<li>Hielo exuberante<\/li>\n<li>Menta lim\u00f3n<\/li>\n<li>Amor m\u00e1gico<\/li>\n<li>Menta<\/li>\n<li>Ponche de fresa<\/li>\n<li>Goma de ar\u00e1ndano<\/li>\n<\/ol>\n<h2><strong>Lista de embalaje:<\/strong><\/h2>\n<p>1 unidad por caja<br \/>\n10 unidades cada caja central<br \/>\n200 unidades por caja.<\/p>\n<figure id=\"attachment_18210\" aria-describedby=\"caption-attachment-18210\" style=\"width: 800px\" class=\"wp-caption alignnone\"><img loading=\"lazy\" decoding=\"async\" class=\"wp-image-18210 size-full\" title=\"Mayorista Vapsolo Feed Bar Shisha15000 Puffs Desechables vape 2\" src=\"https:\/\/www.vapeswholesaler.com\/wp-content\/uploads\/2024\/07\/Wholesale-Vapsolo-Feed-Bar-Shisha15000-Puffs-Disposable-vape-2.webp\" alt=\"Mayorista Vapsolo Feed Bar Shisha15000 Puffs Desechables vape 2\" width=\"800\" height=\"800\" srcset=\"https:\/\/www.vapeswholesaler.com\/wp-content\/uploads\/2024\/07\/Wholesale-Vapsolo-Feed-Bar-Shisha15000-Puffs-Disposable-vape-2.webp 800w, https:\/\/www.vapeswholesaler.com\/wp-content\/uploads\/2024\/07\/Wholesale-Vapsolo-Feed-Bar-Shisha15000-Puffs-Disposable-vape-2-300x300.webp 300w, https:\/\/www.vapeswholesaler.com\/wp-content\/uploads\/2024\/07\/Wholesale-Vapsolo-Feed-Bar-Shisha15000-Puffs-Disposable-vape-2-150x150.webp 150w, https:\/\/www.vapeswholesaler.com\/wp-content\/uploads\/2024\/07\/Wholesale-Vapsolo-Feed-Bar-Shisha15000-Puffs-Disposable-vape-2-768x768.webp 768w, https:\/\/www.vapeswholesaler.com\/wp-content\/uploads\/2024\/07\/Wholesale-Vapsolo-Feed-Bar-Shisha15000-Puffs-Disposable-vape-2-12x12.webp 12w, https:\/\/www.vapeswholesaler.com\/wp-content\/uploads\/2024\/07\/Wholesale-Vapsolo-Feed-Bar-Shisha15000-Puffs-Disposable-vape-2-247x247.webp 247w, https:\/\/www.vapeswholesaler.com\/wp-content\/uploads\/2024\/07\/Wholesale-Vapsolo-Feed-Bar-Shisha15000-Puffs-Disposable-vape-2-510x510.webp 510w, https:\/\/www.vapeswholesaler.com\/wp-content\/uploads\/2024\/07\/Wholesale-Vapsolo-Feed-Bar-Shisha15000-Puffs-Disposable-vape-2-100x100.webp 100w\" sizes=\"auto, (max-width: 800px) 100vw, 800px\" \/><figcaption id=\"caption-attachment-18210\" class=\"wp-caption-text\">Mayorista Vapsolo Feed Bar Shisha15000 Puffs Vape desechable<\/figcaption><\/figure>\n<p>&nbsp;<\/p>","protected":false},"excerpt":{"rendered":"<p>Cantidad m\u00ednima de pedido: <strong>50 unidades<\/strong>\u00a0(Mezcla de sabores) Env\u00edo gratuito<\/p>\n<p>(<strong>2%, 5% Nic<\/strong>) Almac\u00e9n UE Plazo de env\u00edo 5-6 d\u00edas laborables<\/p>","protected":false},"featured_media":18209,"comment_status":"open","ping_status":"closed","template":"","meta":[],"product_cat":[15],"product_tag":[87,373,375],"class_list":{"0":"post-18227","1":"product","2":"type-product","3":"status-publish","4":"has-post-thumbnail","6":"product_cat-disposable-vape","7":"product_tag-vapsolo","8":"product_tag-europe-warehouse","9":"product_tag-15000-puffs","10":"product_brand-vapsolo","12":"first","13":"outofstock","14":"shipping-taxable","15":"purchasable","16":"product-type-variable","17":"has-default-attributes"},"aioseo_notices":[],"_links":{"self":[{"href":"https:\/\/www.vapeswholesaler.com\/es\/wp-json\/wp\/v2\/product\/18227","targetHints":{"allow":["GET"]}}],"collection":[{"href":"https:\/\/www.vapeswholesaler.com\/es\/wp-json\/wp\/v2\/product"}],"about":[{"href":"https:\/\/www.vapeswholesaler.com\/es\/wp-json\/wp\/v2\/types\/product"}],"replies":[{"embeddable":true,"href":"https:\/\/www.vapeswholesaler.com\/es\/wp-json\/wp\/v2\/comments?post=18227"}],"wp:featuredmedia":[{"embeddable":true,"href":"https:\/\/www.vapeswholesaler.com\/es\/wp-json\/wp\/v2\/media\/18209"}],"wp:attachment":[{"href":"https:\/\/www.vapeswholesaler.com\/es\/wp-json\/wp\/v2\/media?parent=18227"}],"wp:term":[{"taxonomy":"product_cat","embeddable":true,"href":"https:\/\/www.vapeswholesaler.com\/es\/wp-json\/wp\/v2\/product_cat?post=18227"},{"taxonomy":"product_tag","embeddable":true,"href":"https:\/\/www.vapeswholesaler.com\/es\/wp-json\/wp\/v2\/product_tag?post=18227"}],"curies":[{"name":"wp","href":"https:\/\/api.w.org\/{rel}","templated":true}]}}