{"id":18158,"date":"2024-07-07T15:45:25","date_gmt":"2024-07-07T07:45:25","guid":{"rendered":"https:\/\/www.vapeswholesaler.com\/?post_type=product&#038;p=18158"},"modified":"2025-11-07T10:39:13","modified_gmt":"2025-11-07T02:39:13","slug":"mayorista-vapsolo-viking-12000-12k-bocanadas-vape-desechable","status":"publish","type":"product","link":"https:\/\/www.vapeswholesaler.com\/es\/producto\/mayorista-vapsolo-viking-12000-12k-bocanadas-vape-desechable","title":{"rendered":"Mayorista Vapsolo Viking 12000 12K Puffs Vape desechable"},"content":{"rendered":"<p><a href=\"https:\/\/www.vapeswholesaler.com\/es\/marca_producto\/vapsolo\/\">Vapsolo<\/a> Viking 12000 12K Puffs ofrece la mejor experiencia de vapeo tanto para principiantes como para vapeadores experimentados. Este moderno vaporizador desechable est\u00e1 dise\u00f1ado para ofrecer calidad, longevidad y variedad. Su dise\u00f1o elegante y compacto garantiza estilo y comodidad, perfecto para el uso sobre la marcha.<\/p>\n<p>Tiene una capacidad de 22 ml de e-l\u00edquido y una bater\u00eda recargable de 650 mAh, que proporciona una potencia duradera para sesiones de vapeo prolongadas. La tecnolog\u00eda de bobina de malla y la resistencia de la bobina de 1,0 \u03a9 proporcionan una producci\u00f3n de vapor consistente y rica, mejorando la pureza del sabor. Un puerto de carga tipo C permite recargas r\u00e1pidas y eficientes.<\/p>\n<p>Este dispositivo cuenta con una pantalla LCD para controlar sin esfuerzo el estado y la configuraci\u00f3n del vapeador, y cuatro niveles de flujo de aire ajustables para personalizar tu experiencia de vapeo.<\/p>\n<h2><strong><a href=\"https:\/\/www.facebook.com\/fred.luo.58\">Vapsolo<\/a> Viking 12000 12K Puffs Caracter\u00edsticas:<\/strong><\/h2>\n<ul>\n<li>4 niveles de flujo de aire<\/li>\n<li>Pantalla LCD<\/li>\n<li>Capacidad del E-l\u00edquido: 22 ML<\/li>\n<li>Capacidad de la bater\u00eda: 650MAH<\/li>\n<li>Bobina de malla<\/li>\n<li>Resistencia de la bobina: 1,0\u03a9<\/li>\n<li>puerto tipo c, recargable<\/li>\n<\/ul>\n<h2><strong>Sabores:<\/strong><\/h2>\n<ol>\n<li>Ar\u00e1ndano Cereza Ar\u00e1ndano<\/li>\n<li>Ar\u00e1ndanos<\/li>\n<li>Lim\u00f3n Lima<\/li>\n<li>Fresa Kiwi<\/li>\n<li>Helado de fresa y frambuesa<\/li>\n<li>Sand\u00eda con fresa<\/li>\n<li>Sue\u00f1o de verano<\/li>\n<li>Fresa Pl\u00e1tano<\/li>\n<li>Hielo de manzana roja<\/li>\n<li>Osito de gominola<\/li>\n<li>Menta fresca<\/li>\n<li>Melocot\u00f3n lim\u00f3n<\/li>\n<li>Hielo de sand\u00eda<\/li>\n<li>Ar\u00e1ndano Frambuesa<\/li>\n<li>Cereza efervescente<\/li>\n<\/ol>\n<h2><strong>Lista de embalaje:<\/strong><\/h2>\n<p>10cs\/caja<br \/>\nPeso: 85 g\/unidad<br \/>\n200pcs\/ctn; 18.6kg\/ctn<br \/>\nTama\u00f1o de la caja: 44*43*26,5CM<\/p>\n<p>&nbsp;<\/p>\n<figure id=\"attachment_18138\" aria-describedby=\"caption-attachment-18138\" style=\"width: 800px\" class=\"wp-caption alignnone\"><img loading=\"lazy\" decoding=\"async\" class=\"wp-image-18138 size-full\" title=\"Mayorista Vapsolo Viking 12000 12K Puffs Vape desechable 4\" src=\"https:\/\/www.vapeswholesaler.com\/wp-content\/uploads\/2024\/07\/Wholesale-Vapsolo-Viking-12000-12K-Puffs-Disposable-vape-4.webp\" alt=\"Mayorista Vapsolo Viking 12000 12K Puffs Vape desechable 4\" width=\"800\" height=\"800\" srcset=\"https:\/\/www.vapeswholesaler.com\/wp-content\/uploads\/2024\/07\/Wholesale-Vapsolo-Viking-12000-12K-Puffs-Disposable-vape-4.webp 800w, https:\/\/www.vapeswholesaler.com\/wp-content\/uploads\/2024\/07\/Wholesale-Vapsolo-Viking-12000-12K-Puffs-Disposable-vape-4-300x300.webp 300w, https:\/\/www.vapeswholesaler.com\/wp-content\/uploads\/2024\/07\/Wholesale-Vapsolo-Viking-12000-12K-Puffs-Disposable-vape-4-150x150.webp 150w, https:\/\/www.vapeswholesaler.com\/wp-content\/uploads\/2024\/07\/Wholesale-Vapsolo-Viking-12000-12K-Puffs-Disposable-vape-4-768x768.webp 768w, https:\/\/www.vapeswholesaler.com\/wp-content\/uploads\/2024\/07\/Wholesale-Vapsolo-Viking-12000-12K-Puffs-Disposable-vape-4-12x12.webp 12w, https:\/\/www.vapeswholesaler.com\/wp-content\/uploads\/2024\/07\/Wholesale-Vapsolo-Viking-12000-12K-Puffs-Disposable-vape-4-247x247.webp 247w, https:\/\/www.vapeswholesaler.com\/wp-content\/uploads\/2024\/07\/Wholesale-Vapsolo-Viking-12000-12K-Puffs-Disposable-vape-4-510x510.webp 510w, https:\/\/www.vapeswholesaler.com\/wp-content\/uploads\/2024\/07\/Wholesale-Vapsolo-Viking-12000-12K-Puffs-Disposable-vape-4-100x100.webp 100w\" sizes=\"auto, (max-width: 800px) 100vw, 800px\" \/><figcaption id=\"caption-attachment-18138\" class=\"wp-caption-text\">Mayorista Vapsolo Viking 12000 12K Puffs Vape desechable<\/figcaption><\/figure>\n<figure id=\"attachment_18137\" aria-describedby=\"caption-attachment-18137\" style=\"width: 800px\" class=\"wp-caption alignnone\"><img loading=\"lazy\" decoding=\"async\" class=\"wp-image-18137 size-full\" title=\"Mayorista Vapsolo Viking 12000 12K Puffs Vape desechable 3\" src=\"https:\/\/www.vapeswholesaler.com\/wp-content\/uploads\/2024\/07\/Wholesale-Vapsolo-Viking-12000-12K-Puffs-Disposable-vape-3.webp\" alt=\"Mayorista Vapsolo Viking 12000 12K Puffs Vape desechable 3\" width=\"800\" height=\"800\" srcset=\"https:\/\/www.vapeswholesaler.com\/wp-content\/uploads\/2024\/07\/Wholesale-Vapsolo-Viking-12000-12K-Puffs-Disposable-vape-3.webp 800w, https:\/\/www.vapeswholesaler.com\/wp-content\/uploads\/2024\/07\/Wholesale-Vapsolo-Viking-12000-12K-Puffs-Disposable-vape-3-300x300.webp 300w, https:\/\/www.vapeswholesaler.com\/wp-content\/uploads\/2024\/07\/Wholesale-Vapsolo-Viking-12000-12K-Puffs-Disposable-vape-3-150x150.webp 150w, https:\/\/www.vapeswholesaler.com\/wp-content\/uploads\/2024\/07\/Wholesale-Vapsolo-Viking-12000-12K-Puffs-Disposable-vape-3-768x768.webp 768w, https:\/\/www.vapeswholesaler.com\/wp-content\/uploads\/2024\/07\/Wholesale-Vapsolo-Viking-12000-12K-Puffs-Disposable-vape-3-12x12.webp 12w, https:\/\/www.vapeswholesaler.com\/wp-content\/uploads\/2024\/07\/Wholesale-Vapsolo-Viking-12000-12K-Puffs-Disposable-vape-3-247x247.webp 247w, https:\/\/www.vapeswholesaler.com\/wp-content\/uploads\/2024\/07\/Wholesale-Vapsolo-Viking-12000-12K-Puffs-Disposable-vape-3-510x510.webp 510w, https:\/\/www.vapeswholesaler.com\/wp-content\/uploads\/2024\/07\/Wholesale-Vapsolo-Viking-12000-12K-Puffs-Disposable-vape-3-100x100.webp 100w\" sizes=\"auto, (max-width: 800px) 100vw, 800px\" \/><figcaption id=\"caption-attachment-18137\" class=\"wp-caption-text\">Mayorista Vapsolo Viking 12000 12K Puffs Vape desechable<\/figcaption><\/figure>","protected":false},"excerpt":{"rendered":"<p>Cantidad m\u00ednima de pedido:\u00a0<strong>50 unidades <\/strong>(Mezcla de sabores)\u00a0\u00a0<strong>Env\u00edo gratuito<\/strong><\/p>\n<p>(<strong>2%, 5% Nic<\/strong>) Almac\u00e9n UE Plazo de env\u00edo 5-6 d\u00edas laborables<\/p>","protected":false},"featured_media":18145,"comment_status":"open","ping_status":"closed","template":"","meta":[],"product_cat":[15],"product_tag":[87,373,379],"class_list":{"0":"post-18158","1":"product","2":"type-product","3":"status-publish","4":"has-post-thumbnail","6":"product_cat-disposable-vape","7":"product_tag-vapsolo","8":"product_tag-europe-warehouse","9":"product_tag-12000-puffs","10":"product_brand-vapsolo","12":"first","13":"outofstock","14":"shipping-taxable","15":"purchasable","16":"product-type-variable","17":"has-default-attributes"},"aioseo_notices":[],"_links":{"self":[{"href":"https:\/\/www.vapeswholesaler.com\/es\/wp-json\/wp\/v2\/product\/18158","targetHints":{"allow":["GET"]}}],"collection":[{"href":"https:\/\/www.vapeswholesaler.com\/es\/wp-json\/wp\/v2\/product"}],"about":[{"href":"https:\/\/www.vapeswholesaler.com\/es\/wp-json\/wp\/v2\/types\/product"}],"replies":[{"embeddable":true,"href":"https:\/\/www.vapeswholesaler.com\/es\/wp-json\/wp\/v2\/comments?post=18158"}],"wp:featuredmedia":[{"embeddable":true,"href":"https:\/\/www.vapeswholesaler.com\/es\/wp-json\/wp\/v2\/media\/18145"}],"wp:attachment":[{"href":"https:\/\/www.vapeswholesaler.com\/es\/wp-json\/wp\/v2\/media?parent=18158"}],"wp:term":[{"taxonomy":"product_cat","embeddable":true,"href":"https:\/\/www.vapeswholesaler.com\/es\/wp-json\/wp\/v2\/product_cat?post=18158"},{"taxonomy":"product_tag","embeddable":true,"href":"https:\/\/www.vapeswholesaler.com\/es\/wp-json\/wp\/v2\/product_tag?post=18158"}],"curies":[{"name":"wp","href":"https:\/\/api.w.org\/{rel}","templated":true}]}}