{"id":17948,"date":"2024-07-05T14:15:22","date_gmt":"2024-07-05T06:15:22","guid":{"rendered":"https:\/\/www.vapeswholesaler.com\/?post_type=product&#038;p=17948"},"modified":"2025-11-07T10:39:25","modified_gmt":"2025-11-07T02:39:25","slug":"mayorista-aivino-aim-magic-20000-puffs-vape-desechable","status":"publish","type":"product","link":"https:\/\/www.vapeswholesaler.com\/es\/producto\/mayorista-aivino-aim-magic-20000-puffs-vape-desechable","title":{"rendered":"Mayorista AIVINO AIM MAGIC 20000 Puffs Vape desechable"},"content":{"rendered":"<p><a href=\"https:\/\/www.vapeswholesaler.com\/es\/marca_producto\/aivono\/\">AIVINO<\/a> AIM MAGIC 20000 Puffs Disposable Vape box, a premium choice for extended vaping satisfaction. Experience up to 20000 puffs with its high-capacity 24ml pre-filled e-liquid.<\/p>\n<p>AIVINO AIM MAGIC 20000 Puffs producci\u00f3n con la bobina de malla 1.0ohm y el dise\u00f1o de flujo de aire ajustable. El AIVINO AIM MAGIC 20000 Puffs no s\u00f3lo ofrece un rendimiento excepcional, sino que tambi\u00e9n tiene un precio competitivo, por lo que es una excelente opci\u00f3n para aquellos que buscan valor sin sacrificar la calidad.<\/p>\n<p>Nuestras opciones de venta al por mayor garantizan que las empresas puedan abastecerse de este popular dispositivo de narguile electr\u00f3nico, satisfaciendo las demandas de sus clientes de manera eficiente.<\/p>\n<p>Experimente la comodidad de un env\u00edo r\u00e1pido, lo que le permite disfrutar de su AIVINO AIM MAGIC 20000 Puffs Vape Desechable sin demora. Si usted es un entusiasta vaping, un minorista o un mayorista que buscan ampliar su gama de productos. Nuestros productos son su mejor opci\u00f3n.<\/p>\n<h2><strong>Aivono AIM MAGIC 20000 Puffs Detalles r\u00e1pidos<\/strong><\/h2>\n<ul>\n<li>Puffs: 20000 Puffs<\/li>\n<li>Capacidad de eliquid: 24 ml<\/li>\n<li>Bater\u00eda: pila seca 13350<\/li>\n<li>Capacidad: 600 mA (recargable)<\/li>\n<li>Resistencia del alambre de la bobina: 1,0\u03a9 n\u00facleo de malla doble<\/li>\n<li>30 minutos de carga completa<\/li>\n<li>Highboost ajustable low-Norm<\/li>\n<li>Bater\u00eda y pantalla l\u00edquida<\/li>\n<li>Selecci\u00f3n de luces led<\/li>\n<li>Bobinas de doble malla<\/li>\n<li>Tama\u00f1o del producto: 43*102 mm<\/li>\n<li>Contenido de sal de nicotina:5% \/3%\/2%\/0%<\/li>\n<li>Recargable: Interfaz Tipo-C<\/li>\n<\/ul>\n<h2><strong>Sabores:<\/strong><\/h2>\n<ol>\n<li>Hielo Razz Azul<\/li>\n<li>Hielo de ar\u00e1ndanos<\/li>\n<li>Menta fresca<\/li>\n<li>Hielo de uva<\/li>\n<li>Mango Pi\u00f1a<\/li>\n<li>Mezcla de bayas<\/li>\n<li>Melocot\u00f3n helado<\/li>\n<li>Pi\u00f1a Coco<\/li>\n<li>Hielo de lim\u00f3n rosa<\/li>\n<li>Helado de fresa<\/li>\n<li>Fresa helada<\/li>\n<li>Fresa Kiwi<\/li>\n<li>Sand\u00eda con fresa<\/li>\n<li>Chicle de sand\u00eda<\/li>\n<li>Hielo de sand\u00eda<\/li>\n<\/ol>\n<p>&nbsp;<\/p>\n<h2><strong>Lista de embalaje:<\/strong><\/h2>\n<p>1ud\uff1a 86g<br \/>\nCaja peque\u00f1a\uff1a 55*100*30mm<br \/>\nCaja media\uff1a 113*103*155mm 200pcs cada cart\u00f3n\uff1a<br \/>\nTama\u00f1o de la caja\uff1a58*35*35 cm<br \/>\nCada cart\u00f3n\uff1a18KG<\/p>\n<p><img loading=\"lazy\" decoding=\"async\" class=\"alignnone wp-image-17923 size-full\" title=\"Mayorista AIVINO AIM MAGIC 20000 Puffs Vape desechable 1\" src=\"https:\/\/www.vapeswholesaler.com\/wp-content\/uploads\/2024\/07\/Wholesale-AIVINO-AIM-MAGIC-20000-Puffs-Disposable-vape-1.webp\" alt=\"Mayorista AIVINO AIM MAGIC 20000 Puffs Vape desechable 1\" width=\"800\" height=\"800\" srcset=\"https:\/\/www.vapeswholesaler.com\/wp-content\/uploads\/2024\/07\/Wholesale-AIVINO-AIM-MAGIC-20000-Puffs-Disposable-vape-1.webp 800w, https:\/\/www.vapeswholesaler.com\/wp-content\/uploads\/2024\/07\/Wholesale-AIVINO-AIM-MAGIC-20000-Puffs-Disposable-vape-1-300x300.webp 300w, https:\/\/www.vapeswholesaler.com\/wp-content\/uploads\/2024\/07\/Wholesale-AIVINO-AIM-MAGIC-20000-Puffs-Disposable-vape-1-150x150.webp 150w, https:\/\/www.vapeswholesaler.com\/wp-content\/uploads\/2024\/07\/Wholesale-AIVINO-AIM-MAGIC-20000-Puffs-Disposable-vape-1-768x768.webp 768w, https:\/\/www.vapeswholesaler.com\/wp-content\/uploads\/2024\/07\/Wholesale-AIVINO-AIM-MAGIC-20000-Puffs-Disposable-vape-1-12x12.webp 12w, https:\/\/www.vapeswholesaler.com\/wp-content\/uploads\/2024\/07\/Wholesale-AIVINO-AIM-MAGIC-20000-Puffs-Disposable-vape-1-247x247.webp 247w, https:\/\/www.vapeswholesaler.com\/wp-content\/uploads\/2024\/07\/Wholesale-AIVINO-AIM-MAGIC-20000-Puffs-Disposable-vape-1-510x510.webp 510w, https:\/\/www.vapeswholesaler.com\/wp-content\/uploads\/2024\/07\/Wholesale-AIVINO-AIM-MAGIC-20000-Puffs-Disposable-vape-1-100x100.webp 100w\" sizes=\"auto, (max-width: 800px) 100vw, 800px\" \/> <img loading=\"lazy\" decoding=\"async\" class=\"alignnone wp-image-17925 size-full\" title=\"Mayorista AIVINO AIM MAGIC 20000 Puffs Vape desechable 3\" src=\"https:\/\/www.vapeswholesaler.com\/wp-content\/uploads\/2024\/07\/Wholesale-AIVINO-AIM-MAGIC-20000-Puffs-Disposable-vape-3.webp\" alt=\"Mayorista AIVINO AIM MAGIC 20000 Puffs Vape desechable 3\" width=\"800\" height=\"800\" srcset=\"https:\/\/www.vapeswholesaler.com\/wp-content\/uploads\/2024\/07\/Wholesale-AIVINO-AIM-MAGIC-20000-Puffs-Disposable-vape-3.webp 800w, https:\/\/www.vapeswholesaler.com\/wp-content\/uploads\/2024\/07\/Wholesale-AIVINO-AIM-MAGIC-20000-Puffs-Disposable-vape-3-300x300.webp 300w, https:\/\/www.vapeswholesaler.com\/wp-content\/uploads\/2024\/07\/Wholesale-AIVINO-AIM-MAGIC-20000-Puffs-Disposable-vape-3-150x150.webp 150w, https:\/\/www.vapeswholesaler.com\/wp-content\/uploads\/2024\/07\/Wholesale-AIVINO-AIM-MAGIC-20000-Puffs-Disposable-vape-3-768x768.webp 768w, https:\/\/www.vapeswholesaler.com\/wp-content\/uploads\/2024\/07\/Wholesale-AIVINO-AIM-MAGIC-20000-Puffs-Disposable-vape-3-12x12.webp 12w, https:\/\/www.vapeswholesaler.com\/wp-content\/uploads\/2024\/07\/Wholesale-AIVINO-AIM-MAGIC-20000-Puffs-Disposable-vape-3-247x247.webp 247w, https:\/\/www.vapeswholesaler.com\/wp-content\/uploads\/2024\/07\/Wholesale-AIVINO-AIM-MAGIC-20000-Puffs-Disposable-vape-3-510x510.webp 510w, https:\/\/www.vapeswholesaler.com\/wp-content\/uploads\/2024\/07\/Wholesale-AIVINO-AIM-MAGIC-20000-Puffs-Disposable-vape-3-100x100.webp 100w\" sizes=\"auto, (max-width: 800px) 100vw, 800px\" \/> <img loading=\"lazy\" decoding=\"async\" class=\"alignnone wp-image-17927 size-large\" title=\"Mayorista AIVINO AIM MAGIC 20000 Puffs Vape desechable 5\" src=\"https:\/\/www.vapeswholesaler.com\/wp-content\/uploads\/2024\/07\/Wholesale-AIVINO-AIM-MAGIC-20000-Puffs-Disposable-vape-5-1024x1024.webp\" alt=\"Mayorista AIVINO AIM MAGIC 20000 Puffs Vape desechable 5\" width=\"1020\" height=\"1020\" srcset=\"https:\/\/www.vapeswholesaler.com\/wp-content\/uploads\/2024\/07\/Wholesale-AIVINO-AIM-MAGIC-20000-Puffs-Disposable-vape-5-1024x1024.webp 1024w, https:\/\/www.vapeswholesaler.com\/wp-content\/uploads\/2024\/07\/Wholesale-AIVINO-AIM-MAGIC-20000-Puffs-Disposable-vape-5-300x300.webp 300w, https:\/\/www.vapeswholesaler.com\/wp-content\/uploads\/2024\/07\/Wholesale-AIVINO-AIM-MAGIC-20000-Puffs-Disposable-vape-5-150x150.webp 150w, https:\/\/www.vapeswholesaler.com\/wp-content\/uploads\/2024\/07\/Wholesale-AIVINO-AIM-MAGIC-20000-Puffs-Disposable-vape-5-768x768.webp 768w, https:\/\/www.vapeswholesaler.com\/wp-content\/uploads\/2024\/07\/Wholesale-AIVINO-AIM-MAGIC-20000-Puffs-Disposable-vape-5-12x12.webp 12w, https:\/\/www.vapeswholesaler.com\/wp-content\/uploads\/2024\/07\/Wholesale-AIVINO-AIM-MAGIC-20000-Puffs-Disposable-vape-5-247x247.webp 247w, https:\/\/www.vapeswholesaler.com\/wp-content\/uploads\/2024\/07\/Wholesale-AIVINO-AIM-MAGIC-20000-Puffs-Disposable-vape-5-510x510.webp 510w, https:\/\/www.vapeswholesaler.com\/wp-content\/uploads\/2024\/07\/Wholesale-AIVINO-AIM-MAGIC-20000-Puffs-Disposable-vape-5-100x100.webp 100w, https:\/\/www.vapeswholesaler.com\/wp-content\/uploads\/2024\/07\/Wholesale-AIVINO-AIM-MAGIC-20000-Puffs-Disposable-vape-5.webp 1536w\" sizes=\"auto, (max-width: 1020px) 100vw, 1020px\" \/><\/p>","protected":false},"excerpt":{"rendered":"<p>Cantidad m\u00ednima de pedido:\u00a0<strong>50PCS<\/strong>\u00a0(Mezcla de sabores)\u00a0\u00a0<strong>Env\u00edo gratuito<\/strong><\/p>\n<p>(<strong>2%, 5% Nic<\/strong>)<\/p>","protected":false},"featured_media":17964,"comment_status":"open","ping_status":"closed","template":"","meta":[],"product_cat":[15],"product_tag":[],"class_list":{"0":"post-17948","1":"product","2":"type-product","3":"status-publish","4":"has-post-thumbnail","6":"product_cat-disposable-vape","7":"product_brand-aivono","9":"first","10":"instock","11":"shipping-taxable","12":"purchasable","13":"product-type-variable","14":"has-default-attributes"},"aioseo_notices":[],"_links":{"self":[{"href":"https:\/\/www.vapeswholesaler.com\/es\/wp-json\/wp\/v2\/product\/17948","targetHints":{"allow":["GET"]}}],"collection":[{"href":"https:\/\/www.vapeswholesaler.com\/es\/wp-json\/wp\/v2\/product"}],"about":[{"href":"https:\/\/www.vapeswholesaler.com\/es\/wp-json\/wp\/v2\/types\/product"}],"replies":[{"embeddable":true,"href":"https:\/\/www.vapeswholesaler.com\/es\/wp-json\/wp\/v2\/comments?post=17948"}],"wp:featuredmedia":[{"embeddable":true,"href":"https:\/\/www.vapeswholesaler.com\/es\/wp-json\/wp\/v2\/media\/17964"}],"wp:attachment":[{"href":"https:\/\/www.vapeswholesaler.com\/es\/wp-json\/wp\/v2\/media?parent=17948"}],"wp:term":[{"taxonomy":"product_cat","embeddable":true,"href":"https:\/\/www.vapeswholesaler.com\/es\/wp-json\/wp\/v2\/product_cat?post=17948"},{"taxonomy":"product_tag","embeddable":true,"href":"https:\/\/www.vapeswholesaler.com\/es\/wp-json\/wp\/v2\/product_tag?post=17948"}],"curies":[{"name":"wp","href":"https:\/\/api.w.org\/{rel}","templated":true}]}}