{"id":17842,"date":"2024-07-03T11:28:04","date_gmt":"2024-07-03T03:28:04","guid":{"rendered":"https:\/\/www.vapeswholesaler.com\/?post_type=product&#038;p=17842"},"modified":"2026-04-12T21:17:18","modified_gmt":"2026-04-12T13:17:18","slug":"mayorista-vapsolo-super-15000-puffs-vape-desechable","status":"publish","type":"product","link":"https:\/\/www.vapeswholesaler.com\/es\/producto\/mayorista-vapsolo-super-15000-puffs-vape-desechable","title":{"rendered":"Mayorista Vapsolo Super 15000 Puffs Vape Desechable"},"content":{"rendered":"<p><a href=\"https:\/\/www.vapeswholesaler.com\/es\/marca_producto\/vapsolo\/\">Vapsolo<\/a> Super 15000 Puffs es un vapeador desechable estilo bol\u00edgrafo, dise\u00f1ado tanto para principiantes como para vapeadores experimentados, que combina alta capacidad, facilidad de uso y tecnolog\u00eda avanzada. Su excepcional entrega de sabor y su dise\u00f1o f\u00e1cil de usar lo convierten en una opci\u00f3n de primera calidad en el mercado del vapeo.<\/p>\n<p>El dispositivo lleva 25ml de jugo de e-cigarrillo y 20 sabores m\u00e1s vendidos. \u00a1Viene con una bater\u00eda recargable de 650mAh y se puede vapear todo su jugo de nicotina, un dise\u00f1o de boquilla que le permite vapear l\u00edquidos con un mayor contenido de nicotina para una gran experiencia, los niveles de contenido de nicotina: 2% 5% para darle una variedad de opciones!<\/p>\n<p>\u00a1Vapsolo gama completa de productos, tenemos almacenes en Europa, la mayor\u00eda de los productos que tenemos en stock, sabores completos, a los pa\u00edses europeos el tiempo de env\u00edo es de s\u00f3lo 5-6 d\u00edas h\u00e1biles, bienvenido a ser nuestro socio!<\/p>\n<h2><strong><a href=\"https:\/\/www.facebook.com\/fred.luo.58\">Vapsolo<\/a> Super 15000 puffs Caracter\u00edsticas:<\/strong><\/h2>\n<ul>\n<li>Puffs: 15000 Puffs<\/li>\n<li>4 niveles de flujo de aire<\/li>\n<li>Capacidad del E-l\u00edquido: 25 ML<\/li>\n<li>Capacidad de la bater\u00eda: 650MAH<\/li>\n<li>Bobina de malla<\/li>\n<li>Resistencia de la bobina: 1,0\u03a9<\/li>\n<li>puerto tipo c, recargable<\/li>\n<\/ul>\n<h2><strong>Sabores:<\/strong><\/h2>\n<ol>\n<li>Blue Razz<\/li>\n<li>Hielo de ar\u00e1ndanos<\/li>\n<li>Manzana doble<\/li>\n<li>Hielo de sand\u00eda<\/li>\n<li>Fresa Kiwi<\/li>\n<li>Mezcla de bayas<\/li>\n<li>Red Bull<\/li>\n<li>Ar\u00e1ndano Cereza Ar\u00e1ndano<\/li>\n<li>Lim\u00f3n Lima<\/li>\n<li>Bolos<\/li>\n<li>Sue\u00f1o de verano<\/li>\n<li>Fresa Pl\u00e1tano<\/li>\n<li>Sand\u00eda con frambuesa<\/li>\n<li>Cola de ar\u00e1ndanos y cerezas<\/li>\n<li>Black Ice Dragonfruit Fresa<\/li>\n<li>Cola de fresa y vainilla<\/li>\n<li>Limonada rosa<\/li>\n<li>Fresa helada<\/li>\n<li>Melocot\u00f3n Mango Pi\u00f1a<\/li>\n<li>Hielo de ar\u00e1ndano y grosella negra<\/li>\n<li>Amor 66<\/li>\n<li>Menta fresca<\/li>\n<li>R\u00e1faga de uvas<\/li>\n<\/ol>\n<h2><strong>Lista de embalaje<\/strong><\/h2>\n<p>10cs\/caja Peso<br \/>\n103 g\/unidad<br \/>\n200pcs\/ctn; 21.9kg\/ctn<br \/>\nTama\u00f1o de la caja: 44*43*26,5CM<\/p>\n<p>&nbsp;<\/p>\n<figure id=\"attachment_17823\" aria-describedby=\"caption-attachment-17823\" style=\"width: 800px\" class=\"wp-caption alignnone\"><img loading=\"lazy\" decoding=\"async\" class=\"wp-image-17823 size-full\" title=\"Mayorista Vapsolo Super 15000 Puffs Vape Desechable 1\" src=\"https:\/\/www.vapeswholesaler.com\/wp-content\/uploads\/2024\/07\/Wholesale-Vapsolo-Super-15000-Puffs-Disposable-Vape-1.webp\" alt=\"Mayorista Vapsolo Super 15000 Puffs Vape Desechable 1\" width=\"800\" height=\"800\" srcset=\"https:\/\/www.vapeswholesaler.com\/wp-content\/uploads\/2024\/07\/Wholesale-Vapsolo-Super-15000-Puffs-Disposable-Vape-1.webp 800w, https:\/\/www.vapeswholesaler.com\/wp-content\/uploads\/2024\/07\/Wholesale-Vapsolo-Super-15000-Puffs-Disposable-Vape-1-300x300.webp 300w, https:\/\/www.vapeswholesaler.com\/wp-content\/uploads\/2024\/07\/Wholesale-Vapsolo-Super-15000-Puffs-Disposable-Vape-1-150x150.webp 150w, https:\/\/www.vapeswholesaler.com\/wp-content\/uploads\/2024\/07\/Wholesale-Vapsolo-Super-15000-Puffs-Disposable-Vape-1-768x768.webp 768w, https:\/\/www.vapeswholesaler.com\/wp-content\/uploads\/2024\/07\/Wholesale-Vapsolo-Super-15000-Puffs-Disposable-Vape-1-12x12.webp 12w, https:\/\/www.vapeswholesaler.com\/wp-content\/uploads\/2024\/07\/Wholesale-Vapsolo-Super-15000-Puffs-Disposable-Vape-1-247x247.webp 247w, https:\/\/www.vapeswholesaler.com\/wp-content\/uploads\/2024\/07\/Wholesale-Vapsolo-Super-15000-Puffs-Disposable-Vape-1-510x510.webp 510w, https:\/\/www.vapeswholesaler.com\/wp-content\/uploads\/2024\/07\/Wholesale-Vapsolo-Super-15000-Puffs-Disposable-Vape-1-100x100.webp 100w\" sizes=\"auto, (max-width: 800px) 100vw, 800px\" \/><figcaption id=\"caption-attachment-17823\" class=\"wp-caption-text\">Mayorista Vapsolo Super 15000 Puffs Vape Desechable<\/figcaption><\/figure>","protected":false},"excerpt":{"rendered":"<p>Cantidad m\u00ednima de pedido:\u00a0<strong>50 unidades<\/strong>\u00a0(Mezcla de sabores)\u00a0\u00a0<strong>Env\u00edo gratuito<\/strong><\/p>\n<p>(<strong>2%, 5% Nic<\/strong>) Almac\u00e9n UE Plazo de env\u00edo 5-6 d\u00edas laborables<\/p>","protected":false},"featured_media":17860,"comment_status":"open","ping_status":"closed","template":"","meta":[],"product_cat":[15],"product_tag":[87,373,375],"class_list":{"0":"post-17842","1":"product","2":"type-product","3":"status-publish","4":"has-post-thumbnail","6":"product_cat-disposable-vape","7":"product_tag-vapsolo","8":"product_tag-europe-warehouse","9":"product_tag-15000-puffs","10":"product_brand-vapsolo","12":"first","13":"instock","14":"shipping-taxable","15":"purchasable","16":"product-type-variable","17":"has-default-attributes"},"aioseo_notices":[],"_links":{"self":[{"href":"https:\/\/www.vapeswholesaler.com\/es\/wp-json\/wp\/v2\/product\/17842","targetHints":{"allow":["GET"]}}],"collection":[{"href":"https:\/\/www.vapeswholesaler.com\/es\/wp-json\/wp\/v2\/product"}],"about":[{"href":"https:\/\/www.vapeswholesaler.com\/es\/wp-json\/wp\/v2\/types\/product"}],"replies":[{"embeddable":true,"href":"https:\/\/www.vapeswholesaler.com\/es\/wp-json\/wp\/v2\/comments?post=17842"}],"wp:featuredmedia":[{"embeddable":true,"href":"https:\/\/www.vapeswholesaler.com\/es\/wp-json\/wp\/v2\/media\/17860"}],"wp:attachment":[{"href":"https:\/\/www.vapeswholesaler.com\/es\/wp-json\/wp\/v2\/media?parent=17842"}],"wp:term":[{"taxonomy":"product_cat","embeddable":true,"href":"https:\/\/www.vapeswholesaler.com\/es\/wp-json\/wp\/v2\/product_cat?post=17842"},{"taxonomy":"product_tag","embeddable":true,"href":"https:\/\/www.vapeswholesaler.com\/es\/wp-json\/wp\/v2\/product_tag?post=17842"}],"curies":[{"name":"wp","href":"https:\/\/api.w.org\/{rel}","templated":true}]}}