{"id":17773,"date":"2024-07-02T14:15:07","date_gmt":"2024-07-02T06:15:07","guid":{"rendered":"https:\/\/www.vapeswholesaler.com\/?post_type=product&#038;p=17773"},"modified":"2025-03-05T15:49:43","modified_gmt":"2025-03-05T07:49:43","slug":"mayorista-original-mr-nic-rocket-18000-puffs-vape-desechable","status":"publish","type":"product","link":"https:\/\/www.vapeswholesaler.com\/es\/producto\/mayorista-original-mr-nic-rocket-18000-puffs-vape-desechable","title":{"rendered":"Mayorista Original MR NIC ROCKET 18000 Puffs Vape desechable"},"content":{"rendered":"<p>MR NIC ROCKET 18000 Puffs Digital Display Screen Light Vape desechable es un dispositivo de alto rendimiento dise\u00f1ado para vapers que buscan calidad y comodidad. Con una impresionante capacidad de 18000 caladas, este cigarrillo electr\u00f3nico desechable garantiza un disfrute prolongado sin reemplazos frecuentes. Dos modos est\u00e1n disponibles, el modo de pulso puede ser vaping 9000 Puffs, el modo regular puede ser vaping 18000 Puffs.<\/p>\n<p>Personalice su experiencia con una gama de potencias de nicotina: 0%, 2%, 3% y 5%. Esta variedad garantiza que puedas encontrar el equilibrio perfecto que se adapte a tus preferencias. Alimentado por una bater\u00eda de 650mah, el MR NIC ROCKET 18000 ofrece un rendimiento duradero, y el puerto recargable Tipo-C garantiza una recarga r\u00e1pida y eficiente.<\/p>\n<h2><strong><a href=\"https:\/\/www.vapeswholesaler.com\/es\/marca_producto\/mr-nic\/\">MR NIC<\/a> ROCKET 18000 Puffs Caracter\u00edsticas:<\/strong><\/h2>\n<ul>\n<li>La pantalla digital muestra<\/li>\n<li>Cohete Despegue Cuando Vaping poder Luz Rise Up Cuando la carga<\/li>\n<li>0\/2\/3\/5%Sal de nicotina.<\/li>\n<li>20ML de E-l\u00edquido.<\/li>\n<li>Bobinado de malla doble y simple.<\/li>\n<li>10 sabores disponibles.<\/li>\n<li>Bater\u00eda recargable.<\/li>\n<li>Carga Tipo-C<\/li>\n<li>Bater\u00eda integrada de 650 mAh.<\/li>\n<\/ul>\n<h2><strong>Sabores:<\/strong><\/h2>\n<ol>\n<li>Menta fresca<\/li>\n<li>Grosella negra Uva<\/li>\n<li>Miami Berry<\/li>\n<li>Hielo de manzana roja<\/li>\n<li>Hielo de mango Alphonso<\/li>\n<li>Sand\u00eda con fresa<\/li>\n<li>Limonada de fruta del drag\u00f3n<\/li>\n<li>Hielo de fresa y ar\u00e1ndano<\/li>\n<li>Guayaba Kiwi Fruta de la pasi\u00f3n<\/li>\n<li>Pl\u00e1tano Cereza<\/li>\n<\/ol>\n<h2><strong>Lista de embalaje:<\/strong><\/h2>\n<p>5 unidades en caja expositora.<br \/>\n200 unidades por caja.<br \/>\nPeso de la caja: 18KG<\/p>\n<p><img loading=\"lazy\" decoding=\"async\" class=\"alignnone wp-image-17759 size-full\" title=\"Mayorista Original MR NIC ROCKET 18000 Puffs Vape desechable 8\" src=\"https:\/\/www.vapeswholesaler.com\/wp-content\/uploads\/2024\/07\/Wholesale-Original-MR-NIC-ROCKET-18000-Puffs-Disposable-vape-8.webp\" alt=\"Mayorista Original MR NIC ROCKET 18000 Puffs Vape desechable 8\" width=\"800\" height=\"800\" srcset=\"https:\/\/www.vapeswholesaler.com\/wp-content\/uploads\/2024\/07\/Wholesale-Original-MR-NIC-ROCKET-18000-Puffs-Disposable-vape-8.webp 800w, https:\/\/www.vapeswholesaler.com\/wp-content\/uploads\/2024\/07\/Wholesale-Original-MR-NIC-ROCKET-18000-Puffs-Disposable-vape-8-300x300.webp 300w, https:\/\/www.vapeswholesaler.com\/wp-content\/uploads\/2024\/07\/Wholesale-Original-MR-NIC-ROCKET-18000-Puffs-Disposable-vape-8-150x150.webp 150w, https:\/\/www.vapeswholesaler.com\/wp-content\/uploads\/2024\/07\/Wholesale-Original-MR-NIC-ROCKET-18000-Puffs-Disposable-vape-8-768x768.webp 768w, https:\/\/www.vapeswholesaler.com\/wp-content\/uploads\/2024\/07\/Wholesale-Original-MR-NIC-ROCKET-18000-Puffs-Disposable-vape-8-12x12.webp 12w, https:\/\/www.vapeswholesaler.com\/wp-content\/uploads\/2024\/07\/Wholesale-Original-MR-NIC-ROCKET-18000-Puffs-Disposable-vape-8-247x247.webp 247w, https:\/\/www.vapeswholesaler.com\/wp-content\/uploads\/2024\/07\/Wholesale-Original-MR-NIC-ROCKET-18000-Puffs-Disposable-vape-8-510x510.webp 510w, https:\/\/www.vapeswholesaler.com\/wp-content\/uploads\/2024\/07\/Wholesale-Original-MR-NIC-ROCKET-18000-Puffs-Disposable-vape-8-100x100.webp 100w\" sizes=\"auto, (max-width: 800px) 100vw, 800px\" \/> <img loading=\"lazy\" decoding=\"async\" class=\"alignnone wp-image-17753 size-full\" title=\"Mayorista Original MR NIC ROCKET 18000 Puffs Vape desechable 1\" src=\"https:\/\/www.vapeswholesaler.com\/wp-content\/uploads\/2024\/07\/Wholesale-Original-MR-NIC-ROCKET-18000-Puffs-Disposable-vape-1.webp\" alt=\"Mayorista Original MR NIC ROCKET 18000 Puffs Vape desechable 1\" width=\"800\" height=\"800\" srcset=\"https:\/\/www.vapeswholesaler.com\/wp-content\/uploads\/2024\/07\/Wholesale-Original-MR-NIC-ROCKET-18000-Puffs-Disposable-vape-1.webp 800w, https:\/\/www.vapeswholesaler.com\/wp-content\/uploads\/2024\/07\/Wholesale-Original-MR-NIC-ROCKET-18000-Puffs-Disposable-vape-1-300x300.webp 300w, https:\/\/www.vapeswholesaler.com\/wp-content\/uploads\/2024\/07\/Wholesale-Original-MR-NIC-ROCKET-18000-Puffs-Disposable-vape-1-150x150.webp 150w, https:\/\/www.vapeswholesaler.com\/wp-content\/uploads\/2024\/07\/Wholesale-Original-MR-NIC-ROCKET-18000-Puffs-Disposable-vape-1-768x768.webp 768w, https:\/\/www.vapeswholesaler.com\/wp-content\/uploads\/2024\/07\/Wholesale-Original-MR-NIC-ROCKET-18000-Puffs-Disposable-vape-1-12x12.webp 12w, https:\/\/www.vapeswholesaler.com\/wp-content\/uploads\/2024\/07\/Wholesale-Original-MR-NIC-ROCKET-18000-Puffs-Disposable-vape-1-247x247.webp 247w, https:\/\/www.vapeswholesaler.com\/wp-content\/uploads\/2024\/07\/Wholesale-Original-MR-NIC-ROCKET-18000-Puffs-Disposable-vape-1-510x510.webp 510w, https:\/\/www.vapeswholesaler.com\/wp-content\/uploads\/2024\/07\/Wholesale-Original-MR-NIC-ROCKET-18000-Puffs-Disposable-vape-1-100x100.webp 100w\" sizes=\"auto, (max-width: 800px) 100vw, 800px\" \/><\/p>\n<p>&nbsp;<\/p>\n<p>Mayorista Original MR NIC ROCKET 18000 Puffs Vape desechable<img loading=\"lazy\" decoding=\"async\" class=\"alignnone wp-image-17760 size-full\" title=\"Mayorista Original MR NIC ROCKET 18000 Puffs Vape desechable 10\" src=\"https:\/\/www.vapeswholesaler.com\/wp-content\/uploads\/2024\/07\/Wholesale-Original-MR-NIC-ROCKET-18000-Puffs-Disposable-vape-10.jpg\" alt=\"Mayorista Original MR NIC ROCKET 18000 Puffs Vape desechable 10\" width=\"800\" height=\"880\" srcset=\"https:\/\/www.vapeswholesaler.com\/wp-content\/uploads\/2024\/07\/Wholesale-Original-MR-NIC-ROCKET-18000-Puffs-Disposable-vape-10.jpg 800w, https:\/\/www.vapeswholesaler.com\/wp-content\/uploads\/2024\/07\/Wholesale-Original-MR-NIC-ROCKET-18000-Puffs-Disposable-vape-10-273x300.jpg 273w, https:\/\/www.vapeswholesaler.com\/wp-content\/uploads\/2024\/07\/Wholesale-Original-MR-NIC-ROCKET-18000-Puffs-Disposable-vape-10-768x845.jpg 768w, https:\/\/www.vapeswholesaler.com\/wp-content\/uploads\/2024\/07\/Wholesale-Original-MR-NIC-ROCKET-18000-Puffs-Disposable-vape-10-11x12.jpg 11w, https:\/\/www.vapeswholesaler.com\/wp-content\/uploads\/2024\/07\/Wholesale-Original-MR-NIC-ROCKET-18000-Puffs-Disposable-vape-10-510x561.jpg 510w\" sizes=\"auto, (max-width: 800px) 100vw, 800px\" \/><\/p>","protected":false},"excerpt":{"rendered":"<p>Cantidad m\u00ednima de pedido:\u00a0<strong>50PCS<\/strong>\u00a0(Mezcla de sabores)\u00a0\u00a0<strong>Env\u00edo gratuito<\/strong><\/p>\n<p>(<strong>2%, 5% Nic<\/strong>)<\/p>","protected":false},"featured_media":17767,"comment_status":"open","ping_status":"closed","template":"","meta":[],"product_cat":[15],"product_tag":[],"class_list":{"0":"post-17773","1":"product","2":"type-product","3":"status-publish","4":"has-post-thumbnail","6":"product_cat-disposable-vape","7":"product_brand-mr-nic","9":"first","10":"instock","11":"shipping-taxable","12":"purchasable","13":"product-type-variable","14":"has-default-attributes"},"aioseo_notices":[],"_links":{"self":[{"href":"https:\/\/www.vapeswholesaler.com\/es\/wp-json\/wp\/v2\/product\/17773","targetHints":{"allow":["GET"]}}],"collection":[{"href":"https:\/\/www.vapeswholesaler.com\/es\/wp-json\/wp\/v2\/product"}],"about":[{"href":"https:\/\/www.vapeswholesaler.com\/es\/wp-json\/wp\/v2\/types\/product"}],"replies":[{"embeddable":true,"href":"https:\/\/www.vapeswholesaler.com\/es\/wp-json\/wp\/v2\/comments?post=17773"}],"wp:featuredmedia":[{"embeddable":true,"href":"https:\/\/www.vapeswholesaler.com\/es\/wp-json\/wp\/v2\/media\/17767"}],"wp:attachment":[{"href":"https:\/\/www.vapeswholesaler.com\/es\/wp-json\/wp\/v2\/media?parent=17773"}],"wp:term":[{"taxonomy":"product_cat","embeddable":true,"href":"https:\/\/www.vapeswholesaler.com\/es\/wp-json\/wp\/v2\/product_cat?post=17773"},{"taxonomy":"product_tag","embeddable":true,"href":"https:\/\/www.vapeswholesaler.com\/es\/wp-json\/wp\/v2\/product_tag?post=17773"}],"curies":[{"name":"wp","href":"https:\/\/api.w.org\/{rel}","templated":true}]}}