{"id":17716,"date":"2024-07-02T11:56:23","date_gmt":"2024-07-02T03:56:23","guid":{"rendered":"https:\/\/www.vapeswholesaler.com\/?post_type=product&#038;p=17716"},"modified":"2025-03-05T15:50:37","modified_gmt":"2025-03-05T07:50:37","slug":"mayorista-mr-nic-air-15000-bocanadas-vape-desechable","status":"publish","type":"product","link":"https:\/\/www.vapeswholesaler.com\/es\/producto\/mayorista-mr-nic-air-15000-bocanadas-vape-desechable","title":{"rendered":"Mayorista MR NIC AIR 15000 Puffs vape desechable"},"content":{"rendered":"<p>MR NIC AIR 15000 Puffs Digital Display Screen Light Vape desechable es un dispositivo de alto rendimiento dise\u00f1ado para vapers que buscan calidad y comodidad. Con una impresionante capacidad de 15000 caladas, este e-cigarrillo desechable garantiza un disfrute prolongado sin reemplazos frecuentes.<\/p>\n<p>MR NIC AIR 15000 Puffs con un avanzado n\u00facleo de bobina de malla, cada calada proporciona un vapor suave y sabroso. La generosa capacidad de 16 ml de e-l\u00edquido permite prolongadas sesiones vaping, d\u00e1ndole una amplia oportunidad para saborear sus sabores favoritos.<\/p>\n<p>Personalice su experiencia con una gama de potencias de nicotina: 0%, 2%, 3% y 5%. Esta variedad garantiza que puedas encontrar el equilibrio perfecto que se adapte a tus preferencias. Alimentado por una bater\u00eda de 600mah, el Elf Box DG 12000 ofrece un rendimiento duradero, y el puerto recargable Tipo-C garantiza una recarga r\u00e1pida y eficiente.<\/p>\n<p>Experimente el MR NIC AIR 15000 Puffs LED Display E-Cigarrillos desechables y eleve su viaje vaping con su excepcional rendimiento, comodidad y caracter\u00edsticas personalizables. Disfrute de la combinaci\u00f3n perfecta de tecnolog\u00eda y sabor con este innovador cigarrillo electr\u00f3nico desechable.<\/p>\n<h2><strong><a href=\"https:\/\/www.vapeswholesaler.com\/es\/marca_producto\/mr-nic\/\">MR NIC<\/a> AIR 15000 Puffs Caracter\u00edsticas:<\/strong><\/h2>\n<ul>\n<li>La luz de la pantalla digital se mueve en c\u00edrculo al vapear.<\/li>\n<li>0\/2\/3\/5%Sal de nicotina.<\/li>\n<li>16ML de E-l\u00edquido.<\/li>\n<li>Bobina de malla.<\/li>\n<li>15 sabores disponibles.<\/li>\n<li>Bater\u00eda recargable.<\/li>\n<li>Carga Tipo-C.<\/li>\n<li>Bater\u00eda integrada de 600 mAh.<\/li>\n<\/ul>\n<h2><strong>Sabores:<\/strong><\/h2>\n<ol>\n<li>Hielo triple de bayas<\/li>\n<li>Tropical Rainbow Blast<\/li>\n<li>Fresa Pl\u00e1tano<\/li>\n<li>Mel\u00f3n Drag\u00f3n<\/li>\n<li>Kiwi Pasi\u00f3n Fuava<\/li>\n<li>Hielo de ar\u00e1ndanos<\/li>\n<li>Casa de la Moneda de Miami<\/li>\n<li>Cerezo de California<\/li>\n<li>Hielo de sand\u00eda<\/li>\n<li>Manzana doble<\/li>\n<li>Fresa Mango<\/li>\n<li>Fresa Sand\u00eda Manzana<\/li>\n<li>Hielo rojo energ\u00e9tico<\/li>\n<li>Mel\u00f3n dulce Sand\u00eda Fruta de la pasi\u00f3n<\/li>\n<li>Blowpop de uva<\/li>\n<\/ol>\n<h2><strong>Lista de embalaje:<\/strong><\/h2>\n<p>10 unidades en caja expositora.<br \/>\n200 unidades por caja.<br \/>\nPeso de la caja: 14.50KG<\/p>\n<p><img loading=\"lazy\" decoding=\"async\" class=\"alignnone wp-image-17696 size-full\" title=\"Mayorista MR NIC AIR 15000 Puffs desechables vape 4\" src=\"https:\/\/www.vapeswholesaler.com\/wp-content\/uploads\/2024\/07\/Wholesale-MR-NIC-AIR-15000-Puffs-disposable-vape-4.webp\" alt=\"Mayorista MR NIC AIR 15000 Puffs desechables vape 4\" width=\"800\" height=\"800\" srcset=\"https:\/\/www.vapeswholesaler.com\/wp-content\/uploads\/2024\/07\/Wholesale-MR-NIC-AIR-15000-Puffs-disposable-vape-4.webp 800w, https:\/\/www.vapeswholesaler.com\/wp-content\/uploads\/2024\/07\/Wholesale-MR-NIC-AIR-15000-Puffs-disposable-vape-4-300x300.webp 300w, https:\/\/www.vapeswholesaler.com\/wp-content\/uploads\/2024\/07\/Wholesale-MR-NIC-AIR-15000-Puffs-disposable-vape-4-150x150.webp 150w, https:\/\/www.vapeswholesaler.com\/wp-content\/uploads\/2024\/07\/Wholesale-MR-NIC-AIR-15000-Puffs-disposable-vape-4-768x768.webp 768w, https:\/\/www.vapeswholesaler.com\/wp-content\/uploads\/2024\/07\/Wholesale-MR-NIC-AIR-15000-Puffs-disposable-vape-4-12x12.webp 12w, https:\/\/www.vapeswholesaler.com\/wp-content\/uploads\/2024\/07\/Wholesale-MR-NIC-AIR-15000-Puffs-disposable-vape-4-247x247.webp 247w, https:\/\/www.vapeswholesaler.com\/wp-content\/uploads\/2024\/07\/Wholesale-MR-NIC-AIR-15000-Puffs-disposable-vape-4-510x510.webp 510w, https:\/\/www.vapeswholesaler.com\/wp-content\/uploads\/2024\/07\/Wholesale-MR-NIC-AIR-15000-Puffs-disposable-vape-4-100x100.webp 100w\" sizes=\"auto, (max-width: 800px) 100vw, 800px\" \/><\/p>","protected":false},"excerpt":{"rendered":"<p>Cantidad m\u00ednima de pedido:\u00a0<strong>50PCS<\/strong>\u00a0(Mezcla de sabores)\u00a0\u00a0<strong>Env\u00edo gratuito<\/strong><\/p>\n<p>(<strong>2%, 5% Nic<\/strong>)<\/p>","protected":false},"featured_media":17695,"comment_status":"open","ping_status":"closed","template":"","meta":[],"product_cat":[15],"product_tag":[],"class_list":{"0":"post-17716","1":"product","2":"type-product","3":"status-publish","4":"has-post-thumbnail","6":"product_cat-disposable-vape","7":"product_brand-mr-nic","9":"first","10":"instock","11":"shipping-taxable","12":"purchasable","13":"product-type-variable","14":"has-default-attributes"},"aioseo_notices":[],"_links":{"self":[{"href":"https:\/\/www.vapeswholesaler.com\/es\/wp-json\/wp\/v2\/product\/17716","targetHints":{"allow":["GET"]}}],"collection":[{"href":"https:\/\/www.vapeswholesaler.com\/es\/wp-json\/wp\/v2\/product"}],"about":[{"href":"https:\/\/www.vapeswholesaler.com\/es\/wp-json\/wp\/v2\/types\/product"}],"replies":[{"embeddable":true,"href":"https:\/\/www.vapeswholesaler.com\/es\/wp-json\/wp\/v2\/comments?post=17716"}],"wp:featuredmedia":[{"embeddable":true,"href":"https:\/\/www.vapeswholesaler.com\/es\/wp-json\/wp\/v2\/media\/17695"}],"wp:attachment":[{"href":"https:\/\/www.vapeswholesaler.com\/es\/wp-json\/wp\/v2\/media?parent=17716"}],"wp:term":[{"taxonomy":"product_cat","embeddable":true,"href":"https:\/\/www.vapeswholesaler.com\/es\/wp-json\/wp\/v2\/product_cat?post=17716"},{"taxonomy":"product_tag","embeddable":true,"href":"https:\/\/www.vapeswholesaler.com\/es\/wp-json\/wp\/v2\/product_tag?post=17716"}],"curies":[{"name":"wp","href":"https:\/\/api.w.org\/{rel}","templated":true}]}}